{"id":990,"date":"2019-03-20T15:49:45","date_gmt":"2019-03-20T15:49:45","guid":{"rendered":"http:\/\/memoria.cepymearagon.es\/?page_id=990"},"modified":"2019-03-21T16:31:38","modified_gmt":"2019-03-21T16:31:38","slug":"medioambiente","status":"publish","type":"page","link":"https:\/\/memoria.cepymearagon.es\/index.php\/medioambiente\/","title":{"rendered":"Medioambiente"},"content":{"rendered":"<p>[vc_row css_animation=\u00bbelement_from_bottom\u00bb row_type=\u00bbrow\u00bb use_row_as_full_screen_section=\u00bbno\u00bb type=\u00bbgrid\u00bb angled_section=\u00bbno\u00bb text_align=\u00bbleft\u00bb background_image_as_pattern=\u00bbwithout_pattern\u00bb z_index=\u00bb\u00bb][vc_column][vc_empty_space][icon_text box_type=\u00bbicon_in_a_box\u00bb icon_type=\u00bbnormal\u00bb icon_size=\u00bbfa-lg\u00bb use_custom_icon_size=\u00bbno\u00bb title=\u00bbC\u00f3digo Aragon\u00e9s de Buenas Pr\u00e1cticas frente al Desperdicio Alimentario\u00bb title_tag=\u00bbh2&#8243; separator=\u00bbno\u00bb][vc_empty_space height=\u00bb48&#8243;][\/vc_column][\/vc_row][vc_row css_animation=\u00bbelement_from_bottom\u00bb row_type=\u00bbrow\u00bb use_row_as_full_screen_section=\u00bbno\u00bb type=\u00bbgrid\u00bb angled_section=\u00bbno\u00bb text_align=\u00bbleft\u00bb background_image_as_pattern=\u00bbwithout_pattern\u00bb z_index=\u00bb\u00bb][vc_column width=\u00bb1\/2&#8243;][qode_in_device_slider device=\u00bbdesktop\u00bb titles_on_hover=\u00bbno\u00bb navigation=\u00bbno\u00bb auto_start=\u00bbyes\u00bb][qode_in_device_slider_item target=\u00bb_self\u00bb image=\u00bb992&#8243;][qode_in_device_slider_item target=\u00bb_self\u00bb image=\u00bb993&#8243;][\/qode_in_device_slider][\/vc_column][vc_column width=\u00bb1\/2&#8243;][vc_tabs style=\u00bbboxed\u00bb][vc_tab title=\u00bbDescripci\u00f3n\u00bb tab_id=\u00bb1552574792928-2-2210d-da45&#8243;][vc_empty_space height=\u00bb30&#8243;][vc_column_text]Cada a\u00f1o, un tercio de los alimentos producidos a nivel mundial para consumo humano\u00a0no llega a ning\u00fan plato. En Espa\u00f1a tiramos 7,7 millones de toneladas de alimentos cada a\u00f1o. De ellos, en los hogares, el desperdicio alimentario alcanza el 42% del total; en la fase de fabricaci\u00f3n el 39%; en la restauraci\u00f3n el 14% y en la distribuci\u00f3n el 5%. Todo ello supone un grave problema desde el punto de vista ambiental, social y tambi\u00e9n econ\u00f3mico.<\/p>\n<p>&nbsp;<\/p>\n<p>Desde el \u00e1mbito ambiental, el desperdicio de alimentos supone un grave da\u00f1o a los recursos naturales de los que la humanidad depende para alimentarse: da\u00f1a el clima, el agua, la tierra y la biodiversidad. El desperdicio de alimentos es responsable del 8% de las emisiones globales de gases de efecto invernadero, pero sabemos que si se usan y distribuyen mejor los alimentos el 14% de todas las emisiones provenientes de la agricultura podr\u00eda evitarse en 2050.[\/vc_column_text][\/vc_tab][vc_tab title=\u00bbCompromiso\u00bb tab_id=\u00bb2450ae19-cb59-4210d-da45&#8243;][vc_empty_space height=\u00bb30&#8243;][vc_column_text]Desde la Direcci\u00f3n General de Protecci\u00f3n de Consumidores y Usuarios del Gobierno de Arag\u00f3n, junto con Fundaci\u00f3n Ecolog\u00eda y Desarrollo (Ecodes)\u00a0se trabaja para hacer frente a este problema sumando esfuerzos con los diferentes sectores: la sociedad civil, las empresas y las administraciones p\u00fablicas.<\/p>\n<p>&nbsp;<\/p>\n<p>As\u00ed CEPYME Arag\u00f3n se ha sumado a esta iniciativa con el objetivo de trabajar para reducir este grave problema.[\/vc_column_text][\/vc_tab][\/vc_tabs][\/vc_column][\/vc_row][vc_row css_animation=\u00bb\u00bb row_type=\u00bbrow\u00bb use_row_as_full_screen_section=\u00bbno\u00bb type=\u00bbfull_width\u00bb angled_section=\u00bbno\u00bb text_align=\u00bbleft\u00bb background_image_as_pattern=\u00bbwithout_pattern\u00bb][vc_column][vc_empty_space height=\u00bb100&#8243;][\/vc_column][\/vc_row][vc_row css_animation=\u00bbelement_from_bottom\u00bb row_type=\u00bbrow\u00bb use_row_as_full_screen_section=\u00bbno\u00bb type=\u00bbgrid\u00bb angled_section=\u00bbno\u00bb text_align=\u00bbleft\u00bb background_image_as_pattern=\u00bbwithout_pattern\u00bb z_index=\u00bb\u00bb][vc_column][icon_text box_type=\u00bbicon_in_a_box\u00bb icon_type=\u00bbnormal\u00bb icon_size=\u00bbfa-lg\u00bb use_custom_icon_size=\u00bbno\u00bb title=\u00bbCoalici\u00f3n de Empresas por una Econom\u00eda Baja en Carbono y Circular\u00bb title_tag=\u00bbh2&#8243; separator=\u00bbno\u00bb][vc_empty_space height=\u00bb48&#8243;][\/vc_column][\/vc_row][vc_row css_animation=\u00bbelement_from_bottom\u00bb row_type=\u00bbrow\u00bb use_row_as_full_screen_section=\u00bbno\u00bb type=\u00bbgrid\u00bb angled_section=\u00bbno\u00bb text_align=\u00bbleft\u00bb background_image_as_pattern=\u00bbwithout_pattern\u00bb z_index=\u00bb\u00bb][vc_column width=\u00bb1\/2&#8243;][vc_tabs style=\u00bbboxed\u00bb][vc_tab title=\u00bbDescripci\u00f3n\u00bb tab_id=\u00bb1553096289687-0-2&#8243;][vc_empty_space height=\u00bb30&#8243;][vc_column_text]El proyecto est\u00e1 orientado a promover pol\u00edticas p\u00fablicas que creen un marco regulatorio favorable al desarrollo de las empresas que est\u00e1n construyendo esta nueva econom\u00eda verde, fomentar en la sociedad la demanda de productos y servicios verdes, favorecer la difusi\u00f3n de buenas pr\u00e1cticas que inspiran a desarrollar empresas m\u00e1s innovadoras y sostenibles y propiciar la cooperaci\u00f3n entre las empresas que forman parte de la Coalici\u00f3n.<\/p>\n<p>&nbsp;<\/p>\n<p>La iniciativa est\u00e1 dirigida a empresas aragonesas, fundamentalmente pymes, que quieren tener un impacto positivo en la sociedad y en el planeta, desarrollan buenas pr\u00e1cticas ambientales o tienen la intenci\u00f3n de promover nuevos prop\u00f3sitos empresariales positivas para el medio ambiente.[\/vc_column_text][\/vc_tab][vc_tab title=\u00bbCompromiso\u00bb tab_id=\u00bb1553096290027-0-6&#8243;][vc_empty_space height=\u00bb30&#8243;][vc_column_text]Con la firma del Convenio de colaboraci\u00f3n con Fundaci\u00f3n Ecolog\u00eda y Desarrollo <a href=\"http:\/\/ecodes.org\/\">(<\/a>ECODES<a href=\"http:\/\/ecodes.org\/\">)<\/a> para el desarrollo del proyecto piloto, CEPYME Arag\u00f3n ha pretendido que las pymes aragonesas puedan ser protagonistas del cambio a una nueva econom\u00eda baja en carbono y contribuir a hacer de Arag\u00f3n una regi\u00f3n l\u00edder en este nuevo modelo econ\u00f3mico.[\/vc_column_text][\/vc_tab][\/vc_tabs][\/vc_column][vc_column width=\u00bb1\/2&#8243;][qode_in_device_slider device=\u00bbtablet-portrait\u00bb titles_on_hover=\u00bbno\u00bb navigation=\u00bbno\u00bb auto_start=\u00bbyes\u00bb][qode_in_device_slider_item target=\u00bb_self\u00bb image=\u00bb998&#8243;][qode_in_device_slider_item target=\u00bb_self\u00bb image=\u00bb1001&#8243;][\/qode_in_device_slider][\/vc_column][\/vc_row][vc_row css_animation=\u00bb\u00bb row_type=\u00bbrow\u00bb use_row_as_full_screen_section=\u00bbno\u00bb type=\u00bbfull_width\u00bb angled_section=\u00bbno\u00bb text_align=\u00bbleft\u00bb background_image_as_pattern=\u00bbwithout_pattern\u00bb][vc_column][vc_empty_space height=\u00bb100&#8243;][\/vc_column][\/vc_row][vc_row css_animation=\u00bbelement_from_bottom\u00bb row_type=\u00bbrow\u00bb use_row_as_full_screen_section=\u00bbno\u00bb type=\u00bbgrid\u00bb angled_section=\u00bbno\u00bb text_align=\u00bbleft\u00bb background_image_as_pattern=\u00bbwithout_pattern\u00bb z_index=\u00bb\u00bb][vc_column][icon_text box_type=\u00bbicon_in_a_box\u00bb icon_type=\u00bbnormal\u00bb icon_size=\u00bbfa-lg\u00bb use_custom_icon_size=\u00bbno\u00bb title=\u00bbRed de Entidades colaboradoras de la campa\u00f1a Cuidamos cada gota\u00bb title_tag=\u00bbh2&#8243; separator=\u00bbno\u00bb][vc_empty_space height=\u00bb48&#8243;][\/vc_column][\/vc_row][vc_row css_animation=\u00bbelement_from_bottom\u00bb row_type=\u00bbrow\u00bb use_row_as_full_screen_section=\u00bbno\u00bb type=\u00bbgrid\u00bb angled_section=\u00bbno\u00bb text_align=\u00bbleft\u00bb background_image_as_pattern=\u00bbwithout_pattern\u00bb z_index=\u00bb\u00bb][vc_column width=\u00bb1\/2&#8243;][vc_empty_space height=\u00bb80&#8243;][qode_in_device_slider device=\u00bbphone-landscape\u00bb titles_on_hover=\u00bbno\u00bb navigation=\u00bbno\u00bb auto_start=\u00bbyes\u00bb][qode_in_device_slider_item target=\u00bb_self\u00bb image=\u00bb1003&#8243;][qode_in_device_slider_item target=\u00bb_self\u00bb image=\u00bb1004&#8243;][qode_in_device_slider_item target=\u00bb_self\u00bb image=\u00bb1005&#8243;][\/qode_in_device_slider][\/vc_column][vc_column width=\u00bb1\/2&#8243;][vc_tabs style=\u00bbboxed\u00bb][vc_tab title=\u00bbDescripci\u00f3n\u00bb tab_id=\u00bb1553096835823-0-7&#8243;][vc_empty_space height=\u00bb30&#8243;][vc_column_text]Esta campa\u00f1a tiene como misi\u00f3n ayudar a que los ciudadanos disminuyan su consumo de agua y con \u00e9l sus emisiones de CO2, haciendo frente al cambio clim\u00e1tico.[\/vc_column_text][\/vc_tab][vc_tab title=\u00bbCompromiso\u00bb tab_id=\u00bb1553096836113-0-1&#8243;][vc_empty_space height=\u00bb30&#8243;][vc_column_text]ECODES ha desarrollado una campa\u00f1a en la que CEPYME Arag\u00f3n ha participado como entidad colaboradora, mediante la difusi\u00f3n de los diferentes retos mensuales para el ahorro de agua a trav\u00e9s de nuestras redes sociales, nuestras webs corporativas y el env\u00edo de informaci\u00f3n a nuestros asociados.[\/vc_column_text][\/vc_tab][\/vc_tabs][\/vc_column][\/vc_row][vc_row css_animation=\u00bb\u00bb row_type=\u00bbrow\u00bb use_row_as_full_screen_section=\u00bbno\u00bb type=\u00bbfull_width\u00bb angled_section=\u00bbno\u00bb text_align=\u00bbleft\u00bb background_image_as_pattern=\u00bbwithout_pattern\u00bb][vc_column][vc_empty_space height=\u00bb100&#8243;][\/vc_column][\/vc_row]<\/p>\n","protected":false},"excerpt":{"rendered":"<p>[vc_row css_animation=\u00bbelement_from_bottom\u00bb row_type=\u00bbrow\u00bb use_row_as_full_screen_section=\u00bbno\u00bb type=\u00bbgrid\u00bb angled_section=\u00bbno\u00bb text_align=\u00bbleft\u00bb background_image_as_pattern=\u00bbwithout_pattern\u00bb z_index=\u00bb\u00bb][vc_column][vc_empty_space][icon_text box_type=\u00bbicon_in_a_box\u00bb icon_type=\u00bbnormal\u00bb icon_size=\u00bbfa-lg\u00bb use_custom_icon_size=\u00bbno\u00bb title=\u00bbC\u00f3digo Aragon\u00e9s de Buenas Pr\u00e1cticas frente al Desperdicio Alimentario\u00bb title_tag=\u00bbh2&#8243; separator=\u00bbno\u00bb][vc_empty_space height=\u00bb48&#8243;][\/vc_column][\/vc_row][vc_row css_animation=\u00bbelement_from_bottom\u00bb row_type=\u00bbrow\u00bb use_row_as_full_screen_section=\u00bbno\u00bb type=\u00bbgrid\u00bb angled_section=\u00bbno\u00bb text_align=\u00bbleft\u00bb background_image_as_pattern=\u00bbwithout_pattern\u00bb z_index=\u00bb\u00bb][vc_column width=\u00bb1\/2&#8243;][qode_in_device_slider device=\u00bbdesktop\u00bb titles_on_hover=\u00bbno\u00bb navigation=\u00bbno\u00bb auto_start=\u00bbyes\u00bb][qode_in_device_slider_item target=\u00bb_self\u00bb image=\u00bb992&#8243;][qode_in_device_slider_item target=\u00bb_self\u00bb image=\u00bb993&#8243;][\/qode_in_device_slider][\/vc_column][vc_column width=\u00bb1\/2&#8243;][vc_tabs style=\u00bbboxed\u00bb][vc_tab title=\u00bbDescripci\u00f3n\u00bb tab_id=\u00bb1552574792928-2-2210d-da45&#8243;][vc_empty_space height=\u00bb30&#8243;][vc_column_text]Cada a\u00f1o, un tercio de los alimentos producidos a [&hellip;]<\/p>\n","protected":false},"author":2,"featured_media":0,"parent":0,"menu_order":0,"comment_status":"closed","ping_status":"closed","template":"landing_page.php","meta":{"footnotes":""},"class_list":["post-990","page","type-page","status-publish","hentry"],"_links":{"self":[{"href":"https:\/\/memoria.cepymearagon.es\/index.php\/wp-json\/wp\/v2\/pages\/990","targetHints":{"allow":["GET"]}}],"collection":[{"href":"https:\/\/memoria.cepymearagon.es\/index.php\/wp-json\/wp\/v2\/pages"}],"about":[{"href":"https:\/\/memoria.cepymearagon.es\/index.php\/wp-json\/wp\/v2\/types\/page"}],"author":[{"embeddable":true,"href":"https:\/\/memoria.cepymearagon.es\/index.php\/wp-json\/wp\/v2\/users\/2"}],"replies":[{"embeddable":true,"href":"https:\/\/memoria.cepymearagon.es\/index.php\/wp-json\/wp\/v2\/comments?post=990"}],"version-history":[{"count":11,"href":"https:\/\/memoria.cepymearagon.es\/index.php\/wp-json\/wp\/v2\/pages\/990\/revisions"}],"predecessor-version":[{"id":1071,"href":"https:\/\/memoria.cepymearagon.es\/index.php\/wp-json\/wp\/v2\/pages\/990\/revisions\/1071"}],"wp:attachment":[{"href":"https:\/\/memoria.cepymearagon.es\/index.php\/wp-json\/wp\/v2\/media?parent=990"}],"curies":[{"name":"wp","href":"https:\/\/api.w.org\/{rel}","templated":true}]}}