{"id":8,"date":"2019-02-11T14:19:25","date_gmt":"2019-02-11T14:19:25","guid":{"rendered":"http:\/\/memoria.cepymearagon.es\/?page_id=8"},"modified":"2019-03-29T11:12:20","modified_gmt":"2019-03-29T11:12:20","slug":"quienes-somos","status":"publish","type":"page","link":"https:\/\/memoria.cepymearagon.es\/index.php\/quienes-somos\/","title":{"rendered":"Qui\u00e9nes somos"},"content":{"rendered":"<p>[vc_row css_animation=\u00bbelement_from_top\u00bb row_type=\u00bbrow\u00bb use_row_as_full_screen_section=\u00bbno\u00bb type=\u00bbgrid\u00bb angled_section=\u00bbno\u00bb text_align=\u00bbright\u00bb background_image_as_pattern=\u00bbwithout_pattern\u00bb z_index=\u00bb\u00bb css=\u00bb.vc_custom_1553857490485{background-position: 0 0 !important;background-repeat: no-repeat !important;}\u00bb][vc_column][vc_empty_space height=\u00bb15px\u00bb][icons icon=\u00bbfa-arrow-left\u00bb size=\u00bbfa-2x\u00bb type=\u00bbcircle\u00bb link=\u00bbjavascript:history.back()\u00bb target=\u00bb_self\u00bb icon_color=\u00bb#ffffff\u00bb background_color=\u00bb#144733&#8243; icon_hover_color=\u00bb#144733&#8243;][vc_empty_space height=\u00bb15px\u00bb][qode_workflow animate=\u00bbyes\u00bb line_color=\u00bb#cad327&#8243;][qode_workflow_item title_tag=\u00bbh2&#8243; image_float=\u00bbyes\u00bb image_alignment=\u00bbleft\u00bb title=\u00bbMisi\u00f3n\u00bb circle_border_color=\u00bb#004631&#8243; circle_background_color=\u00bb#004631&#8243; text=\u00bbOrganizaci\u00f3n empresarial que tiene como principal finalidad la defensa y representaci\u00f3n de los intereses de la Peque\u00f1a y Mediana Empresa Aragonesa y de los trabajadores aut\u00f3nomos, actuando como interlocutor con la Administraci\u00f3n, agentes sociales y dem\u00e1s organismos e instituciones, as\u00ed como servir de \u00f3rgano de uni\u00f3n y coordinaci\u00f3n de las organizaciones miembro, fomentar y defender el sistema de libre iniciativa privada, contribuir al dialogo social y promover el desarrollo empresarial en beneficio del inter\u00e9s general de la sociedad, poniendo, adem\u00e1s, a disposici\u00f3n de sus asociados la prestaci\u00f3n de servicios especializados, asesor\u00edas t\u00e9cnicas y desarrollo de proyectos bajo un enfoque de calidad total.\u00bb image=\u00bb166&#8243;][\/qode_workflow][qode_workflow animate=\u00bbyes\u00bb line_color=\u00bb#cad327&#8243;][qode_workflow_item title_tag=\u00bbh2&#8243; image_alignment=\u00bbright\u00bb title=\u00bbVisi\u00f3n\u00bb text=\u00bbSer reconocidos como la Organizaci\u00f3n Empresarial de referencia por su pluralidad, honestidad, profesionalidad y su actitud constructiva e impulsora de cambios e iniciativas, para con ello responder a las inquietudes, necesidades y aspiraciones de las Peque\u00f1as y Medianas Empresas aragonesas y de los trabajadores aut\u00f3nomos.\u00bb image=\u00bb168&#8243; circle_border_color=\u00bb#004631&#8243; circle_background_color=\u00bb#004631&#8243;][\/qode_workflow][qode_workflow animate=\u00bbyes\u00bb line_color=\u00bb#cad327&#8243;][qode_workflow_item title_tag=\u00bbh2&#8243; image_float=\u00bbyes\u00bb image_alignment=\u00bbleft\u00bb title=\u00bbValores\u00bb circle_border_color=\u00bb#004631&#8243; circle_background_color=\u00bb#004631&#8243;][qode_workflow_item image_float=\u00bbyes\u00bb image_alignment=\u00bbleft\u00bb title=\u00bbCOMPROMISO\u00bb text=\u00bbTrabajaremos por y para las empresas y trabajadores aut\u00f3nomos con honestidad y seriedad, demostrando nuestra profesionalidad y creando confianza en nuestro entorno econ\u00f3mico y social.\u00bb circle_border_color=\u00bb#cad327&#8243; circle_background_color=\u00bb#cad327&#8243; image=\u00bb213&#8243;][qode_workflow_item image_float=\u00bbyes\u00bb image_alignment=\u00bbleft\u00bb title=\u00bbTRANSPARENCIA\u00bb text=\u00bbLa transparencia inspira nuestra gesti\u00f3n y nuestras relaciones con las empresas y aut\u00f3nomos, la administraci\u00f3n y con la sociedad en general.\u00bb circle_border_color=\u00bb#cad327&#8243; circle_background_color=\u00bb#cad327&#8243; image=\u00bb218&#8243;][qode_workflow_item image_float=\u00bbyes\u00bb image_alignment=\u00bbleft\u00bb title=\u00bbPARTICIPACI\u00d3N\u00bb text=\u00bbLa participaci\u00f3n, cooperaci\u00f3n y compa\u00f1erismo son la base de trabajo dentro de nuestras organizaciones.\u00bb circle_border_color=\u00bb#cad327&#8243; circle_background_color=\u00bb#cad327&#8243; image=\u00bb215&#8243;][qode_workflow_item image_float=\u00bbyes\u00bb image_alignment=\u00bbleft\u00bb title=\u00bbCALIDAD\u00bb text=\u00bbBuscamos la mejora continua en los procesos y en el comportamiento Ambiental de las organizaciones, a trav\u00e9s del incremento de la eficacia y eficiencia.\u00bb circle_border_color=\u00bb#cad327&#8243; circle_background_color=\u00bb#cad327&#8243; image=\u00bb216&#8243;][qode_workflow_item image_float=\u00bbyes\u00bb image_alignment=\u00bbleft\u00bb title=\u00bbINNOVACI\u00d3N\u00bb text=\u00bbPerseguiremos la innovaci\u00f3n en medios y contenidos de nuestros proyectos y servicios\u00bb circle_border_color=\u00bb#cad327&#8243; circle_background_color=\u00bb#cad327&#8243; image=\u00bb214&#8243;][qode_workflow_item image_float=\u00bbyes\u00bb image_alignment=\u00bbleft\u00bb title=\u00bbRESPONSABILIDAD SOCIAL\u00bb text=\u00bbBuscaremos la responsabilidad social como principal inspirador de todas nuestras actuaciones, proyectos y servicios, integrando la transparencia, el compromiso con la igualdad, la prevenci\u00f3n de riesgos laborales, la sostenibilidad y la excelencia en la gesti\u00f3n \u00e9tica y responsable.\u00bb circle_border_color=\u00bb#cad327&#8243; circle_background_color=\u00bb#cad327&#8243; image=\u00bb217&#8243;][\/qode_workflow][vc_empty_space height=\u00bb64&#8243;][\/vc_column][\/vc_row]<\/p>\n","protected":false},"excerpt":{"rendered":"<p>[vc_row css_animation=\u00bbelement_from_top\u00bb row_type=\u00bbrow\u00bb use_row_as_full_screen_section=\u00bbno\u00bb type=\u00bbgrid\u00bb angled_section=\u00bbno\u00bb text_align=\u00bbright\u00bb background_image_as_pattern=\u00bbwithout_pattern\u00bb z_index=\u00bb\u00bb css=\u00bb.vc_custom_1553857490485{background-position: 0 0 !important;background-repeat: no-repeat !important;}\u00bb][vc_column][vc_empty_space height=\u00bb15px\u00bb][icons icon=\u00bbfa-arrow-left\u00bb size=\u00bbfa-2x\u00bb type=\u00bbcircle\u00bb link=\u00bbjavascript:history.back()\u00bb target=\u00bb_self\u00bb icon_color=\u00bb#ffffff\u00bb background_color=\u00bb#144733&#8243; icon_hover_color=\u00bb#144733&#8243;][vc_empty_space height=\u00bb15px\u00bb][qode_workflow animate=\u00bbyes\u00bb line_color=\u00bb#cad327&#8243;][qode_workflow_item title_tag=\u00bbh2&#8243; image_float=\u00bbyes\u00bb image_alignment=\u00bbleft\u00bb title=\u00bbMisi\u00f3n\u00bb circle_border_color=\u00bb#004631&#8243; circle_background_color=\u00bb#004631&#8243; text=\u00bbOrganizaci\u00f3n empresarial que tiene como principal finalidad la defensa y representaci\u00f3n de los intereses de la Peque\u00f1a y Mediana Empresa Aragonesa y [&hellip;]<\/p>\n","protected":false},"author":2,"featured_media":0,"parent":0,"menu_order":0,"comment_status":"closed","ping_status":"open","template":"landing_page.php","meta":{"footnotes":""},"class_list":["post-8","page","type-page","status-publish","hentry"],"_links":{"self":[{"href":"https:\/\/memoria.cepymearagon.es\/index.php\/wp-json\/wp\/v2\/pages\/8","targetHints":{"allow":["GET"]}}],"collection":[{"href":"https:\/\/memoria.cepymearagon.es\/index.php\/wp-json\/wp\/v2\/pages"}],"about":[{"href":"https:\/\/memoria.cepymearagon.es\/index.php\/wp-json\/wp\/v2\/types\/page"}],"author":[{"embeddable":true,"href":"https:\/\/memoria.cepymearagon.es\/index.php\/wp-json\/wp\/v2\/users\/2"}],"replies":[{"embeddable":true,"href":"https:\/\/memoria.cepymearagon.es\/index.php\/wp-json\/wp\/v2\/comments?post=8"}],"version-history":[{"count":171,"href":"https:\/\/memoria.cepymearagon.es\/index.php\/wp-json\/wp\/v2\/pages\/8\/revisions"}],"predecessor-version":[{"id":1305,"href":"https:\/\/memoria.cepymearagon.es\/index.php\/wp-json\/wp\/v2\/pages\/8\/revisions\/1305"}],"wp:attachment":[{"href":"https:\/\/memoria.cepymearagon.es\/index.php\/wp-json\/wp\/v2\/media?parent=8"}],"curies":[{"name":"wp","href":"https:\/\/api.w.org\/{rel}","templated":true}]}}