{"id":733,"date":"2019-03-13T16:15:07","date_gmt":"2019-03-13T16:15:07","guid":{"rendered":"http:\/\/memoria.cepymearagon.es\/?page_id=733"},"modified":"2019-06-07T11:42:45","modified_gmt":"2019-06-07T11:42:45","slug":"servicios","status":"publish","type":"page","link":"https:\/\/memoria.cepymearagon.es\/index.php\/servicios\/","title":{"rendered":"Servicios"},"content":{"rendered":"<p>[vc_row css_animation=\u00bb\u00bb row_type=\u00bbrow\u00bb use_row_as_full_screen_section=\u00bbno\u00bb type=\u00bbfull_width\u00bb angled_section=\u00bbno\u00bb text_align=\u00bbleft\u00bb background_image_as_pattern=\u00bbwithout_pattern\u00bb][vc_column][vc_empty_space][\/vc_column][\/vc_row][vc_row css_animation=\u00bbelement_from_top\u00bb row_type=\u00bbrow\u00bb use_row_as_full_screen_section=\u00bbno\u00bb type=\u00bbgrid\u00bb angled_section=\u00bbno\u00bb text_align=\u00bbleft\u00bb background_image_as_pattern=\u00bbwithout_pattern\u00bb z_index=\u00bb\u00bb][vc_column width=\u00bb1\/4&#8243;][qode_crossfade_images link_target=\u00bb_self\u00bb hover_image=\u00bb740&#8243; title=\u00bbLABORAL\u00bb initial_image=\u00bb734&#8243; link=\u00bbhttp:\/\/memoria.cepymearagon.es\/index.php\/laboral\/\u00bb][\/vc_column][vc_column width=\u00bb1\/4&#8243;][qode_crossfade_images link_target=\u00bb_self\u00bb hover_image=\u00bb742&#8243; title=\u00bbJUR\u00cdDICO FISCAL\u00bb initial_image=\u00bb743&#8243; link=\u00bbhttp:\/\/memoria.cepymearagon.es\/index.php\/fiscal\/\u00bb][\/vc_column][vc_column width=\u00bb1\/4&#8243;][qode_crossfade_images link_target=\u00bb_self\u00bb hover_image=\u00bb744&#8243; title=\u00bbJUR\u00cdDICO CIVIL MERCANTIL\u00bb initial_image=\u00bb745&#8243; link=\u00bbhttp:\/\/memoria.cepymearagon.es\/index.php\/civil-mercantil\/\u00bb][\/vc_column][vc_column width=\u00bb1\/4&#8243;][qode_crossfade_images link_target=\u00bb_self\u00bb hover_image=\u00bb808&#8243; title=\u00bbPREVENCI\u00d3N DE RIESGOS LABORALES\u00bb initial_image=\u00bb809&#8243; link=\u00bbhttp:\/\/memoria.cepymearagon.es\/index.php\/prevencion-de-riesgos-laborales\/\u00bb][\/vc_column][\/vc_row][vc_row css_animation=\u00bbelement_from_top\u00bb row_type=\u00bbrow\u00bb use_row_as_full_screen_section=\u00bbno\u00bb type=\u00bbgrid\u00bb angled_section=\u00bbno\u00bb text_align=\u00bbleft\u00bb background_image_as_pattern=\u00bbwithout_pattern\u00bb z_index=\u00bb\u00bb][vc_column width=\u00bb1\/4&#8243;][qode_crossfade_images link_target=\u00bb_self\u00bb hover_image=\u00bb815&#8243; title=\u00bbIGUALDAD\u00bb initial_image=\u00bb816&#8243; link=\u00bbhttp:\/\/memoria.cepymearagon.es\/index.php\/igualdad\/\u00bb][\/vc_column][vc_column width=\u00bb1\/4&#8243;][qode_crossfade_images link_target=\u00bb_self\u00bb hover_image=\u00bb822&#8243; title=\u00bbMEDIOAMBIENTE\u00bb initial_image=\u00bb823&#8243; link=\u00bbhttp:\/\/memoria.cepymearagon.es\/index.php\/medioambiente\/\u00bb][\/vc_column][vc_column width=\u00bb1\/4&#8243;][qode_crossfade_images link_target=\u00bb_self\u00bb hover_image=\u00bb837&#8243; title=\u00bbCALIDAD\u00bb initial_image=\u00bb836&#8243; link=\u00bbhttp:\/\/memoria.cepymearagon.es\/index.php\/calidad\/\u00bb][\/vc_column][vc_column width=\u00bb1\/4&#8243;][qode_crossfade_images link_target=\u00bb_self\u00bb hover_image=\u00bb828&#8243; title=\u00bbCOMUNICACI\u00d3N\u00bb initial_image=\u00bb829&#8243; link=\u00bbhttp:\/\/memoria.cepymearagon.es\/index.php\/comunicacion\/\u00bb][\/vc_column][\/vc_row][vc_row css_animation=\u00bbelement_from_top\u00bb row_type=\u00bbrow\u00bb use_row_as_full_screen_section=\u00bbno\u00bb type=\u00bbgrid\u00bb angled_section=\u00bbno\u00bb text_align=\u00bbleft\u00bb background_image_as_pattern=\u00bbwithout_pattern\u00bb z_index=\u00bb\u00bb][vc_column width=\u00bb1\/4&#8243;][qode_crossfade_images link_target=\u00bb_self\u00bb hover_image=\u00bb830&#8243; title=\u00bbFORMACI\u00d3N\u00bb initial_image=\u00bb831&#8243; link=\u00bbhttp:\/\/memoria.cepymearagon.es\/index.php\/formacion\/\u00bb][\/vc_column][vc_column width=\u00bb1\/4&#8243;][qode_crossfade_images link_target=\u00bb_self\u00bb hover_image=\u00bb832&#8243; title=\u00bbEMPLEO\u00bb initial_image=\u00bb833&#8243; link=\u00bbhttp:\/\/memoria.cepymearagon.es\/index.php\/empleo\/\u00bb][\/vc_column][vc_column width=\u00bb1\/4&#8243;][qode_crossfade_images link_target=\u00bb_self\u00bb hover_image=\u00bb834&#8243; title=\u00bbMESA POR LA REHABILITACI\u00d3N DE LA EDIFICACI\u00d3N DE ARAG\u00d3N\u00bb initial_image=\u00bb835&#8243; link=\u00bbhttp:\/\/memoria.cepymearagon.es\/index.php\/mesa-rehabilitacion\/\u00bb][\/vc_column][vc_column width=\u00bb1\/4&#8243;][\/vc_column][\/vc_row]<\/p>\n","protected":false},"excerpt":{"rendered":"<p>[vc_row css_animation=\u00bb\u00bb row_type=\u00bbrow\u00bb use_row_as_full_screen_section=\u00bbno\u00bb type=\u00bbfull_width\u00bb angled_section=\u00bbno\u00bb text_align=\u00bbleft\u00bb background_image_as_pattern=\u00bbwithout_pattern\u00bb][vc_column][vc_empty_space][\/vc_column][\/vc_row][vc_row css_animation=\u00bbelement_from_top\u00bb row_type=\u00bbrow\u00bb use_row_as_full_screen_section=\u00bbno\u00bb type=\u00bbgrid\u00bb angled_section=\u00bbno\u00bb text_align=\u00bbleft\u00bb background_image_as_pattern=\u00bbwithout_pattern\u00bb z_index=\u00bb\u00bb][vc_column width=\u00bb1\/4&#8243;][qode_crossfade_images link_target=\u00bb_self\u00bb hover_image=\u00bb740&#8243; title=\u00bbLABORAL\u00bb initial_image=\u00bb734&#8243; link=\u00bbhttp:\/\/memoria.cepymearagon.es\/index.php\/laboral\/\u00bb][\/vc_column][vc_column width=\u00bb1\/4&#8243;][qode_crossfade_images link_target=\u00bb_self\u00bb hover_image=\u00bb742&#8243; title=\u00bbJUR\u00cdDICO FISCAL\u00bb initial_image=\u00bb743&#8243; link=\u00bbhttp:\/\/memoria.cepymearagon.es\/index.php\/fiscal\/\u00bb][\/vc_column][vc_column width=\u00bb1\/4&#8243;][qode_crossfade_images link_target=\u00bb_self\u00bb hover_image=\u00bb744&#8243; title=\u00bbJUR\u00cdDICO CIVIL MERCANTIL\u00bb initial_image=\u00bb745&#8243; link=\u00bbhttp:\/\/memoria.cepymearagon.es\/index.php\/civil-mercantil\/\u00bb][\/vc_column][vc_column width=\u00bb1\/4&#8243;][qode_crossfade_images link_target=\u00bb_self\u00bb hover_image=\u00bb808&#8243; title=\u00bbPREVENCI\u00d3N DE RIESGOS LABORALES\u00bb initial_image=\u00bb809&#8243; link=\u00bbhttp:\/\/memoria.cepymearagon.es\/index.php\/prevencion-de-riesgos-laborales\/\u00bb][\/vc_column][\/vc_row][vc_row css_animation=\u00bbelement_from_top\u00bb row_type=\u00bbrow\u00bb use_row_as_full_screen_section=\u00bbno\u00bb type=\u00bbgrid\u00bb angled_section=\u00bbno\u00bb text_align=\u00bbleft\u00bb background_image_as_pattern=\u00bbwithout_pattern\u00bb z_index=\u00bb\u00bb][vc_column width=\u00bb1\/4&#8243;][qode_crossfade_images [&hellip;]<\/p>\n","protected":false},"author":2,"featured_media":0,"parent":0,"menu_order":0,"comment_status":"closed","ping_status":"closed","template":"landing_page.php","meta":{"footnotes":""},"class_list":["post-733","page","type-page","status-publish","hentry"],"_links":{"self":[{"href":"https:\/\/memoria.cepymearagon.es\/index.php\/wp-json\/wp\/v2\/pages\/733","targetHints":{"allow":["GET"]}}],"collection":[{"href":"https:\/\/memoria.cepymearagon.es\/index.php\/wp-json\/wp\/v2\/pages"}],"about":[{"href":"https:\/\/memoria.cepymearagon.es\/index.php\/wp-json\/wp\/v2\/types\/page"}],"author":[{"embeddable":true,"href":"https:\/\/memoria.cepymearagon.es\/index.php\/wp-json\/wp\/v2\/users\/2"}],"replies":[{"embeddable":true,"href":"https:\/\/memoria.cepymearagon.es\/index.php\/wp-json\/wp\/v2\/comments?post=733"}],"version-history":[{"count":12,"href":"https:\/\/memoria.cepymearagon.es\/index.php\/wp-json\/wp\/v2\/pages\/733\/revisions"}],"predecessor-version":[{"id":1336,"href":"https:\/\/memoria.cepymearagon.es\/index.php\/wp-json\/wp\/v2\/pages\/733\/revisions\/1336"}],"wp:attachment":[{"href":"https:\/\/memoria.cepymearagon.es\/index.php\/wp-json\/wp\/v2\/media?parent=733"}],"curies":[{"name":"wp","href":"https:\/\/api.w.org\/{rel}","templated":true}]}}