{"id":716,"date":"2019-03-12T16:23:42","date_gmt":"2019-03-12T16:23:42","guid":{"rendered":"http:\/\/memoria.cepymearagon.es\/?page_id=716"},"modified":"2019-03-29T12:02:57","modified_gmt":"2019-03-29T12:02:57","slug":"asesorias","status":"publish","type":"page","link":"https:\/\/memoria.cepymearagon.es\/index.php\/asesorias\/","title":{"rendered":"Asesor\u00edas"},"content":{"rendered":"<p>[vc_row css_animation=\u00bbelement_from_top\u00bb row_type=\u00bbrow\u00bb use_row_as_full_screen_section=\u00bbno\u00bb type=\u00bbgrid\u00bb angled_section=\u00bbno\u00bb text_align=\u00bbright\u00bb background_image_as_pattern=\u00bbwithout_pattern\u00bb z_index=\u00bb\u00bb css=\u00bb.vc_custom_1553860705978{margin-top: 0px !important;border-top-width: 0px !important;padding-top: 0px !important;background-position: 0 0 !important;background-repeat: no-repeat !important;}\u00bb][vc_column][icons icon=\u00bbfa-arrow-left\u00bb size=\u00bbfa-2x\u00bb type=\u00bbcircle\u00bb link=\u00bbjavascript:history.back()\u00bb target=\u00bb_self\u00bb icon_color=\u00bb#ffffff\u00bb background_color=\u00bb#144733&#8243; icon_hover_color=\u00bb#144733&#8243; margin=\u00bb0&#8243;][vc_empty_space height=\u00bb15px\u00bb][\/vc_column][\/vc_row][vc_row css_animation=\u00bb\u00bb row_type=\u00bbrow\u00bb use_row_as_full_screen_section=\u00bbno\u00bb type=\u00bbgrid\u00bb angled_section=\u00bbno\u00bb text_align=\u00bbleft\u00bb background_image_as_pattern=\u00bbwithout_pattern\u00bb z_index=\u00bb\u00bb][vc_column width=\u00bb1\/2&#8243;][qode_interactive_icon_showcase border_style=\u00bbsolid\u00bb border_width=\u00bb3&#8243; border_color=\u00bb#004631&#8243; autoplay_interval=\u00bb6000&#8243;][qode_interactive_icon_showcase_item icon_pack=\u00bbfont_awesome\u00bb icon=\u00bbfa-bar-chart\u00bb title_tag=\u00bbh3&#8243; title=\u00bbFiscal y Contable\u00bb text=\u00bbAsesoramiento y asistencia en materia administrativa (tr\u00e1mites con la administraci\u00f3n estatal, auton\u00f3mica o local, recursos y sanciones, etc), asistencia letrada ante los Juzgados, planes de viabilidad, llevanza de contabilidades.\u00bb inactive_background_color=\u00bb#cad327&#8243;][qode_interactive_icon_showcase_item icon_pack=\u00bbfont_awesome\u00bb icon=\u00bbfa-gavel\u00bb title_tag=\u00bbh3&#8243; title=\u00bbCivil y Mercantil\u00bb text=\u00bbAsesoramiento y asistencia en materia civil (contratos, arrendamientos, familia, sucesiones, etc.) y mercantil (contratos, reclamaciones de cantidad, aut\u00f3nomos y sociedades mercantiles, tramites societarios, etc.).\u00bb inactive_background_color=\u00bb#cad327&#8243;][qode_interactive_icon_showcase_item icon_pack=\u00bbfont_awesome\u00bb icon=\u00bbfa-suitcase\u00bb title_tag=\u00bbh3&#8243; title=\u00bbLaboral\u00bb text=\u00bbAsesoramiento y asistencia letrada ante los Juzgados, atenci\u00f3n a requerimientos y recursos, aplazamientos, etc., negociaci\u00f3n colectiva, mediaci\u00f3n laboral.\u00bb inactive_background_color=\u00bb#cad327&#8243;][qode_interactive_icon_showcase_item icon_pack=\u00bbfont_awesome\u00bb icon=\u00bbfa-id-card\u00bb title_tag=\u00bbh3&#8243; title=\u00bbGesti\u00f3n laboral\u00bb text=\u00bbGesti\u00f3n de n\u00f3minas, finiquitos y atrasos, contrataci\u00f3n Laboral, bonificaci\u00f3n y subvenciones, Seguridad Social: alta\/baja empleados, c\u00e1lculo y gesti\u00f3n telem\u00e1tica de los seguros sociales.\u00bb inactive_background_color=\u00bb#cad327&#8243;][qode_interactive_icon_showcase_item icon_pack=\u00bbfont_awesome\u00bb icon=\u00bbfa-desktop\u00bb title_tag=\u00bbh3&#8243; title=\u00bbTICs\u00bb text=\u00bbGesti\u00f3n para la obtenci\u00f3n de la firma\/certificados digitales, asesoramiento en la cumplimentaci\u00f3n de los tramites de alta, modificaci\u00f3n o actualizaci\u00f3n de los registros de datos obligados por LOPD, asesoramiento de facturaci\u00f3n electr\u00f3nica.\u00bb inactive_background_color=\u00bb#cad327&#8243;][qode_interactive_icon_showcase_item icon_pack=\u00bbfont_awesome\u00bb icon=\u00bbfa-search\u00bb title_tag=\u00bbh3&#8243; title=\u00bbGesti\u00f3n de riesgos\u00bb text=\u00bbAsesoramiento, diagn\u00f3stico de nivel de riesgo, seguros.\u00bb inactive_background_color=\u00bb#cad327&#8243;][qode_interactive_icon_showcase_item icon_pack=\u00bbfont_awesome\u00bb icon=\u00bbfa-users\u00bb title_tag=\u00bbh3&#8243; title=\u00bbGesti\u00f3n corporativa\u00bb text=\u00bbApoyo institucional, captaci\u00f3n de nuevos socios, sede social, comunicaci\u00f3n, adecuaci\u00f3n a normativa, salas de reuniones.\u00bb inactive_background_color=\u00bb#cad327&#8243;][qode_interactive_icon_showcase_item icon_pack=\u00bbfont_awesome\u00bb icon=\u00bbfa-lightbulb-o\u00bb title_tag=\u00bbh3&#8243; title=\u00bbCalidad e innovaci\u00f3n\u00bb text=\u00bbAsesoramiento y diagn\u00f3sticos de innovaci\u00f3n, evaluaci\u00f3n de capacidades de Innovaci\u00f3n, desarrollo y ejecuci\u00f3n de proyectos, elaboraci\u00f3n de mapas de financiaci\u00f3n p\u00fablica.\u00bb inactive_background_color=\u00bb#cad327&#8243;][\/qode_interactive_icon_showcase][\/vc_column][vc_column width=\u00bb1\/2&#8243;][qode_interactive_icon_showcase border_style=\u00bbsolid\u00bb border_width=\u00bb3&#8243; border_color=\u00bb#004631&#8243; autoplay_interval=\u00bb5000&#8243;][qode_interactive_icon_showcase_item icon_pack=\u00bbfont_awesome\u00bb icon=\u00bbfa-recycle\u00bb title_tag=\u00bbh3&#8243; title=\u00bbMedioambiente\u00bb text=\u00bbAsesoramiento en materia medioambiental, cumplimiento de normativa, Responsabilidad Social Empresarial.\u00bb inactive_background_color=\u00bb#cad327&#8243;][qode_interactive_icon_showcase_item icon_pack=\u00bbfont_awesome\u00bb icon=\u00bbfa-fire-extinguisher\u00bb title_tag=\u00bbh3&#8243; title=\u00bbPrevenci\u00f3n de Riesgos Laborales\u00bb text=\u00bbAsesoramiento en PRL, elaboraci\u00f3n rel Plan de Autoprotecci\u00f3n o de Emergencias, seguridad vial, formaci\u00f3n en la materia.\u00bb inactive_background_color=\u00bb#cad327&#8243;][qode_interactive_icon_showcase_item icon_pack=\u00bbfont_awesome\u00bb icon=\u00bbfa-transgender\u00bb title_tag=\u00bbh3&#8243; title=\u00bbIgualdad\u00bb text=\u00bbAsesoramiento en la elaboraci\u00f3n de planes de igualdad, medidas y buenas pr\u00e1cticas en materia de igualdad entre hombre y mujeres en el \u00e1mbito laboral.\u00bb inactive_background_color=\u00bb#cad327&#8243;][qode_interactive_icon_showcase_item icon_pack=\u00bbfont_awesome\u00bb icon=\u00bbfa-book\u00bb title_tag=\u00bbh3&#8243; title=\u00bbFormaci\u00f3n\u00bb text=\u00bbPlanes de formaci\u00f3n, acciones formativas, formaci\u00f3n a demanda, gesti\u00f3n y correcta aplicaci\u00f3n de las bonificaciones.\u00bb inactive_background_color=\u00bb#cad327&#8243;][qode_interactive_icon_showcase_item icon_pack=\u00bbfont_awesome\u00bb icon=\u00bbfa-user-plus\u00bb title_tag=\u00bbh3&#8243; title=\u00bbRecursos Humanos\u00bb text=\u00bbAgencia de empleo, procesos de selecci\u00f3n, gesti\u00f3n de pr\u00e1cticas en empresa.\u00bb inactive_background_color=\u00bb#cad327&#8243;][qode_interactive_icon_showcase_item icon_pack=\u00bbfont_awesome\u00bb icon=\u00bbfa-handshake-o\u00bb title_tag=\u00bbh3&#8243; title=\u00bbEmpleo\u00bb text=\u00bbProgramas de empleo para dotar a las personas destinatarias las herramientas necesarias que faciliten su incorporaci\u00f3n al mundo laboral.\u00bb inactive_background_color=\u00bb#cad327&#8243;][qode_interactive_icon_showcase_item icon_pack=\u00bbfont_awesome\u00bb icon=\u00bbfa-graduation-cap\u00bb title_tag=\u00bbh3&#8243; title=\u00bbOrientaci\u00f3n\u00bb text=\u00bbServicios de orientaci\u00f3n acad\u00e9mica y profesional.\u00bb inactive_background_color=\u00bb#cad327&#8243;][qode_interactive_icon_showcase_item icon_pack=\u00bbfont_awesome\u00bb icon=\u00bbfa-cart-plus\u00bb title_tag=\u00bbh3&#8243; title=\u00bbGesti\u00f3n comercial\u00bb text=\u00bbOutsourcing de equipos de ventas, elaboraci\u00f3n del Plan Comercial, dise\u00f1o del Plan de Incentivos, introducci\u00f3n al Comercio Exterior, plan de Internacionalizaci\u00f3n.\u00bb inactive_background_color=\u00bb#cad327&#8243;][\/qode_interactive_icon_showcase][\/vc_column][\/vc_row][vc_row css_animation=\u00bb\u00bb row_type=\u00bbrow\u00bb use_row_as_full_screen_section=\u00bbno\u00bb type=\u00bbfull_width\u00bb angled_section=\u00bbno\u00bb text_align=\u00bbleft\u00bb background_image_as_pattern=\u00bbwithout_pattern\u00bb][vc_column][vc_empty_space height=\u00bb64&#8243;][\/vc_column][\/vc_row]<\/p>\n","protected":false},"excerpt":{"rendered":"<p>[vc_row css_animation=\u00bbelement_from_top\u00bb row_type=\u00bbrow\u00bb use_row_as_full_screen_section=\u00bbno\u00bb type=\u00bbgrid\u00bb angled_section=\u00bbno\u00bb text_align=\u00bbright\u00bb background_image_as_pattern=\u00bbwithout_pattern\u00bb z_index=\u00bb\u00bb css=\u00bb.vc_custom_1553860705978{margin-top: 0px !important;border-top-width: 0px !important;padding-top: 0px !important;background-position: 0 0 !important;background-repeat: no-repeat !important;}\u00bb][vc_column][icons icon=\u00bbfa-arrow-left\u00bb size=\u00bbfa-2x\u00bb type=\u00bbcircle\u00bb link=\u00bbjavascript:history.back()\u00bb target=\u00bb_self\u00bb icon_color=\u00bb#ffffff\u00bb background_color=\u00bb#144733&#8243; icon_hover_color=\u00bb#144733&#8243; margin=\u00bb0&#8243;][vc_empty_space height=\u00bb15px\u00bb][\/vc_column][\/vc_row][vc_row css_animation=\u00bb\u00bb row_type=\u00bbrow\u00bb use_row_as_full_screen_section=\u00bbno\u00bb type=\u00bbgrid\u00bb angled_section=\u00bbno\u00bb text_align=\u00bbleft\u00bb background_image_as_pattern=\u00bbwithout_pattern\u00bb z_index=\u00bb\u00bb][vc_column width=\u00bb1\/2&#8243;][qode_interactive_icon_showcase border_style=\u00bbsolid\u00bb border_width=\u00bb3&#8243; border_color=\u00bb#004631&#8243; autoplay_interval=\u00bb6000&#8243;][qode_interactive_icon_showcase_item icon_pack=\u00bbfont_awesome\u00bb icon=\u00bbfa-bar-chart\u00bb title_tag=\u00bbh3&#8243; title=\u00bbFiscal y Contable\u00bb text=\u00bbAsesoramiento y asistencia en materia [&hellip;]<\/p>\n","protected":false},"author":2,"featured_media":0,"parent":0,"menu_order":0,"comment_status":"closed","ping_status":"closed","template":"landing_page.php","meta":{"footnotes":""},"class_list":["post-716","page","type-page","status-publish","hentry"],"_links":{"self":[{"href":"https:\/\/memoria.cepymearagon.es\/index.php\/wp-json\/wp\/v2\/pages\/716","targetHints":{"allow":["GET"]}}],"collection":[{"href":"https:\/\/memoria.cepymearagon.es\/index.php\/wp-json\/wp\/v2\/pages"}],"about":[{"href":"https:\/\/memoria.cepymearagon.es\/index.php\/wp-json\/wp\/v2\/types\/page"}],"author":[{"embeddable":true,"href":"https:\/\/memoria.cepymearagon.es\/index.php\/wp-json\/wp\/v2\/users\/2"}],"replies":[{"embeddable":true,"href":"https:\/\/memoria.cepymearagon.es\/index.php\/wp-json\/wp\/v2\/comments?post=716"}],"version-history":[{"count":11,"href":"https:\/\/memoria.cepymearagon.es\/index.php\/wp-json\/wp\/v2\/pages\/716\/revisions"}],"predecessor-version":[{"id":1318,"href":"https:\/\/memoria.cepymearagon.es\/index.php\/wp-json\/wp\/v2\/pages\/716\/revisions\/1318"}],"wp:attachment":[{"href":"https:\/\/memoria.cepymearagon.es\/index.php\/wp-json\/wp\/v2\/media?parent=716"}],"curies":[{"name":"wp","href":"https:\/\/api.w.org\/{rel}","templated":true}]}}