{"id":599,"date":"2019-03-07T16:05:59","date_gmt":"2019-03-07T16:05:59","guid":{"rendered":"http:\/\/memoria.cepymearagon.es\/?page_id=599"},"modified":"2019-03-29T12:09:55","modified_gmt":"2019-03-29T12:09:55","slug":"representacion-institucional","status":"publish","type":"page","link":"https:\/\/memoria.cepymearagon.es\/index.php\/representacion-institucional\/","title":{"rendered":"Representaci\u00f3n institucional"},"content":{"rendered":"<p>[vc_row css_animation=\u00bbelement_from_top\u00bb row_type=\u00bbrow\u00bb use_row_as_full_screen_section=\u00bbno\u00bb type=\u00bbgrid\u00bb angled_section=\u00bbno\u00bb text_align=\u00bbright\u00bb background_image_as_pattern=\u00bbwithout_pattern\u00bb z_index=\u00bb\u00bb css=\u00bb.vc_custom_1553857490485{background-position: 0 0 !important;background-repeat: no-repeat !important;}\u00bb][vc_column][vc_empty_space height=\u00bb15px\u00bb][icons icon=\u00bbfa-arrow-left\u00bb size=\u00bbfa-2x\u00bb type=\u00bbcircle\u00bb link=\u00bbjavascript:history.back()\u00bb target=\u00bb_self\u00bb icon_color=\u00bb#ffffff\u00bb background_color=\u00bb#144733&#8243; icon_hover_color=\u00bb#144733&#8243;][vc_empty_space height=\u00bb15px\u00bb][\/vc_column][\/vc_row][vc_row css_animation=\u00bbelement_from_top\u00bb row_type=\u00bbrow\u00bb use_row_as_full_screen_section=\u00bbno\u00bb type=\u00bbgrid\u00bb angled_section=\u00bbno\u00bb text_align=\u00bbleft\u00bb background_image_as_pattern=\u00bbwithout_pattern\u00bb z_index=\u00bb\u00bb][vc_column][vc_column_text]<\/p>\n<h2 style=\"text-align: center;\">Presente en m\u00e1s de<\/h2>\n<p>[\/vc_column_text][vc_empty_space][\/vc_column][\/vc_row][vc_row css_animation=\u00bbelement_from_top\u00bb row_type=\u00bbrow\u00bb use_row_as_full_screen_section=\u00bbno\u00bb type=\u00bbgrid\u00bb angled_section=\u00bbno\u00bb text_align=\u00bbleft\u00bb background_image_as_pattern=\u00bbwithout_pattern\u00bb z_index=\u00bb\u00bb][vc_column width=\u00bb1\/4&#8243;][\/vc_column][vc_column width=\u00bb1\/4&#8243;][counter type=\u00bbzero\u00bb box=\u00bbno\u00bb position=\u00bbcenter\u00bb font_weight=\u00bb600&#8243; text_font_weight=\u00bb600&#8243; separator=\u00bbyes\u00bb digit=\u00bb20&#8243; text=\u00bbInstituciones\u00bb text_color=\u00bb#cad327&#8243;][\/vc_column][vc_column width=\u00bb1\/4&#8243;][counter type=\u00bbzero\u00bb box=\u00bbno\u00bb position=\u00bbcenter\u00bb font_weight=\u00bb600&#8243; text_font_weight=\u00bb600&#8243; separator=\u00bbyes\u00bb digit=\u00bb100&#8243; text=\u00bbEquipos de trabajo\u00bb text_color=\u00bb#cad327&#8243;][\/vc_column][vc_column width=\u00bb1\/4&#8243;][\/vc_column][\/vc_row][vc_row css_animation=\u00bb\u00bb row_type=\u00bbrow\u00bb use_row_as_full_screen_section=\u00bbno\u00bb type=\u00bbfull_width\u00bb angled_section=\u00bbno\u00bb text_align=\u00bbleft\u00bb background_image_as_pattern=\u00bbwithout_pattern\u00bb][vc_column][vc_empty_space height=\u00bb64&#8243;][\/vc_column][\/vc_row][vc_row css_animation=\u00bbelement_from_bottom\u00bb row_type=\u00bbrow\u00bb use_row_as_full_screen_section=\u00bbno\u00bb type=\u00bbgrid\u00bb angled_section=\u00bbno\u00bb text_align=\u00bbleft\u00bb background_image_as_pattern=\u00bbwithout_pattern\u00bb z_index=\u00bb\u00bb][vc_column width=\u00bb1\/4&#8243;][vc_single_image image=\u00bb618&#8243; img_size=\u00bbmedium\u00bb alignment=\u00bbcenter\u00bb qode_css_animation=\u00bb\u00bb][service_table title=\u00bbASECLA &#8211; Acuerdo para la soluci\u00f3n extrajudicial de conflictos laborales en Arag\u00f3n\u00bb title_tag=\u00bbh3&#8243; title_background_type=\u00bbbackground_color_type\u00bb icon_size=\u00bbfa-lg\u00bb title_background_color=\u00bbrgba(201,211,0,0.56)\u00bb]<\/p>\n<ul>\n<li>Comit\u00e9 paritario<\/li>\n<\/ul>\n<p>[\/service_table][\/vc_column][vc_column width=\u00bb1\/4&#8243;][vc_single_image image=\u00bb608&#8243; img_size=\u00bbmedium\u00bb alignment=\u00bbcenter\u00bb qode_css_animation=\u00bb\u00bb][service_table title=\u00bbAvalia SGR\u00bb title_tag=\u00bbh3&#8243; title_background_type=\u00bbbackground_color_type\u00bb icon_size=\u00bbfa-lg\u00bb title_background_color=\u00bbrgba(201,211,0,0.56)\u00bb]<\/p>\n<ul>\n<li>Consejo de Administraci\u00f3n<\/li>\n<\/ul>\n<p>[\/service_table][\/vc_column][vc_column width=\u00bb1\/4&#8243;][vc_single_image image=\u00bb619&#8243; img_size=\u00bbmedium\u00bb alignment=\u00bbcenter\u00bb qode_css_animation=\u00bb\u00bb][service_table title=\u00bbCESA &#8211; Consejo Econ\u00f3mico y Social de Arag\u00f3n\u00bb title_tag=\u00bbh3&#8243; title_background_type=\u00bbbackground_color_type\u00bb icon_size=\u00bbfa-lg\u00bb title_background_color=\u00bbrgba(201,211,0,0.56)\u00bb]<\/p>\n<ul>\n<li>Comisi\u00f3n de Econom\u00eda<\/li>\n<li>Comisi\u00f3n Permanente<\/li>\n<li>Comisi\u00f3n Social<\/li>\n<li>Pleno<\/li>\n<\/ul>\n<p>[\/service_table][vc_empty_space][\/vc_column][vc_column width=\u00bb1\/4&#8243;][vc_single_image image=\u00bb621&#8243; img_size=\u00bbmedium\u00bb alignment=\u00bbcenter\u00bb qode_css_animation=\u00bb\u00bb][service_table title=\u00bbCIRCE &#8211; Centro de Informaci\u00f3n y Red de Creaci\u00f3n de Empresas\u00bb title_tag=\u00bbh3&#8243; title_background_type=\u00bbbackground_color_type\u00bb icon_size=\u00bbfa-lg\u00bb title_background_color=\u00bbrgba(201,211,0,0.56)\u00bb]<\/p>\n<ul>\n<li>Comit\u00e9 Directivo del Plan Eco-innovaci\u00f3n<\/li>\n<\/ul>\n<p>[\/service_table][\/vc_column][\/vc_row][vc_row css_animation=\u00bbelement_from_bottom\u00bb row_type=\u00bbrow\u00bb use_row_as_full_screen_section=\u00bbno\u00bb type=\u00bbgrid\u00bb angled_section=\u00bbno\u00bb text_align=\u00bbleft\u00bb background_image_as_pattern=\u00bbwithout_pattern\u00bb z_index=\u00bb\u00bb][vc_column width=\u00bb1\/4&#8243;][vc_single_image image=\u00bb622&#8243; img_size=\u00bbmedium\u00bb alignment=\u00bbcenter\u00bb qode_css_animation=\u00bb\u00bb][service_table title=\u00bbDelegaci\u00f3n del Gobierno\u00bb title_tag=\u00bbh3&#8243; title_background_type=\u00bbbackground_color_type\u00bb icon_size=\u00bbfa-lg\u00bb title_background_color=\u00bbrgba(201,211,0,0.56)\u00bb]<\/p>\n<ul>\n<li>Consejo Auton\u00f3mico de Seguridad Ciudadana<\/li>\n<li>Mesa General de Inmigraci\u00f3n<\/li>\n<\/ul>\n<p>[\/service_table][\/vc_column][vc_column width=\u00bb1\/4&#8243;][vc_single_image image=\u00bb623&#8243; img_size=\u00bbmedium\u00bb alignment=\u00bbcenter\u00bb qode_css_animation=\u00bb\u00bb][service_table title=\u00bbDGA &#8211; Desarrollo Rural y Sostenibilidad\u00bb title_tag=\u00bbh3&#8243; title_background_type=\u00bbbackground_color_type\u00bb icon_size=\u00bbfa-lg\u00bb title_background_color=\u00bbrgba(201,211,0,0.56)\u00bb]<\/p>\n<ul>\n<li>Comisi\u00f3n del Agua de Arag\u00f3n<\/li>\n<li>Comisi\u00f3n de Usos Industriales<\/li>\n<li>Consejo de Protecci\u00f3n de la Naturaleza<\/li>\n<li>GIRA &#8211; Comisi\u00f3n de seguimiento<\/li>\n<li>OMA &#8211; Observatorio Medio Ambiente de Arag\u00f3n<\/li>\n<li>Jurado Premio Medio Ambiente de Arag\u00f3n<\/li>\n<li>Programa para el Desarrollo Rural de Arag\u00f3n<\/li>\n<\/ul>\n<p>[\/service_table][vc_empty_space][\/vc_column][vc_column width=\u00bb1\/4&#8243;][vc_single_image image=\u00bb628&#8243; img_size=\u00bbmedium\u00bb alignment=\u00bbcenter\u00bb qode_css_animation=\u00bb\u00bb][service_table title=\u00bbDGA &#8211; Hacienda y Administraci\u00f3n P\u00fablica\u00bb title_tag=\u00bbh3&#8243; title_background_type=\u00bbbackground_color_type\u00bb icon_size=\u00bbfa-lg\u00bb title_background_color=\u00bbrgba(201,211,0,0.56)\u00bb]<\/p>\n<ul>\n<li>FEDER &#8211; Comisi\u00f3n de seguimiento del P.O en Arag\u00f3n<\/li>\n<li>FSE &#8211;\u00a0Comisi\u00f3n de seguimiento del P.O en Arag\u00f3n<\/li>\n<\/ul>\n<p>[\/service_table][\/vc_column][vc_column width=\u00bb1\/4&#8243;][vc_single_image image=\u00bb626&#8243; img_size=\u00bbmedium\u00bb alignment=\u00bbcenter\u00bb qode_css_animation=\u00bb\u00bb][service_table title=\u00bbINAEM &#8211; Instituto Aragon\u00e9s de Empleo\u00bb title_tag=\u00bbh3&#8243; title_background_type=\u00bbbackground_color_type\u00bb icon_size=\u00bbfa-lg\u00bb title_background_color=\u00bbrgba(201,211,0,0.56)\u00bb]<\/p>\n<ul>\n<li>Comisi\u00f3n de Formaci\u00f3n<\/li>\n<li>Comisi\u00f3n de Intermediaci\u00f3n<\/li>\n<li>Comisi\u00f3n Seguimiento Contrataci\u00f3n<\/li>\n<li>Consejo General<\/li>\n<li>Permanente<\/li>\n<\/ul>\n<p>[\/service_table][\/vc_column][\/vc_row][vc_row css_animation=\u00bbelement_from_bottom\u00bb row_type=\u00bbrow\u00bb use_row_as_full_screen_section=\u00bbno\u00bb type=\u00bbgrid\u00bb angled_section=\u00bbno\u00bb text_align=\u00bbleft\u00bb background_image_as_pattern=\u00bbwithout_pattern\u00bb z_index=\u00bb\u00bb][vc_column width=\u00bb1\/4&#8243;][vc_single_image image=\u00bb627&#8243; img_size=\u00bbmedium\u00bb alignment=\u00bbcenter\u00bb qode_css_animation=\u00bb\u00bb][service_table title=\u00bbDGA &#8211; Educaci\u00f3n, Cultura y Deporte\u00bb title_tag=\u00bbh3&#8243; title_background_type=\u00bbbackground_color_type\u00bb icon_size=\u00bbfa-lg\u00bb title_background_color=\u00bbrgba(201,211,0,0.56)\u00bb]<\/p>\n<ul>\n<li>Agencia de las Cualificaciones de Arag\u00f3n<\/li>\n<li>Consejo Aragon\u00e9s de Educaci\u00f3n Permanente<\/li>\n<li>Consejo Aragon\u00e9s de FP &#8211; Comisi\u00f3n Permanente<\/li>\n<li>Consejo Aragon\u00e9s de FP &#8211; Pleno<\/li>\n<li>Consejo Aragon\u00e9s de Educaci\u00f3n Permanente de Arag\u00f3n &#8211; Grupo de trabajo censo de programas<\/li>\n<li>Consejo Aragon\u00e9s de Educaci\u00f3n Permanente de Arag\u00f3n &#8211; Grupo de trabajo Plan General<\/li>\n<li>Consejo Escolar de Arag\u00f3n<\/li>\n<li>Consejo Social CPIFP Bajo Arag\u00f3n Alca\u00f1iz<\/li>\n<li>Consejo Social CPIFP Corona de Arag\u00f3n Zaragoza<\/li>\n<li>Consejo Social CPIFP Los Enlaces Zaragoza<\/li>\n<li>Consejo Social CPIFP Pir\u00e1mide Huesca<\/li>\n<li>Consejo Social CPIFP San Lorenzo Huesca<\/li>\n<\/ul>\n<p>[\/service_table][vc_empty_space][\/vc_column][vc_column width=\u00bb1\/4&#8243;][vc_single_image image=\u00bb625&#8243; img_size=\u00bbmedium\u00bb alignment=\u00bbcenter\u00bb qode_css_animation=\u00bb\u00bb][service_table title=\u00bbDGA &#8211; Econom\u00eda, Industria y Empleo\u00bb title_tag=\u00bbh3&#8243; title_background_type=\u00bbbackground_color_type\u00bb icon_size=\u00bbfa-lg\u00bb title_background_color=\u00bbrgba(201,211,0,0.56)\u00bb]<\/p>\n<ul>\n<li>ACE &#8211; Comit\u00e9 de Simplificaci\u00f3n Administrativa<\/li>\n<li>ACE- Mesa de Competitividad<\/li>\n<li>ACE &#8211; Mesa de Coordinaci\u00f3n<\/li>\n<li>ACE &#8211; Mesa Institucional de Seguimiento<\/li>\n<li>Comisi\u00f3n mixta de seguimiento del proyecto para el desarrollo de un banco de datos sobre estad\u00edsticas laborales en Arag\u00f3n<\/li>\n<li>Consejo Aragon\u00e9s de Seguridad y Salud Laboral &#8211; Comisi\u00f3n Permanente<\/li>\n<li>Consejo Aragon\u00e9s de Seguridad y Salud Laboral &#8211; Pleno<\/li>\n<li>Consejo de Relaciones Laborales de Arag\u00f3n<\/li>\n<li>Grupo Planes de Igualdad en las Empresas<\/li>\n<li>Junta Consultiva de Contrataci\u00f3n Administrativa de Arag\u00f3n<\/li>\n<li>Comisi\u00f3n para la Responsabilidad Social Corporativa en la gesti\u00f3n empresarial<\/li>\n<li>Comisi\u00f3n regional de precios<\/li>\n<li>Consejo asesor de Dise\u00f1o Industrial de Arag\u00f3n<\/li>\n<li>Consejo asesor para la internacionalizaci\u00f3n de las empresas<\/li>\n<li>Consejo de Industria de Arag\u00f3n &#8211; Comisi\u00f3n Permanente<\/li>\n<li>Comisi\u00f3n especializada de estudios y prospectiva industrial<\/li>\n<li>Fundaci\u00f3n Emprender en Arag\u00f3n<\/li>\n<li>Mesa de la miner\u00eda<\/li>\n<li>Premio Aragon\u00e9s a la Responsabilidad Social<\/li>\n<li>RSA &#8211; Comisi\u00f3n de valoraci\u00f3n<\/li>\n<\/ul>\n<p>[\/service_table][vc_empty_space][\/vc_column][vc_column width=\u00bb1\/4&#8243;][vc_single_image image=\u00bb635&#8243; img_size=\u00bbmedium\u00bb alignment=\u00bbcenter\u00bb qode_css_animation=\u00bb\u00bb][service_table title=\u00bbDGA &#8211; Ciudadan\u00eda y Derechos Sociales\u00bb title_tag=\u00bbh3&#8243; title_background_type=\u00bbbackground_color_type\u00bb icon_size=\u00bbfa-lg\u00bb title_background_color=\u00bbrgba(201,211,0,0.56)\u00bb]<\/p>\n<ul>\n<li>ACE &#8211; Mesa de Pol\u00edtica Social<\/li>\n<li>Consejo Aragon\u00e9s de Consumo<\/li>\n<li>Consejo Aragon\u00e9s de Cooperaci\u00f3n al Desarrollo<\/li>\n<li>Consejo Aragon\u00e9s de Servicios Sociales<\/li>\n<li>Consejo Aragon\u00e9s de Servicios Sociales &#8211; Comisi\u00f3n de Calidad<\/li>\n<li>Consejo para la promoci\u00f3n de la accesibilidad y eliminaci\u00f3n de barreras<\/li>\n<li>Foro de la inmigraci\u00f3n<\/li>\n<li>Estrategia PASEAR &#8211; Grupo t\u00e9cnico para la estrategia de promoci\u00f3n de la alimentaci\u00f3n y actividad f\u00edsica saludable de la poblaci\u00f3n aragonesa<\/li>\n<li>IAM &#8211; Plan Integral para la Prevenci\u00f3n y Erradicaci\u00f3n de la Violencia contra las Mujeres en Arag\u00f3n<\/li>\n<li>IASS &#8211; Comisi\u00f3n Provincial Zaragoza<\/li>\n<li>IASS &#8211; Consejo General<\/li>\n<li>Junta Arbitral de Consumo<\/li>\n<li>Observatorio Aragon\u00e9s de Violencia sobre la Mujer<\/li>\n<\/ul>\n<p>[\/service_table][\/vc_column][vc_column width=\u00bb1\/4&#8243;][vc_single_image image=\u00bb636&#8243; img_size=\u00bbmedium\u00bb alignment=\u00bbcenter\u00bb qode_css_animation=\u00bb\u00bb][service_table title=\u00bbDGA &#8211; Sanidad\u00bb title_tag=\u00bbh3&#8243; title_background_type=\u00bbbackground_color_type\u00bb icon_size=\u00bbfa-lg\u00bb title_background_color=\u00bbrgba(201,211,0,0.56)\u00bb]<\/p>\n<ul>\n<li>Consejo de Salud de Arag\u00f3n<\/li>\n<li>Consejo de Salud de Arag\u00f3n &#8211; Sector Alca\u00f1iz<\/li>\n<li>Consejo de Salud de Arag\u00f3n &#8211; Sector Barbastro<\/li>\n<li>Consejo de Salud de Arag\u00f3n &#8211; Sector Calatayud<\/li>\n<li>Consejo de Salud de Arag\u00f3n &#8211; Sector Huesca<\/li>\n<li>Consejo de Salud de Arag\u00f3n &#8211; Sector Teruel<\/li>\n<li>Consejo de Salud de Arag\u00f3n &#8211; Sector Zaragoza I Royo Villanova<\/li>\n<li>Consejo de Salud de Arag\u00f3n &#8211; Sector Zaragoza II Servet<\/li>\n<li>Consejo de Salud de Arag\u00f3n &#8211; Sector Zaragoza III Cl\u00ednico<\/li>\n<\/ul>\n<p>[\/service_table][\/vc_column][\/vc_row][vc_row css_animation=\u00bbelement_from_bottom\u00bb row_type=\u00bbrow\u00bb use_row_as_full_screen_section=\u00bbno\u00bb type=\u00bbgrid\u00bb angled_section=\u00bbno\u00bb text_align=\u00bbleft\u00bb background_image_as_pattern=\u00bbwithout_pattern\u00bb z_index=\u00bb\u00bb][vc_column width=\u00bb1\/4&#8243;][vc_single_image image=\u00bb634&#8243; img_size=\u00bbmedium\u00bb alignment=\u00bbcenter\u00bb qode_css_animation=\u00bb\u00bb][service_table title=\u00bbDGA &#8211; Presidencia\u00bb title_tag=\u00bbh3&#8243; title_background_type=\u00bbbackground_color_type\u00bb icon_size=\u00bbfa-lg\u00bb title_background_color=\u00bbrgba(201,211,0,0.56)\u00bb]<\/p>\n<ul>\n<li>Fondo Aragon\u00e9s de Cooperaci\u00f3n al Desarrollo<\/li>\n<\/ul>\n<p>[\/service_table][\/vc_column][vc_column width=\u00bb1\/4&#8243;][vc_single_image image=\u00bb632&#8243; img_size=\u00bbmedium\u00bb alignment=\u00bbcenter\u00bb qode_css_animation=\u00bb\u00bb][service_table title=\u00bbDGA &#8211; Innovaci\u00f3n, Investigaci\u00f3n y Universidad\u00bb title_tag=\u00bbh3&#8243; title_background_type=\u00bbbackground_color_type\u00bb icon_size=\u00bbfa-lg\u00bb title_background_color=\u00bbrgba(201,211,0,0.56)\u00bb]<\/p>\n<ul>\n<li>ACPUA (Agencia de Calidad y Prospectiva Universitaria)<\/li>\n<li>ITA &#8211; Comit\u00e9 de Direcci\u00f3n de InnovArag\u00f3n<\/li>\n<li>ITA &#8211; Consejo rector<\/li>\n<li>REICA &#8211; Red de Informaci\u00f3n Europea de Arag\u00f3n<\/li>\n<li>RIS3_Arag\u00f3n<\/li>\n<\/ul>\n<p>[\/service_table][\/vc_column][vc_column width=\u00bb1\/4&#8243;][vc_single_image image=\u00bb633&#8243; img_size=\u00bbmedium\u00bb alignment=\u00bbcenter\u00bb qode_css_animation=\u00bb\u00bb][service_table title=\u00bbDGA &#8211; Vertebraci\u00f3n del Territorio, Movilidad y Vivienda.\u00bb title_tag=\u00bbh3&#8243; title_background_type=\u00bbbackground_color_type\u00bb icon_size=\u00bbfa-lg\u00bb title_background_color=\u00bbrgba(201,211,0,0.56)\u00bb]<\/p>\n<ul>\n<li>Comisi\u00f3n Interdepartamental para el desarrollo y coordinaci\u00f3n de la seguridad vial en Arag\u00f3n<\/li>\n<li>Foro de la construcci\u00f3n<\/li>\n<li>Fundaci\u00f3n Transpirenaica &#8211; TCP<\/li>\n<li>Comisi\u00f3n de espect\u00e1culos p\u00fablicos de Arag\u00f3n<\/li>\n<li>Consejo de Ordenaci\u00f3n del Territorio de Arag\u00f3n<\/li>\n<\/ul>\n<p>[\/service_table][vc_empty_space][\/vc_column][vc_column width=\u00bb1\/4&#8243;][vc_single_image image=\u00bb637&#8243; img_size=\u00bbmedium\u00bb alignment=\u00bbcenter\u00bb qode_css_animation=\u00bb\u00bb][service_table title=\u00bbFundaci\u00f3n CESTE\u00bb title_tag=\u00bbh3&#8243; title_background_type=\u00bbbackground_color_type\u00bb icon_size=\u00bbfa-lg\u00bb title_background_color=\u00bbrgba(201,211,0,0.56)\u00bb]<\/p>\n<ul>\n<li>Patronato<\/li>\n<\/ul>\n<p>[\/service_table][\/vc_column][\/vc_row][vc_row css_animation=\u00bbelement_from_bottom\u00bb row_type=\u00bbrow\u00bb use_row_as_full_screen_section=\u00bbno\u00bb type=\u00bbgrid\u00bb angled_section=\u00bbno\u00bb text_align=\u00bbleft\u00bb background_image_as_pattern=\u00bbwithout_pattern\u00bb z_index=\u00bb\u00bb][vc_column width=\u00bb1\/4&#8243;][vc_single_image image=\u00bb638&#8243; img_size=\u00bbmedium\u00bb alignment=\u00bbcenter\u00bb qode_css_animation=\u00bb\u00bb][service_table title=\u00bbFundaci\u00f3n Fernando Casamayor\u00bb title_tag=\u00bbh3&#8243; title_background_type=\u00bbbackground_color_type\u00bb icon_size=\u00bbfa-lg\u00bb title_background_color=\u00bbrgba(201,211,0,0.56)\u00bb]<\/p>\n<ul>\n<li>Patronato<\/li>\n<\/ul>\n<p>[\/service_table][\/vc_column][vc_column width=\u00bb1\/4&#8243;][vc_single_image image=\u00bb639&#8243; img_size=\u00bbmedium\u00bb alignment=\u00bbcenter\u00bb qode_css_animation=\u00bb\u00bb][service_table title=\u00bbFundaci\u00f3n Rey Ardid\u00bb title_tag=\u00bbh3&#8243; title_background_type=\u00bbbackground_color_type\u00bb icon_size=\u00bbfa-lg\u00bb title_background_color=\u00bbrgba(201,211,0,0.56)\u00bb]<\/p>\n<ul>\n<li>Patronato<\/li>\n<\/ul>\n<p>[\/service_table][\/vc_column][vc_column width=\u00bb1\/4&#8243;][vc_single_image image=\u00bb640&#8243; img_size=\u00bbmedium\u00bb alignment=\u00bbcenter\u00bb qode_css_animation=\u00bb\u00bb][service_table title=\u00bbMAZ &#8211; Mutua de Accidentes de Zaragoza\u00bb title_tag=\u00bbh3&#8243; title_background_type=\u00bbbackground_color_type\u00bb icon_size=\u00bbfa-lg\u00bb title_background_color=\u00bbrgba(201,211,0,0.56)\u00bb]<\/p>\n<ul>\n<li>Comisi\u00f3n de seguimiento y control<\/li>\n<\/ul>\n<p>[\/service_table][\/vc_column][vc_column width=\u00bb1\/4&#8243;][vc_single_image image=\u00bb622&#8243; img_size=\u00bbmedium\u00bb alignment=\u00bbcenter\u00bb qode_css_animation=\u00bb\u00bb][service_table title=\u00bbM\u00ba Trabajo &#8211; M\u00ba Educaci\u00f3n\u00bb title_tag=\u00bbh3&#8243; title_background_type=\u00bbbackground_color_type\u00bb icon_size=\u00bbfa-lg\u00bb title_background_color=\u00bbrgba(201,211,0,0.56)\u00bb]<\/p>\n<ul>\n<li>Consejo General de la Formaci\u00f3n Profesional &#8211; Comisi\u00f3n Permanente<\/li>\n<li>Consejo General de la formaci\u00f3n Profesional &#8211; Grupo Trabajo Orientaci\u00f3n<\/li>\n<li>Consejo General de la formaci\u00f3n Profesional &#8211; Pleno<\/li>\n<\/ul>\n<p>[\/service_table][vc_empty_space][\/vc_column][\/vc_row][vc_row css_animation=\u00bbelement_from_bottom\u00bb row_type=\u00bbrow\u00bb use_row_as_full_screen_section=\u00bbno\u00bb type=\u00bbgrid\u00bb angled_section=\u00bbno\u00bb text_align=\u00bbleft\u00bb background_image_as_pattern=\u00bbwithout_pattern\u00bb z_index=\u00bb\u00bb][vc_column width=\u00bb1\/4&#8243;][vc_single_image image=\u00bb648&#8243; img_size=\u00bbmedium\u00bb alignment=\u00bbcenter\u00bb qode_css_animation=\u00bb\u00bb][service_table title=\u00bbM\u00ba Trabajo &#8211; Servicio P\u00fablico de Empleo\u00bb title_tag=\u00bbh3&#8243; title_background_type=\u00bbbackground_color_type\u00bb icon_size=\u00bbfa-lg\u00bb title_background_color=\u00bbrgba(201,211,0,0.56)\u00bb]<\/p>\n<ul>\n<li>Comisi\u00f3n Ejecutiva Territorial Arag\u00f3n<\/li>\n<\/ul>\n<p>[\/service_table][\/vc_column][vc_column width=\u00bb1\/4&#8243;][vc_single_image image=\u00bb649&#8243; img_size=\u00bbmedium\u00bb alignment=\u00bbcenter\u00bb qode_css_animation=\u00bb\u00bb][service_table title=\u00bbSalesianos\u00bb title_tag=\u00bbh3&#8243; title_background_type=\u00bbbackground_color_type\u00bb icon_size=\u00bbfa-lg\u00bb title_background_color=\u00bbrgba(201,211,0,0.56)\u00bb]<\/p>\n<ul>\n<li>Jurado Premio Don Bosco<\/li>\n<\/ul>\n<p>[\/service_table][\/vc_column][vc_column width=\u00bb1\/4&#8243;][vc_single_image image=\u00bb618&#8243; img_size=\u00bbmedium\u00bb alignment=\u00bbcenter\u00bb qode_css_animation=\u00bb\u00bb][service_table title=\u00bbSAMA &#8211; Servicio Aragon\u00e9s de Mediaci\u00f3n y Arbitraje\u00bb title_tag=\u00bbh3&#8243; title_background_type=\u00bbbackground_color_type\u00bb icon_size=\u00bbfa-lg\u00bb title_background_color=\u00bbrgba(201,211,0,0.56)\u00bb]<\/p>\n<ul>\n<li>Patronato<\/li>\n<\/ul>\n<p>[\/service_table][\/vc_column][vc_column width=\u00bb1\/4&#8243;][vc_single_image image=\u00bb650&#8243; img_size=\u00bbmedium\u00bb alignment=\u00bbcenter\u00bb qode_css_animation=\u00bb\u00bb][service_table title=\u00bbUniversidad de Zaragoza\u00bb title_tag=\u00bbh3&#8243; title_background_type=\u00bbbackground_color_type\u00bb icon_size=\u00bbfa-lg\u00bb title_background_color=\u00bbrgba(201,211,0,0.56)\u00bb]<\/p>\n<ul>\n<li>Consejo de gobierno<\/li>\n<li>Consejo Social &#8211; Comisi\u00f3n de Estudios Propios<\/li>\n<li>Consejo Social &#8211; Comisi\u00f3n de Gobierno<\/li>\n<li>Consejo Social &#8211; Pleno<\/li>\n<li>Consejo Social &#8211; Premio de Transferencia de Conocimientos a la Empresa<\/li>\n<\/ul>\n<p>[\/service_table][vc_empty_space][\/vc_column][\/vc_row][vc_row css_animation=\u00bb\u00bb row_type=\u00bbrow\u00bb use_row_as_full_screen_section=\u00bbno\u00bb type=\u00bbfull_width\u00bb angled_section=\u00bbno\u00bb text_align=\u00bbleft\u00bb background_image_as_pattern=\u00bbwithout_pattern\u00bb][vc_column][vc_empty_space height=\u00bb64&#8243;][\/vc_column][\/vc_row]<\/p>\n","protected":false},"excerpt":{"rendered":"<p>[vc_row css_animation=\u00bbelement_from_top\u00bb row_type=\u00bbrow\u00bb use_row_as_full_screen_section=\u00bbno\u00bb type=\u00bbgrid\u00bb angled_section=\u00bbno\u00bb text_align=\u00bbright\u00bb background_image_as_pattern=\u00bbwithout_pattern\u00bb z_index=\u00bb\u00bb css=\u00bb.vc_custom_1553857490485{background-position: 0 0 !important;background-repeat: no-repeat !important;}\u00bb][vc_column][vc_empty_space height=\u00bb15px\u00bb][icons icon=\u00bbfa-arrow-left\u00bb size=\u00bbfa-2x\u00bb type=\u00bbcircle\u00bb link=\u00bbjavascript:history.back()\u00bb target=\u00bb_self\u00bb icon_color=\u00bb#ffffff\u00bb background_color=\u00bb#144733&#8243; icon_hover_color=\u00bb#144733&#8243;][vc_empty_space height=\u00bb15px\u00bb][\/vc_column][\/vc_row][vc_row css_animation=\u00bbelement_from_top\u00bb row_type=\u00bbrow\u00bb use_row_as_full_screen_section=\u00bbno\u00bb type=\u00bbgrid\u00bb angled_section=\u00bbno\u00bb text_align=\u00bbleft\u00bb background_image_as_pattern=\u00bbwithout_pattern\u00bb z_index=\u00bb\u00bb][vc_column][vc_column_text] Presente en m\u00e1s de [\/vc_column_text][vc_empty_space][\/vc_column][\/vc_row][vc_row css_animation=\u00bbelement_from_top\u00bb row_type=\u00bbrow\u00bb use_row_as_full_screen_section=\u00bbno\u00bb type=\u00bbgrid\u00bb angled_section=\u00bbno\u00bb text_align=\u00bbleft\u00bb background_image_as_pattern=\u00bbwithout_pattern\u00bb z_index=\u00bb\u00bb][vc_column width=\u00bb1\/4&#8243;][\/vc_column][vc_column width=\u00bb1\/4&#8243;][counter type=\u00bbzero\u00bb box=\u00bbno\u00bb position=\u00bbcenter\u00bb font_weight=\u00bb600&#8243; text_font_weight=\u00bb600&#8243; separator=\u00bbyes\u00bb digit=\u00bb20&#8243; [&hellip;]<\/p>\n","protected":false},"author":2,"featured_media":0,"parent":0,"menu_order":0,"comment_status":"closed","ping_status":"closed","template":"landing_page.php","meta":{"footnotes":""},"class_list":["post-599","page","type-page","status-publish","hentry"],"_links":{"self":[{"href":"https:\/\/memoria.cepymearagon.es\/index.php\/wp-json\/wp\/v2\/pages\/599","targetHints":{"allow":["GET"]}}],"collection":[{"href":"https:\/\/memoria.cepymearagon.es\/index.php\/wp-json\/wp\/v2\/pages"}],"about":[{"href":"https:\/\/memoria.cepymearagon.es\/index.php\/wp-json\/wp\/v2\/types\/page"}],"author":[{"embeddable":true,"href":"https:\/\/memoria.cepymearagon.es\/index.php\/wp-json\/wp\/v2\/users\/2"}],"replies":[{"embeddable":true,"href":"https:\/\/memoria.cepymearagon.es\/index.php\/wp-json\/wp\/v2\/comments?post=599"}],"version-history":[{"count":25,"href":"https:\/\/memoria.cepymearagon.es\/index.php\/wp-json\/wp\/v2\/pages\/599\/revisions"}],"predecessor-version":[{"id":1321,"href":"https:\/\/memoria.cepymearagon.es\/index.php\/wp-json\/wp\/v2\/pages\/599\/revisions\/1321"}],"wp:attachment":[{"href":"https:\/\/memoria.cepymearagon.es\/index.php\/wp-json\/wp\/v2\/media?parent=599"}],"curies":[{"name":"wp","href":"https:\/\/api.w.org\/{rel}","templated":true}]}}