{"id":4181,"date":"2025-02-19T10:23:18","date_gmt":"2025-02-19T10:23:18","guid":{"rendered":"http:\/\/memoria.cepymearagon.es\/?page_id=4181"},"modified":"2025-02-19T14:08:35","modified_gmt":"2025-02-19T14:08:35","slug":"2024-igualdad","status":"publish","type":"page","link":"https:\/\/memoria.cepymearagon.es\/index.php\/2024-igualdad\/","title":{"rendered":"2024 Igualdad"},"content":{"rendered":"<p>[vc_row css_animation=\u00bb\u00bb row_type=\u00bbrow\u00bb use_row_as_full_screen_section=\u00bbno\u00bb type=\u00bbfull_width\u00bb angled_section=\u00bbno\u00bb text_align=\u00bbleft\u00bb background_image_as_pattern=\u00bbwithout_pattern\u00bb z_index=\u00bb\u00bb][vc_column][vc_empty_space][vc_single_image image=\u00bb28&#8243; img_size=\u00bbmedium\u00bb onclick=\u00bbcustom_link\u00bb qode_css_animation=\u00bb\u00bb link=\u00bbhttps:\/\/memoria.cepymearagon.es\/index.php\/2024-2\/\u00bb][vc_empty_space][\/vc_column][\/vc_row][vc_row css_animation=\u00bb\u00bb row_type=\u00bbrow\u00bb use_row_as_full_screen_section=\u00bbyes\u00bb type=\u00bbfull_width\u00bb angled_section=\u00bbno\u00bb text_align=\u00bbleft\u00bb background_image_as_pattern=\u00bbwithout_pattern\u00bb z_index=\u00bb\u00bb][vc_column][vc_empty_space][vc_row_inner row_type=\u00bbrow\u00bb type=\u00bbfull_width\u00bb text_align=\u00bbcenter\u00bb css_animation=\u00bb\u00bb][vc_column_inner][custom_font font_size=\u00bb60&#8243; line_height=\u00bb\u00bb font_style=\u00bbnormal\u00bb text_align=\u00bbcenter\u00bb font_weight=\u00bb500&#8243; text_decoration=\u00bbnone\u00bb text_shadow=\u00bbyes\u00bb color=\u00bb#144733&#8243;]<\/p>\n<p>Igualdad<\/p>\n<p>[\/custom_font][\/vc_column_inner][\/vc_row_inner][vc_empty_space height=\u00bb80&#8243;][\/vc_column][\/vc_row][vc_row css_animation=\u00bb\u00bb row_type=\u00bbrow\u00bb use_row_as_full_screen_section=\u00bbno\u00bb type=\u00bbgrid\u00bb angled_section=\u00bbno\u00bb text_align=\u00bbleft\u00bb background_image_as_pattern=\u00bbwithout_pattern\u00bb z_index=\u00bb\u00bb][vc_column width=\u00bb1\/4&#8243;][counter type=\u00bbzero\u00bb box=\u00bbno\u00bb position=\u00bbcenter\u00bb font_weight=\u00bb600&#8243; text_font_weight=\u00bb500&#8243; separator=\u00bbyes\u00bb digit=\u00bb5863&#8243; font_color=\u00bbrgba(20,71,51,0.75)\u00bb text=\u00bbVisitas a la web conjunta\u00bb][\/vc_column][vc_column width=\u00bb1\/4&#8243;][counter type=\u00bbzero\u00bb box=\u00bbno\u00bb position=\u00bbcenter\u00bb font_weight=\u00bb600&#8243; text_font_weight=\u00bb500&#8243; separator=\u00bbyes\u00bb digit=\u00bb10026&#8243; font_color=\u00bbrgba(20,71,51,0.75)\u00bb text=\u00bbVisitas a la web de Igualdad de CEPYME Arag\u00f3n\u00bb][\/vc_column][vc_column width=\u00bb1\/4&#8243;][counter type=\u00bbzero\u00bb box=\u00bbno\u00bb position=\u00bbcenter\u00bb font_weight=\u00bb600&#8243; text_font_weight=\u00bb500&#8243; separator=\u00bbyes\u00bb digit=\u00bb74&#8243; font_color=\u00bbrgba(20,71,51,0.75)\u00bb text=\u00bbConsultas atendidas\u00bb][\/vc_column][vc_column width=\u00bb1\/4&#8243;][counter type=\u00bbzero\u00bb box=\u00bbno\u00bb position=\u00bbcenter\u00bb font_weight=\u00bb600&#8243; text_font_weight=\u00bb500&#8243; separator=\u00bbyes\u00bb digit=\u00bb439&#8243; font_color=\u00bbrgba(20,71,51,0.75)\u00bb text=\u00bbpersonas inscritas en los cursos de formaci\u00f3n\u00bb][\/vc_column][\/vc_row][vc_row css_animation=\u00bb\u00bb row_type=\u00bbrow\u00bb use_row_as_full_screen_section=\u00bbno\u00bb type=\u00bbfull_width\u00bb angled_section=\u00bbno\u00bb text_align=\u00bbleft\u00bb background_image_as_pattern=\u00bbwithout_pattern\u00bb][vc_column][vc_empty_space height=\u00bb64&#8243;][\/vc_column][\/vc_row][vc_row css_animation=\u00bb\u00bb row_type=\u00bbrow\u00bb use_row_as_full_screen_section=\u00bbno\u00bb type=\u00bbgrid\u00bb angled_section=\u00bbno\u00bb text_align=\u00bbleft\u00bb background_image_as_pattern=\u00bbwithout_pattern\u00bb background_color=\u00bbrgba(20,71,51,0.25)\u00bb z_index=\u00bb\u00bb][vc_column][vc_empty_space height=\u00bb64&#8243;][vc_row_inner row_type=\u00bbrow\u00bb type=\u00bbfull_width\u00bb text_align=\u00bbcenter\u00bb css_animation=\u00bb\u00bb][vc_column_inner][custom_font font_size=\u00bb30&#8243; line_height=\u00bb\u00bb font_style=\u00bbnormal\u00bb text_align=\u00bbcenter\u00bb font_weight=\u00bb500&#8243; text_decoration=\u00bbnone\u00bb text_shadow=\u00bbyes\u00bb color=\u00bb#144733&#8243;]<\/p>\n<p>Acci\u00f3n n\u00famero 1: Igualdad en las empresas y di\u00e1logo social<\/p>\n<p>[\/custom_font][vc_empty_space height=\u00bb64&#8243;][\/vc_column_inner][\/vc_row_inner][vc_row_inner row_type=\u00bbrow\u00bb type=\u00bbfull_width\u00bb text_align=\u00bbleft\u00bb css_animation=\u00bb\u00bb][vc_column_inner width=\u00bb1\/2&#8243;][vc_column_text]<\/p>\n<p><span style=\"color: #000000;\">Esta acci\u00f3n se ha desarrollado en com\u00fan por los agentes sociales participantes en el Grupo de Trabajo de Planes de Igualdad<\/span><\/p>\n<p>&nbsp;<\/p>\n<p><span style=\"color: #000000;\">En 2021 se dise\u00f1\u00f3 de un sitio web espec\u00edfico que fuera referente de la igualad en la empresa en Arag\u00f3n, y como repositorio de noticias de actualidad, agenda, y documentos clave para las empresas y la representaci\u00f3n legal de las personas trabajadoras. El sitio web se encuentra en permanente actualizaci\u00f3n y est\u00e1 disponible en: <a style=\"color: #000000;\" href=\"http:\/\/igualdadenlaempresaaragon.es\/\"><strong>http:\/\/igualdadenlaempresaaragon.es\/<\/strong><\/a><\/span><\/p>\n<p>&nbsp;<\/p>\n<p><span style=\"color: #000000;\">Teniendo en cuenta este contexto y las necesidades actuales, se propuso para 2024 dar continuidad de la l\u00ednea de trabajo ya iniciada y la realizaci\u00f3n de nuevas acciones de desarrollo conjunto estas son:<\/span><\/p>\n<p>&nbsp;<\/p>\n<p><span style=\"color: #000000;\"><strong>Mantenimiento y actualizaci\u00f3n continua de contenidos y\/o dise\u00f1o del sitio web<\/strong><\/span><\/p>\n<p><span style=\"color: #000000;\">Se han continuado implementando y actualizando contenidos en el sitio web <strong><a style=\"color: #000000;\" href=\"http:\/\/igualdadenlaempresaaragon.es\/\">http:\/\/igualdadenlaempresaaragon.es\/<\/a>.<\/strong><\/span><\/p>\n<p>[\/vc_column_text][\/vc_column_inner][vc_column_inner width=\u00bb1\/2&#8243;][qode_in_device_slider device=\u00bbdesktop\u00bb titles_on_hover=\u00bbno\u00bb navigation=\u00bbno\u00bb auto_start=\u00bbno\u00bb][qode_in_device_slider_item target=\u00bb_self\u00bb image=\u00bb3418&#8243;][\/qode_in_device_slider][\/vc_column_inner][\/vc_row_inner][vc_empty_space height=\u00bb64&#8243;][vc_row_inner row_type=\u00bbrow\u00bb type=\u00bbfull_width\u00bb text_align=\u00bbleft\u00bb css_animation=\u00bb\u00bb][vc_column_inner width=\u00bb1\/2&#8243;][vc_video link=\u00bbhttps:\/\/www.youtube.com\/watch?v=tBK4V32Z2Vc\u00bb align=\u00bbcenter\u00bb][\/vc_column_inner][vc_column_inner width=\u00bb1\/2&#8243;][vc_column_text]<\/p>\n<p><span style=\"color: #000000;\">Adem\u00e1s se ha realizado un nuevo v\u00eddeo cuyo objetivo es el impulso y promoci\u00f3n de la igualdad en la empresa y el trabajo realizado por el grupo de trabajo constituido con Gobierno de Arag\u00f3n.<\/span><\/p>\n<p>&nbsp;<\/p>\n<p><span style=\"color: #000000;\"><strong>Difusi\u00f3n continua del sitio a trav\u00e9s de las diferentes herramientas y canales de comunicaci\u00f3n corporativos de los diferentes Agentes Sociales y Gobierno de Arag\u00f3n<\/strong><\/span><\/p>\n<p>&nbsp;<\/p>\n<p><span style=\"color: #000000;\">Se han desarrollado diversas acciones de difusi\u00f3n de los trabajos desarrollados por el grupo de trabajo tanto v\u00eda web como en redes sociales.<\/span><\/p>\n<p>[\/vc_column_text][\/vc_column_inner][\/vc_row_inner][vc_empty_space height=\u00bb64&#8243;][vc_row_inner row_type=\u00bbrow\u00bb type=\u00bbfull_width\u00bb text_align=\u00bbleft\u00bb css_animation=\u00bb\u00bb][vc_column_inner width=\u00bb1\/2&#8243;][vc_column_text]<\/p>\n<p><span style=\"color: #000000;\"><strong>Organizaci\u00f3n y desarrollo de la V Jornada de igualdad en la empresa Arag\u00f3n <\/strong><\/span><\/p>\n<p>&nbsp;<\/p>\n<p><span style=\"color: #000000;\">La jornada se realiz\u00f3 el d\u00eda 20 de noviembre de 2024 y cont\u00f3 con la ponencia de Marta R\u00edos, Directora de Inversiones Estrat\u00e9gicas del Gobierno de Arag\u00f3n que nos habl\u00f3 del camino recorrido hacia la igualdad y el liderazgo. \u00a0Ana Gracia Marzal nos habl\u00f3 sobre la prevenci\u00f3n y actuaci\u00f3n frente al acoso sexual y al acoso por raz\u00f3n de sexo en el \u00e1mbito laboral,\u00a0finalmente Inspecci\u00f3n de trabajo y los agentes sociales hablamos de nuestra perspectiva sobre los planes de igualdad en nuestra comunidad aut\u00f3noma, realidades y retos partiendo del an\u00e1lisis estad\u00edstico sobre los datos obrantes en REGCON. La jornada cont\u00f3 con 126 asistentes.<\/span><\/p>\n<p>[\/vc_column_text][\/vc_column_inner][vc_column_inner width=\u00bb1\/2&#8243;][vc_single_image image=\u00bb3996&#8243; img_size=\u00bbfull\u00bb alignment=\u00bbcenter\u00bb style=\u00bbvc_box_shadow\u00bb qode_css_animation=\u00bb\u00bb][\/vc_column_inner][\/vc_row_inner][vc_empty_space height=\u00bb64&#8243;][vc_row_inner row_type=\u00bbrow\u00bb type=\u00bbfull_width\u00bb text_align=\u00bbleft\u00bb css_animation=\u00bb\u00bb][vc_column_inner width=\u00bb1\/2&#8243;][vc_single_image image=\u00bb4187&#8243; img_size=\u00bbfull\u00bb alignment=\u00bbcenter\u00bb style=\u00bbvc_box_shadow\u00bb qode_css_animation=\u00bb\u00bb][\/vc_column_inner][vc_column_inner width=\u00bb1\/2&#8243;][vc_column_text]<\/p>\n<p><span style=\"color: #000000;\"><strong>Elaboraci\u00f3n de un an\u00e1lisis resumen de los planes de igualdad registrados en Arag\u00f3n, en el que se recogen una serie de conclusiones y se realizan una serie de propuestas o retos de cara a impulsar y mejorar la igualdad en el \u00e1mbito laboral<\/strong><\/span><\/p>\n<p>&nbsp;<\/p>\n<p><span style=\"color: #000000;\">Se ha llevado a cabo un estudio sobre los datos estad\u00edsticos relativos a los planes de igualdad registrados en Regcon reflejando las conclusiones de este an\u00e1lisis en un informe resumen que podr\u00e1 servir como base para el dise\u00f1o de nuevas pol\u00edticas p\u00fablicas de impulso y mejora a la igualdad en el \u00e1mbito laboral, y\/o nuevas acciones a desarrollar conjuntamente, en el marco del grupo de trabajo. <a style=\"color: #000000;\" href=\"https:\/\/igualdad.cepymearagon.es\/wp-content\/uploads\/ESTUDIO-ANALISIS-REGISTRO-PI-ARAGON_GRUPO-DE-TRABAJO_ok.pdf\"><strong>DESCARGUE EL ESTUDIO<\/strong><\/a><\/span><\/p>\n<p>[\/vc_column_text][\/vc_column_inner][\/vc_row_inner][vc_empty_space height=\u00bb64&#8243;][vc_column_text]<\/p>\n<p><span style=\"color: #000000;\"><strong>Indicadores de la acci\u00f3n<\/strong><\/span><\/p>\n<ul>\n<li><span style=\"color: #000000;\">N\u00ba de reuniones de coordinaci\u00f3n de los cuatro AASS: 11<\/span><\/li>\n<li><span style=\"color: #000000;\">N\u00ba de visitas al sitio web: 5.863<\/span><\/li>\n<li><span style=\"color: #000000;\">N\u00ba de publicaciones en el sitio web: 54<\/span><\/li>\n<li><span style=\"color: #000000;\">N\u00ba de actuaciones de difusi\u00f3n del sitio web: 135.349 personas alcanzadas<\/span><\/li>\n<li><span style=\"color: #000000;\">N\u00ba de asistentes a la jornada desagregados seg\u00fan sexo. 126 asistentes: 33 hombres y 93 mujeres<\/span><\/li>\n<\/ul>\n<p>[\/vc_column_text][vc_empty_space height=\u00bb64&#8243;][\/vc_column][\/vc_row][vc_row css_animation=\u00bb\u00bb row_type=\u00bbrow\u00bb use_row_as_full_screen_section=\u00bbno\u00bb type=\u00bbgrid\u00bb angled_section=\u00bbno\u00bb text_align=\u00bbcenter\u00bb background_image_as_pattern=\u00bbwithout_pattern\u00bb z_index=\u00bb\u00bb][vc_column][vc_empty_space height=\u00bb64&#8243;][vc_row_inner row_type=\u00bbrow\u00bb type=\u00bbfull_width\u00bb text_align=\u00bbleft\u00bb css_animation=\u00bb\u00bb][vc_column_inner][custom_font font_size=\u00bb30&#8243; line_height=\u00bb\u00bb font_style=\u00bbnormal\u00bb text_align=\u00bbcenter\u00bb font_weight=\u00bb500&#8243; text_decoration=\u00bbnone\u00bb text_shadow=\u00bbyes\u00bb color=\u00bb#144733&#8243;]<\/p>\n<p>Acci\u00f3n n\u00famero 2: Campa\u00f1a de divulgaci\u00f3n de actividades, eventos, noticias, publicaciones, relacionados con la igualdad en el \u00e1mbito laboral<\/p>\n<p>[\/custom_font][vc_empty_space height=\u00bb64&#8243;][\/vc_column_inner][\/vc_row_inner][vc_row_inner row_type=\u00bbrow\u00bb type=\u00bbfull_width\u00bb text_align=\u00bbleft\u00bb css_animation=\u00bb\u00bb][vc_column_inner width=\u00bb1\/2&#8243;][vc_column_text]<\/p>\n<p>El objetivo general de esta acci\u00f3n ha consistido en difundir a pymes y a las asociaciones empresariales que las agrupan, informaci\u00f3n actualizada y ajustada a sus necesidades, sobre igualdad en el \u00e1mbito laboral, que les permita conocer actividades y buenas pr\u00e1cticas en esta materia como medio de extender el conocimiento, sensibilizar y concienciar a las empresas en la puesta en pr\u00e1ctica de medidas en las empresas.<\/p>\n<p>&nbsp;<\/p>\n<p><strong>Implementaci\u00f3n de contenidos actualizados en el blog canal de comunicaci\u00f3n espec\u00edfico de igualdad en el \u00e1mbito laboral<\/strong><\/p>\n<p>&nbsp;<\/p>\n<p>Se han implementado contenidos actualizados en el blog canal de comunicaci\u00f3n espec\u00edfico de igualdad dentro de la web corporativa de CEPYME- Arag\u00f3n:<strong> <a href=\"https:\/\/igualdad.cepymearagon.es\/\">https:\/\/igualdad.cepymearagon.es\/<\/a><\/strong><\/p>\n<p>&nbsp;<\/p>\n<p>Se han recibido 10.026 visitas al blog en 2024 y se han publicado 33 post.<\/p>\n<p>[\/vc_column_text][\/vc_column_inner][vc_column_inner width=\u00bb1\/2&#8243;][qode_in_device_slider device=\u00bbdesktop\u00bb titles_on_hover=\u00bbno\u00bb navigation=\u00bbno\u00bb auto_start=\u00bbno\u00bb][qode_in_device_slider_item target=\u00bb_self\u00bb image=\u00bb3618&#8243;][\/qode_in_device_slider][\/vc_column_inner][\/vc_row_inner][vc_column_text]<\/p>\n<p style=\"text-align: left;\"><strong>Redes sociales<\/strong><\/p>\n<p>&nbsp;<\/p>\n<p style=\"text-align: left;\">Se han difundido m\u00faltiples contenidos as\u00ed como noticias e informaci\u00f3n sobre eventos en materia de igualdad en tiempo real a trav\u00e9s de las redes sociales m\u00e1s extendidas: X (antes Twitter) (@CEPYME_Igualdad) y p\u00e1gina Facebook (@igualdadcepyme).<\/p>\n<p>&nbsp;<\/p>\n<p style=\"text-align: left;\">Se han realizado mas de 1.000 post en redes sociales.<\/p>\n<p>&nbsp;<\/p>\n<p style=\"text-align: left;\"><strong>Indicadores de la acci\u00f3n<\/strong><\/p>\n<p>&nbsp;<\/p>\n<ul>\n<li style=\"text-align: left;\">N\u00ba de visitas al Blog Canal de Informaci\u00f3n sobre Igualdad entre hombres y mujeres en el \u00e1mbito laboral\u201d que podemos encontrar en igualdad.cepymearagon.es: 10.026 visitas.<\/li>\n<li style=\"text-align: left;\">N\u00ba de Post Publicados: 33<\/li>\n<li style=\"text-align: left;\">N\u00ba de publicaciones en Facebook: 393<\/li>\n<li style=\"text-align: left;\">N\u00ba seguidores en Facebook desagregados por sexo: 184 (42,9% mujeres y 57.1% hombres)<\/li>\n<li style=\"text-align: left;\">Localidades de procedencia de las personas seguidoras en Facebook: Zaragoza, Madrid, C\u00f3rdoba, Sevilla, Alcal\u00e1 de Henares, Las Palmas de Gran canaria, Valencia, Valladolid, Barcelona y C\u00e1ceres.<\/li>\n<li style=\"text-align: left;\">N\u00ba de Tweets (Post en X): 399<\/li>\n<li style=\"text-align: left;\">N\u00ba de Tweets + Rtweets (Post + respost): 616<\/li>\n<li style=\"text-align: left;\">Impresiones de Tweets: 6.161<\/li>\n<li style=\"text-align: left;\">N\u00famero total de seguidores: 229<\/li>\n<li style=\"text-align: left;\">Nuevos seguidores: 9<\/li>\n<\/ul>\n<p>[\/vc_column_text][vc_empty_space height=\u00bb64&#8243;][\/vc_column][\/vc_row][vc_row css_animation=\u00bb\u00bb row_type=\u00bbrow\u00bb use_row_as_full_screen_section=\u00bbno\u00bb type=\u00bbgrid\u00bb angled_section=\u00bbno\u00bb text_align=\u00bbcenter\u00bb background_image_as_pattern=\u00bbwithout_pattern\u00bb background_color=\u00bbrgba(20,71,51,0.25)\u00bb z_index=\u00bb\u00bb][vc_column][vc_empty_space height=\u00bb64&#8243;][vc_row_inner row_type=\u00bbrow\u00bb type=\u00bbfull_width\u00bb text_align=\u00bbleft\u00bb css_animation=\u00bb\u00bb][vc_column_inner][custom_font font_size=\u00bb30&#8243; line_height=\u00bb\u00bb font_style=\u00bbnormal\u00bb text_align=\u00bbcenter\u00bb font_weight=\u00bb500&#8243; text_decoration=\u00bbnone\u00bb text_shadow=\u00bbyes\u00bb color=\u00bb#144733&#8243;]<\/p>\n<p>Acci\u00f3n n\u00famero 3: Servicio de asesoramiento a pymes en materia de igualdad<\/p>\n<p>[\/custom_font][vc_empty_space height=\u00bb64&#8243;][\/vc_column_inner][\/vc_row_inner][vc_row_inner row_type=\u00bbrow\u00bb type=\u00bbfull_width\u00bb text_align=\u00bbleft\u00bb css_animation=\u00bb\u00bb][vc_column_inner][vc_single_image image=\u00bb4196&#8243; img_size=\u00bbfull\u00bb alignment=\u00bbcenter\u00bb style=\u00bbvc_box_shadow\u00bb qode_css_animation=\u00bb\u00bb][vc_empty_space height=\u00bb64&#8243;][vc_column_text]<\/p>\n<p><span style=\"color: #000000;\">Los objetivos espec\u00edficos a alcanzar mediante esta acci\u00f3n han sido asesorar sobre medidas espec\u00edficas a desarrollar, apoyar a la implantaci\u00f3n voluntaria de planes de igualdad en pymes, as\u00ed como colaborar en el dise\u00f1o, implantaci\u00f3n y seguimiento de los planes de igualdad.<\/span><\/p>\n<p>&nbsp;<\/p>\n<p><span style=\"color: #000000;\">La misi\u00f3n principal de este servicio de asesoramiento es la de atender a las necesidades concretas de las pymes aragonesas a lo largo del itinerario del dise\u00f1o y ejecuci\u00f3n de los planes de igualdad o de cualquiera de las fases del proceso de implantaci\u00f3n. Se han desarrollado diversas actuaciones de asesor\u00eda jur\u00eddica a trav\u00e9s de los canales de informaci\u00f3n de CEPYME Arag\u00f3n e individualizado a aquellas empresas que as\u00ed lo han solicitado.<\/span><\/p>\n<p>[\/vc_column_text][vc_empty_space height=\u00bb32&#8243;][\/vc_column_inner][\/vc_row_inner][vc_column_text]<\/p>\n<p style=\"text-align: left;\"><span style=\"color: #000000;\">Las consultas pueden realizarse:<\/span><\/p>\n<ul style=\"text-align: left;\">\n<li><span style=\"color: #000000;\">De manera telef\u00f3nica 976766060.<\/span><\/li>\n<li><span style=\"color: #000000;\">Por e-mail igualdad@cepymearagon.es.<\/span><\/li>\n<li><span style=\"color: #000000;\">A trav\u00e9s del siguiente <strong><a style=\"color: #000000;\" href=\"https:\/\/www.cepymearagon.es\/?page_id=3367\">Formulario de contacto<\/a><\/strong><\/span><\/li>\n<\/ul>\n<p>&nbsp;<\/p>\n<p style=\"text-align: left;\"><span style=\"color: #000000;\"><strong>Indicadores de la acci\u00f3n<\/strong><\/span><\/p>\n<p>&nbsp;<\/p>\n<ul>\n<li style=\"text-align: left;\"><span style=\"color: #000000;\">N\u00ba total de consultas: 74<\/span><\/li>\n<li style=\"text-align: left;\"><span style=\"color: #000000;\">N\u00ba de consultas desagregadas por sexo.: 23 hombres y 51 mujeres<\/span><\/li>\n<li style=\"text-align: left;\"><span style=\"color: #000000;\">Localidad de procedencia de las personas que realizan las consultas:, Montalb\u00e1n,<\/span><\/li>\n<li style=\"text-align: left;\"><span style=\"color: #000000;\">Alag\u00f3n, Calatayud, Ejea de los Caballeros, El Burgo de Ebro, La Almunia de Do\u00f1a<\/span><\/li>\n<li style=\"text-align: left;\"><span style=\"color: #000000;\">Godina, Sobradiel, Utebo, Villanueva de G\u00e1llego, Zaragoza, Zuera.<\/span><\/li>\n<li style=\"text-align: left;\"><span style=\"color: #000000;\">Adem\u00e1s hemos recibido consultas de otras localidades pertenecientes a otras Comunidades Aut\u00f3nomas Sabadell, Barbate, Bin\u00e9far, Madrid, Espinardo, Fuent \u00c1lamo, Jumilla, Murcia, Nonduermas, Cintru\u00e9nigo<\/span><\/li>\n<\/ul>\n<p>[\/vc_column_text][vc_empty_space height=\u00bb64&#8243;][\/vc_column][\/vc_row][vc_row css_animation=\u00bb\u00bb row_type=\u00bbrow\u00bb use_row_as_full_screen_section=\u00bbno\u00bb type=\u00bbgrid\u00bb angled_section=\u00bbno\u00bb text_align=\u00bbcenter\u00bb background_image_as_pattern=\u00bbwithout_pattern\u00bb z_index=\u00bb\u00bb][vc_column][vc_empty_space height=\u00bb64&#8243;][vc_row_inner row_type=\u00bbrow\u00bb type=\u00bbfull_width\u00bb text_align=\u00bbleft\u00bb css_animation=\u00bb\u00bb][vc_column_inner][custom_font font_size=\u00bb30&#8243; line_height=\u00bb\u00bb font_style=\u00bbnormal\u00bb text_align=\u00bbcenter\u00bb font_weight=\u00bb500&#8243; text_decoration=\u00bbnone\u00bb text_shadow=\u00bbyes\u00bb color=\u00bb#144733&#8243;]<\/p>\n<p>Acci\u00f3n n\u00famero 4: Escuela de igualdad laboral<\/p>\n<p>[\/custom_font][vc_empty_space height=\u00bb64&#8243;][\/vc_column_inner][\/vc_row_inner][vc_row_inner row_type=\u00bbrow\u00bb type=\u00bbfull_width\u00bb text_align=\u00bbleft\u00bb css_animation=\u00bb\u00bb][vc_column_inner width=\u00bb1\/2&#8243;][vc_column_text]<\/p>\n<p><strong>Creaci\u00f3n del espacio web<\/strong><\/p>\n<p>&nbsp;<\/p>\n<p>Se ha creado un espacio dentro de la web http:\/\/igualdad.cepymearagon.es\/ denominado ESCUELA DE IGUALDAD LABORAL en el que se han incluido las acciones formativas desarrolladas por CEPYME Arag\u00f3n con la financiaci\u00f3n del Gobierno de Arag\u00f3n desde 2018.<\/p>\n<p>[\/vc_column_text][\/vc_column_inner][vc_column_inner width=\u00bb1\/2&#8243;][qode_in_device_slider device=\u00bbdesktop\u00bb titles_on_hover=\u00bbno\u00bb navigation=\u00bbno\u00bb auto_start=\u00bbno\u00bb][qode_in_device_slider_item target=\u00bb_self\u00bb image=\u00bb4202&#8243;][\/qode_in_device_slider][\/vc_column_inner][\/vc_row_inner][vc_empty_space height=\u00bb64&#8243;][vc_row_inner row_type=\u00bbrow\u00bb type=\u00bbfull_width\u00bb text_align=\u00bbleft\u00bb css_animation=\u00bb\u00bb][vc_column_inner width=\u00bb1\/2&#8243;][vc_single_image image=\u00bb4204&#8243; img_size=\u00bbmedium\u00bb alignment=\u00bbcenter\u00bb style=\u00bbvc_box_shadow\u00bb qode_css_animation=\u00bb\u00bb][\/vc_column_inner][vc_column_inner width=\u00bb1\/2&#8243;][vc_column_text]<\/p>\n<p><strong>Actualizaci\u00f3n de acci\u00f3n formativa<\/strong><\/p>\n<p>&nbsp;<\/p>\n<p>Se ha actualizado la p\u00edldora formativa elaborada en 2020 sobre Protocolo de acoso sexual y por raz\u00f3n de sexo, actualiz\u00e1ndola a los requisitos establecidos por la Ley Org\u00e1nica 10\/2022 relativos a esta materia.<\/p>\n<p>&nbsp;<\/p>\n<p>Esta acci\u00f3n formativa GRATUITA cuyo t\u00edtulo es \u201cProtocolo de prevenci\u00f3n y actuaci\u00f3n frente al acoso sexual, el acoso por raz\u00f3n de sexo y otras conductas contrarias a la libertad sexual y la integridad moral. Pasos para su elaboraci\u00f3n Actualizaci\u00f3n a la Ley Org\u00e1nica 10\/2022\u201d est\u00e1 disponible en modalidad on line y tiene una duraci\u00f3n de 8 horas. Su objetivo es seguir acercando a profesionales y usuarios a los conocimientos necesarios sobre c\u00f3mo elaborar un protocolo de actuaci\u00f3n ante el acoso sexual o por raz\u00f3n de sexo en la empresa.<\/p>\n<p>&nbsp;<\/p>\n<p>Puede acceder a la misma a trav\u00e9s del siguiente link:<strong>\u00a0<a href=\"https:\/\/igualdad.cepymearagon.es\/?page_id=3765\">ACCEDA AL CURSO<\/a><\/strong><\/p>\n<p>&nbsp;<\/p>\n<p>Hasta 31 de diciembre de 2024 se hab\u00edan inscrito 34 personas en la formaci\u00f3n.<\/p>\n<p>[\/vc_column_text][\/vc_column_inner][\/vc_row_inner][vc_empty_space height=\u00bb64&#8243;][\/vc_column][\/vc_row]<\/p>\n","protected":false},"excerpt":{"rendered":"<p>[vc_row css_animation=\u00bb\u00bb row_type=\u00bbrow\u00bb use_row_as_full_screen_section=\u00bbno\u00bb type=\u00bbfull_width\u00bb angled_section=\u00bbno\u00bb text_align=\u00bbleft\u00bb background_image_as_pattern=\u00bbwithout_pattern\u00bb z_index=\u00bb\u00bb][vc_column][vc_empty_space][vc_single_image image=\u00bb28&#8243; img_size=\u00bbmedium\u00bb onclick=\u00bbcustom_link\u00bb qode_css_animation=\u00bb\u00bb link=\u00bbhttps:\/\/memoria.cepymearagon.es\/index.php\/2024-2\/\u00bb][vc_empty_space][\/vc_column][\/vc_row][vc_row css_animation=\u00bb\u00bb row_type=\u00bbrow\u00bb use_row_as_full_screen_section=\u00bbyes\u00bb type=\u00bbfull_width\u00bb angled_section=\u00bbno\u00bb text_align=\u00bbleft\u00bb background_image_as_pattern=\u00bbwithout_pattern\u00bb z_index=\u00bb\u00bb][vc_column][vc_empty_space][vc_row_inner row_type=\u00bbrow\u00bb type=\u00bbfull_width\u00bb text_align=\u00bbcenter\u00bb css_animation=\u00bb\u00bb][vc_column_inner][custom_font font_size=\u00bb60&#8243; line_height=\u00bb\u00bb font_style=\u00bbnormal\u00bb text_align=\u00bbcenter\u00bb font_weight=\u00bb500&#8243; text_decoration=\u00bbnone\u00bb text_shadow=\u00bbyes\u00bb color=\u00bb#144733&#8243;] Igualdad [\/custom_font][\/vc_column_inner][\/vc_row_inner][vc_empty_space height=\u00bb80&#8243;][\/vc_column][\/vc_row][vc_row css_animation=\u00bb\u00bb row_type=\u00bbrow\u00bb use_row_as_full_screen_section=\u00bbno\u00bb type=\u00bbgrid\u00bb angled_section=\u00bbno\u00bb text_align=\u00bbleft\u00bb background_image_as_pattern=\u00bbwithout_pattern\u00bb z_index=\u00bb\u00bb][vc_column width=\u00bb1\/4&#8243;][counter type=\u00bbzero\u00bb box=\u00bbno\u00bb position=\u00bbcenter\u00bb font_weight=\u00bb600&#8243; text_font_weight=\u00bb500&#8243; separator=\u00bbyes\u00bb digit=\u00bb5863&#8243; font_color=\u00bbrgba(20,71,51,0.75)\u00bb text=\u00bbVisitas [&hellip;]<\/p>\n","protected":false},"author":2,"featured_media":0,"parent":0,"menu_order":0,"comment_status":"closed","ping_status":"closed","template":"landing_page.php","meta":{"footnotes":""},"class_list":["post-4181","page","type-page","status-publish","hentry"],"_links":{"self":[{"href":"https:\/\/memoria.cepymearagon.es\/index.php\/wp-json\/wp\/v2\/pages\/4181","targetHints":{"allow":["GET"]}}],"collection":[{"href":"https:\/\/memoria.cepymearagon.es\/index.php\/wp-json\/wp\/v2\/pages"}],"about":[{"href":"https:\/\/memoria.cepymearagon.es\/index.php\/wp-json\/wp\/v2\/types\/page"}],"author":[{"embeddable":true,"href":"https:\/\/memoria.cepymearagon.es\/index.php\/wp-json\/wp\/v2\/users\/2"}],"replies":[{"embeddable":true,"href":"https:\/\/memoria.cepymearagon.es\/index.php\/wp-json\/wp\/v2\/comments?post=4181"}],"version-history":[{"count":24,"href":"https:\/\/memoria.cepymearagon.es\/index.php\/wp-json\/wp\/v2\/pages\/4181\/revisions"}],"predecessor-version":[{"id":4209,"href":"https:\/\/memoria.cepymearagon.es\/index.php\/wp-json\/wp\/v2\/pages\/4181\/revisions\/4209"}],"wp:attachment":[{"href":"https:\/\/memoria.cepymearagon.es\/index.php\/wp-json\/wp\/v2\/media?parent=4181"}],"curies":[{"name":"wp","href":"https:\/\/api.w.org\/{rel}","templated":true}]}}