{"id":4169,"date":"2025-02-19T09:45:20","date_gmt":"2025-02-19T09:45:20","guid":{"rendered":"http:\/\/memoria.cepymearagon.es\/?page_id=4169"},"modified":"2025-02-19T09:48:20","modified_gmt":"2025-02-19T09:48:20","slug":"2024-negociacion-colectiva","status":"publish","type":"page","link":"https:\/\/memoria.cepymearagon.es\/index.php\/2024-negociacion-colectiva\/","title":{"rendered":"2024 Negociaci\u00f3n colectiva"},"content":{"rendered":"<p>[vc_row css_animation=\u00bb\u00bb row_type=\u00bbrow\u00bb use_row_as_full_screen_section=\u00bbno\u00bb type=\u00bbfull_width\u00bb angled_section=\u00bbno\u00bb text_align=\u00bbleft\u00bb background_image_as_pattern=\u00bbwithout_pattern\u00bb z_index=\u00bb\u00bb][vc_column][vc_empty_space][vc_single_image image=\u00bb28&#8243; img_size=\u00bbmedium\u00bb onclick=\u00bbcustom_link\u00bb qode_css_animation=\u00bb\u00bb link=\u00bbhttps:\/\/memoria.cepymearagon.es\/index.php\/2024-2\/\u00bb][vc_empty_space][\/vc_column][\/vc_row][vc_row css_animation=\u00bb\u00bb row_type=\u00bbrow\u00bb use_row_as_full_screen_section=\u00bbyes\u00bb type=\u00bbfull_width\u00bb angled_section=\u00bbno\u00bb text_align=\u00bbleft\u00bb background_image_as_pattern=\u00bbwithout_pattern\u00bb z_index=\u00bb\u00bb][vc_column][vc_empty_space][vc_row_inner row_type=\u00bbrow\u00bb type=\u00bbfull_width\u00bb text_align=\u00bbcenter\u00bb css_animation=\u00bb\u00bb][vc_column_inner][custom_font font_size=\u00bb60&#8243; line_height=\u00bb\u00bb font_style=\u00bbnormal\u00bb text_align=\u00bbcenter\u00bb font_weight=\u00bb500&#8243; text_decoration=\u00bbnone\u00bb text_shadow=\u00bbyes\u00bb color=\u00bb#144733&#8243;]<\/p>\n<p>Negociaci\u00f3n colectiva<\/p>\n<p>[\/custom_font][\/vc_column_inner][\/vc_row_inner][vc_empty_space height=\u00bb80&#8243;][\/vc_column][\/vc_row][vc_row css_animation=\u00bb\u00bb row_type=\u00bbrow\u00bb use_row_as_full_screen_section=\u00bbno\u00bb type=\u00bbgrid\u00bb angled_section=\u00bbno\u00bb text_align=\u00bbcenter\u00bb background_image_as_pattern=\u00bbwithout_pattern\u00bb z_index=\u00bb\u00bb][vc_column][vc_empty_space height=\u00bb64&#8243;][vc_row_inner row_type=\u00bbrow\u00bb type=\u00bbfull_width\u00bb text_align=\u00bbleft\u00bb css_animation=\u00bb\u00bb][vc_column_inner width=\u00bb1\/2&#8243;][vc_column_text]<\/p>\n<p>CEPYME Arag\u00f3n ha venido desarrollando durante 2024 la acci\u00f3n \u201c<strong>GU\u00cdA DE BUENAS PR\u00c1CTICAS PARA LA NEGOCIACI\u00d3N COLECTIVA<\/strong>\u201d en virtud de la Orden de la Vicepresidenta segunda y Consejera de Econom\u00eda, Empleo e Industria, por la que se concede una subvenci\u00f3n directa a la Confederaci\u00f3n de la Peque\u00f1a y Mediana Empresa Aragonesa (CEPYME Arag\u00f3n), para la financiaci\u00f3n de gastos derivados en el \u00e1mbito de relaciones laborales en materia de prevenci\u00f3n de riesgos laborales, igualdad y negociaci\u00f3n colectiva durante el a\u00f1o 2024.<\/p>\n<p>&nbsp;<\/p>\n<p>Dentro de las actuaciones,\u00a0<strong>CEPYME Arag\u00f3n,<\/strong>\u00a0junto con el resto de los agentes sociales m\u00e1s representativos en Arag\u00f3n (CEOE Arag\u00f3n, CCOO Arag\u00f3n y UGT Arag\u00f3n), ha llevado a cabo la elaboraci\u00f3n de una gu\u00eda que pretende ser un instrumento de apoyo a las comisiones negociadoras, tomando en consideraci\u00f3n los AENC firmados y una selecci\u00f3n de cl\u00e1usulas de convenios que las partes, en base a su experiencia negociadora, consideran de inter\u00e9s y utilidad para la negociaci\u00f3n colectiva. Esta gu\u00eda tiene especial inter\u00e9s de cara a la negociaci\u00f3n de futuros convenios poniendo a su disposici\u00f3n aquellas buenas pr\u00e1cticas exportables de otros convenios colectivos.<\/p>\n<p>&nbsp;<\/p>\n<p>Los Agentes Sociales m\u00e1s representativos consideran que es conveniente ir acercando a la realidad auton\u00f3mica de nuestra estructura territorial (Estado de las Autonom\u00edas), nuestra estructura de negociaci\u00f3n colectiva, aun profundamente influida por la demarcaci\u00f3n provincial y centrada en los convenios sectoriales de \u00e1mbito provincial.<\/p>\n<p>[\/vc_column_text][\/vc_column_inner][vc_column_inner width=\u00bb1\/2&#8243;][vc_single_image image=\u00bb4170&#8243; img_size=\u00bbfull\u00bb alignment=\u00bbcenter\u00bb style=\u00bbvc_box_shadow\u00bb qode_css_animation=\u00bb\u00bb][\/vc_column_inner][\/vc_row_inner][vc_empty_space height=\u00bb32&#8243;][vc_column_text]<\/p>\n<p style=\"text-align: left;\">Esta estructura predominantemente provincial no se acomoda bien ni a la regulaci\u00f3n actual del T\u00edtulo III del Estatuto de los Trabajadores, ni a la orientaci\u00f3n que el Real Decreto Ley 7\/2023 pretend\u00eda dar en la nueva redacci\u00f3n del art. 84 del Estatuto de los Trabajadores, finalmente no convalidado. Igualmente en 2023 de los 119 convenios registrados, solo 9 ten\u00edan \u00e1mbito auton\u00f3mico en Arag\u00f3n, lo cual indica la necesidad de potenciar un marco que permita la negociaci\u00f3n de convenios.<\/p>\n<p>&nbsp;<\/p>\n<p style=\"text-align: left;\">Es en esta situaci\u00f3n que los Agentes Sociales m\u00e1s representativos en Arag\u00f3n planteamos la necesidad de acordar conjuntamente una gu\u00eda de buenas pr\u00e1cticas en materia de negociaci\u00f3n colectiva que ayude a las comisiones negociadoras en el desarrollo de la negociaci\u00f3n.<\/p>\n<p>&nbsp;<\/p>\n<p style=\"text-align: left;\">El resultado del trabajo ha dado lugar a dos productos finales: Un amplio estudio sobre el estado de situaci\u00f3n (derivado del an\u00e1lisis de los convenios elegidos) y una gu\u00eda de referencia en formato de <strong>Informe ejecutivo<\/strong> sobre la negociaci\u00f3n colectiva.<\/p>\n<p>&nbsp;<\/p>\n<p style=\"text-align: left;\">Por otra parte CEPYME Arag\u00f3n pone a disposici\u00f3n de sus asociados un servicio de asesoramiento laboral y sobre negociaci\u00f3n colectiva dirigido a proporcionar la informaci\u00f3n necesaria sobre la materia y resolver las dudas que se suscitan.<\/p>\n<p>&nbsp;<\/p>\n<p style=\"text-align: left;\">Puede acceder a este servicio por las siguientes v\u00edas:<\/p>\n<ul>\n<li style=\"text-align: left;\">De manera telef\u00f3nica 976766060.<\/li>\n<li style=\"text-align: left;\">Por e-mail <strong><a href=\"mailto:laboral@cepymearagon.es\">laboral@cepymearagon.es<\/a><\/strong><\/li>\n<li style=\"text-align: left;\">A trav\u00e9s del siguiente <strong><a href=\"https:\/\/www.cepymearagon.es\/?page_id=3367\">Formulario de contacto<\/a><\/strong><\/li>\n<\/ul>\n<p>[\/vc_column_text][\/vc_column][\/vc_row][vc_row css_animation=\u00bb\u00bb row_type=\u00bbrow\u00bb use_row_as_full_screen_section=\u00bbno\u00bb type=\u00bbfull_width\u00bb angled_section=\u00bbno\u00bb text_align=\u00bbleft\u00bb background_image_as_pattern=\u00bbwithout_pattern\u00bb][vc_column][vc_empty_space height=\u00bb64&#8243;][\/vc_column][\/vc_row]<\/p>\n","protected":false},"excerpt":{"rendered":"<p>[vc_row css_animation=\u00bb\u00bb row_type=\u00bbrow\u00bb use_row_as_full_screen_section=\u00bbno\u00bb type=\u00bbfull_width\u00bb angled_section=\u00bbno\u00bb text_align=\u00bbleft\u00bb background_image_as_pattern=\u00bbwithout_pattern\u00bb z_index=\u00bb\u00bb][vc_column][vc_empty_space][vc_single_image image=\u00bb28&#8243; img_size=\u00bbmedium\u00bb onclick=\u00bbcustom_link\u00bb qode_css_animation=\u00bb\u00bb link=\u00bbhttps:\/\/memoria.cepymearagon.es\/index.php\/2024-2\/\u00bb][vc_empty_space][\/vc_column][\/vc_row][vc_row css_animation=\u00bb\u00bb row_type=\u00bbrow\u00bb use_row_as_full_screen_section=\u00bbyes\u00bb type=\u00bbfull_width\u00bb angled_section=\u00bbno\u00bb text_align=\u00bbleft\u00bb background_image_as_pattern=\u00bbwithout_pattern\u00bb z_index=\u00bb\u00bb][vc_column][vc_empty_space][vc_row_inner row_type=\u00bbrow\u00bb type=\u00bbfull_width\u00bb text_align=\u00bbcenter\u00bb css_animation=\u00bb\u00bb][vc_column_inner][custom_font font_size=\u00bb60&#8243; line_height=\u00bb\u00bb font_style=\u00bbnormal\u00bb text_align=\u00bbcenter\u00bb font_weight=\u00bb500&#8243; text_decoration=\u00bbnone\u00bb text_shadow=\u00bbyes\u00bb color=\u00bb#144733&#8243;] Negociaci\u00f3n colectiva [\/custom_font][\/vc_column_inner][\/vc_row_inner][vc_empty_space height=\u00bb80&#8243;][\/vc_column][\/vc_row][vc_row css_animation=\u00bb\u00bb row_type=\u00bbrow\u00bb use_row_as_full_screen_section=\u00bbno\u00bb type=\u00bbgrid\u00bb angled_section=\u00bbno\u00bb text_align=\u00bbcenter\u00bb background_image_as_pattern=\u00bbwithout_pattern\u00bb z_index=\u00bb\u00bb][vc_column][vc_empty_space height=\u00bb64&#8243;][vc_row_inner row_type=\u00bbrow\u00bb type=\u00bbfull_width\u00bb text_align=\u00bbleft\u00bb css_animation=\u00bb\u00bb][vc_column_inner width=\u00bb1\/2&#8243;][vc_column_text] CEPYME Arag\u00f3n ha [&hellip;]<\/p>\n","protected":false},"author":2,"featured_media":0,"parent":0,"menu_order":0,"comment_status":"closed","ping_status":"closed","template":"landing_page.php","meta":{"footnotes":""},"class_list":["post-4169","page","type-page","status-publish","hentry"],"_links":{"self":[{"href":"https:\/\/memoria.cepymearagon.es\/index.php\/wp-json\/wp\/v2\/pages\/4169","targetHints":{"allow":["GET"]}}],"collection":[{"href":"https:\/\/memoria.cepymearagon.es\/index.php\/wp-json\/wp\/v2\/pages"}],"about":[{"href":"https:\/\/memoria.cepymearagon.es\/index.php\/wp-json\/wp\/v2\/types\/page"}],"author":[{"embeddable":true,"href":"https:\/\/memoria.cepymearagon.es\/index.php\/wp-json\/wp\/v2\/users\/2"}],"replies":[{"embeddable":true,"href":"https:\/\/memoria.cepymearagon.es\/index.php\/wp-json\/wp\/v2\/comments?post=4169"}],"version-history":[{"count":8,"href":"https:\/\/memoria.cepymearagon.es\/index.php\/wp-json\/wp\/v2\/pages\/4169\/revisions"}],"predecessor-version":[{"id":4179,"href":"https:\/\/memoria.cepymearagon.es\/index.php\/wp-json\/wp\/v2\/pages\/4169\/revisions\/4179"}],"wp:attachment":[{"href":"https:\/\/memoria.cepymearagon.es\/index.php\/wp-json\/wp\/v2\/media?parent=4169"}],"curies":[{"name":"wp","href":"https:\/\/api.w.org\/{rel}","templated":true}]}}