{"id":4154,"date":"2025-02-18T13:31:26","date_gmt":"2025-02-18T13:31:26","guid":{"rendered":"http:\/\/memoria.cepymearagon.es\/?page_id=4154"},"modified":"2025-02-18T13:31:26","modified_gmt":"2025-02-18T13:31:26","slug":"2024-formacion","status":"publish","type":"page","link":"https:\/\/memoria.cepymearagon.es\/index.php\/2024-formacion\/","title":{"rendered":"2024 Formaci\u00f3n"},"content":{"rendered":"<p>[vc_row css_animation=\u00bb\u00bb row_type=\u00bbrow\u00bb use_row_as_full_screen_section=\u00bbno\u00bb type=\u00bbfull_width\u00bb angled_section=\u00bbno\u00bb text_align=\u00bbleft\u00bb background_image_as_pattern=\u00bbwithout_pattern\u00bb z_index=\u00bb\u00bb][vc_column][vc_empty_space][vc_single_image image=\u00bb28&#8243; img_size=\u00bbmedium\u00bb onclick=\u00bbcustom_link\u00bb qode_css_animation=\u00bb\u00bb link=\u00bbhttps:\/\/memoria.cepymearagon.es\/index.php\/2024-2\/\u00bb][vc_empty_space][\/vc_column][\/vc_row][vc_row css_animation=\u00bb\u00bb row_type=\u00bbrow\u00bb use_row_as_full_screen_section=\u00bbyes\u00bb type=\u00bbfull_width\u00bb angled_section=\u00bbno\u00bb text_align=\u00bbleft\u00bb background_image_as_pattern=\u00bbwithout_pattern\u00bb z_index=\u00bb\u00bb][vc_column][vc_empty_space][vc_row_inner row_type=\u00bbrow\u00bb type=\u00bbfull_width\u00bb text_align=\u00bbcenter\u00bb css_animation=\u00bb\u00bb][vc_column_inner][custom_font font_size=\u00bb60&#8243; line_height=\u00bb\u00bb font_style=\u00bbnormal\u00bb text_align=\u00bbcenter\u00bb font_weight=\u00bb500&#8243; text_decoration=\u00bbnone\u00bb text_shadow=\u00bbyes\u00bb color=\u00bb#144733&#8243;]<\/p>\n<p>Formaci\u00f3n<\/p>\n<p>[\/custom_font][\/vc_column_inner][\/vc_row_inner][vc_empty_space height=\u00bb80&#8243;][\/vc_column][\/vc_row][vc_row css_animation=\u00bb\u00bb row_type=\u00bbrow\u00bb use_row_as_full_screen_section=\u00bbno\u00bb type=\u00bbgrid\u00bb angled_section=\u00bbno\u00bb text_align=\u00bbleft\u00bb background_image_as_pattern=\u00bbwithout_pattern\u00bb z_index=\u00bb\u00bb][vc_column width=\u00bb1\/3&#8243;][counter type=\u00bbzero\u00bb box=\u00bbno\u00bb position=\u00bbcenter\u00bb font_weight=\u00bb600&#8243; text_font_weight=\u00bb500&#8243; separator=\u00bbyes\u00bb digit=\u00bb49502&#8243; font_color=\u00bbrgba(20,71,51,0.75)\u00bb text=\u00bbHoras de pr\u00e1cticas gestionadas\u00bb][\/vc_column][vc_column width=\u00bb1\/3&#8243;][counter type=\u00bbzero\u00bb box=\u00bbno\u00bb position=\u00bbcenter\u00bb font_weight=\u00bb600&#8243; text_font_weight=\u00bb500&#8243; separator=\u00bbyes\u00bb digit=\u00bb21318&#8243; font_color=\u00bbrgba(20,71,51,0.75)\u00bb text=\u00bbHoras formativas gestionadas\u00bb][\/vc_column][vc_column width=\u00bb1\/3&#8243;][counter type=\u00bbzero\u00bb box=\u00bbno\u00bb position=\u00bbcenter\u00bb font_weight=\u00bb600&#8243; text_font_weight=\u00bb500&#8243; separator=\u00bbyes\u00bb digit=\u00bb686&#8243; font_color=\u00bbrgba(20,71,51,0.75)\u00bb text=\u00bbCursos gestionados\u00bb][\/vc_column][\/vc_row][vc_row css_animation=\u00bb\u00bb row_type=\u00bbrow\u00bb use_row_as_full_screen_section=\u00bbno\u00bb type=\u00bbfull_width\u00bb angled_section=\u00bbno\u00bb text_align=\u00bbleft\u00bb background_image_as_pattern=\u00bbwithout_pattern\u00bb][vc_column][vc_empty_space height=\u00bb64&#8243;][\/vc_column][\/vc_row][vc_row css_animation=\u00bb\u00bb row_type=\u00bbrow\u00bb use_row_as_full_screen_section=\u00bbno\u00bb type=\u00bbgrid\u00bb angled_section=\u00bbno\u00bb text_align=\u00bbleft\u00bb background_image_as_pattern=\u00bbwithout_pattern\u00bb background_color=\u00bbrgba(20,71,51,0.25)\u00bb z_index=\u00bb\u00bb][vc_column][vc_empty_space height=\u00bb64&#8243;][vc_row_inner row_type=\u00bbrow\u00bb type=\u00bbfull_width\u00bb text_align=\u00bbcenter\u00bb css_animation=\u00bb\u00bb][vc_column_inner][custom_font font_size=\u00bb30&#8243; line_height=\u00bb\u00bb font_style=\u00bbnormal\u00bb text_align=\u00bbcenter\u00bb font_weight=\u00bb500&#8243; text_decoration=\u00bbnone\u00bb text_shadow=\u00bbyes\u00bb color=\u00bb#144733&#8243;]<\/p>\n<p>Programa de pr\u00e1cticas no laborales<\/p>\n<p>[\/custom_font][vc_empty_space][\/vc_column_inner][\/vc_row_inner][vc_column_text]<\/p>\n<p><span style=\"color: #000000;\">El Instituto Aragon\u00e9s de Empleo y la Confederaci\u00f3n de la Peque\u00f1a y Mediana Empresa Aragonesa coinciden en la necesidad de impulsar el Programa de Pr\u00e1cticas Profesionales no Laborales en Empresas, dirigido a todos los alumnos que participan en las acciones formativas del Plan de Formaci\u00f3n para el Empleo, para poder desarrollar los conocimientos aprendidos, facilitando una experiencia de trabajo en alternancia con la formaci\u00f3n te\u00f3rica y lograr conseguir el objetivo de mejorar el acceso al mercado de trabajo y la capacitaci\u00f3n profesional de los trabajadores desempleados.<\/span><\/p>\n<p>&nbsp;<\/p>\n<p><span style=\"color: #000000;\">Este programa se desarrolla a trav\u00e9s de dos tipos de pr\u00e1cticas en empresas:<\/span><\/p>\n<ul>\n<li><span style=\"color: #000000;\">Pr\u00e1cticas en empresas dirigidas a los alumnos desempleados participantes en las acciones formativas del Plan de Formaci\u00f3n para el Empleo de Arag\u00f3n que no est\u00e1n asociadas a un certificado de profesionalidad.<\/span><\/li>\n<\/ul>\n<ul>\n<li><span style=\"color: #000000;\">Pr\u00e1cticas en empresas dirigidas a los alumnos participantes en acciones formativas conducentes a la obtenci\u00f3n de un certificado de profesionalidad para la realizaci\u00f3n del \u201cM\u00f3dulo de formaci\u00f3n pr\u00e1ctica en centros de trabajo\u201d. Este m\u00f3dulo se realizar\u00e1 atendiendo a lo dispuesto en el Real-Decreto 34\/2008, de 18 de enero, por el que se regulan los certificados de profesionalidad, modificado por el Real Decreto 1675\/2010, de 10 de diciembre y por el Real Decreto 189\/2013, de 15 de marzo.<\/span><\/li>\n<\/ul>\n<p>&nbsp;<\/p>\n<p><span style=\"color: #000000;\">Pudieron certificarse a cargo del programa 2024 (ejecuci\u00f3n efectiva entre el 1 de enero y el 31 de diciembre) un total de<strong> 49.502 horas de pr\u00e1cticas, repartidas en 661 convenios suscritos con 649 alumnos y con la colaboraci\u00f3n de 338 empresas.<\/strong><\/span><\/p>\n<p>[\/vc_column_text][vc_empty_space height=\u00bb64&#8243;][\/vc_column][\/vc_row][vc_row css_animation=\u00bb\u00bb row_type=\u00bbrow\u00bb use_row_as_full_screen_section=\u00bbno\u00bb type=\u00bbgrid\u00bb angled_section=\u00bbno\u00bb text_align=\u00bbcenter\u00bb background_image_as_pattern=\u00bbwithout_pattern\u00bb z_index=\u00bb\u00bb][vc_column][vc_empty_space height=\u00bb64&#8243;][vc_row_inner row_type=\u00bbrow\u00bb type=\u00bbfull_width\u00bb text_align=\u00bbleft\u00bb css_animation=\u00bb\u00bb][vc_column_inner][custom_font font_size=\u00bb30&#8243; line_height=\u00bb\u00bb font_style=\u00bbnormal\u00bb text_align=\u00bbcenter\u00bb font_weight=\u00bb500&#8243; text_decoration=\u00bbnone\u00bb text_shadow=\u00bbyes\u00bb color=\u00bb#144733&#8243;]<\/p>\n<p>Formaci\u00f3n de demanda<\/p>\n<p>[\/custom_font][vc_empty_space height=\u00bb64&#8243;][\/vc_column_inner][\/vc_row_inner][vc_row_inner row_type=\u00bbrow\u00bb type=\u00bbfull_width\u00bb text_align=\u00bbleft\u00bb css_animation=\u00bb\u00bb][vc_column_inner width=\u00bb1\/2&#8243;][vc_column_text]<\/p>\n<p>En 2024 CEPYME Arag\u00f3n gestion\u00f3 como Entidad Organizadora\u00a0<strong>686<\/strong>\u00a0en los que participaron\u00a0<strong>4.382 alumnos<\/strong>\u00a0de\u00a0<strong>1016 empresas.<\/strong><\/p>\n<p>&nbsp;<\/p>\n<p>En total, CEPYME Arag\u00f3n particip\u00f3 de un modo u otro en la gesti\u00f3n de m\u00e1s de\u00a0<strong>21.318 horas formativas<\/strong>, repartidas en 9.242 horas de formaci\u00f3n presencial, 11.879 de teleformaci\u00f3n y 197 de formaci\u00f3n mixta.<\/p>\n<p>[\/vc_column_text][\/vc_column_inner][vc_column_inner width=\u00bb1\/2&#8243;][vc_single_image image=\u00bb4155&#8243; img_size=\u00bbfull\u00bb alignment=\u00bbcenter\u00bb style=\u00bbvc_box_shadow\u00bb qode_css_animation=\u00bb\u00bb][\/vc_column_inner][\/vc_row_inner][vc_empty_space height=\u00bb64&#8243;][\/vc_column][\/vc_row]<\/p>\n","protected":false},"excerpt":{"rendered":"<p>[vc_row css_animation=\u00bb\u00bb row_type=\u00bbrow\u00bb use_row_as_full_screen_section=\u00bbno\u00bb type=\u00bbfull_width\u00bb angled_section=\u00bbno\u00bb text_align=\u00bbleft\u00bb background_image_as_pattern=\u00bbwithout_pattern\u00bb z_index=\u00bb\u00bb][vc_column][vc_empty_space][vc_single_image image=\u00bb28&#8243; img_size=\u00bbmedium\u00bb onclick=\u00bbcustom_link\u00bb qode_css_animation=\u00bb\u00bb link=\u00bbhttps:\/\/memoria.cepymearagon.es\/index.php\/2024-2\/\u00bb][vc_empty_space][\/vc_column][\/vc_row][vc_row css_animation=\u00bb\u00bb row_type=\u00bbrow\u00bb use_row_as_full_screen_section=\u00bbyes\u00bb type=\u00bbfull_width\u00bb angled_section=\u00bbno\u00bb text_align=\u00bbleft\u00bb background_image_as_pattern=\u00bbwithout_pattern\u00bb z_index=\u00bb\u00bb][vc_column][vc_empty_space][vc_row_inner row_type=\u00bbrow\u00bb type=\u00bbfull_width\u00bb text_align=\u00bbcenter\u00bb css_animation=\u00bb\u00bb][vc_column_inner][custom_font font_size=\u00bb60&#8243; line_height=\u00bb\u00bb font_style=\u00bbnormal\u00bb text_align=\u00bbcenter\u00bb font_weight=\u00bb500&#8243; text_decoration=\u00bbnone\u00bb text_shadow=\u00bbyes\u00bb color=\u00bb#144733&#8243;] Formaci\u00f3n [\/custom_font][\/vc_column_inner][\/vc_row_inner][vc_empty_space height=\u00bb80&#8243;][\/vc_column][\/vc_row][vc_row css_animation=\u00bb\u00bb row_type=\u00bbrow\u00bb use_row_as_full_screen_section=\u00bbno\u00bb type=\u00bbgrid\u00bb angled_section=\u00bbno\u00bb text_align=\u00bbleft\u00bb background_image_as_pattern=\u00bbwithout_pattern\u00bb z_index=\u00bb\u00bb][vc_column width=\u00bb1\/3&#8243;][counter type=\u00bbzero\u00bb box=\u00bbno\u00bb position=\u00bbcenter\u00bb font_weight=\u00bb600&#8243; text_font_weight=\u00bb500&#8243; separator=\u00bbyes\u00bb digit=\u00bb49502&#8243; font_color=\u00bbrgba(20,71,51,0.75)\u00bb text=\u00bbHoras [&hellip;]<\/p>\n","protected":false},"author":2,"featured_media":0,"parent":0,"menu_order":0,"comment_status":"closed","ping_status":"closed","template":"landing_page.php","meta":{"footnotes":""},"class_list":["post-4154","page","type-page","status-publish","hentry"],"_links":{"self":[{"href":"https:\/\/memoria.cepymearagon.es\/index.php\/wp-json\/wp\/v2\/pages\/4154","targetHints":{"allow":["GET"]}}],"collection":[{"href":"https:\/\/memoria.cepymearagon.es\/index.php\/wp-json\/wp\/v2\/pages"}],"about":[{"href":"https:\/\/memoria.cepymearagon.es\/index.php\/wp-json\/wp\/v2\/types\/page"}],"author":[{"embeddable":true,"href":"https:\/\/memoria.cepymearagon.es\/index.php\/wp-json\/wp\/v2\/users\/2"}],"replies":[{"embeddable":true,"href":"https:\/\/memoria.cepymearagon.es\/index.php\/wp-json\/wp\/v2\/comments?post=4154"}],"version-history":[{"count":2,"href":"https:\/\/memoria.cepymearagon.es\/index.php\/wp-json\/wp\/v2\/pages\/4154\/revisions"}],"predecessor-version":[{"id":4157,"href":"https:\/\/memoria.cepymearagon.es\/index.php\/wp-json\/wp\/v2\/pages\/4154\/revisions\/4157"}],"wp:attachment":[{"href":"https:\/\/memoria.cepymearagon.es\/index.php\/wp-json\/wp\/v2\/media?parent=4154"}],"curies":[{"name":"wp","href":"https:\/\/api.w.org\/{rel}","templated":true}]}}