{"id":3910,"date":"2025-01-17T14:22:57","date_gmt":"2025-01-17T14:22:57","guid":{"rendered":"http:\/\/memoria.cepymearagon.es\/?page_id=3910"},"modified":"2025-01-17T14:30:03","modified_gmt":"2025-01-17T14:30:03","slug":"2024-colaboraciones","status":"publish","type":"page","link":"https:\/\/memoria.cepymearagon.es\/index.php\/2024-colaboraciones\/","title":{"rendered":"2024 Colaboraciones"},"content":{"rendered":"<p>[vc_row css_animation=\u00bb\u00bb row_type=\u00bbrow\u00bb use_row_as_full_screen_section=\u00bbno\u00bb type=\u00bbfull_width\u00bb angled_section=\u00bbno\u00bb text_align=\u00bbleft\u00bb background_image_as_pattern=\u00bbwithout_pattern\u00bb z_index=\u00bb\u00bb][vc_column][vc_empty_space][vc_single_image image=\u00bb28&#8243; img_size=\u00bbmedium\u00bb onclick=\u00bbcustom_link\u00bb qode_css_animation=\u00bb\u00bb link=\u00bbhttps:\/\/memoria.cepymearagon.es\/index.php\/2024-2\/\u00bb][vc_empty_space][\/vc_column][\/vc_row][vc_row css_animation=\u00bb\u00bb row_type=\u00bbrow\u00bb use_row_as_full_screen_section=\u00bbyes\u00bb type=\u00bbfull_width\u00bb angled_section=\u00bbno\u00bb text_align=\u00bbleft\u00bb background_image_as_pattern=\u00bbwithout_pattern\u00bb z_index=\u00bb\u00bb][vc_column][vc_empty_space][vc_row_inner row_type=\u00bbrow\u00bb type=\u00bbfull_width\u00bb text_align=\u00bbcenter\u00bb css_animation=\u00bb\u00bb][vc_column_inner][custom_font font_size=\u00bb60&#8243; line_height=\u00bb\u00bb font_style=\u00bbnormal\u00bb text_align=\u00bbcenter\u00bb font_weight=\u00bb500&#8243; text_decoration=\u00bbnone\u00bb text_shadow=\u00bbyes\u00bb color=\u00bb#144733&#8243;]<\/p>\n<p>Colaboraciones en proyectos<\/p>\n<p>[\/custom_font][\/vc_column_inner][\/vc_row_inner][vc_empty_space height=\u00bb80&#8243;][\/vc_column][\/vc_row][vc_row css_animation=\u00bb\u00bb row_type=\u00bbrow\u00bb use_row_as_full_screen_section=\u00bbno\u00bb type=\u00bbgrid\u00bb angled_section=\u00bbno\u00bb text_align=\u00bbcenter\u00bb background_image_as_pattern=\u00bbwithout_pattern\u00bb z_index=\u00bb\u00bb][vc_column][vc_empty_space height=\u00bb64&#8243;][vc_row_inner row_type=\u00bbrow\u00bb type=\u00bbfull_width\u00bb text_align=\u00bbleft\u00bb css_animation=\u00bb\u00bb][vc_column_inner][custom_font font_size=\u00bb30&#8243; line_height=\u00bb\u00bb font_style=\u00bbnormal\u00bb text_align=\u00bbcenter\u00bb font_weight=\u00bb500&#8243; text_decoration=\u00bbnone\u00bb text_shadow=\u00bbyes\u00bb color=\u00bb#144733&#8243;]<\/p>\n<p>Laboratorio de Dise\u00f1o Industrial y Digitalizaci\u00f3n 2024<\/p>\n<p>[\/custom_font][vc_empty_space height=\u00bb64&#8243;][\/vc_column_inner][\/vc_row_inner][vc_row_inner row_type=\u00bbrow\u00bb type=\u00bbfull_width\u00bb text_align=\u00bbleft\u00bb css_animation=\u00bb\u00bb][vc_column_inner width=\u00bb1\/2&#8243;][vc_column_text]<\/p>\n<p>Promovido por el Centro Aragon\u00e9s de Dise\u00f1o Industrial (Cadi) del departamento de Econom\u00eda, Empleo e Industria del\u00a0Gobierno de Arag\u00f3n\u00a0junto con el Consejo de C\u00e1maras de Arag\u00f3n (Zaragoza, Huesca y Teruel),\u00a0CEOE Arag\u00f3n\u00a0y\u00a0CEPYME Arag\u00f3n, se invit\u00f3 a reflexionar sobre el valor del dise\u00f1o (en producto o servicio) como actividad estrat\u00e9gica para cualquier empresa y fuente clara de diferenciaci\u00f3n e innovaci\u00f3n.<\/p>\n<p>&nbsp;<\/p>\n<p>La jornada dio a conocer esta iniciativa e Incluy\u00f3 un networking en el que los m\u00e1s de 50 asistentes y ponentes compartieron impresiones y dieron a conocer los proyectos potenciales y la forma de canalizarlos.<\/p>\n<p>&nbsp;<\/p>\n<p>Los proyectos seleccionados para participar en este laboratorio fueron dotados con un importe m\u00e1ximo para su desarrollo de 8.500 \u20ac\u00a0+\u00a0IVA, destinados a cubrir los honorarios de los servicios de dise\u00f1o externo prestados por las empresas homologadas.\u00a0<\/p>\n<p>[\/vc_column_text][\/vc_column_inner][vc_column_inner width=\u00bb1\/2&#8243;][vc_single_image image=\u00bb3911&#8243; img_size=\u00bbfull\u00bb alignment=\u00bbcenter\u00bb style=\u00bbvc_box_shadow\u00bb qode_css_animation=\u00bb\u00bb][\/vc_column_inner][\/vc_row_inner][vc_empty_space height=\u00bb64&#8243;][\/vc_column][\/vc_row][vc_row css_animation=\u00bb\u00bb row_type=\u00bbrow\u00bb use_row_as_full_screen_section=\u00bbno\u00bb type=\u00bbgrid\u00bb angled_section=\u00bbno\u00bb text_align=\u00bbcenter\u00bb background_image_as_pattern=\u00bbwithout_pattern\u00bb background_color=\u00bbrgba(20,71,51,0.25)\u00bb z_index=\u00bb\u00bb][vc_column][vc_empty_space height=\u00bb64&#8243;][vc_row_inner row_type=\u00bbrow\u00bb type=\u00bbfull_width\u00bb text_align=\u00bbleft\u00bb css_animation=\u00bb\u00bb][vc_column_inner][custom_font font_size=\u00bb30&#8243; line_height=\u00bb\u00bb font_style=\u00bbnormal\u00bb text_align=\u00bbcenter\u00bb font_weight=\u00bb500&#8243; text_decoration=\u00bbnone\u00bb text_shadow=\u00bbyes\u00bb color=\u00bb#144733&#8243;]<\/p>\n<p>Arag\u00f3n eDih<\/p>\n<p>[\/custom_font][vc_empty_space height=\u00bb64&#8243;][\/vc_column_inner][\/vc_row_inner][vc_row_inner row_type=\u00bbrow\u00bb type=\u00bbfull_width\u00bb text_align=\u00bbleft\u00bb css_animation=\u00bb\u00bb][vc_column_inner width=\u00bb1\/2&#8243;][qode_in_device_slider device=\u00bbdesktop\u00bb titles_on_hover=\u00bbno\u00bb navigation=\u00bbno\u00bb auto_start=\u00bbno\u00bb][qode_in_device_slider_item target=\u00bb_self\u00bb image=\u00bb3912&#8243;][\/qode_in_device_slider][\/vc_column_inner][vc_column_inner width=\u00bb1\/2&#8243;][vc_column_text]<\/p>\n<p><span style=\"color: #000000;\">El Arag\u00f3n European Digital Innovation Hub, es el\u00a0<strong>centro de competencias tecnol\u00f3gicas de referencia en Espa\u00f1a<\/strong>, donde emprendedores, empresas e investigadores de 30 pa\u00edses se unen para\u00a0<strong>impulsar la digitalizaci\u00f3n con tecnolog\u00edas de vanguardia<\/strong>.<\/span><\/p>\n<p>&nbsp;<\/p>\n<p><span style=\"color: #000000;\">El objetivo es\u00a0<strong>mejorar la competitividad del sistema productivo<\/strong>, ayudando al desarrollo de tecnolog\u00edas diferenciales y liderando la digitalizaci\u00f3n\u00a0<strong>en colaboraci\u00f3n con otros centros de Europa<\/strong>.<\/span><\/p>\n<p>&nbsp;<\/p>\n<p><span style=\"color: #000000;\">Arag\u00f3n EDIH es un servicio para la digitalizaci\u00f3n de las empresas promovido por el Instituto Tecnol\u00f3gico de Arag\u00f3n, Instituto Aragon\u00e9s de Fomento, Universidad de Zaragoza, CEOE Arag\u00f3n, CEPYME Arag\u00f3n, TECNARA y C\u00e1maras Arag\u00f3n.<\/span><\/p>\n<p>&nbsp;<\/p>\n<p><span style=\"color: #000000;\">Entre otros, el Arag\u00f3n eDIH forma, mentoriza,\u00a0<strong>pone a disposici\u00f3n las nuevas tecnolog\u00edas de computaci\u00f3n en nube e inteligencia artificial<\/strong>, testea pilotos en entornos de prueba seguros antes de invertir, ayuda a conseguir financiaci\u00f3n p\u00fablica para proyectos y promueve eventos y acciones de networking. Todo ello para conformar un\u00a0<strong>ecosistema \u00fanico para garantizar el \u00e9xito<\/strong>\u00a0en los retos de transformaci\u00f3n digital, sostenibilidad, eficiencia productiva y circularidad.<\/span><\/p>\n<p>[\/vc_column_text][\/vc_column_inner][\/vc_row_inner][vc_empty_space height=\u00bb64&#8243;][\/vc_column][\/vc_row][vc_row css_animation=\u00bb\u00bb row_type=\u00bbrow\u00bb use_row_as_full_screen_section=\u00bbno\u00bb type=\u00bbgrid\u00bb angled_section=\u00bbno\u00bb text_align=\u00bbcenter\u00bb background_image_as_pattern=\u00bbwithout_pattern\u00bb z_index=\u00bb\u00bb][vc_column][vc_empty_space height=\u00bb64&#8243;][vc_row_inner row_type=\u00bbrow\u00bb type=\u00bbfull_width\u00bb text_align=\u00bbleft\u00bb css_animation=\u00bb\u00bb][vc_column_inner][custom_font font_size=\u00bb30&#8243; line_height=\u00bb\u00bb font_style=\u00bbnormal\u00bb text_align=\u00bbcenter\u00bb font_weight=\u00bb500&#8243; text_decoration=\u00bbnone\u00bb text_shadow=\u00bbyes\u00bb color=\u00bb#144733&#8243;]<\/p>\n<p>Ridi Pirineos<\/p>\n<p>[\/custom_font][vc_empty_space height=\u00bb64&#8243;][\/vc_column_inner][\/vc_row_inner][vc_row_inner row_type=\u00bbrow\u00bb type=\u00bbfull_width\u00bb text_align=\u00bbleft\u00bb css_animation=\u00bb\u00bb][vc_column_inner width=\u00bb1\/2&#8243;][vc_column_text]<\/p>\n<p>RIDi Pirineos est\u00e1 desarrollando una\u00a0<strong>Red de Colaboraci\u00f3n Transfronteriza (RCT)<\/strong>\u00a0para fortalecer la innovaci\u00f3n entre universidades y empresas del \u00e1rea POCTEFA.<\/p>\n<p>&nbsp;<\/p>\n<p>Se est\u00e1 creando una\u00a0<strong>Plataforma de Intercambio de Conocimiento (PIC)<\/strong>\u00a0que facilitar\u00e1 el intercambio de conocimientos y tecnolog\u00edas, apoyada por un\u00a0<strong>Buscador Transfronterizo de Conocimiento (BIC)<\/strong>\u00a0basado en an\u00e1lisis de datos e IA. Adem\u00e1s, se establecer\u00e1 un\u00a0<strong>Living Lab<\/strong>\u00a0para probar nuevas tecnolog\u00edas y fomentar la formaci\u00f3n.<\/p>\n<p>&nbsp;<\/p>\n<p>La red busca mejorar las capacidades de I+D+i de las PYMES locales, con un enfoque en sectores como la agroalimentaci\u00f3n, la salud, la energ\u00eda y la movilidad urbana.<\/p>\n<p>&nbsp;<\/p>\n<p>CEPYME Arag\u00f3n participa junto a la Universidad e Zaragoza, Campus Iberus, Universitat de Lleida, Universidad de la Rioja, Universidad P\u00fablica de Navarra, Universit\u00e9 de Toulouse, Crescendo Business Innovation Centre y Kampal.<\/p>\n<p>[\/vc_column_text][\/vc_column_inner][vc_column_inner width=\u00bb1\/2&#8243;][vc_single_image image=\u00bb3913&#8243; img_size=\u00bbfull\u00bb alignment=\u00bbcenter\u00bb style=\u00bbvc_box_shadow\u00bb qode_css_animation=\u00bb\u00bb][\/vc_column_inner][\/vc_row_inner][vc_empty_space height=\u00bb64&#8243;][\/vc_column][\/vc_row][vc_row css_animation=\u00bb\u00bb row_type=\u00bbrow\u00bb use_row_as_full_screen_section=\u00bbno\u00bb type=\u00bbfull_width\u00bb angled_section=\u00bbno\u00bb text_align=\u00bbleft\u00bb background_image_as_pattern=\u00bbwithout_pattern\u00bb][vc_column][vc_empty_space height=\u00bb64&#8243;][\/vc_column][\/vc_row]<\/p>\n","protected":false},"excerpt":{"rendered":"<p>[vc_row css_animation=\u00bb\u00bb row_type=\u00bbrow\u00bb use_row_as_full_screen_section=\u00bbno\u00bb type=\u00bbfull_width\u00bb angled_section=\u00bbno\u00bb text_align=\u00bbleft\u00bb background_image_as_pattern=\u00bbwithout_pattern\u00bb z_index=\u00bb\u00bb][vc_column][vc_empty_space][vc_single_image image=\u00bb28&#8243; img_size=\u00bbmedium\u00bb onclick=\u00bbcustom_link\u00bb qode_css_animation=\u00bb\u00bb link=\u00bbhttps:\/\/memoria.cepymearagon.es\/index.php\/2024-2\/\u00bb][vc_empty_space][\/vc_column][\/vc_row][vc_row css_animation=\u00bb\u00bb row_type=\u00bbrow\u00bb use_row_as_full_screen_section=\u00bbyes\u00bb type=\u00bbfull_width\u00bb angled_section=\u00bbno\u00bb text_align=\u00bbleft\u00bb background_image_as_pattern=\u00bbwithout_pattern\u00bb z_index=\u00bb\u00bb][vc_column][vc_empty_space][vc_row_inner row_type=\u00bbrow\u00bb type=\u00bbfull_width\u00bb text_align=\u00bbcenter\u00bb css_animation=\u00bb\u00bb][vc_column_inner][custom_font font_size=\u00bb60&#8243; line_height=\u00bb\u00bb font_style=\u00bbnormal\u00bb text_align=\u00bbcenter\u00bb font_weight=\u00bb500&#8243; text_decoration=\u00bbnone\u00bb text_shadow=\u00bbyes\u00bb color=\u00bb#144733&#8243;] Colaboraciones en proyectos [\/custom_font][\/vc_column_inner][\/vc_row_inner][vc_empty_space height=\u00bb80&#8243;][\/vc_column][\/vc_row][vc_row css_animation=\u00bb\u00bb row_type=\u00bbrow\u00bb use_row_as_full_screen_section=\u00bbno\u00bb type=\u00bbgrid\u00bb angled_section=\u00bbno\u00bb text_align=\u00bbcenter\u00bb background_image_as_pattern=\u00bbwithout_pattern\u00bb z_index=\u00bb\u00bb][vc_column][vc_empty_space height=\u00bb64&#8243;][vc_row_inner row_type=\u00bbrow\u00bb type=\u00bbfull_width\u00bb text_align=\u00bbleft\u00bb css_animation=\u00bb\u00bb][vc_column_inner][custom_font font_size=\u00bb30&#8243; line_height=\u00bb\u00bb font_style=\u00bbnormal\u00bb [&hellip;]<\/p>\n","protected":false},"author":2,"featured_media":0,"parent":0,"menu_order":0,"comment_status":"closed","ping_status":"closed","template":"landing_page.php","meta":{"footnotes":""},"class_list":["post-3910","page","type-page","status-publish","hentry"],"_links":{"self":[{"href":"https:\/\/memoria.cepymearagon.es\/index.php\/wp-json\/wp\/v2\/pages\/3910","targetHints":{"allow":["GET"]}}],"collection":[{"href":"https:\/\/memoria.cepymearagon.es\/index.php\/wp-json\/wp\/v2\/pages"}],"about":[{"href":"https:\/\/memoria.cepymearagon.es\/index.php\/wp-json\/wp\/v2\/types\/page"}],"author":[{"embeddable":true,"href":"https:\/\/memoria.cepymearagon.es\/index.php\/wp-json\/wp\/v2\/users\/2"}],"replies":[{"embeddable":true,"href":"https:\/\/memoria.cepymearagon.es\/index.php\/wp-json\/wp\/v2\/comments?post=3910"}],"version-history":[{"count":2,"href":"https:\/\/memoria.cepymearagon.es\/index.php\/wp-json\/wp\/v2\/pages\/3910\/revisions"}],"predecessor-version":[{"id":3915,"href":"https:\/\/memoria.cepymearagon.es\/index.php\/wp-json\/wp\/v2\/pages\/3910\/revisions\/3915"}],"wp:attachment":[{"href":"https:\/\/memoria.cepymearagon.es\/index.php\/wp-json\/wp\/v2\/media?parent=3910"}],"curies":[{"name":"wp","href":"https:\/\/api.w.org\/{rel}","templated":true}]}}