{"id":3899,"date":"2025-01-16T14:28:27","date_gmt":"2025-01-16T14:28:27","guid":{"rendered":"http:\/\/memoria.cepymearagon.es\/?page_id=3899"},"modified":"2025-02-06T11:27:53","modified_gmt":"2025-02-06T11:27:53","slug":"2024-pymelovers","status":"publish","type":"page","link":"https:\/\/memoria.cepymearagon.es\/index.php\/2024-pymelovers\/","title":{"rendered":"2024 PYMELOVERS"},"content":{"rendered":"<p>[vc_row css_animation=\u00bb\u00bb row_type=\u00bbrow\u00bb use_row_as_full_screen_section=\u00bbno\u00bb type=\u00bbfull_width\u00bb angled_section=\u00bbno\u00bb text_align=\u00bbleft\u00bb background_image_as_pattern=\u00bbwithout_pattern\u00bb z_index=\u00bb\u00bb][vc_column][vc_empty_space][vc_single_image image=\u00bb28&#8243; img_size=\u00bbmedium\u00bb onclick=\u00bbcustom_link\u00bb qode_css_animation=\u00bb\u00bb link=\u00bbhttps:\/\/memoria.cepymearagon.es\/index.php\/2024-2\/\u00bb][vc_empty_space][\/vc_column][\/vc_row][vc_row css_animation=\u00bb\u00bb row_type=\u00bbrow\u00bb use_row_as_full_screen_section=\u00bbyes\u00bb type=\u00bbfull_width\u00bb angled_section=\u00bbno\u00bb text_align=\u00bbleft\u00bb background_image_as_pattern=\u00bbwithout_pattern\u00bb z_index=\u00bb\u00bb][vc_column][vc_empty_space][vc_row_inner row_type=\u00bbrow\u00bb type=\u00bbfull_width\u00bb text_align=\u00bbcenter\u00bb css_animation=\u00bb\u00bb][vc_column_inner][custom_font font_size=\u00bb60&#8243; line_height=\u00bb\u00bb font_style=\u00bbnormal\u00bb text_align=\u00bbcenter\u00bb font_weight=\u00bb500&#8243; text_decoration=\u00bbnone\u00bb text_shadow=\u00bbyes\u00bb color=\u00bb#144733&#8243;]<\/p>\n<p>Programa Crecimiento y Consolidaci\u00f3n de Pymes<\/p>\n<p>[\/custom_font][\/vc_column_inner][\/vc_row_inner][vc_empty_space height=\u00bb80&#8243;][\/vc_column][\/vc_row][vc_row css_animation=\u00bb\u00bb row_type=\u00bbrow\u00bb use_row_as_full_screen_section=\u00bbno\u00bb type=\u00bbgrid\u00bb angled_section=\u00bbno\u00bb text_align=\u00bbleft\u00bb background_image_as_pattern=\u00bbwithout_pattern\u00bb z_index=\u00bb\u00bb][vc_column width=\u00bb1\/3&#8243;][counter type=\u00bbzero\u00bb box=\u00bbno\u00bb position=\u00bbcenter\u00bb font_weight=\u00bb600&#8243; text_font_weight=\u00bb500&#8243; separator=\u00bbyes\u00bb digit=\u00bb28918&#8243; font_color=\u00bbrgba(20,71,51,0.75)\u00bb text=\u00bbImpresiones\u00bb][\/vc_column][vc_column width=\u00bb1\/3&#8243;][counter type=\u00bbzero\u00bb box=\u00bbno\u00bb position=\u00bbcenter\u00bb font_weight=\u00bb600&#8243; text_font_weight=\u00bb500&#8243; separator=\u00bbyes\u00bb digit=\u00bb174&#8243; font_color=\u00bbrgba(20,71,51,0.75)\u00bb text=\u00bbPublicaciones en redes sociales\u00bb][\/vc_column][vc_column width=\u00bb1\/3&#8243;][counter type=\u00bbzero\u00bb box=\u00bbno\u00bb position=\u00bbcenter\u00bb font_weight=\u00bb600&#8243; text_font_weight=\u00bb500&#8243; separator=\u00bbyes\u00bb digit=\u00bb19805&#8243; font_color=\u00bbrgba(20,71,51,0.75)\u00bb text=\u00bbVisualizaciones\u00bb][\/vc_column][\/vc_row][vc_row css_animation=\u00bb\u00bb row_type=\u00bbrow\u00bb use_row_as_full_screen_section=\u00bbno\u00bb type=\u00bbfull_width\u00bb angled_section=\u00bbno\u00bb text_align=\u00bbleft\u00bb background_image_as_pattern=\u00bbwithout_pattern\u00bb][vc_column][vc_empty_space height=\u00bb64&#8243;][\/vc_column][\/vc_row][vc_row css_animation=\u00bb\u00bb row_type=\u00bbrow\u00bb use_row_as_full_screen_section=\u00bbno\u00bb type=\u00bbgrid\u00bb angled_section=\u00bbno\u00bb text_align=\u00bbcenter\u00bb background_image_as_pattern=\u00bbwithout_pattern\u00bb z_index=\u00bb\u00bb][vc_column][vc_empty_space height=\u00bb64&#8243;][vc_row_inner row_type=\u00bbrow\u00bb type=\u00bbfull_width\u00bb text_align=\u00bbleft\u00bb css_animation=\u00bb\u00bb][vc_column_inner][custom_font font_size=\u00bb30&#8243; line_height=\u00bb\u00bb font_style=\u00bbnormal\u00bb text_align=\u00bbcenter\u00bb font_weight=\u00bb500&#8243; text_decoration=\u00bbnone\u00bb text_shadow=\u00bbyes\u00bb color=\u00bb#144733&#8243;]<\/p>\n<p>El programa<\/p>\n<p>[\/custom_font][vc_empty_space height=\u00bb64&#8243;][\/vc_column_inner][\/vc_row_inner][vc_row_inner row_type=\u00bbrow\u00bb type=\u00bbfull_width\u00bb text_align=\u00bbleft\u00bb css_animation=\u00bb\u00bb][vc_column_inner width=\u00bb1\/2&#8243;][vc_column_text]<\/p>\n<p>Para contribuir a la sensibilizaci\u00f3n y concienciaci\u00f3n de las peque\u00f1as y medianas empresas sobre la importancia del desarrollo de una mentalidad empresarial s\u00f3lida, se puso en marcha el programa <strong>\u201cCrecimiento y Consolidaci\u00f3n de Pymes\u201d, <\/strong>fruto de la colaboraci\u00f3n entre el Gobierno de Arag\u00f3n a trav\u00e9s del Departamento de Presidencia, Econom\u00eda y Justicia y CEPYME Arag\u00f3n.<\/p>\n<p>&nbsp;<\/p>\n<p>El proyecto \u201cCrecimiento y Consolidaci\u00f3n de PYMEs\u201d ha tenido como objetivo principal sensibilizar y concienciar a las peque\u00f1as y medianas empresas sobre la importancia del desarrollo de una mentalidad empresarial s\u00f3lida utilizando las redes sociales como plataforma.<\/p>\n<p>[\/vc_column_text][\/vc_column_inner][vc_column_inner width=\u00bb1\/2&#8243;][vc_single_image image=\u00bb3903&#8243; img_size=\u00bbfull\u00bb alignment=\u00bbcenter\u00bb style=\u00bbvc_box_shadow\u00bb qode_css_animation=\u00bb\u00bb][\/vc_column_inner][\/vc_row_inner][vc_empty_space height=\u00bb64&#8243;][\/vc_column][\/vc_row][vc_row css_animation=\u00bb\u00bb row_type=\u00bbrow\u00bb use_row_as_full_screen_section=\u00bbno\u00bb type=\u00bbgrid\u00bb angled_section=\u00bbno\u00bb text_align=\u00bbcenter\u00bb background_image_as_pattern=\u00bbwithout_pattern\u00bb background_color=\u00bbrgba(20,71,51,0.25)\u00bb z_index=\u00bb\u00bb][vc_column][vc_empty_space height=\u00bb64&#8243;][vc_row_inner row_type=\u00bbrow\u00bb type=\u00bbfull_width\u00bb text_align=\u00bbleft\u00bb css_animation=\u00bb\u00bb][vc_column_inner][custom_font font_size=\u00bb30&#8243; line_height=\u00bb\u00bb font_style=\u00bbnormal\u00bb text_align=\u00bbcenter\u00bb font_weight=\u00bb500&#8243; text_decoration=\u00bbnone\u00bb text_shadow=\u00bbyes\u00bb color=\u00bb#144733&#8243;]<\/p>\n<p>Desarrollo de contenido y publicaciones en RRSS<\/p>\n<p>[\/custom_font][vc_empty_space height=\u00bb64&#8243;][\/vc_column_inner][\/vc_row_inner][vc_row_inner row_type=\u00bbrow\u00bb type=\u00bbfull_width\u00bb text_align=\u00bbleft\u00bb css_animation=\u00bb\u00bb][vc_column_inner width=\u00bb1\/2&#8243;][qode_in_device_slider device=\u00bbtablet-landscape\u00bb titles_on_hover=\u00bbno\u00bb navigation=\u00bbyes\u00bb auto_start=\u00bbyes\u00bb][qode_in_device_slider_item target=\u00bb_self\u00bb image=\u00bb3904&#8243;][qode_in_device_slider_item target=\u00bb_self\u00bb image=\u00bb3905&#8243;][qode_in_device_slider_item target=\u00bb_self\u00bb image=\u00bb3906&#8243;][\/qode_in_device_slider][\/vc_column_inner][vc_column_inner width=\u00bb1\/2&#8243;][vc_column_text]<\/p>\n<p><span style=\"color: #000000;\">Se ha creado contenido informativo y formativo adaptado al formato de redes sociales. Se han incluido publicaciones con consejos pr\u00e1cticos, videos cortos e infograf\u00edas que han abordado temas como cultura empresarial, emprendimiento, marketing digital, recursos humanos, innovaci\u00f3n y gesti\u00f3n financiera, entre otros. Se creo el hashtag <strong>#PyMEsEnAuge<\/strong> y etiquetas relevantes para aumentar la visibilidad del proyecto.<\/span><\/p>\n<p>[\/vc_column_text][\/vc_column_inner][\/vc_row_inner][vc_empty_space height=\u00bb64&#8243;][\/vc_column][\/vc_row][vc_row css_animation=\u00bb\u00bb row_type=\u00bbrow\u00bb use_row_as_full_screen_section=\u00bbno\u00bb type=\u00bbgrid\u00bb angled_section=\u00bbno\u00bb text_align=\u00bbcenter\u00bb background_image_as_pattern=\u00bbwithout_pattern\u00bb z_index=\u00bb\u00bb][vc_column][vc_empty_space height=\u00bb64&#8243;][vc_row_inner row_type=\u00bbrow\u00bb type=\u00bbfull_width\u00bb text_align=\u00bbleft\u00bb css_animation=\u00bb\u00bb][vc_column_inner][custom_font font_size=\u00bb30&#8243; line_height=\u00bb\u00bb font_style=\u00bbnormal\u00bb text_align=\u00bbcenter\u00bb font_weight=\u00bb500&#8243; text_decoration=\u00bbnone\u00bb text_shadow=\u00bbyes\u00bb color=\u00bb#144733&#8243;]<\/p>\n<p>Videopodcast Pymes en auge<\/p>\n<p>[\/custom_font][vc_empty_space height=\u00bb64&#8243;][\/vc_column_inner][\/vc_row_inner][vc_row_inner row_type=\u00bbrow\u00bb type=\u00bbfull_width\u00bb text_align=\u00bbleft\u00bb css_animation=\u00bb\u00bb][vc_column_inner][vc_column_text]<\/p>\n<p>Se ha dise\u00f1ado un v\u00eddeo-podcast para inspirar, educar y motivar a emprendedores y empresarios a desarrollar una mentalidad empresarial s\u00f3lida y alcanzar el \u00e9xito en sus negocios. Cada episodio ha presentado conversaciones con expertos, empresarios exitosos y l\u00edderes que han compartido sus conocimientos, experiencias y consejos pr\u00e1cticos sobre una amplia gama de temas relacionados con el emprendimiento y los negocios.<\/p>\n<p>[\/vc_column_text][\/vc_column_inner][\/vc_row_inner][vc_empty_space height=\u00bb64&#8243;][vc_row_inner row_type=\u00bbrow\u00bb type=\u00bbfull_width\u00bb text_align=\u00bbleft\u00bb css_animation=\u00bb\u00bb][vc_column_inner width=\u00bb1\/3&#8243;][vc_video link=\u00bbhttps:\/\/youtu.be\/tJOyqJE7Wn8&#8243; align=\u00bbcenter\u00bb][\/vc_column_inner][vc_column_inner width=\u00bb1\/3&#8243;][vc_video link=\u00bbhttps:\/\/youtu.be\/QQbPBgG6WgM\u00bb align=\u00bbcenter\u00bb][\/vc_column_inner][vc_column_inner width=\u00bb1\/3&#8243;][vc_video link=\u00bbhttps:\/\/youtu.be\/oXtWAtxMktk\u00bb align=\u00bbcenter\u00bb][\/vc_column_inner][\/vc_row_inner][vc_empty_space height=\u00bb64&#8243;][\/vc_column][\/vc_row][vc_row css_animation=\u00bb\u00bb row_type=\u00bbrow\u00bb use_row_as_full_screen_section=\u00bbno\u00bb type=\u00bbgrid\u00bb angled_section=\u00bbno\u00bb text_align=\u00bbcenter\u00bb background_image_as_pattern=\u00bbwithout_pattern\u00bb background_color=\u00bbrgba(20,71,51,0.25)\u00bb z_index=\u00bb\u00bb][vc_column][vc_empty_space height=\u00bb64&#8243;][vc_row_inner row_type=\u00bbrow\u00bb type=\u00bbfull_width\u00bb text_align=\u00bbleft\u00bb css_animation=\u00bb\u00bb][vc_column_inner][custom_font font_size=\u00bb30&#8243; line_height=\u00bb\u00bb font_style=\u00bbnormal\u00bb text_align=\u00bbcenter\u00bb font_weight=\u00bb500&#8243; text_decoration=\u00bbnone\u00bb text_shadow=\u00bbyes\u00bb color=\u00bb#144733&#8243;]<\/p>\n<p>Campa\u00f1as de concienciaci\u00f3n y promoci\u00f3n<\/p>\n<p>[\/custom_font][vc_empty_space height=\u00bb64&#8243;][\/vc_column_inner][\/vc_row_inner][vc_row_inner row_type=\u00bbrow\u00bb type=\u00bbfull_width\u00bb text_align=\u00bbleft\u00bb css_animation=\u00bb\u00bb][vc_column_inner][vc_column_text]<\/p>\n<p><span style=\"color: #000000;\">Para completar las actuaciones anteriores se realizaron campa\u00f1as de concienciaci\u00f3n y promoci\u00f3n con el objetivo de invitar a la sociedad a reflexionar sobre la figura de las PYMEs.<\/span><\/p>\n<p>&nbsp;<\/p>\n<p><span style=\"color: #000000;\">Este proyecto tambi\u00e9n ha incluido una campa\u00f1a inspiracional que ha destacado a PYMES de diversos sectores a lo largo de la comunidad aragonesa. Con un enfoque cinematogr\u00e1fico, se han capturado escenas del d\u00eda a d\u00eda de estos empresarios, con el objetivo de crear un contenido que inspire a peque\u00f1as y medianas empresas en Arag\u00f3n.<\/span><\/p>\n<p>&nbsp;<\/p>\n<p>El rendimiento de la campa\u00f1a ha arrojado los siguientes datos:<\/p>\n<ul>\n<li>2750 visualizaciones y 160 interacciones en Instagram<\/li>\n<li>1982 visualizaciones y 1817 interacciones en Facebook<\/li>\n<li>3351 impresiones y 3178 visualizaciones en Linkedin<\/li>\n<\/ul>\n<p>[\/vc_column_text][\/vc_column_inner][\/vc_row_inner][vc_empty_space height=\u00bb64&#8243;][vc_row_inner row_type=\u00bbrow\u00bb type=\u00bbfull_width\u00bb text_align=\u00bbleft\u00bb css_animation=\u00bb\u00bb][vc_column_inner][vc_video link=\u00bbhttps:\/\/youtu.be\/IfGeqqEJ9Ok\u00bb align=\u00bbcenter\u00bb][\/vc_column_inner][\/vc_row_inner][vc_empty_space height=\u00bb64&#8243;][\/vc_column][\/vc_row][vc_row css_animation=\u00bb\u00bb row_type=\u00bbrow\u00bb use_row_as_full_screen_section=\u00bbno\u00bb type=\u00bbgrid\u00bb angled_section=\u00bbno\u00bb text_align=\u00bbcenter\u00bb background_image_as_pattern=\u00bbwithout_pattern\u00bb z_index=\u00bb\u00bb][vc_column][vc_empty_space height=\u00bb64&#8243;][vc_row_inner row_type=\u00bbrow\u00bb type=\u00bbfull_width\u00bb text_align=\u00bbleft\u00bb css_animation=\u00bb\u00bb][vc_column_inner][custom_font font_size=\u00bb30&#8243; line_height=\u00bb\u00bb font_style=\u00bbnormal\u00bb text_align=\u00bbcenter\u00bb font_weight=\u00bb500&#8243; text_decoration=\u00bbnone\u00bb text_shadow=\u00bbyes\u00bb color=\u00bb#144733&#8243;]<\/p>\n<p>Jornada Mentalidad empresarial<\/p>\n<p>[\/custom_font][vc_empty_space height=\u00bb64&#8243;][\/vc_column_inner][\/vc_row_inner][vc_row_inner row_type=\u00bbrow\u00bb type=\u00bbfull_width\u00bb text_align=\u00bbleft\u00bb css_animation=\u00bb\u00bb][vc_column_inner width=\u00bb1\/2&#8243;][vc_column_text]<\/p>\n<p>CEPYME Arag\u00f3n organiz\u00f3 <strong>la jornada mentalidad empresarial: clave para el crecimiento y la consolidaci\u00f3n de tu pyme<\/strong>. Con el objetivo de impulsar el desarrollo y la sostenibilidad de nuestras peque\u00f1as empresas. La jornada permiti\u00f3 descubrir como una mentalidad enfocada en el crecimiento y la transformaci\u00f3n puede transformar tu PYME.<\/p>\n<p>[\/vc_column_text][\/vc_column_inner][vc_column_inner width=\u00bb1\/2&#8243;][vc_single_image image=\u00bb3907&#8243; img_size=\u00bbfull\u00bb alignment=\u00bbcenter\u00bb style=\u00bbvc_box_shadow\u00bb qode_css_animation=\u00bb\u00bb][\/vc_column_inner][\/vc_row_inner][vc_empty_space height=\u00bb64&#8243;][\/vc_column][\/vc_row][vc_row css_animation=\u00bb\u00bb row_type=\u00bbrow\u00bb use_row_as_full_screen_section=\u00bbno\u00bb type=\u00bbgrid\u00bb angled_section=\u00bbno\u00bb text_align=\u00bbcenter\u00bb background_image_as_pattern=\u00bbwithout_pattern\u00bb background_color=\u00bbrgba(20,71,51,0.25)\u00bb z_index=\u00bb\u00bb][vc_column][vc_empty_space height=\u00bb64&#8243;][vc_row_inner row_type=\u00bbrow\u00bb type=\u00bbfull_width\u00bb text_align=\u00bbleft\u00bb css_animation=\u00bb\u00bb][vc_column_inner][custom_font font_size=\u00bb30&#8243; line_height=\u00bb\u00bb font_style=\u00bbnormal\u00bb text_align=\u00bbcenter\u00bb font_weight=\u00bb500&#8243; text_decoration=\u00bbnone\u00bb text_shadow=\u00bbyes\u00bb color=\u00bb#144733&#8243;]<\/p>\n<p>Resultados<\/p>\n<p>[\/custom_font][vc_empty_space height=\u00bb64&#8243;][\/vc_column_inner][\/vc_row_inner][vc_row_inner row_type=\u00bbrow\u00bb type=\u00bbfull_width\u00bb text_align=\u00bbleft\u00bb css_animation=\u00bb\u00bb][vc_column_inner][vc_column_text]<\/p>\n<p><span style=\"color: #000000;\">Los resultados obtenidos reflejan el impacto positivo de las acciones implementadas, este esfuerzo reafirma nuestro compromiso con el desarrollo sostenible del sector empresarial y consolida a las pymes como motor esencial de nuestra econom\u00eda.<\/span><\/p>\n<p>&nbsp;<\/p>\n<p><span style=\"color: #000000;\"><strong>N\u00famero de publicaciones en RRSS:<\/strong><\/span><\/p>\n<ul>\n<li><span style=\"color: #000000;\">Instagram: 28 publicaciones y 10 historias &#8211;\u00a0 10 publicaciones y 5 historias<\/span><\/li>\n<li><span style=\"color: #000000;\">LinkedIn: 27 \u2013 10 publicaciones<\/span><\/li>\n<li><span style=\"color: #000000;\">X: 27 \u2013 6 publicaciones<\/span><\/li>\n<li><span style=\"color: #000000;\">Facebook: 28 \u2013 10 publicaciones<\/span><\/li>\n<li><span style=\"color: #000000;\">Youtube: 11 v\u00eddeos \u2013 13 videos<\/span><\/li>\n<\/ul>\n<p>&nbsp;<\/p>\n<p><span style=\"color: #000000;\"><strong>Cuantificaci\u00f3n del impacto de las publicaciones: comentarios, retuis, n\u00famero de veces compartidas:<\/strong><\/span><\/p>\n<ul>\n<li><span style=\"color: #000000;\">Instagram: 7.570 impresiones, 10.209 visualizaciones y 524 interacciones \u2013 2167 impresiones, 2750 visualizaciones y 122 interacciones<\/span><\/li>\n<li><span style=\"color: #000000;\">LinkedIn: 12.014 impresiones, 775 clics y 2.571 visualizaciones \u2013 3370 impresiones, 181 clics y 1585 visualizaciones<\/span><\/li>\n<li><span style=\"color: #000000;\">X: 1.311impresiones y 64 interacciones \u2013 178 impresiones y 9 interacciones<\/span><\/li>\n<li><span style=\"color: #000000;\">Facebook: 1.155 impresiones, 1.463 visualizaciones y 16 interacciones \u2013 181 impresiones, 255 visualizaciones y 11 interacciones<\/span><\/li>\n<li><span style=\"color: #000000;\">YouTube: 800 visualizaciones \u2013 972 visualizaciones<\/span><\/li>\n<\/ul>\n<p>[\/vc_column_text][\/vc_column_inner][\/vc_row_inner][vc_empty_space height=\u00bb64&#8243;][\/vc_column][\/vc_row][vc_row css_animation=\u00bb\u00bb row_type=\u00bbrow\u00bb use_row_as_full_screen_section=\u00bbno\u00bb type=\u00bbfull_width\u00bb angled_section=\u00bbno\u00bb text_align=\u00bbleft\u00bb background_image_as_pattern=\u00bbwithout_pattern\u00bb][vc_column][vc_empty_space height=\u00bb64&#8243;][\/vc_column][\/vc_row]<\/p>\n","protected":false},"excerpt":{"rendered":"<p>[vc_row css_animation=\u00bb\u00bb row_type=\u00bbrow\u00bb use_row_as_full_screen_section=\u00bbno\u00bb type=\u00bbfull_width\u00bb angled_section=\u00bbno\u00bb text_align=\u00bbleft\u00bb background_image_as_pattern=\u00bbwithout_pattern\u00bb z_index=\u00bb\u00bb][vc_column][vc_empty_space][vc_single_image image=\u00bb28&#8243; img_size=\u00bbmedium\u00bb onclick=\u00bbcustom_link\u00bb qode_css_animation=\u00bb\u00bb link=\u00bbhttps:\/\/memoria.cepymearagon.es\/index.php\/2024-2\/\u00bb][vc_empty_space][\/vc_column][\/vc_row][vc_row css_animation=\u00bb\u00bb row_type=\u00bbrow\u00bb use_row_as_full_screen_section=\u00bbyes\u00bb type=\u00bbfull_width\u00bb angled_section=\u00bbno\u00bb text_align=\u00bbleft\u00bb background_image_as_pattern=\u00bbwithout_pattern\u00bb z_index=\u00bb\u00bb][vc_column][vc_empty_space][vc_row_inner row_type=\u00bbrow\u00bb type=\u00bbfull_width\u00bb text_align=\u00bbcenter\u00bb css_animation=\u00bb\u00bb][vc_column_inner][custom_font font_size=\u00bb60&#8243; line_height=\u00bb\u00bb font_style=\u00bbnormal\u00bb text_align=\u00bbcenter\u00bb font_weight=\u00bb500&#8243; text_decoration=\u00bbnone\u00bb text_shadow=\u00bbyes\u00bb color=\u00bb#144733&#8243;] Programa Crecimiento y Consolidaci\u00f3n de Pymes [\/custom_font][\/vc_column_inner][\/vc_row_inner][vc_empty_space height=\u00bb80&#8243;][\/vc_column][\/vc_row][vc_row css_animation=\u00bb\u00bb row_type=\u00bbrow\u00bb use_row_as_full_screen_section=\u00bbno\u00bb type=\u00bbgrid\u00bb angled_section=\u00bbno\u00bb text_align=\u00bbleft\u00bb background_image_as_pattern=\u00bbwithout_pattern\u00bb z_index=\u00bb\u00bb][vc_column width=\u00bb1\/3&#8243;][counter type=\u00bbzero\u00bb box=\u00bbno\u00bb position=\u00bbcenter\u00bb font_weight=\u00bb600&#8243; [&hellip;]<\/p>\n","protected":false},"author":2,"featured_media":0,"parent":0,"menu_order":0,"comment_status":"closed","ping_status":"closed","template":"landing_page.php","meta":{"footnotes":""},"class_list":["post-3899","page","type-page","status-publish","hentry"],"_links":{"self":[{"href":"https:\/\/memoria.cepymearagon.es\/index.php\/wp-json\/wp\/v2\/pages\/3899","targetHints":{"allow":["GET"]}}],"collection":[{"href":"https:\/\/memoria.cepymearagon.es\/index.php\/wp-json\/wp\/v2\/pages"}],"about":[{"href":"https:\/\/memoria.cepymearagon.es\/index.php\/wp-json\/wp\/v2\/types\/page"}],"author":[{"embeddable":true,"href":"https:\/\/memoria.cepymearagon.es\/index.php\/wp-json\/wp\/v2\/users\/2"}],"replies":[{"embeddable":true,"href":"https:\/\/memoria.cepymearagon.es\/index.php\/wp-json\/wp\/v2\/comments?post=3899"}],"version-history":[{"count":5,"href":"https:\/\/memoria.cepymearagon.es\/index.php\/wp-json\/wp\/v2\/pages\/3899\/revisions"}],"predecessor-version":[{"id":4049,"href":"https:\/\/memoria.cepymearagon.es\/index.php\/wp-json\/wp\/v2\/pages\/3899\/revisions\/4049"}],"wp:attachment":[{"href":"https:\/\/memoria.cepymearagon.es\/index.php\/wp-json\/wp\/v2\/media?parent=3899"}],"curies":[{"name":"wp","href":"https:\/\/api.w.org\/{rel}","templated":true}]}}