{"id":3889,"date":"2025-01-16T12:07:09","date_gmt":"2025-01-16T12:07:09","guid":{"rendered":"http:\/\/memoria.cepymearagon.es\/?page_id=3889"},"modified":"2025-01-16T12:07:09","modified_gmt":"2025-01-16T12:07:09","slug":"2024-peac","status":"publish","type":"page","link":"https:\/\/memoria.cepymearagon.es\/index.php\/2024-peac\/","title":{"rendered":"2024 PEAC"},"content":{"rendered":"<p>[vc_row css_animation=\u00bb\u00bb row_type=\u00bbrow\u00bb use_row_as_full_screen_section=\u00bbno\u00bb type=\u00bbfull_width\u00bb angled_section=\u00bbno\u00bb text_align=\u00bbleft\u00bb background_image_as_pattern=\u00bbwithout_pattern\u00bb z_index=\u00bb\u00bb][vc_column][vc_empty_space][vc_single_image image=\u00bb28&#8243; img_size=\u00bbmedium\u00bb onclick=\u00bbcustom_link\u00bb qode_css_animation=\u00bb\u00bb link=\u00bbhttps:\/\/memoria.cepymearagon.es\/index.php\/2024-2\/\u00bb][vc_empty_space][\/vc_column][\/vc_row][vc_row css_animation=\u00bb\u00bb row_type=\u00bbrow\u00bb use_row_as_full_screen_section=\u00bbyes\u00bb type=\u00bbfull_width\u00bb angled_section=\u00bbno\u00bb text_align=\u00bbleft\u00bb background_image_as_pattern=\u00bbwithout_pattern\u00bb z_index=\u00bb\u00bb][vc_column][vc_empty_space][vc_row_inner row_type=\u00bbrow\u00bb type=\u00bbfull_width\u00bb text_align=\u00bbcenter\u00bb css_animation=\u00bb\u00bb][vc_column_inner][custom_font font_size=\u00bb60&#8243; line_height=\u00bb\u00bb font_style=\u00bbnormal\u00bb text_align=\u00bbcenter\u00bb font_weight=\u00bb500&#8243; text_decoration=\u00bbnone\u00bb text_shadow=\u00bbyes\u00bb color=\u00bb#144733&#8243;]<\/p>\n<p>PEAC<\/p>\n<p>[\/custom_font][\/vc_column_inner][\/vc_row_inner][vc_empty_space height=\u00bb80&#8243;][\/vc_column][\/vc_row][vc_row css_animation=\u00bb\u00bb row_type=\u00bbrow\u00bb use_row_as_full_screen_section=\u00bbno\u00bb type=\u00bbgrid\u00bb angled_section=\u00bbno\u00bb text_align=\u00bbleft\u00bb background_image_as_pattern=\u00bbwithout_pattern\u00bb z_index=\u00bb\u00bb][vc_column width=\u00bb1\/3&#8243;][\/vc_column][vc_column width=\u00bb1\/3&#8243;][counter type=\u00bbzero\u00bb box=\u00bbno\u00bb position=\u00bbcenter\u00bb font_weight=\u00bb600&#8243; text_font_weight=\u00bb500&#8243; separator=\u00bbyes\u00bb digit=\u00bb375&#8243; font_color=\u00bbrgba(20,71,51,0.75)\u00bb text=\u00bbPersonas orientadas\u00bb][\/vc_column][vc_column width=\u00bb1\/3&#8243;][\/vc_column][\/vc_row][vc_row css_animation=\u00bb\u00bb row_type=\u00bbrow\u00bb use_row_as_full_screen_section=\u00bbno\u00bb type=\u00bbfull_width\u00bb angled_section=\u00bbno\u00bb text_align=\u00bbleft\u00bb background_image_as_pattern=\u00bbwithout_pattern\u00bb][vc_column][vc_empty_space height=\u00bb64&#8243;][\/vc_column][\/vc_row][vc_row css_animation=\u00bb\u00bb row_type=\u00bbrow\u00bb use_row_as_full_screen_section=\u00bbno\u00bb type=\u00bbgrid\u00bb angled_section=\u00bbno\u00bb text_align=\u00bbcenter\u00bb background_image_as_pattern=\u00bbwithout_pattern\u00bb z_index=\u00bb\u00bb][vc_column][vc_empty_space height=\u00bb64&#8243;][vc_row_inner row_type=\u00bbrow\u00bb type=\u00bbfull_width\u00bb text_align=\u00bbleft\u00bb css_animation=\u00bb\u00bb][vc_column_inner width=\u00bb1\/2&#8243;][vc_column_text]<\/p>\n<p>El Procedimiento de Evaluaci\u00f3n y Acreditaci\u00f3n de Competencias (PEAC) en Arag\u00f3n es una iniciativa que permite a las personas trabajadoras obtener una acreditaci\u00f3n oficial de las competencias profesionales adquiridas a trav\u00e9s de su experiencia laboral o de v\u00edas no formales de formaci\u00f3n<\/p>\n<p>&nbsp;<\/p>\n<p>Desde septiembre de 2021 CEPYME Arag\u00f3n colabora con el Departamento\u00a0 de Educaci\u00f3n, Ciencia y Universidades, del Gobierno de Arag\u00f3n, a trav\u00e9s de la Agencia de las Cualificaciones Profesionales de Arag\u00f3n, en el apoyo al desarrollo de los procedimientos de evaluaci\u00f3n y acreditaci\u00f3n de competencias profesionales, as\u00ed como la detecci\u00f3n de necesidades de evaluaci\u00f3n y acreditaci\u00f3n de competencias en empresas, sectores profesionales y productivos y en los colectivos con especiales dificultades de inserci\u00f3n en el marco del plan de recuperaci\u00f3n, transformaci\u00f3n y resiliencia.<\/p>\n<p>&nbsp;<\/p>\n<p>El objetivo final de este procedimiento es facilitar la progresi\u00f3n profesional de las personas y fomentar su aprendizaje a lo largo de la vida.<\/p>\n<p>&nbsp;<\/p>\n<p>Va dirigido a:<\/p>\n<ul>\n<li>Trabadores\/as en activo y desempleados\/as que han adquirido sus conocimientos profesionales con el desempe\u00f1o de su profesi\u00f3n y no tienen acreditaci\u00f3n oficial.<\/li>\n<\/ul>\n<p>&nbsp;<\/p>\n<ul>\n<li>Empresas que deseen conocer las ventajas que puede suponer tanto para la competitividad de las empresas como para la carrera profesional de sus empleados\/as la evaluaci\u00f3n y el reconocimiento oficial de las competencias adquiridas por estos a lo largo de su experiencia profesional.<\/li>\n<\/ul>\n<p>&nbsp;<\/p>\n<p>La colaboraci\u00f3n contempla actuaciones de difusi\u00f3n, informaci\u00f3n y comunicaci\u00f3n:<\/p>\n<ul>\n<li>Informaci\u00f3n y orientaci\u00f3n a las personas interesadas en el procedimiento de evaluaci\u00f3n y acreditaci\u00f3n de competencias profesionales (PEAC) acerca de los requisitos exigibles para presentar una solicitud de participaci\u00f3n, las fases del procedimiento, c\u00f3mo se desarrolla, sus derechos y obligaciones, las acreditaciones oficiales que pueden obtener y los efectos de estas.<\/li>\n<\/ul>\n<p>&nbsp;<\/p>\n<ul>\n<li>Difusi\u00f3n y comunicaci\u00f3n de los procedimientos de evaluaci\u00f3n y acreditaci\u00f3n de competencias profesionales entre las empresas y la poblaci\u00f3n activa aragonesa con la finalidad de incrementar la participaci\u00f3n de personas en el PEAC.<\/li>\n<\/ul>\n<p>[\/vc_column_text][\/vc_column_inner][vc_column_inner width=\u00bb1\/2&#8243;][vc_single_image image=\u00bb3892&#8243; img_size=\u00bbfull\u00bb alignment=\u00bbcenter\u00bb style=\u00bbvc_box_shadow\u00bb qode_css_animation=\u00bb\u00bb][\/vc_column_inner][\/vc_row_inner][vc_empty_space height=\u00bb64&#8243;][vc_column_text]<\/p>\n<p style=\"text-align: left;\">Durante 2024 m\u00e1s de <strong>375 personas fueron informadas y orientadas en el PEAC<\/strong>, respecto a la actuaci\u00f3n de difusi\u00f3n y comunicaci\u00f3n a las empresas y poblaci\u00f3n activa aragonesa, se han llevado a cabo jornadas formativas y campa\u00f1as de sensibilizaci\u00f3n para informar a trabajadores y empleadores sobre las ventajas del PEAC y c\u00f3mo acceder a este procedimiento.<\/p>\n<p>&nbsp;<\/p>\n<p style=\"text-align: left;\">Hemos tratado de identificar sectores para los que la acreditaci\u00f3n resultara prioritaria, se han difundido m\u00faltiples contenidos, as\u00ed como noticias e informaci\u00f3n sobre el PEAC a trav\u00e9s de las redes sociales m\u00e1s extendidas: Twitter. LinkedIn e Instagram.<\/p>\n<p>&nbsp;<\/p>\n<p style=\"text-align: left;\">En resumen, el PEAC en Arag\u00f3n, en colaboraci\u00f3n con CEPYME Arag\u00f3n, constituye una herramienta fundamental para reconocer y acreditar las competencias profesionales de las personas trabajadoras, contribuyendo a su desarrollo profesional y a la mejora de la competitividad del tejido empresarial.<\/p>\n<p>[\/vc_column_text][\/vc_column][\/vc_row][vc_row css_animation=\u00bb\u00bb row_type=\u00bbrow\u00bb use_row_as_full_screen_section=\u00bbno\u00bb type=\u00bbfull_width\u00bb angled_section=\u00bbno\u00bb text_align=\u00bbleft\u00bb background_image_as_pattern=\u00bbwithout_pattern\u00bb][vc_column][vc_empty_space height=\u00bb64&#8243;][\/vc_column][\/vc_row]<\/p>\n","protected":false},"excerpt":{"rendered":"<p>[vc_row css_animation=\u00bb\u00bb row_type=\u00bbrow\u00bb use_row_as_full_screen_section=\u00bbno\u00bb type=\u00bbfull_width\u00bb angled_section=\u00bbno\u00bb text_align=\u00bbleft\u00bb background_image_as_pattern=\u00bbwithout_pattern\u00bb z_index=\u00bb\u00bb][vc_column][vc_empty_space][vc_single_image image=\u00bb28&#8243; img_size=\u00bbmedium\u00bb onclick=\u00bbcustom_link\u00bb qode_css_animation=\u00bb\u00bb link=\u00bbhttps:\/\/memoria.cepymearagon.es\/index.php\/2024-2\/\u00bb][vc_empty_space][\/vc_column][\/vc_row][vc_row css_animation=\u00bb\u00bb row_type=\u00bbrow\u00bb use_row_as_full_screen_section=\u00bbyes\u00bb type=\u00bbfull_width\u00bb angled_section=\u00bbno\u00bb text_align=\u00bbleft\u00bb background_image_as_pattern=\u00bbwithout_pattern\u00bb z_index=\u00bb\u00bb][vc_column][vc_empty_space][vc_row_inner row_type=\u00bbrow\u00bb type=\u00bbfull_width\u00bb text_align=\u00bbcenter\u00bb css_animation=\u00bb\u00bb][vc_column_inner][custom_font font_size=\u00bb60&#8243; line_height=\u00bb\u00bb font_style=\u00bbnormal\u00bb text_align=\u00bbcenter\u00bb font_weight=\u00bb500&#8243; text_decoration=\u00bbnone\u00bb text_shadow=\u00bbyes\u00bb color=\u00bb#144733&#8243;] PEAC [\/custom_font][\/vc_column_inner][\/vc_row_inner][vc_empty_space height=\u00bb80&#8243;][\/vc_column][\/vc_row][vc_row css_animation=\u00bb\u00bb row_type=\u00bbrow\u00bb use_row_as_full_screen_section=\u00bbno\u00bb type=\u00bbgrid\u00bb angled_section=\u00bbno\u00bb text_align=\u00bbleft\u00bb background_image_as_pattern=\u00bbwithout_pattern\u00bb z_index=\u00bb\u00bb][vc_column width=\u00bb1\/3&#8243;][\/vc_column][vc_column width=\u00bb1\/3&#8243;][counter type=\u00bbzero\u00bb box=\u00bbno\u00bb position=\u00bbcenter\u00bb font_weight=\u00bb600&#8243; text_font_weight=\u00bb500&#8243; separator=\u00bbyes\u00bb digit=\u00bb375&#8243; font_color=\u00bbrgba(20,71,51,0.75)\u00bb [&hellip;]<\/p>\n","protected":false},"author":2,"featured_media":0,"parent":0,"menu_order":0,"comment_status":"closed","ping_status":"closed","template":"landing_page.php","meta":{"footnotes":""},"class_list":["post-3889","page","type-page","status-publish","hentry"],"_links":{"self":[{"href":"https:\/\/memoria.cepymearagon.es\/index.php\/wp-json\/wp\/v2\/pages\/3889","targetHints":{"allow":["GET"]}}],"collection":[{"href":"https:\/\/memoria.cepymearagon.es\/index.php\/wp-json\/wp\/v2\/pages"}],"about":[{"href":"https:\/\/memoria.cepymearagon.es\/index.php\/wp-json\/wp\/v2\/types\/page"}],"author":[{"embeddable":true,"href":"https:\/\/memoria.cepymearagon.es\/index.php\/wp-json\/wp\/v2\/users\/2"}],"replies":[{"embeddable":true,"href":"https:\/\/memoria.cepymearagon.es\/index.php\/wp-json\/wp\/v2\/comments?post=3889"}],"version-history":[{"count":5,"href":"https:\/\/memoria.cepymearagon.es\/index.php\/wp-json\/wp\/v2\/pages\/3889\/revisions"}],"predecessor-version":[{"id":3897,"href":"https:\/\/memoria.cepymearagon.es\/index.php\/wp-json\/wp\/v2\/pages\/3889\/revisions\/3897"}],"wp:attachment":[{"href":"https:\/\/memoria.cepymearagon.es\/index.php\/wp-json\/wp\/v2\/media?parent=3889"}],"curies":[{"name":"wp","href":"https:\/\/api.w.org\/{rel}","templated":true}]}}