{"id":3433,"date":"2024-01-17T12:51:34","date_gmt":"2024-01-17T12:51:34","guid":{"rendered":"http:\/\/memoria.cepymearagon.es\/?page_id=3433"},"modified":"2024-02-15T08:59:14","modified_gmt":"2024-02-15T08:59:14","slug":"2023-2","status":"publish","type":"page","link":"https:\/\/memoria.cepymearagon.es\/index.php\/2023-2\/","title":{"rendered":"2023"},"content":{"rendered":"<p>[vc_row css_animation=\u00bb\u00bb row_type=\u00bbrow\u00bb use_row_as_full_screen_section=\u00bbno\u00bb type=\u00bbfull_width\u00bb angled_section=\u00bbno\u00bb text_align=\u00bbleft\u00bb background_image_as_pattern=\u00bbwithout_pattern\u00bb][vc_column][vc_empty_space][vc_row_inner row_type=\u00bbrow\u00bb type=\u00bbfull_width\u00bb text_align=\u00bbleft\u00bb css_animation=\u00bb\u00bb][vc_column_inner width=\u00bb1\/2&#8243;][vc_single_image image=\u00bb28&#8243; img_size=\u00bbmedium\u00bb alignment=\u00bbright\u00bb onclick=\u00bbcustom_link\u00bb qode_css_animation=\u00bb\u00bb link=\u00bbhttps:\/\/memoria.cepymearagon.es\/index.php\/2023-2\/\u00bb][\/vc_column_inner][vc_column_inner width=\u00bb1\/2&#8243;][custom_font font_size=\u00bb40&#8243; line_height=\u00bb26&#8243; font_style=\u00bbnormal\u00bb text_align=\u00bbleft\u00bb font_weight=\u00bb300&#8243; text_decoration=\u00bbnone\u00bb text_shadow=\u00bbyes\u00bb]<\/p>\n<p>Memoria<\/p>\n<p>de actividades<\/p>\n<p>2023<\/p>\n<p>[\/custom_font][\/vc_column_inner][\/vc_row_inner][vc_empty_space][\/vc_column][\/vc_row][vc_row css_animation=\u00bb\u00bb row_type=\u00bbrow\u00bb use_row_as_full_screen_section=\u00bbno\u00bb type=\u00bbfull_width\u00bb angled_section=\u00bbno\u00bb text_align=\u00bbleft\u00bb background_image_as_pattern=\u00bbwithout_pattern\u00bb][vc_column css_animation=\u00bbnone\u00bb width=\u00bb1\/5&#8243; css=\u00bb.vc_custom_1705493262368{margin-bottom: 50px !important;}\u00bb][image_with_text_over icon_size=\u00bbfa-lg\u00bb title_tag=\u00bbh2&#8243; image=\u00bb3488&#8243; title_color=\u00bb#ffffff\u00bb title=\u00bbNuestra organizaci\u00f3n\u00bb]<\/p>\n<h3><a href=\"https:\/\/memoria.cepymearagon.es\/index.php\/2023-nuestra-organizacion\/\"><span style=\"color: #ffffff;\">\u00bfQui\u00e9nes somos?<\/span><\/a><\/h3>\n<h3><a href=\"https:\/\/memoria.cepymearagon.es\/index.php\/2023-nuestra-organizacion\/\"><span style=\"color: #ffffff;\">Misi\u00f3n, visi\u00f3n y valores<\/span><\/a><\/h3>\n<h3><a href=\"https:\/\/memoria.cepymearagon.es\/index.php\/2023-nuestra-organizacion\/\"><span style=\"color: #ffffff;\">Junta Directiva<\/span><\/a><\/h3>\n<h3><a href=\"https:\/\/memoria.cepymearagon.es\/index.php\/2023-nuestra-organizacion\/\"><span style=\"color: #ffffff;\">Asamblea General<\/span><\/a><\/h3>\n<p>[\/image_with_text_over][\/vc_column][vc_column width=\u00bb1\/5&#8243;][image_with_text_over icon_size=\u00bbfa-lg\u00bb title_tag=\u00bbh2&#8243; image=\u00bb3491&#8243; title_color=\u00bb#ffffff\u00bb title=\u00bbNuestros servicios\u00bb]<\/p>\n<h3><a href=\"https:\/\/memoria.cepymearagon.es\/index.php\/2023-nuestros-servicios\/\"><span style=\"color: #ffffff;\">CALIDAD<\/span><\/a><\/h3>\n<h3><a href=\"https:\/\/memoria.cepymearagon.es\/index.php\/2023-nuestros-servicios\/\"><span style=\"color: #ffffff;\">COMUNICACI\u00d3N<\/span><\/a><\/h3>\n<h3><a href=\"https:\/\/memoria.cepymearagon.es\/index.php\/2023-nuestros-servicios\/\"><span style=\"color: #ffffff;\">FORMACI\u00d3N<\/span><\/a><\/h3>\n<h3><a href=\"https:\/\/memoria.cepymearagon.es\/index.php\/2023-nuestros-servicios\/\"><span style=\"color: #ffffff;\">EMPLEO<\/span><\/a><\/h3>\n<h3><a href=\"https:\/\/memoria.cepymearagon.es\/index.php\/2023-nuestros-servicios\/\"><span style=\"color: #ffffff;\">IGUALDAD<\/span><\/a><\/h3>\n<h3><a href=\"https:\/\/memoria.cepymearagon.es\/index.php\/2023-nuestros-servicios\/\"><span style=\"color: #ffffff;\">MEDIOAMBIENTE<\/span><\/a><\/h3>\n<h3><a href=\"https:\/\/memoria.cepymearagon.es\/index.php\/2023-nuestros-servicios\/\"><span style=\"color: #ffffff;\">PREVENCI\u00d3N DE RIESGOS LABORALES<\/span><\/a><\/h3>\n<p>[\/image_with_text_over][\/vc_column][vc_column width=\u00bb1\/5&#8243;][image_with_text_over icon_size=\u00bbfa-lg\u00bb title_tag=\u00bbh2&#8243; image=\u00bb3498&#8243; title_color=\u00bb#ffffff\u00bb title=\u00bbActividades\u00bb]<\/p>\n<h3><a href=\"https:\/\/memoria.cepymearagon.es\/index.php\/2023-actividades\/\"><span style=\"color: #ffffff;\">Actividades del a\u00f1o<\/span><\/a><\/h3>\n<p>[\/image_with_text_over][\/vc_column][vc_column width=\u00bb1\/5&#8243;][image_with_text_over icon_size=\u00bbfa-lg\u00bb title_tag=\u00bbh2&#8243; image=\u00bb3494&#8243; title_color=\u00bb#ffffff\u00bb title=\u00bbResponsabilidad Social\u00bb]<\/p>\n<h3><a href=\"https:\/\/memoria.cepymearagon.es\/index.php\/2023-responsabilidad-social\/\"><span style=\"color: #ffffff;\">Plan RSA<\/span><\/a><\/h3>\n<h3><a href=\"https:\/\/memoria.cepymearagon.es\/index.php\/2023-responsabilidad-social\/\"><span style=\"color: #ffffff;\">Pacto Mundial<\/span><\/a><\/h3>\n<h3><a href=\"https:\/\/memoria.cepymearagon.es\/index.php\/2023-responsabilidad-social\/\"><span style=\"color: #ffffff;\">Iniciativas solidarias<\/span><\/a><\/h3>\n<p>[\/image_with_text_over][\/vc_column][vc_column width=\u00bb1\/5&#8243;][image_with_text_over icon_size=\u00bbfa-lg\u00bb title_tag=\u00bbh2&#8243; image=\u00bb3495&#8243; title_color=\u00bb#ffffff\u00bb title=\u00bbConfederaciones provinciales\u00bb]<\/p>\n<h3><a href=\"https:\/\/memoria.cepymearagon.es\/index.php\/2023-confederaciones-provinciales\/\"><span style=\"color: #ffffff;\">CEOE CEPYME Huesca<\/span><\/a><\/h3>\n<h3><a href=\"https:\/\/memoria.cepymearagon.es\/index.php\/2023-confederaciones-provinciales\/\"><span style=\"color: #ffffff;\">CEPYME Zaragoza<\/span><\/a><\/h3>\n<h3><a href=\"https:\/\/memoria.cepymearagon.es\/index.php\/2023-confederaciones-provinciales\/\"><span style=\"color: #ffffff;\">CEPYME Teruel<\/span><\/a><\/h3>\n<p>[\/image_with_text_over][\/vc_column][\/vc_row][vc_row css_animation=\u00bb\u00bb row_type=\u00bbrow\u00bb use_row_as_full_screen_section=\u00bbno\u00bb type=\u00bbfull_width\u00bb angled_section=\u00bbno\u00bb text_align=\u00bbleft\u00bb background_image_as_pattern=\u00bbwithout_pattern\u00bb][vc_column][vc_single_image image=\u00bb3466&#8243; img_size=\u00bblarge\u00bb alignment=\u00bbcenter\u00bb qode_css_animation=\u00bb\u00bb][\/vc_column][\/vc_row]<\/p>\n","protected":false},"excerpt":{"rendered":"<p>[vc_row css_animation=\u00bb\u00bb row_type=\u00bbrow\u00bb use_row_as_full_screen_section=\u00bbno\u00bb type=\u00bbfull_width\u00bb angled_section=\u00bbno\u00bb text_align=\u00bbleft\u00bb background_image_as_pattern=\u00bbwithout_pattern\u00bb][vc_column][vc_empty_space][vc_row_inner row_type=\u00bbrow\u00bb type=\u00bbfull_width\u00bb text_align=\u00bbleft\u00bb css_animation=\u00bb\u00bb][vc_column_inner width=\u00bb1\/2&#8243;][vc_single_image image=\u00bb28&#8243; img_size=\u00bbmedium\u00bb alignment=\u00bbright\u00bb onclick=\u00bbcustom_link\u00bb qode_css_animation=\u00bb\u00bb link=\u00bbhttps:\/\/memoria.cepymearagon.es\/index.php\/2023-2\/\u00bb][\/vc_column_inner][vc_column_inner width=\u00bb1\/2&#8243;][custom_font font_size=\u00bb40&#8243; line_height=\u00bb26&#8243; font_style=\u00bbnormal\u00bb text_align=\u00bbleft\u00bb font_weight=\u00bb300&#8243; text_decoration=\u00bbnone\u00bb text_shadow=\u00bbyes\u00bb] Memoria de actividades 2023 [\/custom_font][\/vc_column_inner][\/vc_row_inner][vc_empty_space][\/vc_column][\/vc_row][vc_row css_animation=\u00bb\u00bb row_type=\u00bbrow\u00bb use_row_as_full_screen_section=\u00bbno\u00bb type=\u00bbfull_width\u00bb angled_section=\u00bbno\u00bb text_align=\u00bbleft\u00bb background_image_as_pattern=\u00bbwithout_pattern\u00bb][vc_column css_animation=\u00bbnone\u00bb width=\u00bb1\/5&#8243; css=\u00bb.vc_custom_1705493262368{margin-bottom: 50px !important;}\u00bb][image_with_text_over icon_size=\u00bbfa-lg\u00bb title_tag=\u00bbh2&#8243; image=\u00bb3488&#8243; title_color=\u00bb#ffffff\u00bb title=\u00bbNuestra organizaci\u00f3n\u00bb] \u00bfQui\u00e9nes somos? Misi\u00f3n, visi\u00f3n y [&hellip;]<\/p>\n","protected":false},"author":2,"featured_media":0,"parent":0,"menu_order":0,"comment_status":"closed","ping_status":"closed","template":"landing_page.php","meta":{"footnotes":""},"class_list":["post-3433","page","type-page","status-publish","hentry"],"_links":{"self":[{"href":"https:\/\/memoria.cepymearagon.es\/index.php\/wp-json\/wp\/v2\/pages\/3433","targetHints":{"allow":["GET"]}}],"collection":[{"href":"https:\/\/memoria.cepymearagon.es\/index.php\/wp-json\/wp\/v2\/pages"}],"about":[{"href":"https:\/\/memoria.cepymearagon.es\/index.php\/wp-json\/wp\/v2\/types\/page"}],"author":[{"embeddable":true,"href":"https:\/\/memoria.cepymearagon.es\/index.php\/wp-json\/wp\/v2\/users\/2"}],"replies":[{"embeddable":true,"href":"https:\/\/memoria.cepymearagon.es\/index.php\/wp-json\/wp\/v2\/comments?post=3433"}],"version-history":[{"count":63,"href":"https:\/\/memoria.cepymearagon.es\/index.php\/wp-json\/wp\/v2\/pages\/3433\/revisions"}],"predecessor-version":[{"id":3702,"href":"https:\/\/memoria.cepymearagon.es\/index.php\/wp-json\/wp\/v2\/pages\/3433\/revisions\/3702"}],"wp:attachment":[{"href":"https:\/\/memoria.cepymearagon.es\/index.php\/wp-json\/wp\/v2\/media?parent=3433"}],"curies":[{"name":"wp","href":"https:\/\/api.w.org\/{rel}","templated":true}]}}