{"id":322,"date":"2019-02-13T14:45:51","date_gmt":"2019-02-13T14:45:51","guid":{"rendered":"http:\/\/memoria.cepymearagon.es\/?page_id=322"},"modified":"2019-03-29T11:19:13","modified_gmt":"2019-03-29T11:19:13","slug":"asamblea-general","status":"publish","type":"page","link":"https:\/\/memoria.cepymearagon.es\/index.php\/asamblea-general\/","title":{"rendered":"Asamblea General"},"content":{"rendered":"<p>[vc_row css_animation=\u00bbelement_from_top\u00bb row_type=\u00bbrow\u00bb use_row_as_full_screen_section=\u00bbno\u00bb type=\u00bbgrid\u00bb angled_section=\u00bbno\u00bb text_align=\u00bbright\u00bb background_image_as_pattern=\u00bbwithout_pattern\u00bb z_index=\u00bb\u00bb css=\u00bb.vc_custom_1553857490485{background-position: 0 0 !important;background-repeat: no-repeat !important;}\u00bb][vc_column][vc_empty_space height=\u00bb15px\u00bb][icons icon=\u00bbfa-arrow-left\u00bb size=\u00bbfa-2x\u00bb type=\u00bbcircle\u00bb link=\u00bbjavascript:history.back()\u00bb target=\u00bb_self\u00bb icon_color=\u00bb#ffffff\u00bb background_color=\u00bb#144733&#8243; icon_hover_color=\u00bb#144733&#8243;][vc_empty_space height=\u00bb15px\u00bb][\/vc_column][\/vc_row][vc_row css_animation=\u00bbelement_from_top\u00bb row_type=\u00bbrow\u00bb use_row_as_full_screen_section=\u00bbno\u00bb type=\u00bbgrid\u00bb angled_section=\u00bbno\u00bb text_align=\u00bbleft\u00bb background_image_as_pattern=\u00bbwithout_pattern\u00bb z_index=\u00bb\u00bb][vc_column][vc_single_image image=\u00bb323&#8243; img_size=\u00bbfull\u00bb alignment=\u00bbcenter\u00bb style=\u00bbvc_box_shadow_3d\u00bb qode_css_animation=\u00bbelement_from_top\u00bb][vc_empty_space height=\u00bb50&#8243;][icon_text box_type=\u00bbnormal\u00bb icon=\u00bbfa-calendar-o\u00bb icon_type=\u00bbnormal\u00bb icon_position=\u00bbtop\u00bb icon_size=\u00bbfa-2x\u00bb use_custom_icon_size=\u00bbno\u00bb icon_animation=\u00bbq_icon_animation\u00bb title=\u00bbCalendario de reuniones\u00bb title_tag=\u00bbh2&#8243; separator=\u00bbno\u00bb][vc_empty_space height=\u00bb50&#8243;][\/vc_column][\/vc_row][vc_row css_animation=\u00bbelement_from_top\u00bb row_type=\u00bbrow\u00bb use_row_as_full_screen_section=\u00bbno\u00bb type=\u00bbgrid\u00bb angled_section=\u00bbno\u00bb text_align=\u00bbleft\u00bb background_image_as_pattern=\u00bbwithout_pattern\u00bb z_index=\u00bb\u00bb][vc_column][qode_horizontal_timeline][qode_horizontal_timeline_item timeline_label=\u00bb19 marzo\u00bb timeline_date=\u00bb19\/03\/2019&#8243; content_image=\u00bb325&#8243;][icon_text box_type=\u00bbnormal\u00bb icon=\u00bbfa-calendar\u00bb icon_type=\u00bbcircle\u00bb icon_position=\u00bbleft_from_title\u00bb icon_size=\u00bbfa-lg\u00bb use_custom_icon_size=\u00bbno\u00bb title=\u00bbAsamblea General\u00bb separator=\u00bbno\u00bb icon_border_color=\u00bb#004631&#8243; icon_color=\u00bb#004631&#8243; icon_hover_color=\u00bb#cad327&#8243; icon_background_color=\u00bb#cad327&#8243; icon_hover_background_color=\u00bb#004631&#8243;][\/qode_horizontal_timeline_item][\/qode_horizontal_timeline][vc_empty_space height=\u00bb80&#8243;][\/vc_column][\/vc_row][vc_row css_animation=\u00bb\u00bb row_type=\u00bbrow\u00bb use_row_as_full_screen_section=\u00bbno\u00bb type=\u00bbgrid\u00bb angled_section=\u00bbno\u00bb text_align=\u00bbleft\u00bb background_image_as_pattern=\u00bbwithout_pattern\u00bb z_index=\u00bb\u00bb][vc_column][vc_row_inner row_type=\u00bbrow\u00bb type=\u00bbfull_width\u00bb text_align=\u00bbcenter\u00bb css_animation=\u00bbelement_from_top\u00bb][vc_column_inner][icon_text box_type=\u00bbnormal\u00bb icon=\u00bbfa-address-book-o\u00bb icon_type=\u00bbnormal\u00bb icon_position=\u00bbtop\u00bb icon_size=\u00bbfa-2x\u00bb use_custom_icon_size=\u00bbno\u00bb icon_animation=\u00bbq_icon_animation\u00bb title=\u00bbEstructura\u00bb title_tag=\u00bbh2&#8243; separator=\u00bbno\u00bb][\/vc_column_inner][\/vc_row_inner][\/vc_column][\/vc_row][vc_row row_type=\u00bbexpandable\u00bb text_align=\u00bbcenter\u00bb color=\u00bb#004631&#8243; hover_color=\u00bb#cad327&#8243; more_button_label=\u00bbPor CEPYME Zaragoza\u00bb less_button_label=\u00bbPor CEPYME Zaragoza\u00bb expandable_content_top_padding=\u00bb20&#8243;][vc_column width=\u00bb1\/6&#8243;][\/vc_column][vc_column width=\u00bb1\/6&#8243;][icon_list_item icon=\u00bbfa-male\u00bb icon_type=\u00bbcircle\u00bb title_font_weight=\u00bb700&#8243; title=\u00bbAlmud\u00e9var, Ignacio\u00bb title_size=\u00bb20&#8243; margin_bottom=\u00bb-15&#8243; icon_color=\u00bb#004631&#8243; icon_background_color=\u00bb#cad327&#8243; icon_border_color=\u00bb#004631&#8243;][vc_empty_space height=\u00bb45&#8243;][icon_list_item icon=\u00bbfa-male\u00bb icon_type=\u00bbcircle\u00bb title_font_weight=\u00bb700&#8243; title=\u00bbAzn\u00e1rez, Gregorio\u00bb title_size=\u00bb20&#8243; margin_bottom=\u00bb-15&#8243; icon_color=\u00bb#004631&#8243; icon_background_color=\u00bb#cad327&#8243; icon_border_color=\u00bb#004631&#8243;][vc_empty_space height=\u00bb45&#8243;][icon_list_item icon=\u00bbfa-male\u00bb icon_type=\u00bbcircle\u00bb title_font_weight=\u00bb700&#8243; title=\u00bbG\u00f3mez, Jos\u00e9 Mar\u00eda\u00bb title_size=\u00bb20&#8243; margin_bottom=\u00bb-15&#8243; icon_color=\u00bb#004631&#8243; icon_background_color=\u00bb#cad327&#8243; icon_border_color=\u00bb#004631&#8243;][vc_empty_space height=\u00bb45&#8243;][icon_list_item icon=\u00bbfa-female\u00bb icon_type=\u00bbcircle\u00bb title_font_weight=\u00bb700&#8243; title=\u00bbLuque, Cristina\u00bb title_size=\u00bb20&#8243; margin_bottom=\u00bb-15&#8243; icon_color=\u00bb#004631&#8243; icon_background_color=\u00bb#cad327&#8243; icon_border_color=\u00bb#004631&#8243;][vc_empty_space height=\u00bb45&#8243;][icon_list_item icon=\u00bbfa-male\u00bb icon_type=\u00bbcircle\u00bb title_font_weight=\u00bb700&#8243; title=\u00bbMichell, Federico\u00bb title_size=\u00bb20&#8243; margin_bottom=\u00bb-15&#8243; icon_color=\u00bb#004631&#8243; icon_background_color=\u00bb#cad327&#8243; icon_border_color=\u00bb#004631&#8243;][vc_empty_space height=\u00bb45&#8243;][icon_list_item icon=\u00bbfa-female\u00bb icon_type=\u00bbcircle\u00bb title_font_weight=\u00bb700&#8243; title=\u00bbSegura, Felicidad\u00bb title_size=\u00bb20&#8243; margin_bottom=\u00bb-15&#8243; icon_color=\u00bb#004631&#8243; icon_background_color=\u00bb#cad327&#8243; icon_border_color=\u00bb#004631&#8243;][\/vc_column][vc_column width=\u00bb1\/6&#8243;][icon_list_item icon=\u00bbfa-female\u00bb icon_type=\u00bbcircle\u00bb title_font_weight=\u00bb700&#8243; title=\u00bbAlonso, Mar\u00eda Jos\u00e9\u00bb title_size=\u00bb20&#8243; margin_bottom=\u00bb-15&#8243; icon_color=\u00bb#004631&#8243; icon_background_color=\u00bb#cad327&#8243; icon_border_color=\u00bb#004631&#8243;][vc_empty_space height=\u00bb45&#8243;][icon_list_item icon=\u00bbfa-male\u00bb icon_type=\u00bbcircle\u00bb title_font_weight=\u00bb700&#8243; title=\u00bbCompadre, Miguel \u00c1.\u00bb title_size=\u00bb20&#8243; margin_bottom=\u00bb-15&#8243; icon_color=\u00bb#004631&#8243; icon_background_color=\u00bb#cad327&#8243; icon_border_color=\u00bb#004631&#8243;][vc_empty_space height=\u00bb45&#8243;][icon_list_item icon=\u00bbfa-female\u00bb icon_type=\u00bbcircle\u00bb title_font_weight=\u00bb700&#8243; title=\u00bbL\u00e1zaro, Ruth\u00bb title_size=\u00bb20&#8243; margin_bottom=\u00bb-15&#8243; icon_color=\u00bb#004631&#8243; icon_background_color=\u00bb#cad327&#8243; icon_border_color=\u00bb#004631&#8243;][vc_empty_space height=\u00bb45&#8243;][icon_list_item icon=\u00bbfa-male\u00bb icon_type=\u00bbcircle\u00bb title_font_weight=\u00bb700&#8243; title=\u00bbMarc\u00e9n, Jos\u00e9 Mar\u00eda\u00bb title_size=\u00bb20&#8243; margin_bottom=\u00bb-15&#8243; icon_color=\u00bb#004631&#8243; icon_background_color=\u00bb#cad327&#8243; icon_border_color=\u00bb#004631&#8243;][vc_empty_space height=\u00bb45&#8243;][icon_list_item icon=\u00bbfa-male\u00bb icon_type=\u00bbcircle\u00bb title_font_weight=\u00bb700&#8243; title=\u00bbPresencio, Antonio\u00bb title_size=\u00bb20&#8243; margin_bottom=\u00bb-15&#8243; icon_color=\u00bb#004631&#8243; icon_background_color=\u00bb#cad327&#8243; icon_border_color=\u00bb#004631&#8243;][vc_empty_space height=\u00bb45&#8243;][icon_list_item icon=\u00bbfa-female\u00bb icon_type=\u00bbcircle\u00bb title_font_weight=\u00bb700&#8243; title=\u00bbSoto, Pilar\u00bb title_size=\u00bb20&#8243; margin_bottom=\u00bb-15&#8243; icon_color=\u00bb#004631&#8243; icon_background_color=\u00bb#cad327&#8243; icon_border_color=\u00bb#004631&#8243;][\/vc_column][vc_column width=\u00bb1\/6&#8243;][icon_list_item icon=\u00bbfa-male\u00bb icon_type=\u00bbcircle\u00bb title_font_weight=\u00bb700&#8243; title=\u00bbAmaro, Julio\u00bb title_size=\u00bb20&#8243; margin_bottom=\u00bb-15&#8243; icon_color=\u00bb#004631&#8243; icon_background_color=\u00bb#cad327&#8243; icon_border_color=\u00bb#004631&#8243;][vc_empty_space height=\u00bb45&#8243;][icon_list_item icon=\u00bbfa-male\u00bb icon_type=\u00bbcircle\u00bb title_font_weight=\u00bb700&#8243; title=\u00bbFerrer, Javier\u00bb title_size=\u00bb20&#8243; margin_bottom=\u00bb-15&#8243; icon_color=\u00bb#004631&#8243; icon_background_color=\u00bb#cad327&#8243; icon_border_color=\u00bb#004631&#8243;][vc_empty_space height=\u00bb45&#8243;][icon_list_item icon=\u00bbfa-male\u00bb icon_type=\u00bbcircle\u00bb title_font_weight=\u00bb700&#8243; title=\u00bbL\u00f3pez de Hita, Aurelio\u00bb title_size=\u00bb20&#8243; margin_bottom=\u00bb-15&#8243; icon_color=\u00bb#004631&#8243; icon_background_color=\u00bb#cad327&#8243; icon_border_color=\u00bb#004631&#8243;][vc_empty_space height=\u00bb45&#8243;][icon_list_item icon=\u00bbfa-male\u00bb icon_type=\u00bbcircle\u00bb title_font_weight=\u00bb700&#8243; title=\u00bbM\u00e1rquez, Juan Pedro\u00bb title_size=\u00bb20&#8243; margin_bottom=\u00bb-15&#8243; icon_color=\u00bb#004631&#8243; icon_background_color=\u00bb#cad327&#8243; icon_border_color=\u00bb#004631&#8243;][vc_empty_space height=\u00bb45&#8243;][icon_list_item icon=\u00bbfa-male\u00bb icon_type=\u00bbcircle\u00bb title_font_weight=\u00bb700&#8243; title=\u00bbR\u00edos, Zoilo\u00bb title_size=\u00bb20&#8243; margin_bottom=\u00bb-15&#8243; icon_color=\u00bb#004631&#8243; icon_background_color=\u00bb#cad327&#8243; icon_border_color=\u00bb#004631&#8243;][vc_empty_space height=\u00bb45&#8243;][icon_list_item icon=\u00bbfa-male\u00bb icon_type=\u00bbcircle\u00bb title_font_weight=\u00bb700&#8243; title=\u00bbUs\u00e1n, Ad\u00e1n\u00bb title_size=\u00bb20&#8243; margin_bottom=\u00bb-15&#8243; icon_color=\u00bb#004631&#8243; icon_background_color=\u00bb#cad327&#8243; icon_border_color=\u00bb#004631&#8243;][\/vc_column][vc_column width=\u00bb1\/6&#8243;][icon_list_item icon=\u00bbfa-male\u00bb icon_type=\u00bbcircle\u00bb title_font_weight=\u00bb700&#8243; title=\u00bbAparicio, Luis\u00bb title_size=\u00bb20&#8243; margin_bottom=\u00bb-15&#8243; icon_color=\u00bb#004631&#8243; icon_background_color=\u00bb#cad327&#8243; icon_border_color=\u00bb#004631&#8243;][vc_empty_space height=\u00bb45&#8243;][icon_list_item icon=\u00bbfa-male\u00bb icon_type=\u00bbcircle\u00bb title_font_weight=\u00bb700&#8243; title=\u00bbGarc\u00eda, Antonio\u00bb title_size=\u00bb20&#8243; margin_bottom=\u00bb-15&#8243; icon_color=\u00bb#004631&#8243; icon_background_color=\u00bb#cad327&#8243; icon_border_color=\u00bb#004631&#8243;][vc_empty_space height=\u00bb45&#8243;][icon_list_item icon=\u00bbfa-male\u00bb icon_type=\u00bbcircle\u00bb title_font_weight=\u00bb700&#8243; title=\u00bbL\u00f3pez-Montenegro, Santiago\u00bb title_size=\u00bb20&#8243; margin_bottom=\u00bb-15&#8243; icon_color=\u00bb#004631&#8243; icon_background_color=\u00bb#cad327&#8243; icon_border_color=\u00bb#004631&#8243;][vc_empty_space height=\u00bb20&#8243;][icon_list_item icon=\u00bbfa-female\u00bb icon_type=\u00bbcircle\u00bb title_font_weight=\u00bb700&#8243; title=\u00bbMart\u00edn, Susana\u00bb title_size=\u00bb20&#8243; margin_bottom=\u00bb-15&#8243; icon_color=\u00bb#004631&#8243; icon_background_color=\u00bb#cad327&#8243; icon_border_color=\u00bb#004631&#8243;][vc_empty_space height=\u00bb45&#8243;][icon_list_item icon=\u00bbfa-male\u00bb icon_type=\u00bbcircle\u00bb title_font_weight=\u00bb700&#8243; title=\u00bbSanz, \u00d3scar\u00bb title_size=\u00bb20&#8243; margin_bottom=\u00bb-15&#8243; icon_color=\u00bb#004631&#8243; icon_background_color=\u00bb#cad327&#8243; icon_border_color=\u00bb#004631&#8243;][vc_empty_space height=\u00bb45&#8243;][icon_list_item icon=\u00bbfa-male\u00bb icon_type=\u00bbcircle\u00bb title_font_weight=\u00bb700&#8243; title=\u00bbVaquer, Luis\u00bb title_size=\u00bb20&#8243; margin_bottom=\u00bb-15&#8243; icon_color=\u00bb#004631&#8243; icon_background_color=\u00bb#cad327&#8243; icon_border_color=\u00bb#004631&#8243;][\/vc_column][vc_column width=\u00bb1\/6&#8243;][\/vc_column][\/vc_row][vc_row row_type=\u00bbexpandable\u00bb text_align=\u00bbcenter\u00bb color=\u00bb#004631&#8243; hover_color=\u00bb#cad327&#8243; more_button_label=\u00bbPor CEOS &#8211; CEPYME Huesca\u00bb less_button_label=\u00bbPor CEOS &#8211; CEPYME Huesca\u00bb expandable_content_top_padding=\u00bb20&#8243;][vc_column width=\u00bb1\/6&#8243;][\/vc_column][vc_column width=\u00bb1\/6&#8243;][vc_column_text]<\/p>\n<h3 style=\"text-align: left;\">Al comienzo de 2018<\/h3>\n<p>[\/vc_column_text][vc_empty_space height=\u00bb45&#8243;][icon_list_item icon=\u00bbfa-male\u00bb icon_type=\u00bbcircle\u00bb title_font_weight=\u00bb700&#8243; title=\u00bbAlag\u00f3n, Salvador\u00bb title_size=\u00bb20&#8243; margin_bottom=\u00bb-15&#8243; icon_color=\u00bb#004631&#8243; icon_background_color=\u00bb#cad327&#8243; icon_border_color=\u00bb#004631&#8243;][vc_empty_space height=\u00bb45&#8243;][icon_list_item icon=\u00bbfa-male\u00bb icon_type=\u00bbcircle\u00bb title_font_weight=\u00bb700&#8243; title=\u00bbFen\u00e9s, Santiago\u00bb title_size=\u00bb20&#8243; margin_bottom=\u00bb-15&#8243; icon_color=\u00bb#004631&#8243; icon_background_color=\u00bb#cad327&#8243; icon_border_color=\u00bb#004631&#8243;][vc_empty_space height=\u00bb45&#8243;][vc_column_text]<\/p>\n<h3 style=\"text-align: left;\">Tras las elecciones<\/h3>\n<p>[\/vc_column_text][vc_empty_space height=\u00bb45&#8243;][icon_list_item icon=\u00bbfa-male\u00bb icon_type=\u00bbcircle\u00bb title_font_weight=\u00bb700&#8243; title=\u00bbLuna, Jos\u00e9 Fernando\u00bb title_size=\u00bb20&#8243; margin_bottom=\u00bb-15&#8243; icon_color=\u00bb#004631&#8243; icon_background_color=\u00bb#cad327&#8243; icon_border_color=\u00bb#004631&#8243;][vc_empty_space height=\u00bb45&#8243;][icon_list_item icon=\u00bbfa-male\u00bb icon_type=\u00bbcircle\u00bb title_font_weight=\u00bb700&#8243; title=\u00bbCarrera, Roberto\u00bb title_size=\u00bb20&#8243; margin_bottom=\u00bb-15&#8243; icon_color=\u00bb#004631&#8243; icon_background_color=\u00bb#cad327&#8243; icon_border_color=\u00bb#004631&#8243;][\/vc_column][vc_column width=\u00bb1\/6&#8243;][vc_empty_space height=\u00bb65&#8243;][icon_list_item icon=\u00bbfa-male\u00bb icon_type=\u00bbcircle\u00bb title_font_weight=\u00bb700&#8243; title=\u00bbBistuer, Carlos\u00bb title_size=\u00bb20&#8243; margin_bottom=\u00bb-15&#8243; icon_color=\u00bb#004631&#8243; icon_background_color=\u00bb#cad327&#8243; icon_border_color=\u00bb#004631&#8243;][vc_empty_space height=\u00bb45&#8243;][icon_list_item icon=\u00bbfa-male\u00bb icon_type=\u00bbcircle\u00bb title_font_weight=\u00bb700&#8243; title=\u00bbLucas, Miguel\u00bb title_size=\u00bb20&#8243; margin_bottom=\u00bb-15&#8243; icon_color=\u00bb#004631&#8243; icon_background_color=\u00bb#cad327&#8243; icon_border_color=\u00bb#004631&#8243;][vc_empty_space height=\u00bb115&#8243;][icon_list_item icon=\u00bbfa-male\u00bb icon_type=\u00bbcircle\u00bb title_font_weight=\u00bb700&#8243; title=\u00bbArilla, Ricardo\u00bb title_size=\u00bb20&#8243; margin_bottom=\u00bb-15&#8243; icon_color=\u00bb#004631&#8243; icon_background_color=\u00bb#cad327&#8243; icon_border_color=\u00bb#004631&#8243;][vc_empty_space height=\u00bb45&#8243;][icon_list_item icon=\u00bbfa-female\u00bb icon_type=\u00bbcircle\u00bb title_font_weight=\u00bb700&#8243; title=\u00bbFern\u00e1dez, Carmen\u00bb title_size=\u00bb20&#8243; margin_bottom=\u00bb-15&#8243; icon_color=\u00bb#004631&#8243; icon_background_color=\u00bb#cad327&#8243; icon_border_color=\u00bb#004631&#8243;][\/vc_column][vc_column width=\u00bb1\/6&#8243;][vc_empty_space height=\u00bb65&#8243;][icon_list_item icon=\u00bbfa-male\u00bb icon_type=\u00bbcircle\u00bb title_font_weight=\u00bb700&#8243; title=\u00bbBuil, Jos\u00e9\u00bb title_size=\u00bb20&#8243; margin_bottom=\u00bb-15&#8243; icon_color=\u00bb#004631&#8243; icon_background_color=\u00bb#cad327&#8243; icon_border_color=\u00bb#004631&#8243;][vc_empty_space height=\u00bb45&#8243;][icon_list_item icon=\u00bbfa-male\u00bb icon_type=\u00bbcircle\u00bb title_font_weight=\u00bb700&#8243; title=\u00bbLuna, Jos\u00e9 Fernando\u00bb title_size=\u00bb20&#8243; margin_bottom=\u00bb-15&#8243; icon_color=\u00bb#004631&#8243; icon_background_color=\u00bb#cad327&#8243; icon_border_color=\u00bb#004631&#8243;][vc_empty_space height=\u00bb115&#8243;][icon_list_item icon=\u00bbfa-male\u00bb icon_type=\u00bbcircle\u00bb title_font_weight=\u00bb700&#8243; title=\u00bbBosque, Carmelo\u00bb title_size=\u00bb20&#8243; margin_bottom=\u00bb-15&#8243; icon_color=\u00bb#004631&#8243; icon_background_color=\u00bb#cad327&#8243; icon_border_color=\u00bb#004631&#8243;][vc_empty_space height=\u00bb45&#8243;][icon_list_item icon=\u00bbfa-male\u00bb icon_type=\u00bbcircle\u00bb title_font_weight=\u00bb700&#8243; title=\u00bbLucas, Miguel\u00bb title_size=\u00bb20&#8243; margin_bottom=\u00bb-15&#8243; icon_color=\u00bb#004631&#8243; icon_background_color=\u00bb#cad327&#8243; icon_border_color=\u00bb#004631&#8243;][\/vc_column][vc_column width=\u00bb1\/6&#8243;][vc_empty_space height=\u00bb65&#8243;][icon_list_item icon=\u00bbfa-male\u00bb icon_type=\u00bbcircle\u00bb title_font_weight=\u00bb700&#8243; title=\u00bbConte, Jos\u00e9\u00bb title_size=\u00bb20&#8243; margin_bottom=\u00bb-15&#8243; icon_color=\u00bb#004631&#8243; icon_background_color=\u00bb#cad327&#8243; icon_border_color=\u00bb#004631&#8243;][vc_empty_space height=\u00bb45&#8243;][icon_list_item icon=\u00bbfa-male\u00bb icon_type=\u00bbcircle\u00bb title_font_weight=\u00bb700&#8243; title=\u00bbPrado, Jos\u00e9 Juan\u00bb title_size=\u00bb20&#8243; margin_bottom=\u00bb-15&#8243; icon_color=\u00bb#004631&#8243; icon_background_color=\u00bb#cad327&#8243; icon_border_color=\u00bb#004631&#8243;][vc_empty_space height=\u00bb115&#8243;][icon_list_item icon=\u00bbfa-male\u00bb icon_type=\u00bbcircle\u00bb title_font_weight=\u00bb700&#8243; title=\u00bbBuil, Jos\u00e9\u00bb title_size=\u00bb20&#8243; margin_bottom=\u00bb-15&#8243; icon_color=\u00bb#004631&#8243; icon_background_color=\u00bb#cad327&#8243; icon_border_color=\u00bb#004631&#8243;][vc_empty_space height=\u00bb45&#8243;][icon_list_item icon=\u00bbfa-male\u00bb icon_type=\u00bbcircle\u00bb title_font_weight=\u00bb700&#8243; title=\u00bbLucas, Miguel\u00bb title_size=\u00bb20&#8243; margin_bottom=\u00bb-15&#8243; icon_color=\u00bb#004631&#8243; icon_background_color=\u00bb#cad327&#8243; icon_border_color=\u00bb#004631&#8243;][\/vc_column][vc_column width=\u00bb1\/6&#8243;][\/vc_column][\/vc_row][vc_row row_type=\u00bbexpandable\u00bb text_align=\u00bbcenter\u00bb color=\u00bb#004631&#8243; hover_color=\u00bb#cad327&#8243; more_button_label=\u00bbPor CEPYME Teruel\u00bb less_button_label=\u00bbPor CEPYME Teruel\u00bb expandable_content_top_padding=\u00bb20&#8243;][vc_column width=\u00bb1\/6&#8243;][\/vc_column][vc_column width=\u00bb1\/6&#8243;][icon_list_item icon=\u00bbfa-male\u00bb icon_type=\u00bbcircle\u00bb title_font_weight=\u00bb700&#8243; title=\u00bbCi\u00e9rcoles, Juan\u00bb title_size=\u00bb20&#8243; margin_bottom=\u00bb-15&#8243; icon_color=\u00bb#004631&#8243; icon_background_color=\u00bb#cad327&#8243; icon_border_color=\u00bb#004631&#8243;][vc_empty_space height=\u00bb45&#8243;][icon_list_item icon=\u00bbfa-male\u00bb icon_type=\u00bbcircle\u00bb title_font_weight=\u00bb700&#8243; title=\u00bbMorte, Jorge\u00bb title_size=\u00bb20&#8243; margin_bottom=\u00bb-15&#8243; icon_color=\u00bb#004631&#8243; icon_background_color=\u00bb#cad327&#8243; icon_border_color=\u00bb#004631&#8243;][\/vc_column][vc_column width=\u00bb1\/6&#8243;][icon_list_item icon=\u00bbfa-male\u00bb icon_type=\u00bbcircle\u00bb title_font_weight=\u00bb700&#8243; title=\u00bbEscuder, Juan Carlos\u00bb title_size=\u00bb20&#8243; margin_bottom=\u00bb-15&#8243; icon_color=\u00bb#004631&#8243; icon_background_color=\u00bb#cad327&#8243; icon_border_color=\u00bb#004631&#8243;][vc_empty_space height=\u00bb45&#8243;][icon_list_item icon=\u00bbfa-male\u00bb icon_type=\u00bbcircle\u00bb title_font_weight=\u00bb700&#8243; title=\u00bbP\u00e9rez, Jos\u00e9 Antonio\u00bb title_size=\u00bb20&#8243; margin_bottom=\u00bb-15&#8243; icon_color=\u00bb#004631&#8243; icon_background_color=\u00bb#cad327&#8243; icon_border_color=\u00bb#004631&#8243;][\/vc_column][vc_column width=\u00bb1\/6&#8243;][icon_list_item icon=\u00bbfa-male\u00bb icon_type=\u00bbcircle\u00bb title_font_weight=\u00bb700&#8243; title=\u00bbGuill\u00e9n, Jos\u00e9 Antonio\u00bb title_size=\u00bb20&#8243; margin_bottom=\u00bb-15&#8243; icon_color=\u00bb#004631&#8243; icon_background_color=\u00bb#cad327&#8243; icon_border_color=\u00bb#004631&#8243;][vc_empty_space height=\u00bb45&#8243;][icon_list_item icon=\u00bbfa-male\u00bb icon_type=\u00bbcircle\u00bb title_font_weight=\u00bb700&#8243; title=\u00bbSanta Isabel, Antonio\u00bb title_size=\u00bb20&#8243; margin_bottom=\u00bb-15&#8243; icon_color=\u00bb#004631&#8243; icon_background_color=\u00bb#cad327&#8243; icon_border_color=\u00bb#004631&#8243;][\/vc_column][vc_column width=\u00bb1\/6&#8243;][icon_list_item icon=\u00bbfa-male\u00bb icon_type=\u00bbcircle\u00bb title_font_weight=\u00bb700&#8243; title=\u00bbHern\u00e1ndez, Francisco\u00bb title_size=\u00bb20&#8243; margin_bottom=\u00bb-15&#8243; icon_color=\u00bb#004631&#8243; icon_background_color=\u00bb#cad327&#8243; icon_border_color=\u00bb#004631&#8243;][vc_empty_space height=\u00bb45&#8243;][icon_list_item icon=\u00bbfa-male\u00bb icon_type=\u00bbcircle\u00bb title_font_weight=\u00bb700&#8243; title=\u00bbTorre, Carlos\u00bb title_size=\u00bb20&#8243; margin_bottom=\u00bb-15&#8243; icon_color=\u00bb#004631&#8243; icon_background_color=\u00bb#cad327&#8243; icon_border_color=\u00bb#004631&#8243;][\/vc_column][vc_column width=\u00bb1\/6&#8243;][\/vc_column][\/vc_row][vc_row css_animation=\u00bb\u00bb row_type=\u00bbrow\u00bb use_row_as_full_screen_section=\u00bbno\u00bb type=\u00bbfull_width\u00bb angled_section=\u00bbno\u00bb text_align=\u00bbleft\u00bb background_image_as_pattern=\u00bbwithout_pattern\u00bb][vc_column][vc_empty_space height=\u00bb64&#8243;][\/vc_column][\/vc_row]<\/p>\n","protected":false},"excerpt":{"rendered":"<p>[vc_row css_animation=\u00bbelement_from_top\u00bb row_type=\u00bbrow\u00bb use_row_as_full_screen_section=\u00bbno\u00bb type=\u00bbgrid\u00bb angled_section=\u00bbno\u00bb text_align=\u00bbright\u00bb background_image_as_pattern=\u00bbwithout_pattern\u00bb z_index=\u00bb\u00bb css=\u00bb.vc_custom_1553857490485{background-position: 0 0 !important;background-repeat: no-repeat !important;}\u00bb][vc_column][vc_empty_space height=\u00bb15px\u00bb][icons icon=\u00bbfa-arrow-left\u00bb size=\u00bbfa-2x\u00bb type=\u00bbcircle\u00bb link=\u00bbjavascript:history.back()\u00bb target=\u00bb_self\u00bb icon_color=\u00bb#ffffff\u00bb background_color=\u00bb#144733&#8243; icon_hover_color=\u00bb#144733&#8243;][vc_empty_space height=\u00bb15px\u00bb][\/vc_column][\/vc_row][vc_row css_animation=\u00bbelement_from_top\u00bb row_type=\u00bbrow\u00bb use_row_as_full_screen_section=\u00bbno\u00bb type=\u00bbgrid\u00bb angled_section=\u00bbno\u00bb text_align=\u00bbleft\u00bb background_image_as_pattern=\u00bbwithout_pattern\u00bb z_index=\u00bb\u00bb][vc_column][vc_single_image image=\u00bb323&#8243; img_size=\u00bbfull\u00bb alignment=\u00bbcenter\u00bb style=\u00bbvc_box_shadow_3d\u00bb qode_css_animation=\u00bbelement_from_top\u00bb][vc_empty_space height=\u00bb50&#8243;][icon_text box_type=\u00bbnormal\u00bb icon=\u00bbfa-calendar-o\u00bb icon_type=\u00bbnormal\u00bb icon_position=\u00bbtop\u00bb icon_size=\u00bbfa-2x\u00bb use_custom_icon_size=\u00bbno\u00bb icon_animation=\u00bbq_icon_animation\u00bb title=\u00bbCalendario de reuniones\u00bb title_tag=\u00bbh2&#8243; separator=\u00bbno\u00bb][vc_empty_space height=\u00bb50&#8243;][\/vc_column][\/vc_row][vc_row css_animation=\u00bbelement_from_top\u00bb row_type=\u00bbrow\u00bb use_row_as_full_screen_section=\u00bbno\u00bb [&hellip;]<\/p>\n","protected":false},"author":2,"featured_media":0,"parent":0,"menu_order":0,"comment_status":"closed","ping_status":"closed","template":"landing_page.php","meta":{"footnotes":""},"class_list":["post-322","page","type-page","status-publish","hentry"],"_links":{"self":[{"href":"https:\/\/memoria.cepymearagon.es\/index.php\/wp-json\/wp\/v2\/pages\/322","targetHints":{"allow":["GET"]}}],"collection":[{"href":"https:\/\/memoria.cepymearagon.es\/index.php\/wp-json\/wp\/v2\/pages"}],"about":[{"href":"https:\/\/memoria.cepymearagon.es\/index.php\/wp-json\/wp\/v2\/types\/page"}],"author":[{"embeddable":true,"href":"https:\/\/memoria.cepymearagon.es\/index.php\/wp-json\/wp\/v2\/users\/2"}],"replies":[{"embeddable":true,"href":"https:\/\/memoria.cepymearagon.es\/index.php\/wp-json\/wp\/v2\/comments?post=322"}],"version-history":[{"count":15,"href":"https:\/\/memoria.cepymearagon.es\/index.php\/wp-json\/wp\/v2\/pages\/322\/revisions"}],"predecessor-version":[{"id":1557,"href":"https:\/\/memoria.cepymearagon.es\/index.php\/wp-json\/wp\/v2\/pages\/322\/revisions\/1557"}],"wp:attachment":[{"href":"https:\/\/memoria.cepymearagon.es\/index.php\/wp-json\/wp\/v2\/media?parent=322"}],"curies":[{"name":"wp","href":"https:\/\/api.w.org\/{rel}","templated":true}]}}