{"id":2905,"date":"2022-03-15T14:38:08","date_gmt":"2022-03-15T14:38:08","guid":{"rendered":"http:\/\/memoria.cepymearagon.es\/?page_id=2905"},"modified":"2022-03-15T14:41:30","modified_gmt":"2022-03-15T14:41:30","slug":"2021-medioambiente","status":"publish","type":"page","link":"https:\/\/memoria.cepymearagon.es\/index.php\/2021-medioambiente\/","title":{"rendered":"2021 Medioambiente"},"content":{"rendered":"<p>[vc_row css_animation=\u00bb\u00bb row_type=\u00bbrow\u00bb use_row_as_full_screen_section=\u00bbno\u00bb type=\u00bbfull_width\u00bb angled_section=\u00bbno\u00bb text_align=\u00bbleft\u00bb background_image_as_pattern=\u00bbwithout_pattern\u00bb css=\u00bb.vc_custom_1642595643522{margin-right: 5px !important;margin-left: 5px !important;background-color: #ffffff !important;}\u00bb z_index=\u00bb\u00bb][vc_column width=\u00bb1\/6&#8243;][vc_empty_space height=\u00bb10&#8243;][vc_single_image image=\u00bb28&#8243; img_size=\u00bb\u00bb onclick=\u00bbcustom_link\u00bb qode_css_animation=\u00bb\u00bb link=\u00bbhttp:\/\/memoria.cepymearagon.es\/index.php\/2021-2\/\u00bb][vc_empty_space height=\u00bb20&#8243;][\/vc_column][vc_column width=\u00bb1\/6&#8243;][vc_empty_space height=\u00bb20&#8243;][vc_column_text css=\u00bb.vc_custom_1642758861870{border-top-width: 2px !important;border-right-width: 2px !important;border-bottom-width: 2px !important;border-left-width: 2px !important;border-left-color: #114733 !important;border-left-style: solid !important;border-right-color: #114733 !important;border-right-style: solid !important;border-top-color: #114733 !important;border-top-style: solid !important;border-bottom-color: #114733 !important;border-bottom-style: solid !important;}\u00bb]<\/p>\n<p style=\"text-align: center;\"><a href=\"http:\/\/memoria.cepymearagon.es\/index.php\/2021-nuestra-organizacion\/\"><strong>NUESTRA ORGANIZACI\u00d3N<\/strong><\/a><\/p>\n<p>[\/vc_column_text][\/vc_column][vc_column width=\u00bb1\/6&#8243;][vc_empty_space height=\u00bb20&#8243;][vc_column_text css=\u00bb.vc_custom_1642758911208{border-top-width: 2px !important;border-right-width: 2px !important;border-bottom-width: 2px !important;border-left-width: 2px !important;border-left-color: #114733 !important;border-left-style: solid !important;border-right-color: #114733 !important;border-right-style: solid !important;border-top-color: #114733 !important;border-top-style: solid !important;border-bottom-color: #114733 !important;border-bottom-style: solid !important;}\u00bb]<\/p>\n<p style=\"text-align: center;\"><a href=\"http:\/\/memoria.cepymearagon.es\/index.php\/2021-nuestros-servicios\/\"><strong>NUESTROS SERVICIOS<\/strong><\/a><\/p>\n<p>[\/vc_column_text][\/vc_column][vc_column width=\u00bb1\/6&#8243;][vc_empty_space height=\u00bb20&#8243;][vc_column_text css=\u00bb.vc_custom_1642759025760{border-top-width: 2px !important;border-right-width: 2px !important;border-bottom-width: 2px !important;border-left-width: 2px !important;border-left-color: #114733 !important;border-left-style: solid !important;border-right-color: #114733 !important;border-right-style: solid !important;border-top-color: #114733 !important;border-top-style: solid !important;border-bottom-color: #114733 !important;border-bottom-style: solid !important;}\u00bb]<\/p>\n<p style=\"text-align: center;\"><a href=\"http:\/\/memoria.cepymearagon.es\/index.php\/2021-actividades\/\"><strong>ACTIVIDADES<\/strong><\/a><\/p>\n<p>[\/vc_column_text][\/vc_column][vc_column width=\u00bb1\/6&#8243;][vc_empty_space height=\u00bb20&#8243;][vc_column_text css=\u00bb.vc_custom_1642759108718{border-top-width: 2px !important;border-right-width: 2px !important;border-bottom-width: 2px !important;border-left-width: 2px !important;border-left-color: #114733 !important;border-left-style: solid !important;border-right-color: #114733 !important;border-right-style: solid !important;border-top-color: #114733 !important;border-top-style: solid !important;border-bottom-color: #114733 !important;border-bottom-style: solid !important;}\u00bb]<\/p>\n<p style=\"text-align: center;\"><a href=\"http:\/\/memoria.cepymearagon.es\/index.php\/2021-responsabilidad-social\/\"><strong>RESPONSABILIDAD SOCIAL<\/strong><\/a><\/p>\n<p>[\/vc_column_text][\/vc_column][vc_column width=\u00bb1\/6&#8243;][vc_empty_space height=\u00bb20&#8243;][vc_column_text css=\u00bb.vc_custom_1642759199812{border-top-width: 2px !important;border-right-width: 2px !important;border-bottom-width: 2px !important;border-left-width: 2px !important;border-left-color: #114733 !important;border-left-style: solid !important;border-right-color: #114733 !important;border-right-style: solid !important;border-top-color: #114733 !important;border-top-style: solid !important;border-bottom-color: #114733 !important;border-bottom-style: solid !important;}\u00bb]<\/p>\n<p style=\"text-align: center;\"><a href=\"http:\/\/memoria.cepymearagon.es\/index.php\/2021-confederaciones-provinciales\/\"><strong>CONFEDERACIONES PROVINCIALES<\/strong><\/a><\/p>\n<p>[\/vc_column_text][\/vc_column][\/vc_row][vc_row css_animation=\u00bb\u00bb row_type=\u00bbrow\u00bb use_row_as_full_screen_section=\u00bbno\u00bb type=\u00bbfull_width\u00bb angled_section=\u00bbno\u00bb text_align=\u00bbleft\u00bb video=\u00bbshow_video\u00bb video_mp4=\u00bbhttp:\/\/memoria.cepymearagon.es\/wp-content\/uploads\/2022\/01\/Background-3983.mp4&#8243; background_image_as_pattern=\u00bbwithout_pattern\u00bb z_index=\u00bb\u00bb][vc_column][vc_empty_space][vc_row_inner row_type=\u00bbrow\u00bb type=\u00bbfull_width\u00bb text_align=\u00bbleft\u00bb css_animation=\u00bb\u00bb css=\u00bb.vc_custom_1642590953878{margin-right: 5px !important;margin-left: 5px !important;}\u00bb][vc_column_inner][custom_font font_size=\u00bb70&#8243; line_height=\u00bb90&#8243; font_style=\u00bbnormal\u00bb text_align=\u00bbleft\u00bb font_weight=\u00bb600&#8243; text_decoration=\u00bbnone\u00bb text_shadow=\u00bbyes\u00bb color=\u00bb#ffffff\u00bb]<\/p>\n<p style=\"text-align: center;\">Medioambiente<\/p>\n<p>[\/custom_font][\/vc_column_inner][\/vc_row_inner][vc_empty_space height=\u00bb75&#8243;][vc_row_inner row_type=\u00bbrow\u00bb type=\u00bbgrid\u00bb text_align=\u00bbleft\u00bb css_animation=\u00bb\u00bb][vc_column_inner width=\u00bb1\/2&#8243;][\/vc_column_inner][vc_column_inner width=\u00bb1\/2&#8243;][\/vc_column_inner][\/vc_row_inner][vc_empty_space height=\u00bb150&#8243;][\/vc_column][\/vc_row][vc_row css_animation=\u00bb\u00bb row_type=\u00bbrow\u00bb use_row_as_full_screen_section=\u00bbno\u00bb type=\u00bbfull_width\u00bb angled_section=\u00bbno\u00bb text_align=\u00bbleft\u00bb background_image_as_pattern=\u00bbwithout_pattern\u00bb][vc_column][vc_empty_space height=\u00bb50&#8243;][\/vc_column][\/vc_row][vc_row css_animation=\u00bb\u00bb row_type=\u00bbrow\u00bb use_row_as_full_screen_section=\u00bbno\u00bb type=\u00bbgrid\u00bb angled_section=\u00bbno\u00bb text_align=\u00bbleft\u00bb background_image_as_pattern=\u00bbwithout_pattern\u00bb z_index=\u00bb\u00bb][vc_column][custom_font font_size=\u00bb23&#8243; line_height=\u00bb26&#8243; font_style=\u00bbnormal\u00bb text_align=\u00bbcenter\u00bb font_weight=\u00bb600&#8243; text_decoration=\u00bbnone\u00bb text_shadow=\u00bbno\u00bb padding=\u00bb\u00bb background_color=\u00bb#114733&#8243; color=\u00bb#ffffff\u00bb]<\/p>\n<p>INICIATIVAS MEDIOAMBIENTALES<\/p>\n<p>[\/custom_font][vc_empty_space][\/vc_column][\/vc_row][vc_row css_animation=\u00bb\u00bb row_type=\u00bbrow\u00bb use_row_as_full_screen_section=\u00bbno\u00bb type=\u00bbfull_width\u00bb angled_section=\u00bbno\u00bb text_align=\u00bbleft\u00bb background_image_as_pattern=\u00bbwithout_pattern\u00bb][vc_column][vc_empty_space][\/vc_column][\/vc_row][vc_row css_animation=\u00bb\u00bb row_type=\u00bbrow\u00bb use_row_as_full_screen_section=\u00bbno\u00bb type=\u00bbgrid\u00bb angled_section=\u00bbno\u00bb text_align=\u00bbleft\u00bb background_image_as_pattern=\u00bbwithout_pattern\u00bb z_index=\u00bb\u00bb][vc_column width=\u00bb1\/2&#8243;][vc_single_image image=\u00bb2906&#8243; img_size=\u00bblarge\u00bb alignment=\u00bbcenter\u00bb style=\u00bbvc_box_shadow_3d\u00bb qode_css_animation=\u00bb\u00bb][\/vc_column][vc_column width=\u00bb1\/2&#8243;][vc_column_text]<\/p>\n<p>Durante 2021 CEPYME Arag\u00f3n, en nuestro compromiso continuo con la sociedad y con el respeto al medioambiente, ha colaborado con diferentes entidades mediante su adhesi\u00f3n a iniciativas tales como el Taller de c\u00e1lculo de huella de carbono para pymes.<\/p>\n<p>&nbsp;<\/p>\n<p>La Comunidad #PorElClima, junto con el Gobierno de Arag\u00f3n y CEPYME Arag\u00f3n, organiz\u00f3 el 17 de septiembre una sesi\u00f3n dirigida a que las pymes zaragozanas ahonden en el concepto de huella de carbono y en su importancia de cara a la descarbonizaci\u00f3n de la econom\u00eda, entre otras cuestiones.\u00a0 En el encuentro se presentar\u00f3 la herramienta gratuita de c\u00e1lculo ScopeCO<sub>2.<\/sub><\/p>\n<p>&nbsp;<\/p>\n<p>De este modo, se busca que el tejido empresarial contribuya a acelerar el cumplimiento del Acuerdo de Par\u00eds, con el objetivo de no sobrepasar el aumento de temperatura\u00a0del planeta\u00a0en 1,5 \u00baC a finales de siglo, y avanzar hacia la descarbonizaci\u00f3n de la econom\u00eda. En este sentido, cabe recordar que la Ley de Cambio Clim\u00e1tico y Transici\u00f3n Energ\u00e9tica marca 2050 como fecha l\u00edmite para alcanzar este hito. El sector privado, debido a su proyecci\u00f3n y capilaridad, juega un papel fundamental para ello. De hecho, esta nueva norma avanza que en el corto plazo se exigir\u00e1 a determinadas compa\u00f1\u00edas calcular y publicar su huella de carbono, as\u00ed como elaborar y publicar un plan de reducci\u00f3n de emisiones de efecto invernadero.<\/p>\n<p>[\/vc_column_text][\/vc_column][\/vc_row][vc_row css_animation=\u00bb\u00bb row_type=\u00bbrow\u00bb use_row_as_full_screen_section=\u00bbno\u00bb type=\u00bbfull_width\u00bb angled_section=\u00bbno\u00bb text_align=\u00bbleft\u00bb background_image_as_pattern=\u00bbwithout_pattern\u00bb][vc_column][vc_empty_space height=\u00bb64&#8243;][\/vc_column][\/vc_row][vc_row css_animation=\u00bb\u00bb row_type=\u00bbrow\u00bb use_row_as_full_screen_section=\u00bbno\u00bb type=\u00bbgrid\u00bb angled_section=\u00bbno\u00bb text_align=\u00bbleft\u00bb background_image_as_pattern=\u00bbwithout_pattern\u00bb z_index=\u00bb\u00bb][vc_column][custom_font font_size=\u00bb23&#8243; line_height=\u00bb26&#8243; font_style=\u00bbnormal\u00bb text_align=\u00bbcenter\u00bb font_weight=\u00bb600&#8243; text_decoration=\u00bbnone\u00bb text_shadow=\u00bbno\u00bb padding=\u00bb\u00bb background_color=\u00bb#114733&#8243; color=\u00bb#ffffff\u00bb]<\/p>\n<p>CIRCULARES<\/p>\n<p>[\/custom_font][vc_empty_space][\/vc_column][\/vc_row][vc_row css_animation=\u00bb\u00bb row_type=\u00bbrow\u00bb use_row_as_full_screen_section=\u00bbno\u00bb type=\u00bbgrid\u00bb angled_section=\u00bbno\u00bb text_align=\u00bbleft\u00bb background_image_as_pattern=\u00bbwithout_pattern\u00bb z_index=\u00bb\u00bb][vc_column][vc_empty_space height=\u00bb32&#8243;][vc_column_text]<\/p>\n<p>CEPYME Arag\u00f3n env\u00eda Newsletter semanales a sus asociados en los que, entre otras cuestiones, incluye cuestiones medioambientales:<\/p>\n<p>&nbsp;<\/p>\n<ul>\n<li>Nuevo etiquetado de eficiencia energ\u00e9tica y factor de reparabilidad<\/li>\n<li>L\u00edneas de apoyo para las zonas de transici\u00f3n justa<\/li>\n<li>Arag\u00f3n ante el reto del pacto verde europeo<\/li>\n<li>Se convocan ayudas para empresas del sector industrial para actuaciones de eficiencia energ\u00e9tica<\/li>\n<li>Abierto el plazo para participar en el premio Arag\u00f3n medio ambiente 2021<\/li>\n<li>Ayudas para la industria digital, innovadora y sostenible<\/li>\n<li>Ya se pueden presentar las solicitudes al plan RENOVE de maquinaria agraria 2021<\/li>\n<li>Ayudas para proyectos de innovaci\u00f3n y de medici\u00f3n y control del aire en el sector comercial, restauraci\u00f3n y hosteler\u00eda de Zaragoza<\/li>\n<li>Formaci\u00f3n para profesionales en digitalizaci\u00f3n, econom\u00eda circular y talento femenino en CEEIARAGON<\/li>\n<li>CEPYME Arag\u00f3n participa en el 4\u00ba informe de contribuci\u00f3n de las empresas cotizadas a los ODS<\/li>\n<li>Si tu empresa destaca por su compromiso medioambiental ya puedes presentar tu candidatura a los 101 ejemplos empresariales de acciones #PORELCLIMA<\/li>\n<li>Abierto el plazo para presentar candidaturas al premio Ebr\u00f3polis a las buenas pr\u00e1cticas ciudadanas<\/li>\n<li>Ayudas para proyectos empresariales que incluyan desarrollo experimental y\/o investigaci\u00f3n industrial en econom\u00eda circular<\/li>\n<li>Taller de c\u00e1lculo de huella de carbono para pymes<\/li>\n<li>Jornada: ODS, a\u00f1o 6. la agenda 2030 desde un enfoque empresarial<\/li>\n<li>Ayudas para proyectos de econom\u00eda circular y social de Zaragoza<\/li>\n<li>CEPYME Arag\u00f3n renueva su compromiso con la responsabilidad social y consigue el sello RSA+.<\/li>\n<li>Ayudas para la digitalizaci\u00f3n, innovaci\u00f3n y sostenibilidad de empresas industriales<\/li>\n<li>Taller de econom\u00eda circular para emprendedores<\/li>\n<li>An\u00e1lisis del nuevo impuesto medioambiental sobre las aguas residuales<\/li>\n<\/ul>\n<p>[\/vc_column_text][\/vc_column][\/vc_row][vc_row css_animation=\u00bb\u00bb row_type=\u00bbrow\u00bb use_row_as_full_screen_section=\u00bbno\u00bb type=\u00bbfull_width\u00bb angled_section=\u00bbno\u00bb text_align=\u00bbleft\u00bb background_image_as_pattern=\u00bbwithout_pattern\u00bb][vc_column][vc_empty_space height=\u00bb64&#8243;][\/vc_column][\/vc_row]<\/p>\n","protected":false},"excerpt":{"rendered":"<p>[vc_row css_animation=\u00bb\u00bb row_type=\u00bbrow\u00bb use_row_as_full_screen_section=\u00bbno\u00bb type=\u00bbfull_width\u00bb angled_section=\u00bbno\u00bb text_align=\u00bbleft\u00bb background_image_as_pattern=\u00bbwithout_pattern\u00bb css=\u00bb.vc_custom_1642595643522{margin-right: 5px !important;margin-left: 5px !important;background-color: #ffffff !important;}\u00bb z_index=\u00bb\u00bb][vc_column width=\u00bb1\/6&#8243;][vc_empty_space height=\u00bb10&#8243;][vc_single_image image=\u00bb28&#8243; img_size=\u00bb\u00bb onclick=\u00bbcustom_link\u00bb qode_css_animation=\u00bb\u00bb link=\u00bbhttp:\/\/memoria.cepymearagon.es\/index.php\/2021-2\/\u00bb][vc_empty_space height=\u00bb20&#8243;][\/vc_column][vc_column width=\u00bb1\/6&#8243;][vc_empty_space height=\u00bb20&#8243;][vc_column_text css=\u00bb.vc_custom_1642758861870{border-top-width: 2px !important;border-right-width: 2px !important;border-bottom-width: 2px !important;border-left-width: 2px !important;border-left-color: #114733 !important;border-left-style: solid !important;border-right-color: #114733 !important;border-right-style: solid !important;border-top-color: #114733 !important;border-top-style: solid !important;border-bottom-color: #114733 !important;border-bottom-style: solid !important;}\u00bb] NUESTRA ORGANIZACI\u00d3N [\/vc_column_text][\/vc_column][vc_column width=\u00bb1\/6&#8243;][vc_empty_space [&hellip;]<\/p>\n","protected":false},"author":2,"featured_media":0,"parent":0,"menu_order":0,"comment_status":"closed","ping_status":"closed","template":"landing_page.php","meta":{"footnotes":""},"class_list":["post-2905","page","type-page","status-publish","hentry"],"_links":{"self":[{"href":"https:\/\/memoria.cepymearagon.es\/index.php\/wp-json\/wp\/v2\/pages\/2905","targetHints":{"allow":["GET"]}}],"collection":[{"href":"https:\/\/memoria.cepymearagon.es\/index.php\/wp-json\/wp\/v2\/pages"}],"about":[{"href":"https:\/\/memoria.cepymearagon.es\/index.php\/wp-json\/wp\/v2\/types\/page"}],"author":[{"embeddable":true,"href":"https:\/\/memoria.cepymearagon.es\/index.php\/wp-json\/wp\/v2\/users\/2"}],"replies":[{"embeddable":true,"href":"https:\/\/memoria.cepymearagon.es\/index.php\/wp-json\/wp\/v2\/comments?post=2905"}],"version-history":[{"count":5,"href":"https:\/\/memoria.cepymearagon.es\/index.php\/wp-json\/wp\/v2\/pages\/2905\/revisions"}],"predecessor-version":[{"id":2912,"href":"https:\/\/memoria.cepymearagon.es\/index.php\/wp-json\/wp\/v2\/pages\/2905\/revisions\/2912"}],"wp:attachment":[{"href":"https:\/\/memoria.cepymearagon.es\/index.php\/wp-json\/wp\/v2\/media?parent=2905"}],"curies":[{"name":"wp","href":"https:\/\/api.w.org\/{rel}","templated":true}]}}