{"id":2247,"date":"2021-02-01T12:07:45","date_gmt":"2021-02-01T12:07:45","guid":{"rendered":"http:\/\/memoria.cepymearagon.es\/?page_id=2247"},"modified":"2021-04-05T10:03:34","modified_gmt":"2021-04-05T10:03:34","slug":"2020-igualdad","status":"publish","type":"page","link":"https:\/\/memoria.cepymearagon.es\/index.php\/2020-igualdad\/","title":{"rendered":"2020 Igualdad"},"content":{"rendered":"<p>[vc_row css_animation=\u00bb\u00bb row_type=\u00bbrow\u00bb use_row_as_full_screen_section=\u00bbno\u00bb type=\u00bbfull_width\u00bb angled_section=\u00bbno\u00bb text_align=\u00bbleft\u00bb background_image_as_pattern=\u00bbwithout_pattern\u00bb z_index=\u00bb\u00bb css=\u00bb.vc_custom_1610018044125{margin-right: 5px !important;margin-left: 5px !important;}\u00bb][vc_column width=\u00bb1\/6&#8243;][vc_empty_space height=\u00bb10&#8243;][vc_single_image image=\u00bb28&#8243; img_size=\u00bb\u00bb onclick=\u00bbcustom_link\u00bb qode_css_animation=\u00bb\u00bb link=\u00bbhttp:\/\/memoria.cepymearagon.es\/index.php\/2020-2\/\u00bb][\/vc_column][vc_column width=\u00bb1\/6&#8243;][vc_empty_space height=\u00bb30&#8243;][custom_font font_size=\u00bb15&#8243; line_height=\u00bb26&#8243; font_style=\u00bbnormal\u00bb text_align=\u00bbleft\u00bb font_weight=\u00bb300&#8243; text_decoration=\u00bbnone\u00bb text_shadow=\u00bbno\u00bb border_color=\u00bb#114733&#8243;]<\/p>\n<h3 style=\"text-align: center;\"><a href=\"http:\/\/memoria.cepymearagon.es\/index.php\/2020-nuestra-organizacion\/\">Nuestra organizaci\u00f3n<\/a><\/h3>\n<p>[\/custom_font][\/vc_column][vc_column width=\u00bb1\/6&#8243;][vc_empty_space height=\u00bb30&#8243;][custom_font font_size=\u00bb15&#8243; line_height=\u00bb26&#8243; font_style=\u00bbnormal\u00bb text_align=\u00bbleft\u00bb font_weight=\u00bb300&#8243; text_decoration=\u00bbnone\u00bb text_shadow=\u00bbno\u00bb border_color=\u00bb#114733&#8243;]<\/p>\n<h3 style=\"text-align: center;\"><a href=\"http:\/\/memoria.cepymearagon.es\/index.php\/2020-nuestros-servicios\/\">Nuestros servicios<\/a><\/h3>\n<p>[\/custom_font][\/vc_column][vc_column width=\u00bb1\/6&#8243;][vc_empty_space height=\u00bb30&#8243;][custom_font font_size=\u00bb15&#8243; line_height=\u00bb26&#8243; font_style=\u00bbnormal\u00bb text_align=\u00bbleft\u00bb font_weight=\u00bb300&#8243; text_decoration=\u00bbnone\u00bb text_shadow=\u00bbno\u00bb border_color=\u00bb#114733&#8243;]<\/p>\n<h3 style=\"text-align: center;\"><a href=\"http:\/\/memoria.cepymearagon.es\/index.php\/2020-actividades\/\">Actividades<\/a><\/h3>\n<p>[\/custom_font][\/vc_column][vc_column width=\u00bb1\/6&#8243;][vc_empty_space height=\u00bb20&#8243;][custom_font font_size=\u00bb15&#8243; line_height=\u00bb26&#8243; font_style=\u00bbnormal\u00bb text_align=\u00bbleft\u00bb font_weight=\u00bb300&#8243; text_decoration=\u00bbnone\u00bb text_shadow=\u00bbno\u00bb border_color=\u00bb#114733&#8243;]<\/p>\n<h3 style=\"text-align: center;\"><a href=\"http:\/\/memoria.cepymearagon.es\/index.php\/2020-rsa\/\">Responsabilidad Social Empresarial<\/a><\/h3>\n<p>[\/custom_font][\/vc_column][vc_column width=\u00bb1\/6&#8243;][vc_empty_space height=\u00bb20&#8243;][custom_font font_size=\u00bb15&#8243; line_height=\u00bb26&#8243; font_style=\u00bbnormal\u00bb text_align=\u00bbleft\u00bb font_weight=\u00bb300&#8243; text_decoration=\u00bbnone\u00bb text_shadow=\u00bbno\u00bb border_color=\u00bb#114733&#8243;]<\/p>\n<h3 style=\"text-align: center;\"><a href=\"http:\/\/memoria.cepymearagon.es\/index.php\/2020-confederaciones-provinciales\/\">Confederaciones provinciales<\/a><\/h3>\n<p>[\/custom_font][\/vc_column][\/vc_row][vc_row css_animation=\u00bb\u00bb row_type=\u00bbrow\u00bb use_row_as_full_screen_section=\u00bbno\u00bb type=\u00bbfull_width\u00bb angled_section=\u00bbno\u00bb text_align=\u00bbleft\u00bb background_image_as_pattern=\u00bbwithout_pattern\u00bb][vc_column][vc_empty_space height=\u00bb10&#8243;][\/vc_column][\/vc_row][vc_row css_animation=\u00bb\u00bb row_type=\u00bbrow\u00bb use_row_as_full_screen_section=\u00bbno\u00bb type=\u00bbfull_width\u00bb angled_section=\u00bbno\u00bb text_align=\u00bbleft\u00bb background_image_as_pattern=\u00bbwithout_pattern\u00bb][vc_column][image_with_text_over icon_size=\u00bbfa-lg\u00bb title_size=\u00bb50&#8243; title=\u00bbIGUALDAD\u00bb image=\u00bb2507&#8243;][\/image_with_text_over][vc_empty_space][\/vc_column][\/vc_row][vc_row css_animation=\u00bb\u00bb row_type=\u00bbrow\u00bb use_row_as_full_screen_section=\u00bbno\u00bb type=\u00bbgrid\u00bb angled_section=\u00bbno\u00bb text_align=\u00bbleft\u00bb background_image_as_pattern=\u00bbwithout_pattern\u00bb z_index=\u00bb\u00bb][vc_column][custom_font font_size=\u00bb30&#8243; line_height=\u00bb15&#8243; font_style=\u00bbnormal\u00bb text_align=\u00bbleft\u00bb font_weight=\u00bb600&#8243; text_decoration=\u00bbnone\u00bb text_shadow=\u00bbyes\u00bb color=\u00bb#114733&#8243;]<\/p>\n<p style=\"text-align: center;\">LAS RELACIONES LABORALES Y LA IGUALDAD<\/p>\n<p>[\/custom_font][vc_empty_space height=\u00bb15&#8243;][vc_separator type=\u00bbnormal\u00bb][vc_empty_space][vc_column_text]Los cuatro agentes sociales, CEPYME Arag\u00f3n, CEOE Arag\u00f3n, CC.OO. Arag\u00f3n y UGT Arag\u00f3n, que formamos parte del Grupo de Trabajo de Planes de Igualdad, junto con la Inspecci\u00f3n de Trabajo y la Direcci\u00f3n General de Trabajo, acordamos avanzar en materia de relaciones laborales e igualdad con m\u00e1s intensidad, si cabe, en un a\u00f1o en el que conoc\u00eda se iban a aprobar los Reglamentos de los Planes de Igualdad y su registro y tambi\u00e9n de Igualdad Retributiva.<img loading=\"lazy\" decoding=\"async\" class=\"alignright wp-image-2508 \" src=\"http:\/\/memoria.cepymearagon.es\/wp-content\/uploads\/2021\/04\/igualdad_1.jpg\" alt=\"\" width=\"280\" height=\"398\" srcset=\"https:\/\/memoria.cepymearagon.es\/wp-content\/uploads\/2021\/04\/igualdad_1.jpg 450w, https:\/\/memoria.cepymearagon.es\/wp-content\/uploads\/2021\/04\/igualdad_1-211x300.jpg 211w\" sizes=\"auto, (max-width: 280px) 100vw, 280px\" \/><\/p>\n<p>&nbsp;<\/p>\n<p>As\u00ed pues, se ha hecho preciso actualizar la situaci\u00f3n de partida de la igualdad en \u00e1mbito de la negociaci\u00f3n colectiva, situaci\u00f3n que ya conocimos en 2018, con el objeto de definir posibles criterios en materia de igualdad, a incluir por quienes participan en las mesas de negociaci\u00f3n.<\/p>\n<p>&nbsp;<\/p>\n<p>A lo largo del ejercicio 2020 se llevaron a cabo diversas reuniones, tanto de forma presencial como a trav\u00e9s de videoconferencia: 16 de enero, 29 de junio, 2 de julio, 14 de julio, 16 de octubre y 6 de noviembre, 20 de noviembre, 9 de diciembre y 21 de diciembre.<\/p>\n<p>&nbsp;<\/p>\n<p>Se ha tomado como punto de partida el esquema de trabajo realizado en 2018 \u201cAn\u00e1lisis en materia de Igualdad de los Convenios Colectivos Sectoriales de aplicaci\u00f3n en Arag\u00f3n\u201d, revisando los nuevos convenios sectoriales de aplicaci\u00f3n a partir de 1 de enero de 2019 y hasta junio de 2020, examinando diferentes propuestas que est\u00e1n siendo efectivas en materia de igualdad en los centros de trabajo, y con todo esto se ha elaborado un\u00a0 diagn\u00f3stico sobre aspectos de igualdad recogidos en las diferentes \u00e1reas que marca la Ley Org\u00e1nica 3\/2007 actual.[\/vc_column_text][vc_empty_space height=\u00bb32&#8243;][vc_column_text]<img loading=\"lazy\" decoding=\"async\" class=\"alignleft wp-image-2509 \" src=\"http:\/\/memoria.cepymearagon.es\/wp-content\/uploads\/2021\/04\/igualdad_2.jpg\" alt=\"\" width=\"319\" height=\"476\" srcset=\"https:\/\/memoria.cepymearagon.es\/wp-content\/uploads\/2021\/04\/igualdad_2.jpg 468w, https:\/\/memoria.cepymearagon.es\/wp-content\/uploads\/2021\/04\/igualdad_2-201x300.jpg 201w\" sizes=\"auto, (max-width: 319px) 100vw, 319px\" \/>Se han incluido convenios nuevos en la base de datos de 2018, se han revisado todas las actualizaciones de convenios ya existentes y finalmente se ha obtenido una base de datos muy completa de todos los convenios colectivos de aplicaci\u00f3n en la C.A.A., que recoge todo lo relativo a igualdad en materia de acceso al empleo, clasificaci\u00f3n profesional, formaci\u00f3n, promoci\u00f3n, retribuciones, ordenaci\u00f3n del tiempo de trabajo, acoso sexual y por raz\u00f3n de sexo y violencia de g\u00e9nero. En total han sido 227 los convenios colectivos que se han revisado y que ya forman parte de esta base de datos.<\/p>\n<p>&nbsp;<\/p>\n<p>En el mes de septiembre se concluy\u00f3 el trabajo de an\u00e1lisis.<\/p>\n<p>&nbsp;<\/p>\n<p>Destacar, que el an\u00e1lisis presenta resultados similares a los obtenidos en a\u00f1os anteriores: escasez de cl\u00e1usulas en materia de igualdad en la negociaci\u00f3n colectiva. En consecuencia, la conclusi\u00f3n m\u00e1s importante que extraemos es la necesidad de dotar, a quienes conforman las mesas de negociaci\u00f3n de una serie de propuestas y sugerencias a modo de cl\u00e1usulas o recomendaciones, que de forma directa puedan introducir en el convenio colectivo de que se trate; adem\u00e1s de recordar la necesidad que existe de dotarles de formaci\u00f3n espec\u00edfica en esta materia para la consecuci\u00f3n de una implementaci\u00f3n de la igualdad de forma efectiva y real.<\/p>\n<p>&nbsp;<\/p>\n<p>A partir de aqu\u00ed se ha elaborado un informe final donde se incluyen recomendaciones en materia de igualdad, para quienes negocian convenios. Las recomendaciones se han agrupado por \u00e1reas, tal y como la Ley Org\u00e1nica 3\/2007 hace referencia a las materias que los planes de igualdad deben incluir como m\u00ednimo.[\/vc_column_text][vc_empty_space height=\u00bb32&#8243;][vc_row_inner row_type=\u00bbrow\u00bb type=\u00bbfull_width\u00bb text_align=\u00bbleft\u00bb css_animation=\u00bb\u00bb][vc_column_inner width=\u00bb1\/2&#8243;][vc_column_text]<strong>JORNADA SOBRE BUENAS PR\u00c1CTICAS EN IGUALDAD EN EL \u00c1MBITO LABORAL<\/strong><\/p>\n<p>&nbsp;<\/p>\n<p>El grupo de trabajo sobre planes de igualdad en las empresas realiz\u00f3 en 2018 en materia de igualdad, un an\u00e1lisis de los convenios colectivos sectoriales que son de aplicaci\u00f3n en Arag\u00f3n, abordando aspectos como acceso al empleo, promoci\u00f3n, formaci\u00f3n, retribuciones, ordenaci\u00f3n del tiempo del trabajo, prevenci\u00f3n de acoso sexual entre otras.<\/p>\n<p>&nbsp;<\/p>\n<p>En 2019, se examinaron aquellas buenas pr\u00e1cticas recogidas en planes de igualdad y convenios colectivos de las empresas y elaborar cl\u00e1usulas tipo que sirvan de modelo a las unidades de negociaci\u00f3n.<\/p>\n<p>&nbsp;<\/p>\n<p>Para presentar los resultados de ambos estudios se llev\u00f3 a cabo la \u201cJornada sobre buenas pr\u00e1cticas en igualdad en el \u00e1mbito laboral\u201d, dirigida a empresarios y empresarias, responsables de empresas y personal t\u00e9cnico de Recursos Humanos, representantes legales de los trabajadores y de las trabajadoras y general, a todas las personas interesas, para dar a conocer los resultados del an\u00e1lisis llevado a cabo por el grupo de trabajo acerca de las cl\u00e1usulas de igualdad presentes en los convenios colectivos sectoriales y planes.<\/p>\n<p>&nbsp;<\/p>\n<p>La jornada tuvo lugar el pasado 12 de febrero de 2020 en el sal\u00f3n de actos del Instituto Aragon\u00e9s de la Juventud.[\/vc_column_text][\/vc_column_inner][vc_column_inner width=\u00bb1\/2&#8243;][vc_empty_space height=\u00bb64&#8243;][vc_single_image image=\u00bb2510&#8243; img_size=\u00bblarge\u00bb alignment=\u00bbcenter\u00bb style=\u00bbvc_box_shadow\u00bb qode_css_animation=\u00bb\u00bb][\/vc_column_inner][\/vc_row_inner][vc_empty_space height=\u00bb90&#8243;][\/vc_column][\/vc_row][vc_row css_animation=\u00bb\u00bb row_type=\u00bbrow\u00bb use_row_as_full_screen_section=\u00bbno\u00bb type=\u00bbgrid\u00bb angled_section=\u00bbno\u00bb text_align=\u00bbleft\u00bb background_image_as_pattern=\u00bbwithout_pattern\u00bb z_index=\u00bb\u00bb][vc_column][custom_font font_size=\u00bb30&#8243; line_height=\u00bb30&#8243; font_style=\u00bbnormal\u00bb text_align=\u00bbleft\u00bb font_weight=\u00bb600&#8243; text_decoration=\u00bbnone\u00bb text_shadow=\u00bbyes\u00bb color=\u00bb#114733&#8243;]<\/p>\n<p style=\"text-align: center;\">CAMPA\u00d1A DE DIVULGACI\u00d3N DE ACTIVIDADES, EVENTOS, NOTICIAS, PUBLICACIONES, RELACIONADOS CON LA IGUALDAD EN EL \u00c1MBITO LABORAL<\/p>\n<p>[\/custom_font][vc_empty_space height=\u00bb15&#8243;][vc_separator type=\u00bbnormal\u00bb][vc_empty_space][vc_column_text]El <strong>objetivo general<\/strong> de esta Acci\u00f3n es la difusi\u00f3n a pymes, y a las asociaciones empresariales que las agrupan, de informaci\u00f3n actualizada y ajustada a sus necesidades, sobre Igualdad en el \u00e1mbito laboral, que les permita conocer actividades y buenas pr\u00e1cticas en esta materia como medio de extender el conocimiento, sensibilizar y concienciar en la puesta en pr\u00e1ctica de medidas en las empresas.<\/p>\n<p>&nbsp;<\/p>\n<p>Se ha llevado a cabo mediante la implementaci\u00f3n de contenidos actualizados en el blog canal de comunicaci\u00f3n espec\u00edfico de igualdad dentro de la web corporativa de CEPYME- Arag\u00f3n y su difusi\u00f3n en las redes sociales m\u00e1s extendidas: Twitter y p\u00e1gina Facebook.\u00a0 Se ha tratado de informaci\u00f3n t\u00e9cnica y jur\u00eddica. Asimismo, se han difundido noticias y eventos en materia de igualdad en tiempo real dirigidas, prioritariamente, hacia aquellas empresas y asociaciones que carecen de infraestructuras y medios propios, tanto t\u00e9cnicos como humanos, para la aplicaci\u00f3n de esta materia.<\/p>\n<p>&nbsp;<\/p>\n<p>Respecto al Blog: <a href=\"http:\/\/igualdad.cepymearagon.es\/\"><strong>http:\/\/igualdad.cepymearagon.es\/<\/strong><\/a> durante 2020 se han continuado implementando contenidos en el blog.<\/p>\n<p>&nbsp;<\/p>\n<p>Asimismo, se ha llevado a cabo una importante labor de actualizaci\u00f3n de los contenidos de la web adapt\u00e1ndolos a las novedades legislativas publicadas.<\/p>\n<p>&nbsp;<\/p>\n<p>Mediante las redes sociales pretendemos dar informaci\u00f3n t\u00e9cnica, noticias, eventos y jur\u00eddica en materia de igualdad en el \u00e1mbito laboral en tiempo real, con la utilizaci\u00f3n de medios de comunicaci\u00f3n innovadores usando las redes sociales m\u00e1s extendidas (Twitter, Facebook).<\/p>\n<p>&nbsp;<\/p>\n<p>Con ello hemos pretendido dirigir esa informaci\u00f3n prioritariamente hacia aquellas empresas y asociaciones que, por su entidad, carecen de infraestructuras y medios propios, tanto t\u00e9cnicos como humanos, para la aplicaci\u00f3n de esta materia, as\u00ed como para el p\u00fablico en general interesado en la misma.[\/vc_column_text][vc_empty_space height=\u00bb32&#8243;][expanding_images target=\u00bb_self\u00bb hero_image=\u00bb2511&#8243; link=\u00bbhttp:\/\/igualdad.cepymearagon.es\/\u00bb title=\u00bbVer web\u00bb side_image_1=\u00bb2512&#8243; side_image_2=\u00bb2513&#8243; side_image_3=\u00bb2514&#8243; side_image_4=\u00bb2515&#8243;][vc_empty_space height=\u00bb90&#8243;][\/vc_column][\/vc_row][vc_row css_animation=\u00bb\u00bb row_type=\u00bbrow\u00bb use_row_as_full_screen_section=\u00bbno\u00bb type=\u00bbgrid\u00bb angled_section=\u00bbno\u00bb text_align=\u00bbleft\u00bb background_image_as_pattern=\u00bbwithout_pattern\u00bb z_index=\u00bb\u00bb][vc_column][custom_font font_size=\u00bb30&#8243; line_height=\u00bb30&#8243; font_style=\u00bbnormal\u00bb text_align=\u00bbleft\u00bb font_weight=\u00bb600&#8243; text_decoration=\u00bbnone\u00bb text_shadow=\u00bbyes\u00bb color=\u00bb#114733&#8243;]<\/p>\n<p style=\"text-align: center;\">SERVICIO DE ASESORAMIENTO A PYMES EN MATERIA DE IGUALDAD Y DISE\u00d1O DE ACTIVIDAD FORMATIVA<\/p>\n<p>[\/custom_font][vc_empty_space height=\u00bb15&#8243;][vc_separator type=\u00bbnormal\u00bb][vc_empty_space][vc_row_inner row_type=\u00bbrow\u00bb type=\u00bbfull_width\u00bb text_align=\u00bbleft\u00bb css_animation=\u00bb\u00bb][vc_column_inner width=\u00bb1\/2&#8243;][vc_column_text]Nuestro Blog contiene una pesta\u00f1a destinada a Asesor\u00eda Jur\u00eddica en materia de igualdad para que las empresas que as\u00ed lo deseen puedan realizar consultas en la materia.<\/p>\n<p>&nbsp;<\/p>\n<p>Asimismo, las consultas pueden llegar a trav\u00e9s de la cuenta <strong><a href=\"mailto:igualdad@cepymearagon.es\">igualdad@cepymearagon.es<\/a>,<\/strong> de manera telef\u00f3nica o presencial.[\/vc_column_text][\/vc_column_inner][vc_column_inner width=\u00bb1\/2&#8243;][expanding_images target=\u00bb_self\u00bb hero_image=\u00bb2516&#8243; link=\u00bbhttp:\/\/igualdad.cepymearagon.es\/\u00bb title=\u00bbVer web\u00bb][\/vc_column_inner][\/vc_row_inner][vc_empty_space][vc_column_text]Como novedad en 2020 <strong>se ha actualizado el apartado de FAQS<\/strong> adapt\u00e1ndolo a la normativa publicada (RD 901\/2020 de 13 de octubre, por el que se regulan los planes de igualdad y su registro).<\/p>\n<p>&nbsp;<\/p>\n<p>En este apartado el visitante puede acceder a:<\/p>\n<ul>\n<li>Listado de las \u201cpreguntas m\u00e1s frecuentes\u201d (FAQ\u00b4s) en temas de igualdad<\/li>\n<li>Formulario de contacto para realizar nuevas consultas por correo electr\u00f3nico <a href=\"mailto:igualdad@cpeymearagon.es\"><strong>igualdad@cpeymearagon.es<\/strong><\/a> o a trav\u00e9s del apartado destinado a tal uso en el blog.<\/li>\n<li>Tel\u00e9fonos de contacto para asesoramiento personal legal individualizado.<\/li>\n<\/ul>\n<p>&nbsp;<\/p>\n<p>A 31 de diciembre el apartado de preguntas frecuentes ha recibido 46 visitas y el apartado de consultas 8 visitas.<\/p>\n<p>&nbsp;<\/p>\n<p>La tem\u00e1tica de las consultas recibidas en materia de igualdad ha sido la siguiente:<\/p>\n<ul>\n<li>Plazos para la elaboraci\u00f3n del Plan de Igualdad.<\/li>\n<li>Qui\u00e9n debe integrar la Comisi\u00f3n de Igualdad.<\/li>\n<li>C\u00f3mo elaborar el diagn\u00f3stico.<\/li>\n<li>C\u00e1lculo de permiso de lactancia.<\/li>\n<li>C\u00f3mo visualizar y descargar el temario del curso on line de Protocolo de acoso<\/li>\n<li>Servicio de asesoramiento de planes de igualdad, as\u00ed como vigencia de los planes.<\/li>\n<li>Formaci\u00f3n necesaria para ejercer el rol de agente de igualdad en una empresa y si existe alguna titulaci\u00f3n oficial o estudios espec\u00edficos para desempe\u00f1ar esta tarea.<\/li>\n<li>Formaci\u00f3n gratuita on line en materia de igualdad.<\/li>\n<li>C\u00f3mo puede afectar a una persona trabajadora el Plan de Igualdad de su empresa. Obligatoriedad de formarse en igualdad.<\/li>\n<li>Plazo de novaci\u00f3n de los Planes de Igualdad.<\/li>\n<li>Contenido de los Planes de Igualdad. Vigencia de los mismos.<\/li>\n<\/ul>\n<p>[\/vc_column_text][vc_empty_space][vc_row_inner row_type=\u00bbrow\u00bb type=\u00bbfull_width\u00bb text_align=\u00bbleft\u00bb css_animation=\u00bb\u00bb][vc_column_inner width=\u00bb1\/2&#8243;][vc_column_text]<strong>ELABORACI\u00d3N DE ACCI\u00d3N FORMATIVA<\/strong><\/p>\n<p>&nbsp;<\/p>\n<p>La acci\u00f3n consiste en la elaboraci\u00f3n de una propuesta formativa a incluir en nuestra web.<\/p>\n<p>&nbsp;<\/p>\n<p>Esta propuesta formativa tiene como misi\u00f3n acercar a profesionales y usuarios a los conocimientos necesarios sobre como elaborar un protocolo de actuaci\u00f3n ante el acoso sexual o por raz\u00f3n de sexo en la empresa.<\/p>\n<p>&nbsp;<\/p>\n<p>Se trata de una peque\u00f1a p\u00edldora formativa de 8 horas, que tiene como misi\u00f3n abordar la necesidad de realizar un protocolo de acoso en la empresa y su metodolog\u00eda<\/p>\n<p>&nbsp;<\/p>\n<p>La propuesta formativa tiene como t\u00edtulo: PROTOCOLO DE ACTUACI\u00d3N ANTE EL ACOSO SEXUAL O POR RAZ\u00d3N DE SEXO EN LA EMPRESA. PASOS PARA SU ELABORACI\u00d3N<\/p>\n<p>&nbsp;<\/p>\n<p>El acceso a la misma es gratuito y restringido a las personas inscritas en el curso, de este modo, podremos contar con un hist\u00f3rico del alumnado y m\u00e9trica de evaluaci\u00f3n para conocer el grado de acogida de la acci\u00f3n.<\/p>\n<p>&nbsp;<\/p>\n<p>Una vez cumplimentado el formulario de inscripci\u00f3n el alumnado dispone de acceso a los contenidos del temario y la prueba de evaluaci\u00f3n del mismo.<\/p>\n<p>&nbsp;<\/p>\n<p>El curso tuvo una gran acogida y desde su lanzamiento el d\u00eda 03\/12\/2020 hasta el 31\/12\/2020 se inscribieron 37 participantes, el curso contin\u00faa disponible en 2021.[\/vc_column_text][\/vc_column_inner][vc_column_inner width=\u00bb1\/2&#8243;][vc_empty_space][vc_single_image image=\u00bb2517&#8243; img_size=\u00bblarge\u00bb alignment=\u00bbcenter\u00bb style=\u00bbvc_box_shadow\u00bb qode_css_animation=\u00bb\u00bb][\/vc_column_inner][\/vc_row_inner][vc_empty_space height=\u00bb90&#8243;][\/vc_column][\/vc_row]<\/p>\n","protected":false},"excerpt":{"rendered":"<p>[vc_row css_animation=\u00bb\u00bb row_type=\u00bbrow\u00bb use_row_as_full_screen_section=\u00bbno\u00bb type=\u00bbfull_width\u00bb angled_section=\u00bbno\u00bb text_align=\u00bbleft\u00bb background_image_as_pattern=\u00bbwithout_pattern\u00bb z_index=\u00bb\u00bb css=\u00bb.vc_custom_1610018044125{margin-right: 5px !important;margin-left: 5px !important;}\u00bb][vc_column width=\u00bb1\/6&#8243;][vc_empty_space height=\u00bb10&#8243;][vc_single_image image=\u00bb28&#8243; img_size=\u00bb\u00bb onclick=\u00bbcustom_link\u00bb qode_css_animation=\u00bb\u00bb link=\u00bbhttp:\/\/memoria.cepymearagon.es\/index.php\/2020-2\/\u00bb][\/vc_column][vc_column width=\u00bb1\/6&#8243;][vc_empty_space height=\u00bb30&#8243;][custom_font font_size=\u00bb15&#8243; line_height=\u00bb26&#8243; font_style=\u00bbnormal\u00bb text_align=\u00bbleft\u00bb font_weight=\u00bb300&#8243; text_decoration=\u00bbnone\u00bb text_shadow=\u00bbno\u00bb border_color=\u00bb#114733&#8243;] Nuestra organizaci\u00f3n [\/custom_font][\/vc_column][vc_column width=\u00bb1\/6&#8243;][vc_empty_space height=\u00bb30&#8243;][custom_font font_size=\u00bb15&#8243; line_height=\u00bb26&#8243; font_style=\u00bbnormal\u00bb text_align=\u00bbleft\u00bb font_weight=\u00bb300&#8243; text_decoration=\u00bbnone\u00bb text_shadow=\u00bbno\u00bb border_color=\u00bb#114733&#8243;] Nuestros servicios [\/custom_font][\/vc_column][vc_column width=\u00bb1\/6&#8243;][vc_empty_space height=\u00bb30&#8243;][custom_font font_size=\u00bb15&#8243; line_height=\u00bb26&#8243; font_style=\u00bbnormal\u00bb text_align=\u00bbleft\u00bb font_weight=\u00bb300&#8243; text_decoration=\u00bbnone\u00bb [&hellip;]<\/p>\n","protected":false},"author":2,"featured_media":0,"parent":0,"menu_order":0,"comment_status":"closed","ping_status":"closed","template":"landing_page.php","meta":{"footnotes":""},"class_list":["post-2247","page","type-page","status-publish","hentry"],"_links":{"self":[{"href":"https:\/\/memoria.cepymearagon.es\/index.php\/wp-json\/wp\/v2\/pages\/2247","targetHints":{"allow":["GET"]}}],"collection":[{"href":"https:\/\/memoria.cepymearagon.es\/index.php\/wp-json\/wp\/v2\/pages"}],"about":[{"href":"https:\/\/memoria.cepymearagon.es\/index.php\/wp-json\/wp\/v2\/types\/page"}],"author":[{"embeddable":true,"href":"https:\/\/memoria.cepymearagon.es\/index.php\/wp-json\/wp\/v2\/users\/2"}],"replies":[{"embeddable":true,"href":"https:\/\/memoria.cepymearagon.es\/index.php\/wp-json\/wp\/v2\/comments?post=2247"}],"version-history":[{"count":4,"href":"https:\/\/memoria.cepymearagon.es\/index.php\/wp-json\/wp\/v2\/pages\/2247\/revisions"}],"predecessor-version":[{"id":2522,"href":"https:\/\/memoria.cepymearagon.es\/index.php\/wp-json\/wp\/v2\/pages\/2247\/revisions\/2522"}],"wp:attachment":[{"href":"https:\/\/memoria.cepymearagon.es\/index.php\/wp-json\/wp\/v2\/media?parent=2247"}],"curies":[{"name":"wp","href":"https:\/\/api.w.org\/{rel}","templated":true}]}}