{"id":2245,"date":"2021-02-01T12:06:35","date_gmt":"2021-02-01T12:06:35","guid":{"rendered":"http:\/\/memoria.cepymearagon.es\/?page_id=2245"},"modified":"2021-03-24T13:50:19","modified_gmt":"2021-03-24T13:50:19","slug":"2020-formacion","status":"publish","type":"page","link":"https:\/\/memoria.cepymearagon.es\/index.php\/2020-formacion\/","title":{"rendered":"2020 Formaci\u00f3n"},"content":{"rendered":"<p>[vc_row css_animation=\u00bb\u00bb row_type=\u00bbrow\u00bb use_row_as_full_screen_section=\u00bbno\u00bb type=\u00bbfull_width\u00bb angled_section=\u00bbno\u00bb text_align=\u00bbleft\u00bb background_image_as_pattern=\u00bbwithout_pattern\u00bb z_index=\u00bb\u00bb css=\u00bb.vc_custom_1610018044125{margin-right: 5px !important;margin-left: 5px !important;}\u00bb][vc_column width=\u00bb1\/6&#8243;][vc_empty_space height=\u00bb10&#8243;][vc_single_image image=\u00bb28&#8243; img_size=\u00bb\u00bb onclick=\u00bbcustom_link\u00bb qode_css_animation=\u00bb\u00bb link=\u00bbhttp:\/\/memoria.cepymearagon.es\/index.php\/2020-2\/\u00bb][\/vc_column][vc_column width=\u00bb1\/6&#8243;][vc_empty_space height=\u00bb30&#8243;][custom_font font_size=\u00bb15&#8243; line_height=\u00bb26&#8243; font_style=\u00bbnormal\u00bb text_align=\u00bbleft\u00bb font_weight=\u00bb300&#8243; text_decoration=\u00bbnone\u00bb text_shadow=\u00bbno\u00bb border_color=\u00bb#114733&#8243;]<\/p>\n<h3 style=\"text-align: center;\"><a href=\"http:\/\/memoria.cepymearagon.es\/index.php\/2020-nuestra-organizacion\/\">Nuestra organizaci\u00f3n<\/a><\/h3>\n<p>[\/custom_font][\/vc_column][vc_column width=\u00bb1\/6&#8243;][vc_empty_space height=\u00bb30&#8243;][custom_font font_size=\u00bb15&#8243; line_height=\u00bb26&#8243; font_style=\u00bbnormal\u00bb text_align=\u00bbleft\u00bb font_weight=\u00bb300&#8243; text_decoration=\u00bbnone\u00bb text_shadow=\u00bbno\u00bb border_color=\u00bb#114733&#8243;]<\/p>\n<h3 style=\"text-align: center;\"><a href=\"http:\/\/memoria.cepymearagon.es\/index.php\/2020-nuestros-servicios\/\">Nuestros servicios<\/a><\/h3>\n<p>[\/custom_font][\/vc_column][vc_column width=\u00bb1\/6&#8243;][vc_empty_space height=\u00bb30&#8243;][custom_font font_size=\u00bb15&#8243; line_height=\u00bb26&#8243; font_style=\u00bbnormal\u00bb text_align=\u00bbleft\u00bb font_weight=\u00bb300&#8243; text_decoration=\u00bbnone\u00bb text_shadow=\u00bbno\u00bb border_color=\u00bb#114733&#8243;]<\/p>\n<h3 style=\"text-align: center;\"><a href=\"http:\/\/memoria.cepymearagon.es\/index.php\/2020-actividades\/\">Actividades<\/a><\/h3>\n<p>[\/custom_font][\/vc_column][vc_column width=\u00bb1\/6&#8243;][vc_empty_space height=\u00bb20&#8243;][custom_font font_size=\u00bb15&#8243; line_height=\u00bb26&#8243; font_style=\u00bbnormal\u00bb text_align=\u00bbleft\u00bb font_weight=\u00bb300&#8243; text_decoration=\u00bbnone\u00bb text_shadow=\u00bbno\u00bb border_color=\u00bb#114733&#8243;]<\/p>\n<h3 style=\"text-align: center;\"><a href=\"http:\/\/memoria.cepymearagon.es\/index.php\/2020-rsa\/\">Responsabilidad Social Empresarial<\/a><\/h3>\n<p>[\/custom_font][\/vc_column][vc_column width=\u00bb1\/6&#8243;][vc_empty_space height=\u00bb20&#8243;][custom_font font_size=\u00bb15&#8243; line_height=\u00bb26&#8243; font_style=\u00bbnormal\u00bb text_align=\u00bbleft\u00bb font_weight=\u00bb300&#8243; text_decoration=\u00bbnone\u00bb text_shadow=\u00bbno\u00bb border_color=\u00bb#114733&#8243;]<\/p>\n<h3 style=\"text-align: center;\"><a href=\"http:\/\/memoria.cepymearagon.es\/index.php\/2020-confederaciones-provinciales\/\">Confederaciones provinciales<\/a><\/h3>\n<p>[\/custom_font][\/vc_column][\/vc_row][vc_row css_animation=\u00bb\u00bb row_type=\u00bbrow\u00bb use_row_as_full_screen_section=\u00bbno\u00bb type=\u00bbfull_width\u00bb angled_section=\u00bbno\u00bb text_align=\u00bbleft\u00bb background_image_as_pattern=\u00bbwithout_pattern\u00bb][vc_column][vc_empty_space height=\u00bb10&#8243;][\/vc_column][\/vc_row][vc_row css_animation=\u00bb\u00bb row_type=\u00bbrow\u00bb use_row_as_full_screen_section=\u00bbno\u00bb type=\u00bbfull_width\u00bb angled_section=\u00bbno\u00bb text_align=\u00bbleft\u00bb background_image_as_pattern=\u00bbwithout_pattern\u00bb][vc_column][image_with_text_over icon_size=\u00bbfa-lg\u00bb title_size=\u00bb50&#8243; title=\u00bbFORMACI\u00d3N\u00bb image=\u00bb2289&#8243;][\/image_with_text_over][vc_empty_space][\/vc_column][\/vc_row][vc_row css_animation=\u00bb\u00bb row_type=\u00bbrow\u00bb use_row_as_full_screen_section=\u00bbno\u00bb type=\u00bbgrid\u00bb angled_section=\u00bbno\u00bb text_align=\u00bbleft\u00bb background_image_as_pattern=\u00bbwithout_pattern\u00bb z_index=\u00bb\u00bb][vc_column][custom_font font_size=\u00bb30&#8243; line_height=\u00bb15&#8243; font_style=\u00bbnormal\u00bb text_align=\u00bbleft\u00bb font_weight=\u00bb600&#8243; text_decoration=\u00bbnone\u00bb text_shadow=\u00bbyes\u00bb color=\u00bb#114733&#8243;]<\/p>\n<p style=\"text-align: center;\">FORMACI\u00d3N DE OFERTA<\/p>\n<p>[\/custom_font][vc_empty_space height=\u00bb15&#8243;][vc_separator type=\u00bbnormal\u00bb][vc_empty_space][vc_row_inner row_type=\u00bbrow\u00bb type=\u00bbfull_width\u00bb text_align=\u00bbleft\u00bb css_animation=\u00bb\u00bb][vc_column_inner width=\u00bb1\/2&#8243;][counter type=\u00bbzero\u00bb box=\u00bbno\u00bb position=\u00bbcenter\u00bb font_weight=\u00bb400&#8243; text_font_weight=\u00bb600&#8243; text_transform=\u00bbuppercase\u00bb separator=\u00bbyes\u00bb digit=\u00bb50&#8243; font_color=\u00bb#114733&#8243; text=\u00bbAcciones formativas\u00bb text_color=\u00bb#cad327&#8243; separator_color=\u00bb#114733&#8243;][\/vc_column_inner][vc_column_inner width=\u00bb1\/2&#8243;][counter type=\u00bbzero\u00bb box=\u00bbno\u00bb position=\u00bbcenter\u00bb font_weight=\u00bb400&#8243; text_font_weight=\u00bb600&#8243; text_transform=\u00bbuppercase\u00bb separator=\u00bbyes\u00bb digit=\u00bb42109&#8243; font_color=\u00bb#114733&#8243; text=\u00bbHoras formativas\u00bb text_color=\u00bb#cad327&#8243; separator_color=\u00bb#114733&#8243;][\/vc_column_inner][\/vc_row_inner][vc_empty_space height=\u00bb32&#8243;][vc_row_inner row_type=\u00bbrow\u00bb type=\u00bbfull_width\u00bb text_align=\u00bbleft\u00bb css_animation=\u00bb\u00bb][vc_column_inner width=\u00bb1\/2&#8243;][vc_column_text]CEPYME Arag\u00f3n result\u00f3 adjudicataria de subvenci\u00f3n para la ejecuci\u00f3n de un plan de formaci\u00f3n intersectorial dirigido prioritariamente a trabajadores ocupados, dentro del Plan de Formaci\u00f3n para el Empleo de Arag\u00f3n correspondiente al a\u00f1o 2019.<\/p>\n<p>&nbsp;<\/p>\n<p>Impartimos 50 acciones formativas, 26 en modalidad online y 24 en modalidad presencial (19 de ellas mediante aula virtual habida cuenta de las circunstancias y restricciones que han afectado a la modalidad presencial). Su ejecuci\u00f3n alcanz\u00f3 el 123,15 % en t\u00e9rminos de horas formativas ejecutadas (42.109 horas) y por tanto el 100% en t\u00e9rminos de justificaci\u00f3n econ\u00f3mica de la subvenci\u00f3n concedida.<\/p>\n<p>&nbsp;<\/p>\n<p>Adem\u00e1s de los resultados en t\u00e9rminos de justificaci\u00f3n econ\u00f3mica, CEPYME Arag\u00f3n ha conseguido mantener sus est\u00e1ndares de calidad en la formaci\u00f3n impartida a juicio de los alumnos, con especial hincapi\u00e9 en las aptitudes de los formadores\/tutores seleccionados[\/vc_column_text][\/vc_column_inner][vc_column_inner width=\u00bb1\/2&#8243; css=\u00bb.vc_custom_1612527811570{background-color: rgba(202,211,39,0.42) !important;*background-color: rgb(202,211,39) !important;}\u00bb][vc_column_text]<\/p>\n<p style=\"text-align: center;\"><strong>SATISFACCI\u00d3N GENERAL DEL ALUMNADO POR PLAN DE FORMACI\u00d3N<\/strong><\/p>\n<p>&nbsp;<\/p>\n<table width=\"543\">\n<tbody>\n<tr>\n<td style=\"text-align: left;\" width=\"350\"><strong>A\u00d1O EJECUCI\u00d3N<\/strong><\/td>\n<td style=\"text-align: left;\" width=\"57\"><strong>2016<\/strong><\/td>\n<td style=\"text-align: left;\" width=\"47\"><strong>2017<\/strong><\/td>\n<td style=\"text-align: left;\" width=\"47\"><strong>2018<\/strong><\/td>\n<td style=\"text-align: left;\" width=\"47\"><strong>2019<\/strong><\/td>\n<td style=\"text-align: left;\" width=\"52\"><strong>2020<\/strong><\/td>\n<\/tr>\n<tr>\n<td style=\"text-align: left;\" width=\"500\">Organizaci\u00f3n, Duraci\u00f3n, Informaci\u00f3n<\/td>\n<td style=\"text-align: left;\" width=\"57\">8,55<\/td>\n<td style=\"text-align: left;\" width=\"47\">8,75<\/td>\n<td style=\"text-align: left;\" width=\"47\">8,68<\/td>\n<td style=\"text-align: left;\" width=\"47\">8,90<\/td>\n<td style=\"text-align: left;\" width=\"52\">8,73<\/td>\n<\/tr>\n<tr>\n<td style=\"text-align: left;\" width=\"350\">Formadores\/Tutores<\/td>\n<td style=\"text-align: left;\" width=\"57\">8,97<\/td>\n<td style=\"text-align: left;\" width=\"47\">9,34<\/td>\n<td style=\"text-align: left;\" width=\"47\">9,35<\/td>\n<td style=\"text-align: left;\" width=\"47\">9,48<\/td>\n<td style=\"text-align: left;\" width=\"52\">9,35<\/td>\n<\/tr>\n<tr>\n<td style=\"text-align: left;\" width=\"350\">Medios did\u00e1cticos<\/td>\n<td style=\"text-align: left;\" width=\"57\">8,68<\/td>\n<td style=\"text-align: left;\" width=\"47\">8,91<\/td>\n<td style=\"text-align: left;\" width=\"47\">8,91<\/td>\n<td style=\"text-align: left;\" width=\"47\">8,95<\/td>\n<td style=\"text-align: left;\" width=\"52\">8,91<\/td>\n<\/tr>\n<tr>\n<td style=\"text-align: left;\" width=\"350\">Instalaciones y medios t\u00e9cnicos<\/td>\n<td style=\"text-align: left;\" width=\"57\">8,95<\/td>\n<td style=\"text-align: left;\" width=\"47\">9,19<\/td>\n<td style=\"text-align: left;\" width=\"47\">9,13<\/td>\n<td style=\"text-align: left;\" width=\"47\">9,13<\/td>\n<td style=\"text-align: left;\" width=\"52\">9,05<\/td>\n<\/tr>\n<tr>\n<td style=\"text-align: left;\" width=\"350\"><strong><em>SATISFACCI\u00d3N GENERAL<\/em><\/strong><\/td>\n<td style=\"text-align: left;\" width=\"57\"><strong><em>8,42<\/em><\/strong><\/td>\n<td style=\"text-align: left;\" width=\"47\"><strong><em>8,70<\/em><\/strong><\/td>\n<td style=\"text-align: left;\" width=\"47\"><strong><em>8,64<\/em><\/strong><\/td>\n<td style=\"text-align: left;\" width=\"47\"><strong><em>8,96<\/em><\/strong><\/td>\n<td style=\"text-align: left;\" width=\"52\"><strong><em>8,77<\/em><\/strong><\/td>\n<\/tr>\n<\/tbody>\n<\/table>\n<p>&nbsp;<\/p>\n<p>[\/vc_column_text][\/vc_column_inner][\/vc_row_inner][vc_empty_space height=\u00bb90&#8243;][\/vc_column][\/vc_row][vc_row css_animation=\u00bb\u00bb row_type=\u00bbrow\u00bb use_row_as_full_screen_section=\u00bbno\u00bb type=\u00bbgrid\u00bb angled_section=\u00bbno\u00bb text_align=\u00bbleft\u00bb background_image_as_pattern=\u00bbwithout_pattern\u00bb z_index=\u00bb\u00bb][vc_column][custom_font font_size=\u00bb30&#8243; line_height=\u00bb15&#8243; font_style=\u00bbnormal\u00bb text_align=\u00bbleft\u00bb font_weight=\u00bb600&#8243; text_decoration=\u00bbnone\u00bb text_shadow=\u00bbyes\u00bb color=\u00bb#114733&#8243;]<\/p>\n<p style=\"text-align: center;\">FORMACI\u00d3N DE DEMANDA<\/p>\n<p>[\/custom_font][vc_empty_space height=\u00bb15&#8243;][vc_separator type=\u00bbnormal\u00bb][vc_empty_space][vc_row_inner row_type=\u00bbrow\u00bb type=\u00bbfull_width\u00bb text_align=\u00bbleft\u00bb css_animation=\u00bb\u00bb][vc_column_inner width=\u00bb1\/3&#8243;][counter type=\u00bbzero\u00bb box=\u00bbno\u00bb position=\u00bbcenter\u00bb font_weight=\u00bb400&#8243; text_font_weight=\u00bb600&#8243; text_transform=\u00bbuppercase\u00bb separator=\u00bbyes\u00bb digit=\u00bb349&#8243; font_color=\u00bb#114733&#8243; text=\u00bbGrupos formativos\u00bb text_color=\u00bb#cad327&#8243; separator_color=\u00bb#114733&#8243;][\/vc_column_inner][vc_column_inner width=\u00bb1\/3&#8243;][counter type=\u00bbzero\u00bb box=\u00bbno\u00bb position=\u00bbcenter\u00bb font_weight=\u00bb400&#8243; text_font_weight=\u00bb600&#8243; text_transform=\u00bbuppercase\u00bb separator=\u00bbyes\u00bb digit=\u00bb3100&#8243; font_color=\u00bb#114733&#8243; text=\u00bbAlumnos\u00bb text_color=\u00bb#cad327&#8243; separator_color=\u00bb#114733&#8243;][\/vc_column_inner][vc_column_inner width=\u00bb1\/3&#8243;][counter type=\u00bbzero\u00bb box=\u00bbno\u00bb position=\u00bbcenter\u00bb font_weight=\u00bb400&#8243; text_font_weight=\u00bb600&#8243; text_transform=\u00bbuppercase\u00bb separator=\u00bbyes\u00bb digit=\u00bb360&#8243; font_color=\u00bb#114733&#8243; text=\u00bbEmpresas\u00bb text_color=\u00bb#cad327&#8243; separator_color=\u00bb#114733&#8243;][\/vc_column_inner][\/vc_row_inner][vc_empty_space][vc_column_text]Las dificultades que han tenido que afrontar las empresas a lo largo de 2020 han tenido su reflejo en la formaci\u00f3n que han podido programar para sus trabajadores, con una disminuci\u00f3n cercana al 35% en el volumen de cursos y alumnos gestionados, apenas compensados por un cierto crecimiento en la gesti\u00f3n de formaci\u00f3n Online.<\/p>\n<p>&nbsp;<\/p>\n<p>En 2020 CEPYME Arag\u00f3n gestion\u00f3 como Entidad Organizadora 349 grupos formativos en los que participaron m\u00e1s de 3.100 alumnos de 360 empresas.<\/p>\n<p>&nbsp;<\/p>\n<p>Adem\u00e1s, CEPYME Arag\u00f3n realiz\u00f3 labores de asesor\u00eda para 98 empresas que gestionaron las bonificaciones de su propia formaci\u00f3n, 272 cursos en los que participaron 1.155 alumnos.<\/p>\n<p>&nbsp;<\/p>\n<p>En total, CEPYME Arag\u00f3n particip\u00f3 de un modo u otro en la gesti\u00f3n de m\u00e1s de 62.000 horas formativas (82.000 en 2019), repartidas en 621 cursos (897 en 2019) con la participaci\u00f3n de 4.295 trabajadores (4.865 en 2019) de 458 empresas (604 en 2019).[\/vc_column_text][vc_empty_space height=\u00bb90&#8243;][\/vc_column][\/vc_row][vc_row css_animation=\u00bb\u00bb row_type=\u00bbrow\u00bb use_row_as_full_screen_section=\u00bbno\u00bb type=\u00bbgrid\u00bb angled_section=\u00bbno\u00bb text_align=\u00bbleft\u00bb background_image_as_pattern=\u00bbwithout_pattern\u00bb z_index=\u00bb\u00bb][vc_column][custom_font font_size=\u00bb30&#8243; line_height=\u00bb15&#8243; font_style=\u00bbnormal\u00bb text_align=\u00bbleft\u00bb font_weight=\u00bb600&#8243; text_decoration=\u00bbnone\u00bb text_shadow=\u00bbyes\u00bb color=\u00bb#114733&#8243;]<\/p>\n<p style=\"text-align: center;\">PROGRAMA DE PR\u00c1CTICAS NO LABORALES PROGRAMAS 2019 Y 2020<\/p>\n<p>[\/custom_font][vc_empty_space height=\u00bb15&#8243;][vc_separator type=\u00bbnormal\u00bb][vc_empty_space height=\u00bb32&#8243;][vc_row_inner row_type=\u00bbrow\u00bb type=\u00bbfull_width\u00bb text_align=\u00bbleft\u00bb css_animation=\u00bb\u00bb][vc_column_inner width=\u00bb1\/2&#8243;][vc_column_text]El Instituto Aragon\u00e9s de Empleo y la Confederaci\u00f3n de la Peque\u00f1a y Mediana Empresa Aragonesa coinciden en la necesidad de impulsar el Programa de Pr\u00e1cticas Profesionales no Laborales en Empresas, dirigido a todos los alumnos que participan en las acciones formativas del Plan de Formaci\u00f3n para el Empleo, para poder desarrollar los conocimientos aprendidos, facilitando una experiencia de trabajo en alternancia con la formaci\u00f3n te\u00f3rica y lograr conseguir el objetivo de mejorar el acceso al mercado de trabajo y la capacitaci\u00f3n profesional de los trabajadores desempleados.<\/p>\n<p>[\/vc_column_text][vc_empty_space height=\u00bb32&#8243;][\/vc_column_inner][vc_column_inner width=\u00bb1\/2&#8243; css=\u00bb.vc_custom_1612528725884{background-color: rgba(202,211,39,0.42) !important;*background-color: rgb(202,211,39) !important;}\u00bb][vc_column_text]<\/p>\n<p style=\"text-align: center;\"><strong>SATISFACCI\u00d3N POR PARTE DEL ALUMNO<\/strong><\/p>\n<p>&nbsp;<\/p>\n<table>\n<tbody>\n<tr>\n<td><strong>\u00a0<\/strong><\/td>\n<td><strong>2016<\/strong><\/td>\n<td><strong>2017<\/strong><\/td>\n<td><strong>2018<\/strong><\/td>\n<td><strong>2019<\/strong><\/td>\n<td><strong>2020<\/strong><\/td>\n<\/tr>\n<tr>\n<td>Aprendizaje del alumno<\/td>\n<td>8,74<\/td>\n<td>8,77<\/td>\n<td>8,84<\/td>\n<td>9,12<\/td>\n<td>9,16<\/td>\n<\/tr>\n<tr>\n<td>Valoraci\u00f3n a los T\u00e9cnicos de CEPYME<\/td>\n<td>9,17<\/td>\n<td>9,28<\/td>\n<td>9,25<\/td>\n<td>9,32<\/td>\n<td>9,43<\/td>\n<\/tr>\n<\/tbody>\n<\/table>\n<p>&nbsp;<\/p>\n<p>[\/vc_column_text][\/vc_column_inner][\/vc_row_inner][vc_row_inner row_type=\u00bbrow\u00bb type=\u00bbfull_width\u00bb text_align=\u00bbleft\u00bb css_animation=\u00bb\u00bb][vc_column_inner][vc_column_text]Este programa se desarrolla a trav\u00e9s de dos tipos de pr\u00e1cticas en empresas:<\/p>\n<ul>\n<li>Pr\u00e1cticas en empresas dirigidas a los alumnos desempleados participantes en las acciones formativas del Plan de Formaci\u00f3n para el Empleo de Arag\u00f3n que no est\u00e1n asociadas a un certificado de profesionalidad.<\/li>\n<li>Pr\u00e1cticas en empresas dirigidas a los alumnos participantes en acciones formativas conducentes a la obtenci\u00f3n de un certificado de profesionalidad para la realizaci\u00f3n del \u201cM\u00f3dulo de formaci\u00f3n pr\u00e1ctica en centros de trabajo\u201d. Este m\u00f3dulo se realizar\u00e1 atendiendo a lo dispuesto en el Real-Decreto 34\/2008, de 18 de enero, por el que se regulan los certificados de profesionalidad, modificado por el Real Decreto 1675\/2010, de 10 de diciembre y por el Real Decreto 189\/2013, de 15 de marzo.<\/li>\n<\/ul>\n<p>[\/vc_column_text][vc_empty_space height=\u00bb32&#8243;][\/vc_column_inner][\/vc_row_inner][vc_row_inner row_type=\u00bbrow\u00bb type=\u00bbfull_width\u00bb text_align=\u00bbleft\u00bb css_animation=\u00bb\u00bb][vc_column_inner width=\u00bb1\/2&#8243;][vc_column_text]Por el car\u00e1cter plurianual del Programa de Pr\u00e1cticas No Laborales durante 2020 se ha ejecutado parte de dos programas, 2019 (hasta 30 de septiembre) y 2020, durante los meses de octubre y noviembre, al amparo de resoluci\u00f3n extraordinaria que, cumplido ampliamente el compromiso suscrito para el programa 2019 (60.000 horas), permiti\u00f3 a CEPYME Arag\u00f3n continuar desarrollando el programa toda vez que los fondos previstos para ello y retenidos en marzo por causas vinculadas a la crisis sanitaria, fueron liberados.<\/p>\n<p>&nbsp;<\/p>\n<p>A 30 de septiembre pudieron certificarse a cargo del programa 2019[\/vc_column_text][\/vc_column_inner][vc_column_inner width=\u00bb1\/2&#8243; css=\u00bb.vc_custom_1612529066868{background-color: rgba(202,211,39,0.42) !important;*background-color: rgb(202,211,39) !important;}\u00bb][vc_column_text]<\/p>\n<p style=\"text-align: center;\"><strong>SATISFACCI\u00d3N POR PARTE DE LAS EMPRESAS<\/strong><\/p>\n<p>&nbsp;<\/p>\n<table>\n<tbody>\n<tr>\n<td><strong>\u00a0<\/strong><\/td>\n<td><strong>2016<\/strong><\/td>\n<td><strong>2017<\/strong><\/td>\n<td><strong>2018<\/strong><\/td>\n<td><strong>2019<\/strong><\/td>\n<td><strong>2020<\/strong><\/td>\n<\/tr>\n<tr>\n<td>Valoraci\u00f3n al alumno<\/td>\n<td>9,81<\/td>\n<td>8,99<\/td>\n<td>8,86<\/td>\n<td>9,18<\/td>\n<td>8,87<\/td>\n<\/tr>\n<tr>\n<td>Valoraci\u00f3n a los T\u00e9cnicos de CEPYME<\/td>\n<td>9,03<\/td>\n<td>9,12<\/td>\n<td>8,95<\/td>\n<td>9,17<\/td>\n<td>9,40<\/td>\n<\/tr>\n<\/tbody>\n<\/table>\n<p>&nbsp;<\/p>\n<p>[\/vc_column_text][\/vc_column_inner][\/vc_row_inner][vc_column_text]un total de 62.470 horas de pr\u00e1cticas repartidas en 633 convenios suscritos y con la colaboraci\u00f3n de 324 empresas.<\/p>\n<p>&nbsp;<\/p>\n<p>Durante los meses de octubre y noviembre se suscribieron 117 convenios por un total de 11.103 horas de pr\u00e1cticas.<\/p>\n<p>&nbsp;<\/p>\n<p>Cabe destacar en la ejecuci\u00f3n de los dos programas los extraordinarios resultados obtenidos en t\u00e9rminos de satisfacci\u00f3n tanto por parte de las empresas como de las personas usuarias del programa con la atenci\u00f3n recibida y la gesti\u00f3n realizada por CEPYME Arag\u00f3n.[\/vc_column_text][vc_empty_space height=\u00bb60&#8243;][\/vc_column][\/vc_row]<\/p>\n","protected":false},"excerpt":{"rendered":"<p>[vc_row css_animation=\u00bb\u00bb row_type=\u00bbrow\u00bb use_row_as_full_screen_section=\u00bbno\u00bb type=\u00bbfull_width\u00bb angled_section=\u00bbno\u00bb text_align=\u00bbleft\u00bb background_image_as_pattern=\u00bbwithout_pattern\u00bb z_index=\u00bb\u00bb css=\u00bb.vc_custom_1610018044125{margin-right: 5px !important;margin-left: 5px !important;}\u00bb][vc_column width=\u00bb1\/6&#8243;][vc_empty_space height=\u00bb10&#8243;][vc_single_image image=\u00bb28&#8243; img_size=\u00bb\u00bb onclick=\u00bbcustom_link\u00bb qode_css_animation=\u00bb\u00bb link=\u00bbhttp:\/\/memoria.cepymearagon.es\/index.php\/2020-2\/\u00bb][\/vc_column][vc_column width=\u00bb1\/6&#8243;][vc_empty_space height=\u00bb30&#8243;][custom_font font_size=\u00bb15&#8243; line_height=\u00bb26&#8243; font_style=\u00bbnormal\u00bb text_align=\u00bbleft\u00bb font_weight=\u00bb300&#8243; text_decoration=\u00bbnone\u00bb text_shadow=\u00bbno\u00bb border_color=\u00bb#114733&#8243;] Nuestra organizaci\u00f3n [\/custom_font][\/vc_column][vc_column width=\u00bb1\/6&#8243;][vc_empty_space height=\u00bb30&#8243;][custom_font font_size=\u00bb15&#8243; line_height=\u00bb26&#8243; font_style=\u00bbnormal\u00bb text_align=\u00bbleft\u00bb font_weight=\u00bb300&#8243; text_decoration=\u00bbnone\u00bb text_shadow=\u00bbno\u00bb border_color=\u00bb#114733&#8243;] Nuestros servicios [\/custom_font][\/vc_column][vc_column width=\u00bb1\/6&#8243;][vc_empty_space height=\u00bb30&#8243;][custom_font font_size=\u00bb15&#8243; line_height=\u00bb26&#8243; font_style=\u00bbnormal\u00bb text_align=\u00bbleft\u00bb font_weight=\u00bb300&#8243; text_decoration=\u00bbnone\u00bb [&hellip;]<\/p>\n","protected":false},"author":2,"featured_media":0,"parent":0,"menu_order":0,"comment_status":"closed","ping_status":"closed","template":"landing_page.php","meta":{"footnotes":""},"class_list":["post-2245","page","type-page","status-publish","hentry"],"_links":{"self":[{"href":"https:\/\/memoria.cepymearagon.es\/index.php\/wp-json\/wp\/v2\/pages\/2245","targetHints":{"allow":["GET"]}}],"collection":[{"href":"https:\/\/memoria.cepymearagon.es\/index.php\/wp-json\/wp\/v2\/pages"}],"about":[{"href":"https:\/\/memoria.cepymearagon.es\/index.php\/wp-json\/wp\/v2\/types\/page"}],"author":[{"embeddable":true,"href":"https:\/\/memoria.cepymearagon.es\/index.php\/wp-json\/wp\/v2\/users\/2"}],"replies":[{"embeddable":true,"href":"https:\/\/memoria.cepymearagon.es\/index.php\/wp-json\/wp\/v2\/comments?post=2245"}],"version-history":[{"count":10,"href":"https:\/\/memoria.cepymearagon.es\/index.php\/wp-json\/wp\/v2\/pages\/2245\/revisions"}],"predecessor-version":[{"id":2462,"href":"https:\/\/memoria.cepymearagon.es\/index.php\/wp-json\/wp\/v2\/pages\/2245\/revisions\/2462"}],"wp:attachment":[{"href":"https:\/\/memoria.cepymearagon.es\/index.php\/wp-json\/wp\/v2\/media?parent=2245"}],"curies":[{"name":"wp","href":"https:\/\/api.w.org\/{rel}","templated":true}]}}