{"id":2241,"date":"2021-02-01T12:04:20","date_gmt":"2021-02-01T12:04:20","guid":{"rendered":"http:\/\/memoria.cepymearagon.es\/?page_id=2241"},"modified":"2021-03-25T16:49:39","modified_gmt":"2021-03-25T16:49:39","slug":"2020-comunicacion","status":"publish","type":"page","link":"https:\/\/memoria.cepymearagon.es\/index.php\/2020-comunicacion\/","title":{"rendered":"2020 Comunicaci\u00f3n"},"content":{"rendered":"<p>[vc_row css_animation=\u00bb\u00bb row_type=\u00bbrow\u00bb use_row_as_full_screen_section=\u00bbno\u00bb type=\u00bbfull_width\u00bb angled_section=\u00bbno\u00bb text_align=\u00bbleft\u00bb background_image_as_pattern=\u00bbwithout_pattern\u00bb z_index=\u00bb\u00bb css=\u00bb.vc_custom_1610018044125{margin-right: 5px !important;margin-left: 5px !important;}\u00bb][vc_column width=\u00bb1\/6&#8243;][vc_empty_space height=\u00bb10&#8243;][vc_single_image image=\u00bb28&#8243; img_size=\u00bb\u00bb onclick=\u00bbcustom_link\u00bb qode_css_animation=\u00bb\u00bb link=\u00bbhttp:\/\/memoria.cepymearagon.es\/index.php\/2020-2\/\u00bb][\/vc_column][vc_column width=\u00bb1\/6&#8243;][vc_empty_space height=\u00bb30&#8243;][custom_font font_size=\u00bb15&#8243; line_height=\u00bb26&#8243; font_style=\u00bbnormal\u00bb text_align=\u00bbleft\u00bb font_weight=\u00bb300&#8243; text_decoration=\u00bbnone\u00bb text_shadow=\u00bbno\u00bb border_color=\u00bb#114733&#8243;]<\/p>\n<h3 style=\"text-align: center;\"><a href=\"http:\/\/memoria.cepymearagon.es\/index.php\/2020-nuestra-organizacion\/\">Nuestra organizaci\u00f3n<\/a><\/h3>\n<p>[\/custom_font][\/vc_column][vc_column width=\u00bb1\/6&#8243;][vc_empty_space height=\u00bb30&#8243;][custom_font font_size=\u00bb15&#8243; line_height=\u00bb26&#8243; font_style=\u00bbnormal\u00bb text_align=\u00bbleft\u00bb font_weight=\u00bb300&#8243; text_decoration=\u00bbnone\u00bb text_shadow=\u00bbno\u00bb border_color=\u00bb#114733&#8243;]<\/p>\n<h3 style=\"text-align: center;\"><a href=\"http:\/\/memoria.cepymearagon.es\/index.php\/2020-nuestros-servicios\/\">Nuestros servicios<\/a><\/h3>\n<p>[\/custom_font][\/vc_column][vc_column width=\u00bb1\/6&#8243;][vc_empty_space height=\u00bb30&#8243;][custom_font font_size=\u00bb15&#8243; line_height=\u00bb26&#8243; font_style=\u00bbnormal\u00bb text_align=\u00bbleft\u00bb font_weight=\u00bb300&#8243; text_decoration=\u00bbnone\u00bb text_shadow=\u00bbno\u00bb border_color=\u00bb#114733&#8243;]<\/p>\n<h3 style=\"text-align: center;\"><a href=\"http:\/\/memoria.cepymearagon.es\/index.php\/2020-actividades\/\">Actividades<\/a><\/h3>\n<p>[\/custom_font][\/vc_column][vc_column width=\u00bb1\/6&#8243;][vc_empty_space height=\u00bb20&#8243;][custom_font font_size=\u00bb15&#8243; line_height=\u00bb26&#8243; font_style=\u00bbnormal\u00bb text_align=\u00bbleft\u00bb font_weight=\u00bb300&#8243; text_decoration=\u00bbnone\u00bb text_shadow=\u00bbno\u00bb border_color=\u00bb#114733&#8243;]<\/p>\n<h3 style=\"text-align: center;\"><a href=\"http:\/\/memoria.cepymearagon.es\/index.php\/2020-rsa\/\">Responsabilidad Social Empresarial<\/a><\/h3>\n<p>[\/custom_font][\/vc_column][vc_column width=\u00bb1\/6&#8243;][vc_empty_space height=\u00bb20&#8243;][custom_font font_size=\u00bb15&#8243; line_height=\u00bb26&#8243; font_style=\u00bbnormal\u00bb text_align=\u00bbleft\u00bb font_weight=\u00bb300&#8243; text_decoration=\u00bbnone\u00bb text_shadow=\u00bbno\u00bb border_color=\u00bb#114733&#8243;]<\/p>\n<h3 style=\"text-align: center;\"><a href=\"http:\/\/memoria.cepymearagon.es\/index.php\/2020-confederaciones-provinciales\/\">Confederaciones provinciales<\/a><\/h3>\n<p>[\/custom_font][\/vc_column][\/vc_row][vc_row css_animation=\u00bb\u00bb row_type=\u00bbrow\u00bb use_row_as_full_screen_section=\u00bbno\u00bb type=\u00bbfull_width\u00bb angled_section=\u00bbno\u00bb text_align=\u00bbleft\u00bb background_image_as_pattern=\u00bbwithout_pattern\u00bb][vc_column][vc_empty_space height=\u00bb10&#8243;][\/vc_column][\/vc_row][vc_row css_animation=\u00bb\u00bb row_type=\u00bbrow\u00bb use_row_as_full_screen_section=\u00bbno\u00bb type=\u00bbfull_width\u00bb angled_section=\u00bbno\u00bb text_align=\u00bbleft\u00bb background_image_as_pattern=\u00bbwithout_pattern\u00bb][vc_column][image_with_text_over icon_size=\u00bbfa-lg\u00bb title_size=\u00bb50&#8243; title=\u00bbCOMUNICACI\u00d3N\u00bb image=\u00bb2278&#8243;][\/image_with_text_over][vc_empty_space][\/vc_column][\/vc_row][vc_row css_animation=\u00bb\u00bb row_type=\u00bbrow\u00bb use_row_as_full_screen_section=\u00bbno\u00bb type=\u00bbgrid\u00bb angled_section=\u00bbno\u00bb text_align=\u00bbleft\u00bb background_image_as_pattern=\u00bbwithout_pattern\u00bb z_index=\u00bb\u00bb][vc_column][custom_font font_size=\u00bb30&#8243; line_height=\u00bb15&#8243; font_style=\u00bbnormal\u00bb text_align=\u00bbleft\u00bb font_weight=\u00bb600&#8243; text_decoration=\u00bbnone\u00bb text_shadow=\u00bbyes\u00bb color=\u00bb#114733&#8243;]<\/p>\n<p style=\"text-align: center;\">ATENCI\u00d3N AL ASOCIADO<\/p>\n<p>[\/custom_font][vc_empty_space height=\u00bb15&#8243;][vc_separator type=\u00bbnormal\u00bb][vc_empty_space][vc_row_inner row_type=\u00bbrow\u00bb type=\u00bbfull_width\u00bb text_align=\u00bbleft\u00bb css_animation=\u00bb\u00bb][vc_column_inner width=\u00bb1\/4&#8243;][counter type=\u00bbzero\u00bb box=\u00bbno\u00bb position=\u00bbcenter\u00bb font_weight=\u00bb400&#8243; text_font_weight=\u00bb600&#8243; text_transform=\u00bbuppercase\u00bb separator=\u00bbyes\u00bb digit=\u00bb670&#8243; font_color=\u00bb#114733&#8243; text=\u00bbAsesor\u00edas\u00bb text_color=\u00bb#cad327&#8243; separator_color=\u00bb#114733&#8243;][\/vc_column_inner][vc_column_inner width=\u00bb1\/4&#8243;][counter type=\u00bbzero\u00bb box=\u00bbno\u00bb position=\u00bbcenter\u00bb font_weight=\u00bb400&#8243; text_font_weight=\u00bb600&#8243; text_transform=\u00bbuppercase\u00bb separator=\u00bbyes\u00bb digit=\u00bb838&#8243; font_color=\u00bb#114733&#8243; text=\u00bbImpactos con asociaciones\u00bb text_color=\u00bb#cad327&#8243; separator_color=\u00bb#114733&#8243;][\/vc_column_inner][vc_column_inner width=\u00bb1\/4&#8243;][counter type=\u00bbzero\u00bb box=\u00bbno\u00bb position=\u00bbcenter\u00bb font_weight=\u00bb400&#8243; text_font_weight=\u00bb600&#8243; text_transform=\u00bbuppercase\u00bb separator=\u00bbyes\u00bb digit=\u00bb13&#8243; font_color=\u00bb#114733&#8243; text=\u00bbEventos\u00bb text_color=\u00bb#cad327&#8243; separator_color=\u00bb#114733&#8243;][\/vc_column_inner][vc_column_inner width=\u00bb1\/4&#8243;][counter type=\u00bbzero\u00bb box=\u00bbno\u00bb position=\u00bbcenter\u00bb font_weight=\u00bb400&#8243; text_font_weight=\u00bb600&#8243; text_transform=\u00bbuppercase\u00bb separator=\u00bbyes\u00bb digit=\u00bb22952&#8243; font_color=\u00bb#114733&#8243; text=\u00bbLlamadas recibidas\u00bb text_color=\u00bb#cad327&#8243; separator_color=\u00bb#114733&#8243;][\/vc_column_inner][\/vc_row_inner][vc_empty_space][vc_column_text]CEPYME Arag\u00f3n ofrece un amplio abanico de servicios y asesor\u00edas para pymes y aut\u00f3nomos que abarcan los distintos \u00e1mbitos de la empresa.<\/p>\n<p>&nbsp;<\/p>\n<p>A lo largo de 2020 se han atendido 670 consultas, siendo Laboral la asesor\u00eda que m\u00e1s ha recibido, seguida de Organizaci\u00f3n Corporativa y Prevenci\u00f3n de Riesgos Laborales.<\/p>\n<p>&nbsp;<\/p>\n<p>Por otro lado, CEPYME Arag\u00f3n ha recibido un total de 39.578 llamadas y se han realizado 98.280 llamadas.<\/p>\n<p>&nbsp;<\/p>\n<p>Asimismo, las asociaciones son el ADN de CEPYME Arag\u00f3n, por ello, con el objetivo de conocer sus demandas y preocupaciones, se mantienen reuniones peri\u00f3dicas. En 2020, se ha mantenido un total de 838 impactos.[\/vc_column_text][vc_empty_space height=\u00bb90&#8243;][\/vc_column][\/vc_row][vc_row css_animation=\u00bb\u00bb row_type=\u00bbrow\u00bb use_row_as_full_screen_section=\u00bbno\u00bb type=\u00bbgrid\u00bb angled_section=\u00bbno\u00bb text_align=\u00bbleft\u00bb background_image_as_pattern=\u00bbwithout_pattern\u00bb z_index=\u00bb\u00bb][vc_column][custom_font font_size=\u00bb30&#8243; line_height=\u00bb15&#8243; font_style=\u00bbnormal\u00bb text_align=\u00bbleft\u00bb font_weight=\u00bb600&#8243; text_decoration=\u00bbnone\u00bb text_shadow=\u00bbyes\u00bb color=\u00bb#114733&#8243;]<\/p>\n<p style=\"text-align: center;\">CIRCULARES<\/p>\n<p>[\/custom_font][vc_empty_space height=\u00bb15&#8243;][vc_separator type=\u00bbnormal\u00bb][vc_empty_space][vc_row_inner row_type=\u00bbrow\u00bb type=\u00bbfull_width\u00bb text_align=\u00bbleft\u00bb css_animation=\u00bb\u00bb][vc_column_inner width=\u00bb1\/3&#8243;][counter type=\u00bbzero\u00bb box=\u00bbno\u00bb position=\u00bbcenter\u00bb font_weight=\u00bb400&#8243; text_font_weight=\u00bb600&#8243; text_transform=\u00bbuppercase\u00bb separator=\u00bbyes\u00bb digit=\u00bb49&#8243; font_color=\u00bb#114733&#8243; text=\u00bbCirculares\u00bb text_color=\u00bb#cad327&#8243; separator_color=\u00bb#114733&#8243;][\/vc_column_inner][vc_column_inner width=\u00bb1\/3&#8243;][counter type=\u00bbzero\u00bb box=\u00bbno\u00bb position=\u00bbcenter\u00bb font_weight=\u00bb400&#8243; text_font_weight=\u00bb600&#8243; text_transform=\u00bbuppercase\u00bb separator=\u00bbyes\u00bb digit=\u00bb70&#8243; font_color=\u00bb#114733&#8243; text=\u00bbMailings\u00bb text_color=\u00bb#cad327&#8243; separator_color=\u00bb#114733&#8243;][\/vc_column_inner][vc_column_inner width=\u00bb1\/3&#8243;][counter type=\u00bbzero\u00bb box=\u00bbno\u00bb position=\u00bbcenter\u00bb font_weight=\u00bb400&#8243; text_font_weight=\u00bb600&#8243; text_transform=\u00bbuppercase\u00bb separator=\u00bbyes\u00bb digit=\u00bb272770&#8243; font_color=\u00bb#114733&#8243; text=\u00bbImpactos\u00bb text_color=\u00bb#cad327&#8243; separator_color=\u00bb#114733&#8243;][\/vc_column_inner][\/vc_row_inner][vc_empty_space][vc_column_text]La comunicaci\u00f3n corporativa ha jugado un papel clave en 2020 como consecuencia de la pandemia. CEPYME Arag\u00f3n\u00a0ha apostado por establecer diferentes canales de comunicaci\u00f3n, tanto internos como externos, para acompa\u00f1ar tanto a las asociaciones empresariales como al p\u00fablico general\u00a0en los momentos m\u00e1s inciertos que se han vivido.[\/vc_column_text][vc_empty_space height=\u00bb10&#8243;][vc_column_text]La situaci\u00f3n sanitaria ha obligado a gestionar sobre la marcha los diferentes protocolos dando respuesta a todos los grupos de inter\u00e9s de la entidad con mensajes de compromiso y confianza.[\/vc_column_text][vc_empty_space height=\u00bb10&#8243;][vc_column_text]El canal m\u00e1s utilizado a lo largo de 2020 para comunicarnos con nuestras asociaciones empresariales han sido las circulares y los mailings espec\u00edficos que recog\u00edan toda la informaci\u00f3n de manera actualizada.[\/vc_column_text][vc_empty_space height=\u00bb90&#8243;][\/vc_column][\/vc_row][vc_row css_animation=\u00bb\u00bb row_type=\u00bbrow\u00bb use_row_as_full_screen_section=\u00bbno\u00bb type=\u00bbgrid\u00bb angled_section=\u00bbno\u00bb text_align=\u00bbleft\u00bb background_image_as_pattern=\u00bbwithout_pattern\u00bb z_index=\u00bb\u00bb][vc_column][custom_font font_size=\u00bb30&#8243; line_height=\u00bb15&#8243; font_style=\u00bbnormal\u00bb text_align=\u00bbleft\u00bb font_weight=\u00bb600&#8243; text_decoration=\u00bbnone\u00bb text_shadow=\u00bbyes\u00bb color=\u00bb#114733&#8243;]<\/p>\n<p style=\"text-align: center;\">WEB<\/p>\n<p>[\/custom_font][vc_empty_space height=\u00bb15&#8243;][vc_separator type=\u00bbnormal\u00bb][vc_empty_space][vc_row_inner row_type=\u00bbrow\u00bb type=\u00bbfull_width\u00bb text_align=\u00bbleft\u00bb css_animation=\u00bb\u00bb][vc_column_inner width=\u00bb1\/2&#8243;][counter type=\u00bbzero\u00bb box=\u00bbno\u00bb position=\u00bbcenter\u00bb font_weight=\u00bb400&#8243; text_font_weight=\u00bb600&#8243; text_transform=\u00bbuppercase\u00bb separator=\u00bbyes\u00bb digit=\u00bb227303&#8243; font_color=\u00bb#114733&#8243; text=\u00bbVisitas\u00bb text_color=\u00bb#cad327&#8243; separator_color=\u00bb#114733&#8243;][\/vc_column_inner][vc_column_inner width=\u00bb1\/2&#8243;][counter type=\u00bbzero\u00bb box=\u00bbno\u00bb position=\u00bbcenter\u00bb font_weight=\u00bb400&#8243; text_font_weight=\u00bb600&#8243; text_transform=\u00bbuppercase\u00bb separator=\u00bbyes\u00bb digit=\u00bb633&#8243; font_color=\u00bb#114733&#8243; text=\u00bbPublicaciones\u00bb text_color=\u00bb#cad327&#8243; separator_color=\u00bb#114733&#8243;][\/vc_column_inner][\/vc_row_inner][vc_empty_space][vc_row_inner row_type=\u00bbrow\u00bb type=\u00bbfull_width\u00bb text_align=\u00bbleft\u00bb css_animation=\u00bb\u00bb][vc_column_inner width=\u00bb1\/2&#8243;][vc_column_text]A lo largo de 2020 se han publicado contenidos din\u00e1micos y de inter\u00e9s, con especial atenci\u00f3n a toda la informaci\u00f3n derivada de la pandemia, cre\u00e1ndose un espacio espec\u00edfico dentro de la web para tal efecto.<\/p>\n<p>&nbsp;<\/p>\n<p>Asimismo se han publicado contenidos\u00a0sobre temas muy dispares como ayudas y subvenciones, informaci\u00f3n fiscal, informaci\u00f3n civil y mercantil, eventos, as\u00ed como cuestiones corporativas y de las propias asociaciones que forman parte de CEPYME Arag\u00f3n.[\/vc_column_text][\/vc_column_inner][vc_column_inner width=\u00bb1\/2&#8243;][expanding_images target=\u00bb_self\u00bb hero_image=\u00bb2281&#8243; link=\u00bbhttps:\/\/www.cepymearagon.es\/\u00bb title=\u00bbVer web\u00bb][\/vc_column_inner][\/vc_row_inner][vc_empty_space height=\u00bb90&#8243;][\/vc_column][\/vc_row][vc_row css_animation=\u00bb\u00bb row_type=\u00bbrow\u00bb use_row_as_full_screen_section=\u00bbno\u00bb type=\u00bbgrid\u00bb angled_section=\u00bbno\u00bb text_align=\u00bbleft\u00bb background_image_as_pattern=\u00bbwithout_pattern\u00bb z_index=\u00bb\u00bb][vc_column][custom_font font_size=\u00bb30&#8243; line_height=\u00bb15&#8243; font_style=\u00bbnormal\u00bb text_align=\u00bbleft\u00bb font_weight=\u00bb600&#8243; text_decoration=\u00bbnone\u00bb text_shadow=\u00bbyes\u00bb color=\u00bb#114733&#8243;]<\/p>\n<p style=\"text-align: center;\">PRENSA<\/p>\n<p>[\/custom_font][vc_empty_space height=\u00bb15&#8243;][vc_separator type=\u00bbnormal\u00bb][vc_empty_space][vc_row_inner row_type=\u00bbrow\u00bb type=\u00bbfull_width\u00bb text_align=\u00bbleft\u00bb css_animation=\u00bb\u00bb][vc_column_inner width=\u00bb1\/2&#8243;][counter type=\u00bbzero\u00bb box=\u00bbno\u00bb position=\u00bbcenter\u00bb font_weight=\u00bb400&#8243; text_font_weight=\u00bb600&#8243; text_transform=\u00bbuppercase\u00bb separator=\u00bbyes\u00bb digit=\u00bb71&#8243; font_color=\u00bb#114733&#8243; text=\u00bbNotas de prensa\u00bb text_color=\u00bb#cad327&#8243; separator_color=\u00bb#114733&#8243;][\/vc_column_inner][vc_column_inner width=\u00bb1\/2&#8243;][counter type=\u00bbzero\u00bb box=\u00bbno\u00bb position=\u00bbcenter\u00bb font_weight=\u00bb400&#8243; text_font_weight=\u00bb600&#8243; text_transform=\u00bbuppercase\u00bb separator=\u00bbyes\u00bb digit=\u00bb532&#8243; font_color=\u00bb#114733&#8243; text=\u00bbImpactos\u00bb text_color=\u00bb#cad327&#8243; separator_color=\u00bb#114733&#8243;][\/vc_column_inner][\/vc_row_inner][vc_empty_space][vc_row_inner row_type=\u00bbrow\u00bb type=\u00bbfull_width\u00bb text_align=\u00bbleft\u00bb css_animation=\u00bb\u00bb][vc_column_inner width=\u00bb1\/2&#8243;][vc_column_text]CEPYME Arag\u00f3n contin\u00faa con el objetivo de aumentar la presencia en los medios de comunicaci\u00f3n a trav\u00e9s del env\u00edo de notas de prensa as\u00ed como de art\u00edculos de opini\u00f3n.<\/p>\n<p>&nbsp;<\/p>\n<p>2020 ha sido un a\u00f1o muy intenso por la necesidad de reivindicar las necesidades de pymes y aut\u00f3nomos ante la grave situaci\u00f3n econ\u00f3mica, derivada de la crisis sanitaria.[\/vc_column_text][\/vc_column_inner][vc_column_inner width=\u00bb1\/2&#8243;][vc_single_image image=\u00bb2284&#8243; img_size=\u00bbmedium\u00bb alignment=\u00bbcenter\u00bb style=\u00bbvc_box_shadow\u00bb qode_css_animation=\u00bb\u00bb][\/vc_column_inner][\/vc_row_inner][vc_empty_space height=\u00bb90&#8243;][\/vc_column][\/vc_row][vc_row css_animation=\u00bb\u00bb row_type=\u00bbrow\u00bb use_row_as_full_screen_section=\u00bbno\u00bb type=\u00bbgrid\u00bb angled_section=\u00bbno\u00bb text_align=\u00bbleft\u00bb background_image_as_pattern=\u00bbwithout_pattern\u00bb z_index=\u00bb\u00bb][vc_column][custom_font font_size=\u00bb30&#8243; line_height=\u00bb15&#8243; font_style=\u00bbnormal\u00bb text_align=\u00bbleft\u00bb font_weight=\u00bb600&#8243; text_decoration=\u00bbnone\u00bb text_shadow=\u00bbyes\u00bb color=\u00bb#114733&#8243;]<\/p>\n<p style=\"text-align: center;\">REDES SOCIALES<\/p>\n<p>[\/custom_font][vc_empty_space height=\u00bb15&#8243;][vc_separator type=\u00bbnormal\u00bb][vc_empty_space][vc_row_inner row_type=\u00bbrow\u00bb type=\u00bbfull_width\u00bb text_align=\u00bbleft\u00bb css_animation=\u00bb\u00bb][vc_column_inner width=\u00bb1\/2&#8243;][counter type=\u00bbzero\u00bb box=\u00bbno\u00bb position=\u00bbcenter\u00bb font_weight=\u00bb400&#8243; text_font_weight=\u00bb600&#8243; text_transform=\u00bbuppercase\u00bb separator=\u00bbyes\u00bb digit=\u00bb447200&#8243; font_color=\u00bb#114733&#8243; text=\u00bbImpresiones por tweet\u00bb text_color=\u00bb#cad327&#8243; separator_color=\u00bb#114733&#8243;][\/vc_column_inner][vc_column_inner width=\u00bb1\/2&#8243;][counter type=\u00bbzero\u00bb box=\u00bbno\u00bb position=\u00bbcenter\u00bb font_weight=\u00bb400&#8243; text_font_weight=\u00bb600&#8243; text_transform=\u00bbuppercase\u00bb separator=\u00bbyes\u00bb digit=\u00bb179202&#8243; font_color=\u00bb#114733&#8243; text=\u00bbAlcance en Facebook\u00bb text_color=\u00bb#cad327&#8243; separator_color=\u00bb#114733&#8243;][\/vc_column_inner][\/vc_row_inner][vc_empty_space][vc_row_inner row_type=\u00bbrow\u00bb type=\u00bbfull_width\u00bb text_align=\u00bbleft\u00bb css_animation=\u00bb\u00bb][vc_column_inner width=\u00bb1\/2&#8243;][vc_column_text]CEPYME Arag\u00f3n sigue apostando fuerte por las redes sociales como medio para acercar a la sociedad cuestiones que afectan a pymesy aut\u00f3nomos. En 2020, adem\u00e1s, los medios telem\u00e1ticos y las redes sociales han tomado un gran protagonismo por la pandemia.<\/p>\n<p>&nbsp;<\/p>\n<p>Se ha continuado con la labor de comunicar contenidos de inter\u00e9s a trav\u00e9s de los perfiles de Facebook y Twitter, se ha reactivado de la cuenta de Linkedin y se ha creado perfil en Instagram.[\/vc_column_text][\/vc_column_inner][vc_column_inner width=\u00bb1\/2&#8243;][expanding_images hero_image=\u00bb2287&#8243;][\/vc_column_inner][\/vc_row_inner][vc_empty_space height=\u00bb60&#8243;][\/vc_column][\/vc_row]<\/p>\n","protected":false},"excerpt":{"rendered":"<p>[vc_row css_animation=\u00bb\u00bb row_type=\u00bbrow\u00bb use_row_as_full_screen_section=\u00bbno\u00bb type=\u00bbfull_width\u00bb angled_section=\u00bbno\u00bb text_align=\u00bbleft\u00bb background_image_as_pattern=\u00bbwithout_pattern\u00bb z_index=\u00bb\u00bb css=\u00bb.vc_custom_1610018044125{margin-right: 5px !important;margin-left: 5px !important;}\u00bb][vc_column width=\u00bb1\/6&#8243;][vc_empty_space height=\u00bb10&#8243;][vc_single_image image=\u00bb28&#8243; img_size=\u00bb\u00bb onclick=\u00bbcustom_link\u00bb qode_css_animation=\u00bb\u00bb link=\u00bbhttp:\/\/memoria.cepymearagon.es\/index.php\/2020-2\/\u00bb][\/vc_column][vc_column width=\u00bb1\/6&#8243;][vc_empty_space height=\u00bb30&#8243;][custom_font font_size=\u00bb15&#8243; line_height=\u00bb26&#8243; font_style=\u00bbnormal\u00bb text_align=\u00bbleft\u00bb font_weight=\u00bb300&#8243; text_decoration=\u00bbnone\u00bb text_shadow=\u00bbno\u00bb border_color=\u00bb#114733&#8243;] Nuestra organizaci\u00f3n [\/custom_font][\/vc_column][vc_column width=\u00bb1\/6&#8243;][vc_empty_space height=\u00bb30&#8243;][custom_font font_size=\u00bb15&#8243; line_height=\u00bb26&#8243; font_style=\u00bbnormal\u00bb text_align=\u00bbleft\u00bb font_weight=\u00bb300&#8243; text_decoration=\u00bbnone\u00bb text_shadow=\u00bbno\u00bb border_color=\u00bb#114733&#8243;] Nuestros servicios [\/custom_font][\/vc_column][vc_column width=\u00bb1\/6&#8243;][vc_empty_space height=\u00bb30&#8243;][custom_font font_size=\u00bb15&#8243; line_height=\u00bb26&#8243; font_style=\u00bbnormal\u00bb text_align=\u00bbleft\u00bb font_weight=\u00bb300&#8243; text_decoration=\u00bbnone\u00bb [&hellip;]<\/p>\n","protected":false},"author":2,"featured_media":0,"parent":0,"menu_order":0,"comment_status":"closed","ping_status":"closed","template":"landing_page.php","meta":{"footnotes":""},"class_list":["post-2241","page","type-page","status-publish","hentry"],"_links":{"self":[{"href":"https:\/\/memoria.cepymearagon.es\/index.php\/wp-json\/wp\/v2\/pages\/2241","targetHints":{"allow":["GET"]}}],"collection":[{"href":"https:\/\/memoria.cepymearagon.es\/index.php\/wp-json\/wp\/v2\/pages"}],"about":[{"href":"https:\/\/memoria.cepymearagon.es\/index.php\/wp-json\/wp\/v2\/types\/page"}],"author":[{"embeddable":true,"href":"https:\/\/memoria.cepymearagon.es\/index.php\/wp-json\/wp\/v2\/users\/2"}],"replies":[{"embeddable":true,"href":"https:\/\/memoria.cepymearagon.es\/index.php\/wp-json\/wp\/v2\/comments?post=2241"}],"version-history":[{"count":11,"href":"https:\/\/memoria.cepymearagon.es\/index.php\/wp-json\/wp\/v2\/pages\/2241\/revisions"}],"predecessor-version":[{"id":2480,"href":"https:\/\/memoria.cepymearagon.es\/index.php\/wp-json\/wp\/v2\/pages\/2241\/revisions\/2480"}],"wp:attachment":[{"href":"https:\/\/memoria.cepymearagon.es\/index.php\/wp-json\/wp\/v2\/media?parent=2241"}],"curies":[{"name":"wp","href":"https:\/\/api.w.org\/{rel}","templated":true}]}}