{"id":2061,"date":"2020-06-24T08:32:08","date_gmt":"2020-06-24T08:32:08","guid":{"rendered":"http:\/\/memoria.cepymearagon.es\/?page_id=2061"},"modified":"2020-06-24T08:32:08","modified_gmt":"2020-06-24T08:32:08","slug":"2019-fiscal","status":"publish","type":"page","link":"https:\/\/memoria.cepymearagon.es\/index.php\/2019-fiscal\/","title":{"rendered":"2019 Fiscal"},"content":{"rendered":"<p>[vc_row css_animation=\u00bb\u00bb row_type=\u00bbrow\u00bb use_row_as_full_screen_section=\u00bbno\u00bb type=\u00bbfull_width\u00bb angled_section=\u00bbno\u00bb text_align=\u00bbleft\u00bb background_image_as_pattern=\u00bbwithout_pattern\u00bb][vc_column][qode_elements_holder number_of_columns=\u00bbone_column\u00bb][qode_elements_holder_item background_image=\u00bb1470&#8243; item_padding=\u00bb280px\u00bb vertical_alignment=\u00bbmiddle\u00bb horizontal_alignment=\u00bbcenter\u00bb advanced_animations=\u00bbno\u00bb][vc_column_text]<\/p>\n<h1 style=\"text-align: center;\">FISCAL<\/h1>\n<p>[\/vc_column_text][\/qode_elements_holder_item][\/qode_elements_holder][vc_empty_space][\/vc_column][\/vc_row][vc_row css_animation=\u00bb\u00bb row_type=\u00bbrow\u00bb use_row_as_full_screen_section=\u00bbno\u00bb type=\u00bbgrid\u00bb angled_section=\u00bbno\u00bb text_align=\u00bbleft\u00bb background_image_as_pattern=\u00bbwithout_pattern\u00bb z_index=\u00bb\u00bb][vc_column][qode_accordion][qode_accordion_tab title=\u00bbACTUACIONES\u00bb][vc_tta_section tab_id=\u00bb1581345929165-91965312-7e52841a-a334&#8243;][vc_column_text]Al igual que en anteriores ejercicios, y en cumplimiento del contenido y compromisos de la Carta de Servicios, la Asesor\u00eda Fiscal ha venido desarrollando en el a\u00f1o 2019 y para la Confederaci\u00f3n las funciones habituales de informaci\u00f3n, asistencia y asesoramiento en las \u00e1reas que le son propias, a solicitud de las empresas asociadas y sus componentes, bien de forma individual o colectiva.<\/p>\n<p>&nbsp;<\/p>\n<p>En concreto, se han seguido realizado las siguientes prestaciones de servicios:<\/p>\n<p>&nbsp;<\/p>\n<ul>\n<li>Informaci\u00f3n legislativa, con notificaci\u00f3n de las novedades normativas con trascendencia en \u00e1reas fiscal y administrativa, tanto en el \u00e1mbito interno de CEPYME como a sus asociados.<\/li>\n<li>Emisi\u00f3n de dict\u00e1menes e informes, sobre novedades legislativas o materias de inter\u00e9s para los asociados en materia fiscal (especialmente por medio de las Circulares informativas publicadas en la p\u00e1gina web)<\/li>\n<li>Consultas verbales, telef\u00f3nicas, por correo electr\u00f3nico y presenciales sobre las materias de la Asesor\u00eda<\/li>\n<\/ul>\n<p>[\/vc_column_text][\/vc_tta_section][\/qode_accordion_tab][qode_accordion_tab title=\u00bbMATERIAS DESTACADAS\u00bb][vc_tta_section tab_id=\u00bb1581346346002-e1c3c082-2507841a-a334&#8243;][vc_column_text]Como todos los ejercicios, y con motivo de elaboraci\u00f3n de la presente memoria, destacamos las materias que han supuesto una mayor incidencia en n\u00famero de consultas o intervenciones para esta Asesor\u00eda:<\/p>\n<p>&nbsp;<\/p>\n<p><strong>Las consultas en tal materia han descendido respecto a ejercicios anteriores ya que la actividad normativa de car\u00e1cter fiscal a lo largo de este a\u00f1o ha sido menor a la de ejercicios anteriores, si bien se mantienen las ordinarias:<\/strong><\/p>\n<ul>\n<li>Obligaciones de car\u00e1cter formal (en especial, facturaci\u00f3n y requisitos en tal materia).<\/li>\n<li>Opci\u00f3n por r\u00e9gimen de determinaci\u00f3n de rendimientos de la actividad (en supuestos de alta o inicio de actividad)<\/li>\n<\/ul>\n<p>&nbsp;<\/p>\n<p><strong>Han sido las dudas por las novedades en el cumplimiento de obligaciones formales y de autoliquidaci\u00f3n con Hacienda las m\u00e1s numerosas:<\/strong><\/p>\n<ul>\n<li>Tramites derivados de la exigencia (para sociedades y entidades, especialmente) de comunicaci\u00f3n por medios electr\u00f3nicos con Hacienda.<\/li>\n<li>Denotando las revisiones que en tal materia deben estar experimentando las entidades financieras, se sigue consultando sobre las exigencias a los empresarios en materia de prevenci\u00f3n de blanqueo de capitales (v\u00eda entidades financieras), con aportaci\u00f3n de documentaci\u00f3n y justificaci\u00f3n de titularidades.<\/li>\n<\/ul>\n<p>&nbsp;<\/p>\n<p><strong>Se mantienen, al igual que el pasado ejercicio, la consultas sobre opciones de transmisi\u00f3n \u2013 intervivos o mortis causa, onerosa o lucrativa \u2013 de la empresa y sus consecuencias fiscales.<\/strong><\/p>\n<p>&nbsp;<\/p>\n<p><strong>Se ha constatado una mayor incidencia de revisiones fiscales en las siguientes materias:<\/strong><\/p>\n<ul>\n<li>IVA y obligaciones de facturaci\u00f3n<\/li>\n<li>Comprobaci\u00f3n sobre gastos deducibles, en especial dietas y gastos de viaje (autom\u00f3vil, etc)<\/li>\n<li>Impuesto de Sociedades: Aplicaci\u00f3n de resultados negativos de ejercicios anteriores<\/li>\n<li>En \u00e1mbito auton\u00f3mico (y siempre en fechas pr\u00f3ximas a alcanzarse la prescripci\u00f3n): donaciones declaradas exentas, sucesiones y valoraci\u00f3n de inmuebles.<\/li>\n<\/ul>\n<p>[\/vc_column_text][\/vc_tta_section][\/qode_accordion_tab][qode_accordion_tab title=\u00bbNORMATIVA\u00bb][vc_tta_section tab_id=\u00bb1581347244850-9687dbf5-8ab6841a-a334&#8243;][vc_row_inner row_type=\u00bbrow\u00bb type=\u00bbfull_width\u00bb text_align=\u00bbleft\u00bb css_animation=\u00bb\u00bb][vc_column_inner width=\u00bb1\/2&#8243;][vc_column_text]<strong>NORMATIVA ESTATAL<\/strong><\/p>\n<p>&nbsp;<\/p>\n<ul>\n<li>Real Decreto 91\/2019, de 1 de marzo, por el que se regula la composici\u00f3n y funcionamiento del Consejo Asesor de Prevenci\u00f3n y Lucha contra el Fraude a los intereses financieros de la Uni\u00f3n Europea.<\/li>\n<\/ul>\n<p>&nbsp;<\/p>\n<ul>\n<li>Real Decreto 130\/2019, de 8 de marzo, por el que se regula la Base de Datos Nacional de Subvenciones y la publicidad de las subvenciones y dem\u00e1s ayudas p\u00fablicas.<\/li>\n<\/ul>\n<p>&nbsp;<\/p>\n<ul>\n<li>Real Decreto 595\/2019, de 18 de octubre, por el que se modifica el Reglamento del Impuesto sobre la Renta de no Residentes, aprobado por el Real Decreto 1776\/2004, de 30 de julio.<\/li>\n<\/ul>\n<p>&nbsp;<\/p>\n<ul>\n<li>Real Decreto 698\/2019, de 29 de noviembre, por el que se regula la concesi\u00f3n directa de subvenciones destinadas a la financiaci\u00f3n del transporte p\u00fablico regular de viajeros de Madrid, Barcelona, Valencia y las islas Canarias.<\/li>\n<\/ul>\n<p>&nbsp;<\/p>\n<ul>\n<li>Real Decreto 716\/2019, de 5 de diciembre, por el que se modifican el Real Decreto 773\/2015, de 28 de agosto, por el que se modifican determinados preceptos del Reglamento General de la Ley de Contratos de las Administraciones P\u00fablicas, aprobado por el Real Decreto 1098\/2001, de 12 de octubre, y el Real Decreto 700\/1988, de 1 de julio, sobre expedientes administrativos de responsabilidad contable derivados de las infracciones previstas en el t\u00edtulo VII de la Ley General Presupuestaria.<\/li>\n<\/ul>\n<p>&nbsp;<\/p>\n<ul>\n<li>Real Decreto 748\/2019, de 27 de diciembre, por el que se modifica el Real Decreto 636\/2014, de 25 de julio, por el que se crea la Central de Informaci\u00f3n econ\u00f3mico-financiera de las Administraciones P\u00fablicas y se regula la remisi\u00f3n de informaci\u00f3n por el Banco de Espa\u00f1a y las entidades financieras al Ministerio de Hacienda y Administraciones P\u00fablicas.<\/li>\n<\/ul>\n<p>&nbsp;<\/p>\n<ul>\n<li>Real Decreto 749\/2019, de 27 de diciembre, por el que se aprueba el Reglamento de funcionamiento del Inventario de Entidades del Sector P\u00fablico Estatal, Auton\u00f3mico y Local.<\/li>\n<\/ul>\n<p>[\/vc_column_text][\/vc_column_inner][vc_column_inner width=\u00bb1\/2&#8243;][vc_column_text]<strong>NORMATIVA EN ARAG\u00d3N<\/strong><\/p>\n<p>&nbsp;<\/p>\n<ul>\n<li>LEY 10\/2019, de 30 de diciembre, de Presupuestos de la Comunidad Aut\u00f3noma de Arag\u00f3n para el ejercicio 2020.<\/li>\n<\/ul>\n<p>&nbsp;<\/p>\n<ul>\n<li>Ley 3\/2019, de 21 de febrero, de modificaci\u00f3n del Decreto Legislativo 1\/2007, de 18 de septiembre, del Gobierno de Arag\u00f3n, por el que se aprueba el texto refundido de la legislaci\u00f3n sobre impuestos medioambientales de la Comunidad Aut\u00f3noma de Arag\u00f3n, para la supresi\u00f3n del impuesto medioambiental sobre las instalaciones de transporte por cable.<\/li>\n<\/ul>\n<p>[\/vc_column_text][\/vc_column_inner][\/vc_row_inner][\/vc_tta_section][\/qode_accordion_tab][\/qode_accordion][\/vc_column][\/vc_row][vc_row css_animation=\u00bb\u00bb row_type=\u00bbrow\u00bb use_row_as_full_screen_section=\u00bbno\u00bb type=\u00bbfull_width\u00bb angled_section=\u00bbno\u00bb text_align=\u00bbcenter\u00bb background_image=\u00bb1498&#8243; background_image_as_pattern=\u00bbwithout_pattern\u00bb z_index=\u00bb\u00bb][vc_column][vc_empty_space height=\u00bb100&#8243;][icons icon=\u00bbfa-home\u00bb size=\u00bbfa-2x\u00bb type=\u00bbsquare\u00bb border=\u00bbyes\u00bb link=\u00bbhttp:\/\/memoria.cepymearagon.es\/index.php\/2019-2\/\u00bb target=\u00bb_self\u00bb border_color=\u00bb#004631&#8243; background_color=\u00bb#004631&#8243; hover_background_color=\u00bb#42a589&#8243;][vc_empty_space height=\u00bb100&#8243;][\/vc_column][\/vc_row]<\/p>\n","protected":false},"excerpt":{"rendered":"<p>[vc_row css_animation=\u00bb\u00bb row_type=\u00bbrow\u00bb use_row_as_full_screen_section=\u00bbno\u00bb type=\u00bbfull_width\u00bb angled_section=\u00bbno\u00bb text_align=\u00bbleft\u00bb background_image_as_pattern=\u00bbwithout_pattern\u00bb][vc_column][qode_elements_holder number_of_columns=\u00bbone_column\u00bb][qode_elements_holder_item background_image=\u00bb1470&#8243; item_padding=\u00bb280px\u00bb vertical_alignment=\u00bbmiddle\u00bb horizontal_alignment=\u00bbcenter\u00bb advanced_animations=\u00bbno\u00bb][vc_column_text] FISCAL [\/vc_column_text][\/qode_elements_holder_item][\/qode_elements_holder][vc_empty_space][\/vc_column][\/vc_row][vc_row css_animation=\u00bb\u00bb row_type=\u00bbrow\u00bb use_row_as_full_screen_section=\u00bbno\u00bb type=\u00bbgrid\u00bb angled_section=\u00bbno\u00bb text_align=\u00bbleft\u00bb background_image_as_pattern=\u00bbwithout_pattern\u00bb z_index=\u00bb\u00bb][vc_column][qode_accordion][qode_accordion_tab title=\u00bbACTUACIONES\u00bb][vc_tta_section tab_id=\u00bb1581345929165-91965312-7e52841a-a334&#8243;][vc_column_text]Al igual que en anteriores ejercicios, y en cumplimiento del contenido y compromisos de la Carta de Servicios, la Asesor\u00eda Fiscal ha venido desarrollando en el a\u00f1o 2019 y para [&hellip;]<\/p>\n","protected":false},"author":2,"featured_media":0,"parent":0,"menu_order":0,"comment_status":"closed","ping_status":"closed","template":"landing_page.php","meta":{"footnotes":""},"class_list":["post-2061","page","type-page","status-publish","hentry"],"_links":{"self":[{"href":"https:\/\/memoria.cepymearagon.es\/index.php\/wp-json\/wp\/v2\/pages\/2061","targetHints":{"allow":["GET"]}}],"collection":[{"href":"https:\/\/memoria.cepymearagon.es\/index.php\/wp-json\/wp\/v2\/pages"}],"about":[{"href":"https:\/\/memoria.cepymearagon.es\/index.php\/wp-json\/wp\/v2\/types\/page"}],"author":[{"embeddable":true,"href":"https:\/\/memoria.cepymearagon.es\/index.php\/wp-json\/wp\/v2\/users\/2"}],"replies":[{"embeddable":true,"href":"https:\/\/memoria.cepymearagon.es\/index.php\/wp-json\/wp\/v2\/comments?post=2061"}],"version-history":[{"count":6,"href":"https:\/\/memoria.cepymearagon.es\/index.php\/wp-json\/wp\/v2\/pages\/2061\/revisions"}],"predecessor-version":[{"id":2068,"href":"https:\/\/memoria.cepymearagon.es\/index.php\/wp-json\/wp\/v2\/pages\/2061\/revisions\/2068"}],"wp:attachment":[{"href":"https:\/\/memoria.cepymearagon.es\/index.php\/wp-json\/wp\/v2\/media?parent=2061"}],"curies":[{"name":"wp","href":"https:\/\/api.w.org\/{rel}","templated":true}]}}