{"id":2037,"date":"2020-02-26T10:37:47","date_gmt":"2020-02-26T10:37:47","guid":{"rendered":"http:\/\/memoria.cepymearagon.es\/?page_id=2037"},"modified":"2020-02-26T14:00:02","modified_gmt":"2020-02-26T14:00:02","slug":"2019-formacion","status":"publish","type":"page","link":"https:\/\/memoria.cepymearagon.es\/index.php\/2019-formacion\/","title":{"rendered":"2019 Formaci\u00f3n"},"content":{"rendered":"<p>[vc_row css_animation=\u00bb\u00bb row_type=\u00bbrow\u00bb use_row_as_full_screen_section=\u00bbno\u00bb type=\u00bbfull_width\u00bb angled_section=\u00bbno\u00bb text_align=\u00bbleft\u00bb background_image_as_pattern=\u00bbwithout_pattern\u00bb][vc_column][qode_elements_holder number_of_columns=\u00bbone_column\u00bb][qode_elements_holder_item background_image=\u00bb1470&#8243; item_padding=\u00bb280px\u00bb vertical_alignment=\u00bbmiddle\u00bb horizontal_alignment=\u00bbcenter\u00bb advanced_animations=\u00bbno\u00bb][vc_column_text]<\/p>\n<h1 style=\"text-align: center;\">FORMACI\u00d3N<\/h1>\n<p>[\/vc_column_text][\/qode_elements_holder_item][\/qode_elements_holder][vc_empty_space][\/vc_column][\/vc_row][vc_row css_animation=\u00bb\u00bb row_type=\u00bbrow\u00bb use_row_as_full_screen_section=\u00bbno\u00bb type=\u00bbgrid\u00bb angled_section=\u00bbno\u00bb text_align=\u00bbleft\u00bb background_image_as_pattern=\u00bbwithout_pattern\u00bb z_index=\u00bb\u00bb][vc_column][qode_accordion][qode_accordion_tab title=\u00bbPROGRAMA DE PR\u00c1CTICAS NO LABORALES PROGRAMA 2018\/19&#8243;][vc_tta_section tab_id=\u00bb1581345929165-91965312-7e520c45-7139&#8243;][vc_row_inner row_type=\u00bbrow\u00bb type=\u00bbfull_width\u00bb text_align=\u00bbcenter\u00bb css_animation=\u00bb\u00bb][vc_column_inner width=\u00bb1\/3&#8243;][counter type=\u00bbzero\u00bb box=\u00bbno\u00bb position=\u00bbcenter\u00bb font_weight=\u00bb500&#8243; separator=\u00bbyes\u00bb digit=\u00bb60038&#8243; text=\u00bbhoras de pr\u00e1cticas gestionadas\u00bb font_color=\u00bb#42a589&#8243;][\/vc_column_inner][vc_column_inner width=\u00bb1\/3&#8243;][counter type=\u00bbzero\u00bb box=\u00bbno\u00bb position=\u00bbcenter\u00bb font_weight=\u00bb500&#8243; separator=\u00bbyes\u00bb digit=\u00bb574&#8243; text=\u00bbConvenios\u00bb font_color=\u00bb#42a589&#8243;][\/vc_column_inner][vc_column_inner width=\u00bb1\/3&#8243;][counter type=\u00bbzero\u00bb box=\u00bbno\u00bb position=\u00bbcenter\u00bb font_weight=\u00bb500&#8243; separator=\u00bbyes\u00bb digit=\u00bb304&#8243; text=\u00bbEmpresas colaboradoras\u00bb font_color=\u00bb#42a589&#8243;][\/vc_column_inner][\/vc_row_inner][\/vc_tta_section][vc_empty_space][vc_column_text]El Instituto Aragon\u00e9s de Empleo y la Confederaci\u00f3n de la Peque\u00f1a y Mediana Empresa Aragonesa coinciden en la necesidad de impulsar el Programa de Pr\u00e1cticas Profesionales no Laborales en Empresas, dirigido a todos los alumnos que participan en las acciones formativas del Plan de Formaci\u00f3n para el Empleo, para poder desarrollar los conocimientos aprendidos, facilitando una experiencia de trabajo en alternancia con la formaci\u00f3n te\u00f3rica y lograr conseguir el objetivo de mejorar el acceso al mercado de trabajo y la capacitaci\u00f3n profesional de los trabajadores desempleados.<\/p>\n<p>&nbsp;<\/p>\n<p>Este programa se desarrolla a trav\u00e9s de dos tipos de pr\u00e1cticas en empresas:<\/p>\n<ol>\n<li>Pr\u00e1cticas en empresas dirigidas a los alumnos desempleados participantes en las acciones formativas del Plan de Formaci\u00f3n para el Empleo de Arag\u00f3n que no est\u00e1n asociadas a un certificado de profesionalidad.<\/li>\n<li>Pr\u00e1cticas en empresas dirigidas a los alumnos participantes en acciones formativas conducentes a la obtenci\u00f3n de un certificado de profesionalidad para la realizaci\u00f3n del \u201cM\u00f3dulo de formaci\u00f3n pr\u00e1ctica en centros de trabajo\u201d. Este m\u00f3dulo se realizar\u00e1 atendiendo a lo dispuesto en el Real-Decreto 34\/2008, de 18 de enero, por el que se regulan los certificados de profesionalidad, modificado por el Real Decreto 1675\/2010, de 10 de diciembre y por el Real Decreto 189\/2013, de 15 de marzo.<\/li>\n<\/ol>\n<p>&nbsp;<\/p>\n<p>Por el car\u00e1cter plurianual del Programa de Pr\u00e1cticas No Laborales durante 2019 se ha ejecutado parte de dos programas, 2018 (hasta 31 de mayo) y 2019, a partir del 1 de junio y en desarrollo hasta, al menos, el 31 de mayo de 2020, pudiendo autorizarse su pr\u00f3rroga hasta el 30 de septiembre. En ambos casos el objetivo es la realizaci\u00f3n de 60.000 horas de pr\u00e1cticas por parte de los participantes.[\/vc_column_text][vc_row_inner row_type=\u00bbrow\u00bb type=\u00bbfull_width\u00bb text_align=\u00bbcenter\u00bb css_animation=\u00bb\u00bb][vc_column_inner width=\u00bb1\/2&#8243;][vc_empty_space][vc_column_text]<\/p>\n<p style=\"text-align: left;\">A cierre del PNL 2018 se certificaron <strong>60.038 horas<\/strong> de pr\u00e1cticas gestionadas, en <strong>574 convenios<\/strong> con otros tantos alumnos y <strong>304 empresas colaboradoras<\/strong>, en cuyo desarrollo cabe destacar el resultado en t\u00e9rminos de satisfacci\u00f3n de alumnos y empresas tanto con el desarrollo de las pr\u00e1cticas como con la atenci\u00f3n recibida por parte de los tutores de CEPYME Arag\u00f3n.<\/p>\n<p style=\"text-align: left;\">A 31 de diciembre de 2019 se hab\u00edan alcanzado ya, a cuenta del PNL 2019\/20, <strong>37.795 horas (casi un 63% del valor objetivo)<\/strong> de pr\u00e1cticas gestionadas, repartidas en <strong>368 convenios<\/strong> con otros tantos alumnos y <strong>208 empresas colaboradoras<\/strong>, con la misma din\u00e1mica de valoraci\u00f3n a la gesti\u00f3n de Cepyme tanto por los alumnos como por las empresas en los indicadores intermedios utilizados para hacer seguimiento del Programa.<\/p>\n<p>[\/vc_column_text][\/vc_column_inner][vc_column_inner width=\u00bb1\/2&#8243;][vc_empty_space][vc_column_text css=\u00bb.vc_custom_1582725363756{background-color: rgba(66,165,137,0.4) !important;*background-color: rgb(66,165,137) !important;}\u00bb]<\/p>\n<table width=\"539\">\n<tbody>\n<tr>\n<td width=\"291\"><strong>Satisfacci\u00f3n por parte de las empresas<\/strong><\/td>\n<td width=\"83\"><strong>2017<\/strong><\/td>\n<td width=\"83\"><strong>2018<\/strong><\/td>\n<td width=\"83\"><strong>2019<\/strong><\/td>\n<\/tr>\n<tr>\n<td width=\"291\">Valoraci\u00f3n al alumno<\/td>\n<td width=\"83\">9,81<\/td>\n<td width=\"83\">8,99<\/td>\n<td width=\"83\">8,86<\/td>\n<\/tr>\n<tr>\n<td width=\"291\">Valoraci\u00f3n a los T\u00e9cnicos de Cepyme<\/td>\n<td width=\"83\">9,03<\/td>\n<td width=\"83\">9,12<\/td>\n<td width=\"83\">8,98<\/td>\n<\/tr>\n<\/tbody>\n<\/table>\n<p>[\/vc_column_text][vc_empty_space height=\u00bb15&#8243;][vc_separator type=\u00bbnormal\u00bb color=\u00bb#42a589&#8243;][vc_empty_space height=\u00bb15&#8243;][vc_column_text css=\u00bb.vc_custom_1582725382507{background-color: rgba(66,165,137,0.4) !important;*background-color: rgb(66,165,137) !important;}\u00bb]<\/p>\n<table width=\"539\">\n<tbody>\n<tr>\n<td width=\"291\"><strong>Satisfacci\u00f3n por parte del alumno<\/strong><\/td>\n<td width=\"83\"><strong>2017<\/strong><\/td>\n<td width=\"83\"><strong>2018<\/strong><\/td>\n<td width=\"83\"><strong>2019<\/strong><\/td>\n<\/tr>\n<tr>\n<td width=\"291\">Aprendizaje del alumno<\/td>\n<td width=\"83\">8,74<\/td>\n<td width=\"83\">8,77<\/td>\n<td width=\"83\">8,88<\/td>\n<\/tr>\n<tr>\n<td width=\"291\">Valoraci\u00f3n a los T\u00e9cnicos de Cepyme<\/td>\n<td width=\"83\">9,17<\/td>\n<td width=\"83\">9,28<\/td>\n<td width=\"83\">9,28<\/td>\n<\/tr>\n<\/tbody>\n<\/table>\n<p>[\/vc_column_text][vc_empty_space][\/vc_column_inner][\/vc_row_inner][\/qode_accordion_tab][qode_accordion_tab title=\u00bbFORMACI\u00d3N DE OFERTA\u00bb][vc_tta_section tab_id=\u00bb1581346346002-e1c3c082-25070c45-7139&#8243;][vc_row_inner row_type=\u00bbrow\u00bb type=\u00bbfull_width\u00bb text_align=\u00bbcenter\u00bb css_animation=\u00bb\u00bb][vc_column_inner width=\u00bb1\/3&#8243;][counter type=\u00bbzero\u00bb box=\u00bbno\u00bb position=\u00bbcenter\u00bb font_weight=\u00bb500&#8243; separator=\u00bbyes\u00bb digit=\u00bb67&#8243; text=\u00bbAcciones formativas\u00bb font_color=\u00bb#42a589&#8243;][\/vc_column_inner][vc_column_inner width=\u00bb1\/3&#8243;][counter type=\u00bbzero\u00bb box=\u00bbno\u00bb position=\u00bbcenter\u00bb font_weight=\u00bb500&#8243; separator=\u00bbyes\u00bb digit=\u00bb78730&#8243; text=\u00bbhoras formativas\u00bb font_color=\u00bb#42a589&#8243;][\/vc_column_inner][vc_column_inner width=\u00bb1\/3&#8243;][counter type=\u00bbzero\u00bb box=\u00bbno\u00bb position=\u00bbcenter\u00bb font_weight=\u00bb500&#8243; separator=\u00bbyes\u00bb digit=\u00bb1330&#8243; text=\u00bbparticipantes\u00bb font_color=\u00bb#42a589&#8243;][\/vc_column_inner][\/vc_row_inner][vc_row_inner row_type=\u00bbrow\u00bb type=\u00bbfull_width\u00bb text_align=\u00bbcenter\u00bb css_animation=\u00bb\u00bb][vc_column_inner width=\u00bb1\/2&#8243;][vc_empty_space][vc_column_text]<\/p>\n<p style=\"text-align: left;\">CEPYME Arag\u00f3n result\u00f3 adjudicataria de subvenci\u00f3n para la ejecuci\u00f3n de un plan de formaci\u00f3n intersectorial dirigido prioritariamente a trabajadores ocupados, dentro del Plan de Formaci\u00f3n para el Empleo de Arag\u00f3n correspondiente al a\u00f1o 2018.<\/p>\n<p style=\"text-align: left;\">Impartimos 67 acciones formativas, 40 en modalidad online y 27 en modalidad presencial. Su ejecuci\u00f3n alcanz\u00f3 el 97% tanto en t\u00e9rminos de justificaci\u00f3n de la subvenci\u00f3n concedida, superando sin embargo en un 4% la ejecuci\u00f3n prevista en t\u00e9rminos de horas formativas, 78730 horas con m\u00e1s de 1330 participantes.<\/p>\n<p style=\"text-align: left;\">Adem\u00e1s de los resultados en t\u00e9rminos de justificaci\u00f3n econ\u00f3mica, CEPYME Arag\u00f3n ha conseguido mantener sus est\u00e1ndares de calidad en la formaci\u00f3n impartida a juicio de los alumnos, superando incluso las valoraciones obtenidas en la ejecuci\u00f3n de expedientes anteriores.<\/p>\n<p>[\/vc_column_text][\/vc_column_inner][vc_column_inner width=\u00bb1\/2&#8243;][vc_empty_space height=\u00bb60&#8243;][vc_column_text css=\u00bb.vc_custom_1582725304199{background-color: rgba(66,165,137,0.4) !important;*background-color: rgb(66,165,137) !important;}\u00bb]<\/p>\n<table width=\"539\">\n<tbody>\n<tr bgcolor=\"dddddd\">\n<td width=\"291\"><strong>SATISFACCI\u00d3N<\/strong><\/td>\n<td width=\"83\"><strong>2016<\/strong><\/td>\n<td width=\"83\"><strong>2017<\/strong><\/td>\n<td width=\"83\"><strong>2018<\/strong><\/td>\n<\/tr>\n<tr>\n<td width=\"291\">Organizaci\u00f3n, duraci\u00f3n, informaci\u00f3n<\/td>\n<td width=\"83\">8,75<\/td>\n<td width=\"83\">8,68<\/td>\n<td width=\"83\">8,9<\/td>\n<\/tr>\n<tr>\n<td width=\"291\">Formadores\/tutores<\/td>\n<td width=\"83\">9,34<\/td>\n<td width=\"83\">9,35<\/td>\n<td width=\"83\">9,48<\/td>\n<\/tr>\n<tr>\n<td width=\"291\">Medios did\u00e1cticos<\/td>\n<td width=\"83\">8,91<\/td>\n<td width=\"83\">8,91<\/td>\n<td width=\"83\">8,95<\/td>\n<\/tr>\n<tr>\n<td width=\"291\">Instalaciones y medio t\u00e9cnicos<\/td>\n<td width=\"83\">9,19<\/td>\n<td width=\"83\">9,13<\/td>\n<td width=\"83\">9,13<\/td>\n<\/tr>\n<tr>\n<td width=\"291\">Satisfacci\u00f3n general<\/td>\n<td width=\"83\">8,70<\/td>\n<td width=\"83\">8,64<\/td>\n<td width=\"83\">8,96<\/td>\n<\/tr>\n<\/tbody>\n<\/table>\n<p>[\/vc_column_text][\/vc_column_inner][\/vc_row_inner][\/vc_tta_section][vc_tta_section tab_id=\u00bb1581346793592-f1851aac-c9430c45-7139&#8243;][\/vc_tta_section][\/qode_accordion_tab][qode_accordion_tab title=\u00bbFORMACI\u00d3N DE DEMANDA\u00bb][vc_tta_section tab_id=\u00bb1581347244562-0000441f-6a8d0c45-7139&#8243;][vc_row_inner row_type=\u00bbrow\u00bb type=\u00bbfull_width\u00bb text_align=\u00bbcenter\u00bb css_animation=\u00bb\u00bb][vc_column_inner width=\u00bb1\/3&#8243;][counter type=\u00bbzero\u00bb box=\u00bbno\u00bb position=\u00bbcenter\u00bb font_weight=\u00bb500&#8243; separator=\u00bbyes\u00bb digit=\u00bb481&#8243; text=\u00bbGRUPOS FORMATIVOS\u00bb font_color=\u00bb#42a589&#8243;][\/vc_column_inner][vc_column_inner width=\u00bb1\/3&#8243;][counter type=\u00bbzero\u00bb box=\u00bbno\u00bb position=\u00bbcenter\u00bb font_weight=\u00bb500&#8243; separator=\u00bbyes\u00bb digit=\u00bb3138&#8243; text=\u00bbalumnos\u00bb font_color=\u00bb#42a589&#8243;][\/vc_column_inner][vc_column_inner width=\u00bb1\/3&#8243;][counter type=\u00bbzero\u00bb box=\u00bbno\u00bb position=\u00bbcenter\u00bb font_weight=\u00bb500&#8243; separator=\u00bbyes\u00bb digit=\u00bb460&#8243; text=\u00bbempresas\u00bb font_color=\u00bb#42a589&#8243;][\/vc_column_inner][\/vc_row_inner][vc_empty_space][vc_column_text]En 2019 CEPYME Arag\u00f3n gestion\u00f3 como Entidad Organizadora 481 grupos formativos en los que participaron m\u00e1s de 3.138 alumnos de 460 empresas.<\/p>\n<p>&nbsp;<\/p>\n<p>Adem\u00e1s, CEPYME Arag\u00f3n realiz\u00f3 labores de asesor\u00eda para 144 empresas que gestionaron las bonificaciones de su propia formaci\u00f3n, 416 cursos en los que participaron 1.727 alumnos.<\/p>\n<p>&nbsp;<\/p>\n<p>En total, CEPYME Arag\u00f3n particip\u00f3 de un modo u otro en la gesti\u00f3n de m\u00e1s de 82.000 horas formativas, repartidas en 897 cursos con la participaci\u00f3n de 4.865 trabajadores de 604 empresas.[\/vc_column_text][vc_empty_space][\/vc_tta_section][\/qode_accordion_tab][\/qode_accordion][\/vc_column][\/vc_row][vc_row css_animation=\u00bb\u00bb row_type=\u00bbrow\u00bb use_row_as_full_screen_section=\u00bbno\u00bb type=\u00bbfull_width\u00bb angled_section=\u00bbno\u00bb text_align=\u00bbcenter\u00bb background_image=\u00bb1498&#8243; background_image_as_pattern=\u00bbwithout_pattern\u00bb z_index=\u00bb\u00bb][vc_column][vc_empty_space height=\u00bb100&#8243;][icons icon=\u00bbfa-home\u00bb size=\u00bbfa-2x\u00bb type=\u00bbsquare\u00bb border=\u00bbyes\u00bb link=\u00bbhttp:\/\/memoria.cepymearagon.es\/index.php\/2019-2\/\u00bb target=\u00bb_self\u00bb border_color=\u00bb#004631&#8243; background_color=\u00bb#004631&#8243; hover_background_color=\u00bb#42a589&#8243;][vc_empty_space height=\u00bb100&#8243;][\/vc_column][\/vc_row]<\/p>\n","protected":false},"excerpt":{"rendered":"<p>[vc_row css_animation=\u00bb\u00bb row_type=\u00bbrow\u00bb use_row_as_full_screen_section=\u00bbno\u00bb type=\u00bbfull_width\u00bb angled_section=\u00bbno\u00bb text_align=\u00bbleft\u00bb background_image_as_pattern=\u00bbwithout_pattern\u00bb][vc_column][qode_elements_holder number_of_columns=\u00bbone_column\u00bb][qode_elements_holder_item background_image=\u00bb1470&#8243; item_padding=\u00bb280px\u00bb vertical_alignment=\u00bbmiddle\u00bb horizontal_alignment=\u00bbcenter\u00bb advanced_animations=\u00bbno\u00bb][vc_column_text] FORMACI\u00d3N [\/vc_column_text][\/qode_elements_holder_item][\/qode_elements_holder][vc_empty_space][\/vc_column][\/vc_row][vc_row css_animation=\u00bb\u00bb row_type=\u00bbrow\u00bb use_row_as_full_screen_section=\u00bbno\u00bb type=\u00bbgrid\u00bb angled_section=\u00bbno\u00bb text_align=\u00bbleft\u00bb background_image_as_pattern=\u00bbwithout_pattern\u00bb z_index=\u00bb\u00bb][vc_column][qode_accordion][qode_accordion_tab title=\u00bbPROGRAMA DE PR\u00c1CTICAS NO LABORALES PROGRAMA 2018\/19&#8243;][vc_tta_section tab_id=\u00bb1581345929165-91965312-7e520c45-7139&#8243;][vc_row_inner row_type=\u00bbrow\u00bb type=\u00bbfull_width\u00bb text_align=\u00bbcenter\u00bb css_animation=\u00bb\u00bb][vc_column_inner width=\u00bb1\/3&#8243;][counter type=\u00bbzero\u00bb box=\u00bbno\u00bb position=\u00bbcenter\u00bb font_weight=\u00bb500&#8243; separator=\u00bbyes\u00bb digit=\u00bb60038&#8243; text=\u00bbhoras de pr\u00e1cticas gestionadas\u00bb font_color=\u00bb#42a589&#8243;][\/vc_column_inner][vc_column_inner width=\u00bb1\/3&#8243;][counter type=\u00bbzero\u00bb box=\u00bbno\u00bb position=\u00bbcenter\u00bb font_weight=\u00bb500&#8243; separator=\u00bbyes\u00bb digit=\u00bb574&#8243; [&hellip;]<\/p>\n","protected":false},"author":2,"featured_media":0,"parent":0,"menu_order":0,"comment_status":"closed","ping_status":"closed","template":"landing_page.php","meta":{"footnotes":""},"class_list":["post-2037","page","type-page","status-publish","hentry"],"_links":{"self":[{"href":"https:\/\/memoria.cepymearagon.es\/index.php\/wp-json\/wp\/v2\/pages\/2037","targetHints":{"allow":["GET"]}}],"collection":[{"href":"https:\/\/memoria.cepymearagon.es\/index.php\/wp-json\/wp\/v2\/pages"}],"about":[{"href":"https:\/\/memoria.cepymearagon.es\/index.php\/wp-json\/wp\/v2\/types\/page"}],"author":[{"embeddable":true,"href":"https:\/\/memoria.cepymearagon.es\/index.php\/wp-json\/wp\/v2\/users\/2"}],"replies":[{"embeddable":true,"href":"https:\/\/memoria.cepymearagon.es\/index.php\/wp-json\/wp\/v2\/comments?post=2037"}],"version-history":[{"count":16,"href":"https:\/\/memoria.cepymearagon.es\/index.php\/wp-json\/wp\/v2\/pages\/2037\/revisions"}],"predecessor-version":[{"id":2053,"href":"https:\/\/memoria.cepymearagon.es\/index.php\/wp-json\/wp\/v2\/pages\/2037\/revisions\/2053"}],"wp:attachment":[{"href":"https:\/\/memoria.cepymearagon.es\/index.php\/wp-json\/wp\/v2\/media?parent=2037"}],"curies":[{"name":"wp","href":"https:\/\/api.w.org\/{rel}","templated":true}]}}