{"id":1975,"date":"2020-02-19T15:39:18","date_gmt":"2020-02-19T15:39:18","guid":{"rendered":"http:\/\/memoria.cepymearagon.es\/?page_id=1975"},"modified":"2020-02-19T15:39:18","modified_gmt":"2020-02-19T15:39:18","slug":"2019-medioambiente","status":"publish","type":"page","link":"https:\/\/memoria.cepymearagon.es\/index.php\/2019-medioambiente\/","title":{"rendered":"2019 Medioambiente"},"content":{"rendered":"<p>[vc_row css_animation=\u00bb\u00bb row_type=\u00bbrow\u00bb use_row_as_full_screen_section=\u00bbno\u00bb type=\u00bbfull_width\u00bb angled_section=\u00bbno\u00bb text_align=\u00bbleft\u00bb background_image_as_pattern=\u00bbwithout_pattern\u00bb][vc_column][qode_elements_holder number_of_columns=\u00bbone_column\u00bb][qode_elements_holder_item background_image=\u00bb1470&#8243; item_padding=\u00bb280px\u00bb vertical_alignment=\u00bbmiddle\u00bb horizontal_alignment=\u00bbcenter\u00bb advanced_animations=\u00bbno\u00bb][vc_column_text]<\/p>\n<h1 style=\"text-align: center;\">MEDIOAMBIENTE<\/h1>\n<p>[\/vc_column_text][\/qode_elements_holder_item][\/qode_elements_holder][vc_empty_space][\/vc_column][\/vc_row][vc_row css_animation=\u00bb\u00bb row_type=\u00bbrow\u00bb use_row_as_full_screen_section=\u00bbno\u00bb type=\u00bbgrid\u00bb angled_section=\u00bbno\u00bb text_align=\u00bbleft\u00bb background_image_as_pattern=\u00bbwithout_pattern\u00bb z_index=\u00bb\u00bb][vc_column][qode_accordion][qode_accordion_tab title=\u00bbADHESI\u00d3N A INICIATIVAS MEDIOAMBIENTALES\u00bb][vc_tta_section tab_id=\u00bb1581346346002-e1c3c082-25073762-79f4&#8243;][vc_empty_space][vc_column_text]Durante 2019 CEPYME Arag\u00f3n en nuestro compromiso continuo con la sociedad y con el respeto al medioambiente ha colaborado con diferentes entidades mediante su adhesi\u00f3n a iniciativas tales como<\/p>\n<p>&nbsp;<\/p>\n<p><strong>Convenio de colaboraci\u00f3n con Fundaci\u00f3n Ecolog\u00eda y Desarrollo <\/strong><a href=\"http:\/\/ecodes.org\/\"><strong>(ECODES)<\/strong><\/a><strong> para el desarrollo del proyecto piloto \u201cCoalici\u00f3n de Empresas por una Econom\u00eda Baja en Carbono y Circular\u201d.<\/strong><\/p>\n<p>&nbsp;<\/p>\n<p>El proyecto est\u00e1 orientado a promover pol\u00edticas p\u00fablicas que creen un marco regulatorio favorable al desarrollo de las empresas que est\u00e1n construyendo esta nueva econom\u00eda verde, fomentar en la sociedad la demanda de productos y servicios verdes, favorecer la difusi\u00f3n de buenas pr\u00e1cticas que inspiran a desarrollar empresas m\u00e1s innovadoras y sostenibles y propiciar la cooperaci\u00f3n entre las empresas que forman parte de la Coalici\u00f3n. La iniciativa est\u00e1 dirigida a empresas aragonesas, fundamentalmente pymes, que quieren tener un impacto positivo en la sociedad y en el planeta, desarrollan buenas pr\u00e1cticas ambientales o tienen la intenci\u00f3n de promover nuevos prop\u00f3sitos empresariales positivas para el medio ambiente.<\/p>\n<p>&nbsp;<\/p>\n<p>En definitiva, CEPYME Arag\u00f3n ha pretendido que las pymes aragonesas puedan ser protagonistas del cambio a una nueva econom\u00eda baja en carbono y contribuir a hacer de Arag\u00f3n una regi\u00f3n l\u00edder en este nuevo modelo econ\u00f3mico.<\/p>\n<p>&nbsp;<\/p>\n<p style=\"text-align: left;\"><strong>Adhesi\u00f3n al C\u00f3digo Aragon\u00e9s de Buenas Pr\u00e1cticas frente al Desperdicio Alimentario<\/strong><\/p>\n<p>&nbsp;<\/p>\n<p style=\"text-align: left;\">Cada a\u00f1o, un tercio de los alimentos producidos a nivel mundial para consumo humano\u00a0no llega a ning\u00fan plato. En Espa\u00f1a tiramos 7,7 millones de toneladas de alimentos cada a\u00f1o. De ellos, en los hogares, el desperdicio alimentario alcanza el 42% del total; en la fase de fabricaci\u00f3n el 39%; en la restauraci\u00f3n el 14% y en la distribuci\u00f3n el 5%. Todo ello supone un grave problema desde el punto de vista ambiental, social y tambi\u00e9n econ\u00f3mico.<\/p>\n<p>[\/vc_column_text][vc_row_inner row_type=\u00bbrow\u00bb type=\u00bbfull_width\u00bb text_align=\u00bbleft\u00bb css_animation=\u00bb\u00bb][vc_column_inner width=\u00bb1\/2&#8243;][vc_empty_space][vc_column_text]<\/p>\n<p style=\"text-align: left;\">Desde el \u00e1mbito ambiental, el desperdicio de alimentos supone un grave da\u00f1o a los recursos naturales de los que la humanidad depende para alimentarse: da\u00f1a el clima, el agua, la tierra y la biodiversidad. El desperdicio de alimentos es responsable del 8% de las emisiones globales de gases de efecto invernadero, pero sabemos que si se usan y distribuyen mejor los alimentos el 14% de todas las emisiones provenientes de la agricultura podr\u00eda evitarse en 2050.<\/p>\n<p>&nbsp;<\/p>\n<p style=\"text-align: left;\">Por eso, desde la Direcci\u00f3n General de Protecci\u00f3n de Consumidores y Usuarios del Gobierno de Arag\u00f3n, junto con Fundaci\u00f3n Ecolog\u00eda y Desarrollo (Ecodes)\u00a0se trabaja para hacer frente a este problema sumando esfuerzos con los diferentes sectores: la sociedad civil, las empresas y las administraciones p\u00fablicas. As\u00ed CEPYME Arag\u00f3n se ha sumado a esta iniciativa con el objetivo de trabajar para reducir este grave problema.<\/p>\n<p>&nbsp;<\/p>\n<p style=\"text-align: left;\">El pasado a\u00f1o 2019 CEPYME Arag\u00f3n recibi\u00f3 el reconocimiento como empresa adherida al C\u00f3digo Aragon\u00e9s de Buenas Pr\u00e1cticas frente al Desperdicio Alimentario.<\/p>\n<p>[\/vc_column_text][\/vc_column_inner][vc_column_inner width=\u00bb1\/2&#8243;][vc_empty_space height=\u00bb100&#8243;][vc_single_image image=\u00bb1669&#8243; img_size=\u00bblarge\u00bb alignment=\u00bbcenter\u00bb style=\u00bbvc_box_shadow_3d\u00bb qode_css_animation=\u00bb\u00bb][\/vc_column_inner][\/vc_row_inner][\/vc_tta_section][\/qode_accordion_tab][qode_accordion_tab title=\u00bbDIFUSI\u00d3N DE INFORMACI\u00d3N AMBIENTAL \u00ab][vc_empty_space][vc_column_text]Difusi\u00f3n de informaci\u00f3n ambiental (legislaci\u00f3n, publicaciones, noticias,\u2026) mediante diferentes medios:<\/p>\n<ul>\n<li>Mantenimiento de la <strong>base de datos legislativa medioambiental<\/strong><\/li>\n<li>Extractos legislativos ambientales trimestrales.<\/li>\n<li>Circulares<\/li>\n<li>Noticias de la web.<\/li>\n<li>Twitter<\/li>\n<\/ul>\n<p>[\/vc_column_text][\/qode_accordion_tab][qode_accordion_tab title=\u00bbEXTRACTOS NORMATIVOS AMBIENTALES \u00ab][vc_empty_space][vc_column_text]Se han elaborado los 4 extractos legislativos ambientales de car\u00e1cter trimestral, incluyendo normativa europea, estatal y aragonesa.[\/vc_column_text][\/qode_accordion_tab][\/qode_accordion][\/vc_column][\/vc_row][vc_row css_animation=\u00bb\u00bb row_type=\u00bbrow\u00bb use_row_as_full_screen_section=\u00bbno\u00bb type=\u00bbfull_width\u00bb angled_section=\u00bbno\u00bb text_align=\u00bbcenter\u00bb background_image=\u00bb1498&#8243; background_image_as_pattern=\u00bbwithout_pattern\u00bb z_index=\u00bb\u00bb][vc_column][vc_empty_space height=\u00bb100&#8243;][icons icon=\u00bbfa-home\u00bb size=\u00bbfa-2x\u00bb type=\u00bbsquare\u00bb border=\u00bbyes\u00bb link=\u00bbhttp:\/\/memoria.cepymearagon.es\/index.php\/2019-2\/\u00bb target=\u00bb_self\u00bb border_color=\u00bb#004631&#8243; background_color=\u00bb#004631&#8243; hover_background_color=\u00bb#42a589&#8243;][vc_empty_space height=\u00bb100&#8243;][\/vc_column][\/vc_row]<\/p>\n","protected":false},"excerpt":{"rendered":"<p>[vc_row css_animation=\u00bb\u00bb row_type=\u00bbrow\u00bb use_row_as_full_screen_section=\u00bbno\u00bb type=\u00bbfull_width\u00bb angled_section=\u00bbno\u00bb text_align=\u00bbleft\u00bb background_image_as_pattern=\u00bbwithout_pattern\u00bb][vc_column][qode_elements_holder number_of_columns=\u00bbone_column\u00bb][qode_elements_holder_item background_image=\u00bb1470&#8243; item_padding=\u00bb280px\u00bb vertical_alignment=\u00bbmiddle\u00bb horizontal_alignment=\u00bbcenter\u00bb advanced_animations=\u00bbno\u00bb][vc_column_text] MEDIOAMBIENTE [\/vc_column_text][\/qode_elements_holder_item][\/qode_elements_holder][vc_empty_space][\/vc_column][\/vc_row][vc_row css_animation=\u00bb\u00bb row_type=\u00bbrow\u00bb use_row_as_full_screen_section=\u00bbno\u00bb type=\u00bbgrid\u00bb angled_section=\u00bbno\u00bb text_align=\u00bbleft\u00bb background_image_as_pattern=\u00bbwithout_pattern\u00bb z_index=\u00bb\u00bb][vc_column][qode_accordion][qode_accordion_tab title=\u00bbADHESI\u00d3N A INICIATIVAS MEDIOAMBIENTALES\u00bb][vc_tta_section tab_id=\u00bb1581346346002-e1c3c082-25073762-79f4&#8243;][vc_empty_space][vc_column_text]Durante 2019 CEPYME Arag\u00f3n en nuestro compromiso continuo con la sociedad y con el respeto al medioambiente ha colaborado con diferentes entidades mediante su adhesi\u00f3n a iniciativas [&hellip;]<\/p>\n","protected":false},"author":2,"featured_media":0,"parent":0,"menu_order":0,"comment_status":"closed","ping_status":"closed","template":"landing_page.php","meta":{"footnotes":""},"class_list":["post-1975","page","type-page","status-publish","hentry"],"_links":{"self":[{"href":"https:\/\/memoria.cepymearagon.es\/index.php\/wp-json\/wp\/v2\/pages\/1975","targetHints":{"allow":["GET"]}}],"collection":[{"href":"https:\/\/memoria.cepymearagon.es\/index.php\/wp-json\/wp\/v2\/pages"}],"about":[{"href":"https:\/\/memoria.cepymearagon.es\/index.php\/wp-json\/wp\/v2\/types\/page"}],"author":[{"embeddable":true,"href":"https:\/\/memoria.cepymearagon.es\/index.php\/wp-json\/wp\/v2\/users\/2"}],"replies":[{"embeddable":true,"href":"https:\/\/memoria.cepymearagon.es\/index.php\/wp-json\/wp\/v2\/comments?post=1975"}],"version-history":[{"count":8,"href":"https:\/\/memoria.cepymearagon.es\/index.php\/wp-json\/wp\/v2\/pages\/1975\/revisions"}],"predecessor-version":[{"id":1983,"href":"https:\/\/memoria.cepymearagon.es\/index.php\/wp-json\/wp\/v2\/pages\/1975\/revisions\/1983"}],"wp:attachment":[{"href":"https:\/\/memoria.cepymearagon.es\/index.php\/wp-json\/wp\/v2\/media?parent=1975"}],"curies":[{"name":"wp","href":"https:\/\/api.w.org\/{rel}","templated":true}]}}