{"id":1893,"date":"2020-02-12T15:34:27","date_gmt":"2020-02-12T15:34:27","guid":{"rendered":"http:\/\/memoria.cepymearagon.es\/?page_id=1893"},"modified":"2020-02-12T15:43:04","modified_gmt":"2020-02-12T15:43:04","slug":"2019-laboral","status":"publish","type":"page","link":"https:\/\/memoria.cepymearagon.es\/index.php\/2019-laboral\/","title":{"rendered":"2019 Laboral"},"content":{"rendered":"<p>[vc_row css_animation=\u00bb\u00bb row_type=\u00bbrow\u00bb use_row_as_full_screen_section=\u00bbno\u00bb type=\u00bbfull_width\u00bb angled_section=\u00bbno\u00bb text_align=\u00bbleft\u00bb background_image_as_pattern=\u00bbwithout_pattern\u00bb][vc_column][qode_elements_holder number_of_columns=\u00bbone_column\u00bb][qode_elements_holder_item background_image=\u00bb1470&#8243; item_padding=\u00bb280px\u00bb vertical_alignment=\u00bbmiddle\u00bb horizontal_alignment=\u00bbcenter\u00bb advanced_animations=\u00bbno\u00bb][vc_column_text]<\/p>\n<h1 style=\"text-align: center;\">LABORAL<\/h1>\n<p>[\/vc_column_text][\/qode_elements_holder_item][\/qode_elements_holder][vc_empty_space][\/vc_column][\/vc_row][vc_row css_animation=\u00bb\u00bb row_type=\u00bbrow\u00bb use_row_as_full_screen_section=\u00bbno\u00bb type=\u00bbgrid\u00bb angled_section=\u00bbno\u00bb text_align=\u00bbleft\u00bb background_image_as_pattern=\u00bbwithout_pattern\u00bb z_index=\u00bb\u00bb][vc_column][qode_accordion][qode_accordion_tab title=\u00bbCONSULTAS Y ASESORAMIENTO\u00bb][vc_empty_space][vc_column_text]La Asesor\u00eda Laboral de CEPYME Arag\u00f3n atendi\u00f3 en el a\u00f1o 2019 todas aquellas consultas realizadas por empresas asociadas, as\u00ed como de asociaciones empresariales, otras federaciones de empresarios provinciales, organismos oficiales y privados, etc.<\/p>\n<p>&nbsp;<\/p>\n<p>Los asuntos m\u00e1s frecuentes versaron sobre la aplicaci\u00f3n de las medidas de \u00edndole laboral\u00a0 destacando en especial las versadas sobre, el Real Decreto-ley 6\/2019, de 1 de marzo, de medidas urgentes para garant\u00eda de la igualdad de trato y de oportunidades entre mujeres y hombres en el empleo y la ocupaci\u00f3n y el Real Decreto-ley 8\/2019, de 8 de marzo, de medidas urgentes de protecci\u00f3n social y de lucha contra la precariedad laboral en la jornada de trabajo.<\/p>\n<p>&nbsp;<\/p>\n<p>Los puntos destacados de estas disposiciones has sido el establecimiento del marco para el control y registro horario de las personas trabajadoras, as\u00ed como el nuevo marco legal de los planes de igualdad en las empresas.<\/p>\n<p>Y en general las distintas medidas de orden social que han generado consultas referidas a la contrataci\u00f3n estable, la empleabilidad de los trabajadores y beneficios sociales aparejados a la estabilidad en el empleo.<\/p>\n<p>&nbsp;<\/p>\n<p>Otro punto destacado de actuaci\u00f3n resulta de la aplicaci\u00f3n de los Convenios Colectivos negociados por CEPYME Arag\u00f3n, tanto el de Oficinas y Despachos de Zaragoza como el de Comercio de Mueble de Zaragoza, y en general consultas referidas a la extinci\u00f3n y suspensi\u00f3n de contratos de trabajo y ERES.<\/p>\n<p>&nbsp;<\/p>\n<p>Como viene siendo la pauta habitual en a\u00f1os anteriores, se particip\u00f3 en m\u00faltiples actuaciones en el Servicio Aragon\u00e9s de Mediaci\u00f3n y Arbitraje, realiz\u00e1ndose tambi\u00e9n diversas mediaciones y conciliaciones en el UMAC.<\/p>\n<p>&nbsp;<\/p>\n<p>Por \u00faltimo, se asesor\u00f3 a distintas empresas y asociaciones empresariales durante la negociaci\u00f3n de sus convenios o pactos colectivos[\/vc_column_text][\/qode_accordion_tab][qode_accordion_tab title=\u00bbNEGOCIACI\u00d3N COLECTIVA\u00bb][vc_empty_space][vc_column_text]Un punto de especial actividad, resulta de la Comisi\u00f3n Negociadora del Convenio Provincial del <strong><u>Sector Oficinas y Despachos de Zaragoza<\/u><\/strong>, de la que forma parte CEPYME Arag\u00f3n, y que fue finalmente publicado en el Bolet\u00edn Oficial de la Provincia de Zaragoza n\u00ba 6 de fecha 09\/01\/2019.<\/p>\n<p>&nbsp;<\/p>\n<p>El texto aprobado contempla una vigencia temporal de dos ejercicios 2018 &#8211; 2019. Se ha planteado un incremento para el primer a\u00f1o de vigencia (2018) de 286 \u20ac lineales a percibir de manera universal por todos los grupos profesionales.<\/p>\n<p>&nbsp;<\/p>\n<p>Para el segundo a\u00f1o de vigencia (2019) el incremento ser\u00e1 del 2 % sobre los salarios actualizados de 2018, disponiendo a su vez que la revisi\u00f3n se concretar\u00eda si el IPC real del 2019 superaba el 30% del incremento pactado, en una paga \u00fanica por el total de la desviaci\u00f3n, a abonar dentro del primer trimestre del a\u00f1o revisado.\u00a0 Esta circunstancia finalmente no ha operado al terminar el \u00edndice del IPC 2019 en un 0,8%.<\/p>\n<p>&nbsp;<\/p>\n<p>La Comisi\u00f3n Negociadora del <strong><u>Sector del Comercio del Mueble de Zaragoza<\/u><\/strong>, a la que se ha incorporado la Federaci\u00f3n Consejo del Comercio de CEPYME Zaragoza (Consejo Comercio Cepyme), mediante acta de fecha de 21de noviembre de 2019, alcanz\u00f3 un acuerdo con los puntos claves y materias a desarrollar y que fueron incorporadas al texto articulado del nuevo convenio que fue finalmente publicado en el Bolet\u00edn Oficial de la Provincia de Zaragoza n\u00ba 27 de fecha 04\/02\/2020.[\/vc_column_text][\/qode_accordion_tab][\/qode_accordion][\/vc_column][\/vc_row][vc_row css_animation=\u00bb\u00bb row_type=\u00bbrow\u00bb use_row_as_full_screen_section=\u00bbno\u00bb type=\u00bbfull_width\u00bb angled_section=\u00bbno\u00bb text_align=\u00bbcenter\u00bb background_image=\u00bb1498&#8243; background_image_as_pattern=\u00bbwithout_pattern\u00bb z_index=\u00bb\u00bb][vc_column][vc_empty_space height=\u00bb100&#8243;][icons icon=\u00bbfa-home\u00bb size=\u00bbfa-2x\u00bb type=\u00bbsquare\u00bb border=\u00bbyes\u00bb link=\u00bbhttp:\/\/memoria.cepymearagon.es\/index.php\/2019-2\/\u00bb target=\u00bb_self\u00bb border_color=\u00bb#004631&#8243; background_color=\u00bb#004631&#8243; hover_background_color=\u00bb#42a589&#8243;][vc_empty_space height=\u00bb100&#8243;][\/vc_column][\/vc_row]<\/p>\n","protected":false},"excerpt":{"rendered":"<p>[vc_row css_animation=\u00bb\u00bb row_type=\u00bbrow\u00bb use_row_as_full_screen_section=\u00bbno\u00bb type=\u00bbfull_width\u00bb angled_section=\u00bbno\u00bb text_align=\u00bbleft\u00bb background_image_as_pattern=\u00bbwithout_pattern\u00bb][vc_column][qode_elements_holder number_of_columns=\u00bbone_column\u00bb][qode_elements_holder_item background_image=\u00bb1470&#8243; item_padding=\u00bb280px\u00bb vertical_alignment=\u00bbmiddle\u00bb horizontal_alignment=\u00bbcenter\u00bb advanced_animations=\u00bbno\u00bb][vc_column_text] LABORAL [\/vc_column_text][\/qode_elements_holder_item][\/qode_elements_holder][vc_empty_space][\/vc_column][\/vc_row][vc_row css_animation=\u00bb\u00bb row_type=\u00bbrow\u00bb use_row_as_full_screen_section=\u00bbno\u00bb type=\u00bbgrid\u00bb angled_section=\u00bbno\u00bb text_align=\u00bbleft\u00bb background_image_as_pattern=\u00bbwithout_pattern\u00bb z_index=\u00bb\u00bb][vc_column][qode_accordion][qode_accordion_tab title=\u00bbCONSULTAS Y ASESORAMIENTO\u00bb][vc_empty_space][vc_column_text]La Asesor\u00eda Laboral de CEPYME Arag\u00f3n atendi\u00f3 en el a\u00f1o 2019 todas aquellas consultas realizadas por empresas asociadas, as\u00ed como de asociaciones empresariales, otras federaciones de empresarios provinciales, organismos [&hellip;]<\/p>\n","protected":false},"author":2,"featured_media":0,"parent":0,"menu_order":0,"comment_status":"closed","ping_status":"closed","template":"landing_page.php","meta":{"footnotes":""},"class_list":["post-1893","page","type-page","status-publish","hentry"],"_links":{"self":[{"href":"https:\/\/memoria.cepymearagon.es\/index.php\/wp-json\/wp\/v2\/pages\/1893","targetHints":{"allow":["GET"]}}],"collection":[{"href":"https:\/\/memoria.cepymearagon.es\/index.php\/wp-json\/wp\/v2\/pages"}],"about":[{"href":"https:\/\/memoria.cepymearagon.es\/index.php\/wp-json\/wp\/v2\/types\/page"}],"author":[{"embeddable":true,"href":"https:\/\/memoria.cepymearagon.es\/index.php\/wp-json\/wp\/v2\/users\/2"}],"replies":[{"embeddable":true,"href":"https:\/\/memoria.cepymearagon.es\/index.php\/wp-json\/wp\/v2\/comments?post=1893"}],"version-history":[{"count":3,"href":"https:\/\/memoria.cepymearagon.es\/index.php\/wp-json\/wp\/v2\/pages\/1893\/revisions"}],"predecessor-version":[{"id":1898,"href":"https:\/\/memoria.cepymearagon.es\/index.php\/wp-json\/wp\/v2\/pages\/1893\/revisions\/1898"}],"wp:attachment":[{"href":"https:\/\/memoria.cepymearagon.es\/index.php\/wp-json\/wp\/v2\/media?parent=1893"}],"curies":[{"name":"wp","href":"https:\/\/api.w.org\/{rel}","templated":true}]}}