{"id":1814,"date":"2020-02-06T12:04:33","date_gmt":"2020-02-06T12:04:33","guid":{"rendered":"http:\/\/memoria.cepymearagon.es\/?page_id=1814"},"modified":"2020-02-24T14:50:42","modified_gmt":"2020-02-24T14:50:42","slug":"2019-cepyme-teruel","status":"publish","type":"page","link":"https:\/\/memoria.cepymearagon.es\/index.php\/2019-cepyme-teruel\/","title":{"rendered":"2019 CEPYME Teruel"},"content":{"rendered":"<p>[vc_row css_animation=\u00bb\u00bb row_type=\u00bbrow\u00bb use_row_as_full_screen_section=\u00bbno\u00bb type=\u00bbfull_width\u00bb angled_section=\u00bbno\u00bb text_align=\u00bbleft\u00bb background_image_as_pattern=\u00bbwithout_pattern\u00bb][vc_column][qode_elements_holder number_of_columns=\u00bbone_column\u00bb][qode_elements_holder_item background_image=\u00bb1470&#8243; item_padding=\u00bb280px\u00bb vertical_alignment=\u00bbmiddle\u00bb horizontal_alignment=\u00bbcenter\u00bb advanced_animations=\u00bbno\u00bb][vc_column_text]<\/p>\n<h1 style=\"text-align: center;\">CEPYME TERUEL<\/h1>\n<p>[\/vc_column_text][\/qode_elements_holder_item][\/qode_elements_holder][vc_empty_space][\/vc_column][\/vc_row][vc_row css_animation=\u00bbelement_from_top\u00bb row_type=\u00bbrow\u00bb use_row_as_full_screen_section=\u00bbno\u00bb type=\u00bbgrid\u00bb angled_section=\u00bbno\u00bb text_align=\u00bbleft\u00bb background_image_as_pattern=\u00bbwithout_pattern\u00bb z_index=\u00bb\u00bb][vc_column][vc_empty_space height=\u00bb45&#8243;][custom_font font_size=\u00bb15&#8243; line_height=\u00bb26&#8243; font_style=\u00bbnormal\u00bb text_align=\u00bbcenter\u00bb font_weight=\u00bb300&#8243; text_decoration=\u00bbnone\u00bb text_shadow=\u00bbyes\u00bb color=\u00bb#004631&#8243; background_color=\u00bb#42a598&#8243;]<\/p>\n<h2>Comit\u00e9 Ejecutivo<\/h2>\n<p>[\/custom_font][vc_empty_space height=\u00bb45&#8243;][\/vc_column][\/vc_row][vc_row css_animation=\u00bbelement_from_top\u00bb row_type=\u00bbrow\u00bb use_row_as_full_screen_section=\u00bbno\u00bb type=\u00bbgrid\u00bb angled_section=\u00bbno\u00bb text_align=\u00bbcenter\u00bb background_image_as_pattern=\u00bbwithout_pattern\u00bb z_index=\u00bb\u00bb][vc_column width=\u00bb1\/3&#8243;][\/vc_column][vc_column width=\u00bb1\/3&#8243;][vc_single_image image=\u00bb469&#8243; img_size=\u00bbtiny\u00bb alignment=\u00bbcenter\u00bb style=\u00bbvc_box_outline_circle_2&#8243; qode_css_animation=\u00bbelement_from_top\u00bb][vc_empty_space height=\u00bb10&#8243;][icon_list_item icon=\u00bbfa-male\u00bb icon_type=\u00bbtransparent\u00bb title_font_weight=\u00bb700&#8243; title=\u00bbCi\u00e9rcoles, Juan Andr\u00e9s\u00bb title_size=\u00bb20&#8243; margin_bottom=\u00bb-15&#8243; icon_color=\u00bb#004631&#8243;][icon_list_item icon=\u00bbfa-briefcase\u00bb icon_type=\u00bbtransparent\u00bb title_font_weight=\u00bb300&#8243; title=\u00bbPresidente CEPYME Teruel\u00bb icon_color=\u00bb#42a589&#8243;][vc_empty_space][\/vc_column][vc_column width=\u00bb1\/3&#8243;][\/vc_column][\/vc_row][vc_row css_animation=\u00bbelement_from_top\u00bb row_type=\u00bbrow\u00bb use_row_as_full_screen_section=\u00bbno\u00bb type=\u00bbgrid\u00bb angled_section=\u00bbno\u00bb text_align=\u00bbcenter\u00bb background_image_as_pattern=\u00bbwithout_pattern\u00bb z_index=\u00bb\u00bb][vc_column width=\u00bb1\/4&#8243;][icon_list_item icon=\u00bbfa-male\u00bb icon_type=\u00bbtransparent\u00bb title_font_weight=\u00bb700&#8243; title=\u00bbGuill\u00e9n, Jos\u00e9 Antonio\u00bb title_size=\u00bb20&#8243; margin_bottom=\u00bb-15&#8243; icon_color=\u00bb#004631&#8243;][icon_list_item icon=\u00bbfa-briefcase\u00bb icon_type=\u00bbtransparent\u00bb title_font_weight=\u00bb300&#8243; title=\u00bbVicepresidente primero\u00bb icon_color=\u00bb#42a589&#8243;][vc_empty_space height=\u00bb20&#8243;][icon_list_item icon=\u00bbfa-male\u00bb icon_type=\u00bbtransparent\u00bb title_font_weight=\u00bb700&#8243; title=\u00bbGuill\u00e9n, Jos\u00e9 Luis\u00bb title_size=\u00bb20&#8243; margin_bottom=\u00bb-15&#8243; icon_color=\u00bb#004631&#8243;][icon_list_item icon=\u00bbfa-briefcase\u00bb icon_type=\u00bbtransparent\u00bb title_font_weight=\u00bb300&#8243; title=\u00bbVocal\u00bb icon_color=\u00bb#42a589&#8243;][\/vc_column][vc_column width=\u00bb1\/4&#8243;][icon_list_item icon=\u00bbfa-male\u00bb icon_type=\u00bbtransparent\u00bb title_font_weight=\u00bb700&#8243; title=\u00bbP\u00e9rez, Jos\u00e9 Antonio\u00bb title_size=\u00bb20&#8243; margin_bottom=\u00bb-15&#8243; icon_color=\u00bb#004631&#8243;][icon_list_item icon=\u00bbfa-briefcase\u00bb icon_type=\u00bbtransparent\u00bb title_font_weight=\u00bb300&#8243; title=\u00bbVicepresidente segundo\u00bb icon_color=\u00bb#42a589&#8243;][vc_empty_space height=\u00bb20&#8243;][icon_list_item icon=\u00bbfa-male\u00bb icon_type=\u00bbtransparent\u00bb title_font_weight=\u00bb700&#8243; title=\u00bbHigueras, Jos\u00e9 Antonio\u00bb title_size=\u00bb20&#8243; margin_bottom=\u00bb-15&#8243; icon_color=\u00bb#004631&#8243;][icon_list_item icon=\u00bbfa-briefcase\u00bb icon_type=\u00bbtransparent\u00bb title_font_weight=\u00bb300&#8243; title=\u00bbVocal\u00bb icon_color=\u00bb#42a589&#8243;][\/vc_column][vc_column width=\u00bb1\/4&#8243;][icon_list_item icon=\u00bbfa-male\u00bb icon_type=\u00bbtransparent\u00bb title_font_weight=\u00bb700&#8243; title=\u00bbHern\u00e1ndez, Francisco\u00bb title_size=\u00bb20&#8243; margin_bottom=\u00bb-15&#8243; icon_color=\u00bb#004631&#8243;][icon_list_item icon=\u00bbfa-briefcase\u00bb icon_type=\u00bbtransparent\u00bb title_font_weight=\u00bb300&#8243; title=\u00bbTesorero\u00bb icon_color=\u00bb#42a589&#8243;][vc_empty_space height=\u00bb20&#8243;][icon_list_item icon=\u00bbfa-male\u00bb icon_type=\u00bbtransparent\u00bb title_font_weight=\u00bb700&#8243; title=\u00bbR\u00edos, Juanjo\u00bb title_size=\u00bb20&#8243; margin_bottom=\u00bb-15&#8243; icon_color=\u00bb#004631&#8243;][icon_list_item icon=\u00bbfa-briefcase\u00bb icon_type=\u00bbtransparent\u00bb title_font_weight=\u00bb300&#8243; title=\u00bbVocal\u00bb icon_color=\u00bb#42a589&#8243;][\/vc_column][vc_column width=\u00bb1\/4&#8243;][icon_list_item icon=\u00bbfa-male\u00bb icon_type=\u00bbtransparent\u00bb title_font_weight=\u00bb700&#8243; title=\u00bbEscuder, Juan Carlos\u00bb title_size=\u00bb20&#8243; margin_bottom=\u00bb-15&#8243; icon_color=\u00bb#004631&#8243;][icon_list_item icon=\u00bbfa-briefcase\u00bb icon_type=\u00bbtransparent\u00bb title_font_weight=\u00bb300&#8243; title=\u00bbVocal\u00bb icon_color=\u00bb#42a589&#8243;][vc_empty_space height=\u00bb20&#8243;][icon_list_item icon=\u00bbfa-male\u00bb icon_type=\u00bbtransparent\u00bb title_font_weight=\u00bb700&#8243; title=\u00bbSoriano, C\u00e9sar\u00bb title_size=\u00bb20&#8243; margin_bottom=\u00bb-15&#8243; icon_color=\u00bb#004631&#8243;][icon_list_item icon=\u00bbfa-briefcase\u00bb icon_type=\u00bbtransparent\u00bb title_font_weight=\u00bb300&#8243; title=\u00bbVocal\u00bb icon_color=\u00bb#42a589&#8243;][\/vc_column][\/vc_row][vc_row css_animation=\u00bbelement_from_top\u00bb row_type=\u00bbrow\u00bb use_row_as_full_screen_section=\u00bbno\u00bb type=\u00bbgrid\u00bb angled_section=\u00bbno\u00bb text_align=\u00bbleft\u00bb background_image_as_pattern=\u00bbwithout_pattern\u00bb z_index=\u00bb\u00bb][vc_column][vc_empty_space height=\u00bb45&#8243;][custom_font font_size=\u00bb15&#8243; line_height=\u00bb26&#8243; font_style=\u00bbnormal\u00bb text_align=\u00bbcenter\u00bb font_weight=\u00bb300&#8243; text_decoration=\u00bbnone\u00bb text_shadow=\u00bbyes\u00bb color=\u00bb#004631&#8243; background_color=\u00bb#42a598&#8243;]<\/p>\n<h2>Secretar\u00eda General<\/h2>\n<p>[\/custom_font][vc_empty_space height=\u00bb45&#8243;][\/vc_column][\/vc_row][vc_row css_animation=\u00bbelement_from_top\u00bb row_type=\u00bbrow\u00bb use_row_as_full_screen_section=\u00bbno\u00bb type=\u00bbgrid\u00bb angled_section=\u00bbno\u00bb text_align=\u00bbcenter\u00bb background_image_as_pattern=\u00bbwithout_pattern\u00bb z_index=\u00bb\u00bb][vc_column width=\u00bb1\/3&#8243;][\/vc_column][vc_column width=\u00bb1\/3&#8243;][icon_list_item icon=\u00bbfa-male\u00bb icon_type=\u00bbtransparent\u00bb title_font_weight=\u00bb700&#8243; title=\u00bbCalvo, Sergio\u00bb title_size=\u00bb20&#8243; margin_bottom=\u00bb-15&#8243; icon_color=\u00bb#004631&#8243;][icon_list_item icon=\u00bbfa-briefcase\u00bb icon_type=\u00bbtransparent\u00bb title_font_weight=\u00bb300&#8243; title=\u00bbSecretario General CEPYME Teruel\u00bb icon_color=\u00bb#42a589&#8243;][\/vc_column][vc_column width=\u00bb1\/3&#8243;][\/vc_column][\/vc_row][vc_row css_animation=\u00bbelement_from_top\u00bb row_type=\u00bbrow\u00bb use_row_as_full_screen_section=\u00bbno\u00bb type=\u00bbgrid\u00bb angled_section=\u00bbno\u00bb text_align=\u00bbleft\u00bb background_image_as_pattern=\u00bbwithout_pattern\u00bb z_index=\u00bb\u00bb][vc_column][vc_empty_space height=\u00bb45&#8243;][custom_font font_size=\u00bb15&#8243; line_height=\u00bb26&#8243; font_style=\u00bbnormal\u00bb text_align=\u00bbcenter\u00bb font_weight=\u00bb300&#8243; text_decoration=\u00bbnone\u00bb text_shadow=\u00bbyes\u00bb color=\u00bb#004631&#8243; background_color=\u00bb#42a598&#8243;]<\/p>\n<h2>Asamblea General<\/h2>\n<p>[\/custom_font][vc_empty_space height=\u00bb45&#8243;][\/vc_column][\/vc_row][vc_row css_animation=\u00bb\u00bb row_type=\u00bbrow\u00bb use_row_as_full_screen_section=\u00bbno\u00bb type=\u00bbgrid\u00bb angled_section=\u00bbno\u00bb text_align=\u00bbleft\u00bb background_image_as_pattern=\u00bbwithout_pattern\u00bb z_index=\u00bb\u00bb][vc_column width=\u00bb1\/2&#8243;][vc_column_text]<\/p>\n<table width=\"100%\">\n<tbody>\n<tr>\n<td width=\"100%\">Asociaci\u00f3n Empresarial Provincial de Hosteler\u00eda y Turismo<\/td>\n<\/tr>\n<tr>\n<td width=\"100%\">Asociaci\u00f3n Empresarial Provincial de Panaderos de Teruel<\/td>\n<\/tr>\n<tr>\n<td width=\"100%\">Asociaci\u00f3n Interempresarial Provincial de Comercio<\/td>\n<\/tr>\n<tr>\n<td width=\"100%\">Asociaci\u00f3n Empresarial Provincial de Transportes por Carretera<\/td>\n<\/tr>\n<tr>\n<td width=\"100%\">Asociaci\u00f3n Empresarial Provincial de la Construcci\u00f3n<\/td>\n<\/tr>\n<tr>\n<td width=\"100%\">Asociaci\u00f3n Empresarial Provincial de la Madera<\/td>\n<\/tr>\n<tr>\n<td width=\"100%\">Asociaci\u00f3n Empresarial de Talleres de Reparaci\u00f3n y Concesionarios de Veh\u00edculos de la Provincia de Teruel<\/td>\n<\/tr>\n<tr>\n<td width=\"100%\">Asociaci\u00f3n Empresarial Provincial del Metal<\/td>\n<\/tr>\n<tr>\n<td width=\"100%\">Asociaci\u00f3n Empresarial Provincial de Peluquer\u00edas de Caballeros<\/td>\n<\/tr>\n<tr>\n<td width=\"100%\">Asociaci\u00f3n Empresarial Provincial de Instalaciones El\u00e9ctricas<\/td>\n<\/tr>\n<tr>\n<td width=\"100%\">Asociaci\u00f3n Profesional de Libreros<\/td>\n<\/tr>\n<tr>\n<td width=\"100%\">Asociaci\u00f3n Provincial de Relojeros, Joyeros y Plateros<\/td>\n<\/tr>\n<tr>\n<td width=\"100%\">Asociaci\u00f3n Provincial de Criadores de Ganado Porcino<\/td>\n<\/tr>\n<tr>\n<td width=\"100%\">Asociaci\u00f3n Provincial de Fabricantes de Aceite de Oliva<\/td>\n<\/tr>\n<tr>\n<td width=\"100%\">Asociaci\u00f3n Provincial de Aderezadores de Aceituna<\/td>\n<\/tr>\n<tr>\n<td width=\"100%\">Asociaci\u00f3n Provincial de Jamoneros<\/td>\n<\/tr>\n<tr>\n<td width=\"100%\">Asociaci\u00f3n Empresarial Provincial de Fot\u00f3grafos Profesionales<\/td>\n<\/tr>\n<tr>\n<td width=\"100%\">Asociaci\u00f3n Turolense de Academias Privadas<\/td>\n<\/tr>\n<tr>\n<td width=\"100%\">Asociaci\u00f3n de Promotores Constructores de Edificios<\/td>\n<\/tr>\n<tr>\n<td width=\"100%\">Asociaci\u00f3n de Fontaner\u00eda, Calefacci\u00f3n y Afines<\/td>\n<\/tr>\n<tr>\n<td width=\"100%\">Asociaci\u00f3n de Truficultores y Recolectores de Trufa de Teruel<\/td>\n<\/tr>\n<tr>\n<td width=\"100%\">Asociaci\u00f3n de Centros de Formaci\u00f3n Vial de la Provincia de Teruel<\/td>\n<\/tr>\n<tr>\n<td width=\"100%\">Asociaci\u00f3n de J\u00f3venes Empresarios de Arag\u00f3n<\/td>\n<\/tr>\n<tr>\n<td width=\"100%\">Asociaci\u00f3n de Industrias de Alimentaci\u00f3n de Arag\u00f3n<\/td>\n<\/tr>\n<\/tbody>\n<\/table>\n<p>[\/vc_column_text][\/vc_column][vc_column width=\u00bb1\/2&#8243;][vc_column_text]<\/p>\n<table width=\"100%\">\n<tbody>\n<tr>\n<td width=\"100%\">Federaci\u00f3n de Industrias Qu\u00edmicas de Arag\u00f3n<\/td>\n<\/tr>\n<tr>\n<td width=\"100%\">Asociaci\u00f3n de Empresarios Tur\u00edsticos del Maestrazgo<\/td>\n<\/tr>\n<tr>\n<td width=\"100%\">Asociaci\u00f3n de Comercio e Industria de Calamocha<\/td>\n<\/tr>\n<tr>\n<td width=\"100%\">Asociaci\u00f3n de Empresarios de la Comarca del Matarra\u00f1a<\/td>\n<\/tr>\n<tr>\n<td width=\"100%\">Asociaci\u00f3n de Comerciantes y Empresarios del Jiloca<\/td>\n<\/tr>\n<tr>\n<td width=\"100%\">Asociaci\u00f3n de Empresarios de Andorra-Sierra de Arcos y Bajo Mart\u00edn<\/td>\n<\/tr>\n<tr>\n<td width=\"100%\">Asociaci\u00f3n de Propietarios y Empresarios del Pol\u00edgono Industrial Las Horcas de Alca\u00f1iz<\/td>\n<\/tr>\n<tr>\n<td width=\"100%\">Asociaci\u00f3n Comarcal de Empresarios Cuencas Mineras<\/td>\n<\/tr>\n<tr>\n<td width=\"100%\">Foro Empresarial del Bajo Arag\u00f3n<\/td>\n<\/tr>\n<tr>\n<td width=\"100%\">Asociaci\u00f3n de Comerciantes de Alca\u00f1iz<\/td>\n<\/tr>\n<tr>\n<td width=\"100%\">Asociaci\u00f3n de Empresarios de Alcorisa<\/td>\n<\/tr>\n<tr>\n<td width=\"100%\">Asociaci\u00f3n de Comerciantes, Industriales y Profesionales del Centro Hist\u00f3rico de Teruel<\/td>\n<\/tr>\n<tr>\n<td width=\"100%\">Asociaci\u00f3n de Empresarios del Pol\u00edgono la Paz de Teruel<\/td>\n<\/tr>\n<tr>\n<td width=\"100%\">Asociaci\u00f3n de Empresarios del Mezqu\u00edn-Bajo Arag\u00f3n<\/td>\n<\/tr>\n<tr>\n<td width=\"100%\">Asociaci\u00f3n de Empresarios Agroalimentarios del Maestrazgo<\/td>\n<\/tr>\n<tr>\n<td width=\"100%\">Asociaci\u00f3n Empresarial G\u00fadar-Javalambre<\/td>\n<\/tr>\n<tr>\n<td width=\"100%\">Asociaci\u00f3n del Centro Comercial Abierto de Alca\u00f1iz<\/td>\n<\/tr>\n<tr>\n<td width=\"100%\">Asociaci\u00f3n de Empresarios de Mas de las Matas<\/td>\n<\/tr>\n<tr>\n<td width=\"100%\">Asociaci\u00f3n de Empresarios Tur\u00edsticos Sierra de Albarrac\u00edn<\/td>\n<\/tr>\n<tr>\n<td width=\"100%\">Asociaci\u00f3n Tur\u00edstica G\u00fadar Javalambre<\/td>\n<\/tr>\n<tr>\n<td width=\"100%\">Asociaci\u00f3n Calandina de Comercio, Industria y Servicios<\/td>\n<\/tr>\n<tr>\n<td width=\"100%\">Asociaci\u00f3n de Comerciantes, Empresarios y Servicios de Teruel (ACES Teruel)<\/td>\n<\/tr>\n<tr>\n<td width=\"100%\">Asociaci\u00f3n de Empresarios y Comerciantes de Monreal del Campo<\/td>\n<\/tr>\n<\/tbody>\n<\/table>\n<p>[\/vc_column_text][\/vc_column][\/vc_row][vc_row css_animation=\u00bb\u00bb row_type=\u00bbrow\u00bb use_row_as_full_screen_section=\u00bbno\u00bb type=\u00bbfull_width\u00bb angled_section=\u00bbno\u00bb text_align=\u00bbleft\u00bb background_image_as_pattern=\u00bbwithout_pattern\u00bb][vc_column][vc_empty_space height=\u00bb80&#8243;][\/vc_column][\/vc_row][vc_row css_animation=\u00bb\u00bb row_type=\u00bbrow\u00bb use_row_as_full_screen_section=\u00bbno\u00bb type=\u00bbgrid\u00bb angled_section=\u00bbno\u00bb text_align=\u00bbcenter\u00bb background_image_as_pattern=\u00bbwithout_pattern\u00bb z_index=\u00bb\u00bb][vc_column][vc_text_separator title=\u00bbCALENDARIO DE REUNIONES\u00bb i_icon_material=\u00bbvc-material vc-material-insert_invitation\u00bb border=\u00bbno\u00bb background_color=\u00bb#42a589&#8243; title_color=\u00bb#004631&#8243;][vc_empty_space height=\u00bb80&#8243;][\/vc_column][\/vc_row][vc_row css_animation=\u00bb\u00bb row_type=\u00bbrow\u00bb use_row_as_full_screen_section=\u00bbno\u00bb type=\u00bbgrid\u00bb angled_section=\u00bbno\u00bb text_align=\u00bbleft\u00bb background_image_as_pattern=\u00bbwithout_pattern\u00bb z_index=\u00bb\u00bb][vc_column width=\u00bb2\/3&#8243;][vc_single_image image=\u00bb2028&#8243; img_size=\u00bblarge\u00bb alignment=\u00bbcenter\u00bb style=\u00bbvc_box_shadow_3d\u00bb qode_css_animation=\u00bb\u00bb][\/vc_column][vc_column width=\u00bb1\/3&#8243; css=\u00bb.vc_custom_1579619740383{margin-top: 10px !important;margin-left: -80px !important;}\u00bb][vc_empty_space height=\u00bb15&#8243;][qode_item_showcase image_top_offset=\u00bb-70&#8243;][qode_item_showcase_list_item icon=\u00bbfa-calendar-check-o\u00bb item_position=\u00bbright\u00bb icon_color=\u00bb#ffffff\u00bb icon_background_color=\u00bb#004631&#8243; item_text=\u00bb28 enero\u00bb][qode_item_showcase_list_item icon=\u00bbfa-calendar-check-o\u00bb item_position=\u00bbright\u00bb icon_color=\u00bb#ffffff\u00bb icon_background_color=\u00bb#004631&#8243; item_text=\u00bb25 marzo\u00bb][qode_item_showcase_list_item icon=\u00bbfa-calendar-check-o\u00bb item_position=\u00bbright\u00bb icon_color=\u00bb#ffffff\u00bb icon_background_color=\u00bb#004631&#8243; item_text=\u00bb15 mayo\u00bb][qode_item_showcase_list_item icon=\u00bbfa-calendar-check-o\u00bb item_position=\u00bbright\u00bb icon_color=\u00bb#ffffff\u00bb icon_background_color=\u00bb#004631&#8243; item_text=\u00bb3 septiembre\u00bb][qode_item_showcase_list_item icon=\u00bbfa-calendar-check-o\u00bb item_position=\u00bbright\u00bb icon_color=\u00bb#ffffff\u00bb icon_background_color=\u00bb#004631&#8243; item_text=\u00bb25 noviembre\u00bb][\/qode_item_showcase][\/vc_column][\/vc_row][vc_row css_animation=\u00bb\u00bb row_type=\u00bbrow\u00bb use_row_as_full_screen_section=\u00bbno\u00bb type=\u00bbgrid\u00bb angled_section=\u00bbno\u00bb text_align=\u00bbcenter\u00bb background_image_as_pattern=\u00bbwithout_pattern\u00bb z_index=\u00bb\u00bb][vc_column][vc_empty_space height=\u00bb80&#8243;][vc_text_separator title=\u00bbACTOS INSTITUCIONALES\u00bb i_icon_material=\u00bbvc-material vc-material-insert_invitation\u00bb border=\u00bbno\u00bb background_color=\u00bb#42a589&#8243; title_color=\u00bb#004631&#8243;][vc_empty_space height=\u00bb80&#8243;][\/vc_column][\/vc_row][vc_row css_animation=\u00bb\u00bb row_type=\u00bbrow\u00bb use_row_as_full_screen_section=\u00bbno\u00bb type=\u00bbgrid\u00bb angled_section=\u00bbno\u00bb text_align=\u00bbleft\u00bb background_image_as_pattern=\u00bbwithout_pattern\u00bb z_index=\u00bb\u00bb][vc_column][qode_in_device_slider device=\u00bbdesktop\u00bb titles_on_hover=\u00bbyes\u00bb navigation=\u00bbyes\u00bb auto_start=\u00bbyes\u00bb timeout=\u00bb3000&#8243;][qode_in_device_slider_item target=\u00bb_self\u00bb image=\u00bb2029&#8243; title=\u00bb10\/01\/2019 Presentaci\u00f3n manifestaci\u00f3n \u2018En defensa de nuestra provincia. Nos jugamos el futuro \u00a1Lucha!\u2019\u00bb][qode_in_device_slider_item target=\u00bb_self\u00bb image=\u00bb2030&#8243; title=\u00bb21\/03\/2019 Presentaci\u00f3n de la manifestaci\u00f3n de la \u201cRevuelta de la Espa\u00f1a Vaciada\u201d \u00ab][qode_in_device_slider_item target=\u00bb_self\u00bb image=\u00bb2031&#8243; title=\u00bb25\/03\/2019 Premio Empresa Teruel\u00bb][qode_in_device_slider_item target=\u00bb_self\u00bb image=\u00bb2033&#8243; title=\u00bb15\/05\/2019 Asamblea General ordinaria\u00bb][qode_in_device_slider_item target=\u00bb_self\u00bb image=\u00bb2035&#8243; title=\u00bb15\/05\/2019 Asamblea General ordinaria\u00bb][qode_in_device_slider_item target=\u00bb_self\u00bb image=\u00bb2034&#8243; title=\u00bb15\/05\/2019 Asamblea electoral\u00bb][qode_in_device_slider_item target=\u00bb_self\u00bb image=\u00bb2032&#8243; title=\u00bb18\/09\/2019 Presentaci\u00f3n del spot &#8216;Dale un like a tu comercio de siempre'\u00bb][qode_in_device_slider_item target=\u00bb_self\u00bb image=\u00bb2031&#8243; title=\u00bb25\/09\/2019 Presentaci\u00f3n de la Tarjeta Amiga\u00bb][\/qode_in_device_slider][\/vc_column][\/vc_row][vc_row css_animation=\u00bb\u00bb row_type=\u00bbrow\u00bb use_row_as_full_screen_section=\u00bbno\u00bb type=\u00bbfull_width\u00bb angled_section=\u00bbno\u00bb text_align=\u00bbcenter\u00bb background_image=\u00bb1498&#8243; background_image_as_pattern=\u00bbwithout_pattern\u00bb z_index=\u00bb\u00bb][vc_column][vc_empty_space height=\u00bb100&#8243;][icons icon=\u00bbfa-home\u00bb size=\u00bbfa-2x\u00bb type=\u00bbsquare\u00bb border=\u00bbyes\u00bb link=\u00bbhttp:\/\/memoria.cepymearagon.es\/index.php\/2019-2\/\u00bb target=\u00bb_self\u00bb border_color=\u00bb#004631&#8243; background_color=\u00bb#004631&#8243; hover_background_color=\u00bb#42a589&#8243;][vc_empty_space height=\u00bb100&#8243;][\/vc_column][\/vc_row]<\/p>\n","protected":false},"excerpt":{"rendered":"<p>[vc_row css_animation=\u00bb\u00bb row_type=\u00bbrow\u00bb use_row_as_full_screen_section=\u00bbno\u00bb type=\u00bbfull_width\u00bb angled_section=\u00bbno\u00bb text_align=\u00bbleft\u00bb background_image_as_pattern=\u00bbwithout_pattern\u00bb][vc_column][qode_elements_holder number_of_columns=\u00bbone_column\u00bb][qode_elements_holder_item background_image=\u00bb1470&#8243; item_padding=\u00bb280px\u00bb vertical_alignment=\u00bbmiddle\u00bb horizontal_alignment=\u00bbcenter\u00bb advanced_animations=\u00bbno\u00bb][vc_column_text] CEPYME TERUEL [\/vc_column_text][\/qode_elements_holder_item][\/qode_elements_holder][vc_empty_space][\/vc_column][\/vc_row][vc_row css_animation=\u00bbelement_from_top\u00bb row_type=\u00bbrow\u00bb use_row_as_full_screen_section=\u00bbno\u00bb type=\u00bbgrid\u00bb angled_section=\u00bbno\u00bb text_align=\u00bbleft\u00bb background_image_as_pattern=\u00bbwithout_pattern\u00bb z_index=\u00bb\u00bb][vc_column][vc_empty_space height=\u00bb45&#8243;][custom_font font_size=\u00bb15&#8243; line_height=\u00bb26&#8243; font_style=\u00bbnormal\u00bb text_align=\u00bbcenter\u00bb font_weight=\u00bb300&#8243; text_decoration=\u00bbnone\u00bb text_shadow=\u00bbyes\u00bb color=\u00bb#004631&#8243; background_color=\u00bb#42a598&#8243;] Comit\u00e9 Ejecutivo [\/custom_font][vc_empty_space height=\u00bb45&#8243;][\/vc_column][\/vc_row][vc_row css_animation=\u00bbelement_from_top\u00bb row_type=\u00bbrow\u00bb use_row_as_full_screen_section=\u00bbno\u00bb type=\u00bbgrid\u00bb angled_section=\u00bbno\u00bb text_align=\u00bbcenter\u00bb background_image_as_pattern=\u00bbwithout_pattern\u00bb z_index=\u00bb\u00bb][vc_column width=\u00bb1\/3&#8243;][\/vc_column][vc_column width=\u00bb1\/3&#8243;][vc_single_image image=\u00bb469&#8243; img_size=\u00bbtiny\u00bb alignment=\u00bbcenter\u00bb style=\u00bbvc_box_outline_circle_2&#8243; qode_css_animation=\u00bbelement_from_top\u00bb][vc_empty_space height=\u00bb10&#8243;][icon_list_item [&hellip;]<\/p>\n","protected":false},"author":2,"featured_media":0,"parent":0,"menu_order":0,"comment_status":"closed","ping_status":"closed","template":"landing_page.php","meta":{"footnotes":""},"class_list":["post-1814","page","type-page","status-publish","hentry"],"_links":{"self":[{"href":"https:\/\/memoria.cepymearagon.es\/index.php\/wp-json\/wp\/v2\/pages\/1814","targetHints":{"allow":["GET"]}}],"collection":[{"href":"https:\/\/memoria.cepymearagon.es\/index.php\/wp-json\/wp\/v2\/pages"}],"about":[{"href":"https:\/\/memoria.cepymearagon.es\/index.php\/wp-json\/wp\/v2\/types\/page"}],"author":[{"embeddable":true,"href":"https:\/\/memoria.cepymearagon.es\/index.php\/wp-json\/wp\/v2\/users\/2"}],"replies":[{"embeddable":true,"href":"https:\/\/memoria.cepymearagon.es\/index.php\/wp-json\/wp\/v2\/comments?post=1814"}],"version-history":[{"count":4,"href":"https:\/\/memoria.cepymearagon.es\/index.php\/wp-json\/wp\/v2\/pages\/1814\/revisions"}],"predecessor-version":[{"id":1816,"href":"https:\/\/memoria.cepymearagon.es\/index.php\/wp-json\/wp\/v2\/pages\/1814\/revisions\/1816"}],"wp:attachment":[{"href":"https:\/\/memoria.cepymearagon.es\/index.php\/wp-json\/wp\/v2\/media?parent=1814"}],"curies":[{"name":"wp","href":"https:\/\/api.w.org\/{rel}","templated":true}]}}