{"id":1809,"date":"2020-02-06T10:37:13","date_gmt":"2020-02-06T10:37:13","guid":{"rendered":"http:\/\/memoria.cepymearagon.es\/?page_id=1809"},"modified":"2020-02-06T10:37:13","modified_gmt":"2020-02-06T10:37:13","slug":"2019-asociaciones","status":"publish","type":"page","link":"https:\/\/memoria.cepymearagon.es\/index.php\/2019-asociaciones\/","title":{"rendered":"2019 Asociaciones"},"content":{"rendered":"<p>[vc_row css_animation=\u00bb\u00bb row_type=\u00bbrow\u00bb use_row_as_full_screen_section=\u00bbno\u00bb type=\u00bbfull_width\u00bb angled_section=\u00bbno\u00bb text_align=\u00bbleft\u00bb background_image_as_pattern=\u00bbwithout_pattern\u00bb][vc_column][qode_elements_holder number_of_columns=\u00bbone_column\u00bb][qode_elements_holder_item background_image=\u00bb1470&#8243; item_padding=\u00bb280px\u00bb vertical_alignment=\u00bbmiddle\u00bb horizontal_alignment=\u00bbcenter\u00bb advanced_animations=\u00bbno\u00bb][vc_column_text]<\/p>\n<h1 style=\"text-align: center;\">ASOCIACIONES<\/h1>\n<p>[\/vc_column_text][\/qode_elements_holder_item][\/qode_elements_holder][vc_empty_space][\/vc_column][\/vc_row][vc_row css_animation=\u00bb\u00bb row_type=\u00bbrow\u00bb use_row_as_full_screen_section=\u00bbno\u00bb type=\u00bbgrid\u00bb angled_section=\u00bbno\u00bb text_align=\u00bbleft\u00bb background_image_as_pattern=\u00bbwithout_pattern\u00bb z_index=\u00bb\u00bb][vc_column][service_table title_background_type=\u00bbbackground_color_type\u00bb icon_size=\u00bbfa-lg\u00bb]<\/p>\n<ul>\n<li>Agrupaci\u00f3n de Comerciantes de la Calle Delicias y Adyacentes<\/li>\n<li>Agrupaci\u00f3n Profesional de Trabajo a Domicilio de la Industria de la Confecci\u00f3n<\/li>\n<li>Agrupaci\u00f3n Regional Aragonesa de Ganaderos y Agricultores (ARAGA)<\/li>\n<li>Ares Arag\u00f3n Escena. Artes Esc\u00e9nicas Asociadas de Arag\u00f3n<\/li>\n<li>Asociaci\u00f3n Aragonesa de Centros Caninos (AACC)<\/li>\n<li>Asociaci\u00f3n Aragonesa de Distribuidores de Gas\u00f3leo (ARADISGAS)<\/li>\n<li>Asociaci\u00f3n Aragonesa de Empresarios de M\u00e1quinas Recreativas en Salas de Bingo (AREBIN)<\/li>\n<li>Asociaci\u00f3n Aragonesa de Empresas de Aire Acondicionado<\/li>\n<li>Asociaci\u00f3n Aragonesa de Empresas de Seguridad (AAES)<\/li>\n<li>Asociaci\u00f3n Aragonesa de Empresas de Turismo Deportivo<\/li>\n<li>Asociaci\u00f3n Aragonesa de Fabricantes de Pinturas<\/li>\n<li>Asociaci\u00f3n Aragonesa de Fabricantes de Yesos, Escayolas y sus Prefabricados<\/li>\n<li>Asociaci\u00f3n Aragonesa de Gestores de Residuos Peligrosos<\/li>\n<li>Asociaci\u00f3n Aragonesa de Instaladores y Mantenedores de Climatizaci\u00f3n y Afines<\/li>\n<li>Asociaci\u00f3n Aragonesa para la Dependencia (ARADE)<\/li>\n<li>Asociaci\u00f3n Biescas Empresarial<\/li>\n<li>Asociaci\u00f3n Calandina de Comercio, Industria y Servicios<\/li>\n<li>Asociaci\u00f3n Centro Comercial Abierto de Alca\u00f1iz<\/li>\n<li>Asociaci\u00f3n Comarcal de Empresarios Cuencas Mineras (ACECMI)<\/li>\n<li>Asociaci\u00f3n Comercial Sector Fernando El Cat\u00f3lico<\/li>\n<li>Asociaci\u00f3n de Aderezadores de Aceitunas de Teruel<\/li>\n<li>Asociaci\u00f3n de Alba\u00f1iler\u00eda y Empresas de la Construcci\u00f3n de Zaragoza<\/li>\n<li>Asociaci\u00f3n de Almacenistas de Hierros de la Comunidad Aut\u00f3noma de Arag\u00f3n<\/li>\n<li>Asociaci\u00f3n de Artistas Pl\u00e1sticos \u201cGoya\u201d (AAPGA)<\/li>\n<li>Asociaci\u00f3n de Carpinteros de Zaragoza (ACAZ)<\/li>\n<li>Asociaci\u00f3n de Centros de Asistencia de Servicios Sociales de Arag\u00f3n (ACASSA)<\/li>\n<li>Asociaci\u00f3n de Centros Especializados de Ense\u00f1anza de Idiomas de Arag\u00f3n<\/li>\n<li>Asociaci\u00f3n de Centros Veterinarios Especializados en Animales de Compa\u00f1ia (ACVEAC)<\/li>\n<li>Asociaci\u00f3n de Comerciantes de Accesorios y Repuestos de Automoci\u00f3n de la Provincia de Zaragoza (ACARAZ)<\/li>\n<li>Asociaci\u00f3n de Comerciantes de Alca\u00f1iz<\/li>\n<li>Asociaci\u00f3n de Comerciantes de Barbastro<\/li>\n<li>Asociaci\u00f3n de Comerciantes de Droguer\u00eda y Perfumer\u00eda de la Provincia de Huesca<\/li>\n<li>Asociaci\u00f3n de Comerciantes de las Calles Azoque y Plaza Salamero<\/li>\n<li>Asociaci\u00f3n de Comerciantes de las Calles Capit\u00e1n Portol\u00e9s y Marceliano Is\u00e1bal<\/li>\n<li>Asociaci\u00f3n de Comerciantes de Muebles de Zaragoza y Arag\u00f3n (ACOMZA)<\/li>\n<li>Asociaci\u00f3n de Comerciantes del Barrio de San Le\u00f3n<\/li>\n<li>Asociaci\u00f3n de Comerciantes del Casco Antiguo Sector Mercado<\/li>\n<li>Asociaci\u00f3n de Comerciantes del Centro Comercial Independencia<\/li>\n<li>Asociaci\u00f3n de Comerciantes del Centro Hist\u00f3rico de Teruel<\/li>\n<li>Asociaci\u00f3n de Comerciantes del Sector Don Jaime I \u2013 Plaza de Espa\u00f1a de Zaragoza<\/li>\n<li>Asociaci\u00f3n de Comerciantes y Empresarios del Jiloca<\/li>\n<li>Asociaci\u00f3n de Comerciantes y Profesionales de Conde Aranda \u2013 Portillo y Calles Adyacentes<\/li>\n<li>Asociaci\u00f3n de Comercio e Industria de Calamocha<\/li>\n<li>Asociaci\u00f3n de Comercio, Industria y Servicios de Almud\u00e9var<\/li>\n<li>Asociaci\u00f3n de Comercio, Servicios e Industria de Tarazona (ACT)<\/li>\n<li>Asociaci\u00f3n de Criadores de Porcino de Teruel (ACRIPORTE)<\/li>\n<li>Asociaci\u00f3n de Cultura y Moda<\/li>\n<li>Asociaci\u00f3n de Dise\u00f1adores de Arag\u00f3n (ADDA)<\/li>\n<li>Asociaci\u00f3n de Editores de Arag\u00f3n (AEDITAR)<\/li>\n<li>Asociaci\u00f3n de Empresarios Agroalimentarios del Bajo Mart\u00edn-Sierra de Arcos<\/li>\n<li>Asociaci\u00f3n de Empresarios Agroalimentarios del Maestrazgo<\/li>\n<li>Asociaci\u00f3n de Empresarios Confeccionistas de Arag\u00f3n<\/li>\n<li>Asociaci\u00f3n de Empresarios de Alcorisa<\/li>\n<li>Asociaci\u00f3n de Empresarios de Barbastro (CEOS-CEPYME SOMONTANO)<\/li>\n<li>Asociaci\u00f3n de Empresarios de Cafeter\u00edas de Zaragoza y Provincia (AEC)<\/li>\n<li>Asociaci\u00f3n de Empresarios de Campings, Caravaning y Ciudad de Vacaciones del Pirineo y de la Provincia de Huesca<\/li>\n<li>Asociaci\u00f3n de Empresarios de Comercio de Electrodom\u00e9sticos y Afines de la Provincia de Huesca<\/li>\n<li>Asociaci\u00f3n de Empresarios de Comercio de Muebles de Huesca<\/li>\n<li>Asociaci\u00f3n de Empresarios de Comercio de Reparaci\u00f3n de Motos y Bicicletas<\/li>\n<li>Asociaci\u00f3n de Empresarios de Comercio y Prestaci\u00f3n de Servicios de Huesca<\/li>\n<li>Asociaci\u00f3n de Empresarios de Comercio y Servicios de Monz\u00f3n y Comarca<\/li>\n<li>Asociaci\u00f3n de Empresarios de Comercio, Industria y Servicios de la Comarca de las Cinco Villas (AECIS)<\/li>\n<li>Asociaci\u00f3n de Empresarios de Comercio, Industria y Servicios de Tauste (ASECOS)<\/li>\n<li>Asociaci\u00f3n de Empresarios de \u00c9pila<\/li>\n<li>Asociaci\u00f3n de Empresarios de Forjados y Hormigones de Zaragoza y Provincia (AFYH)<\/li>\n<li>Asociaci\u00f3n de Empresarios de Impermeabilizaci\u00f3n<\/li>\n<li>Asociaci\u00f3n de Empresarios de la Comarca de Calatayud<\/li>\n<li>Asociaci\u00f3n de Empresarios de la Comarca del Matarra\u00f1a<\/li>\n<li>Asociaci\u00f3n de Empresarios de la Construcci\u00f3n de Arag\u00f3n (AECON)<\/li>\n<li>Asociaci\u00f3n de Empresarios de la Jacetania (CEOS-CEPYME JACETANIA)<\/li>\n<li>Asociaci\u00f3n de Empresarios de la Litera (CEOS-CEPYME LA LITERA)<\/li>\n<li>Asociaci\u00f3n de Empresarios de la Madera-ADEM<\/li>\n<li>Asociaci\u00f3n de Empresarios de Limpieza de Edificios y Locales de la Provincia de Huesca<\/li>\n<li>Asociaci\u00f3n de Empresarios de M\u00e1rmoles, Piedras y Granitos Naturales de Zaragoza y Provincia<\/li>\n<li>Asociaci\u00f3n de Empresarios de Ribagorza (CEOS-CEPYME RIBAGORZA)<\/li>\n<li>Asociaci\u00f3n de Empresarios de Salones de Juego de Arag\u00f3n (AESA)<\/li>\n<li>Asociaci\u00f3n de Empresarios del Comercio de Ferreter\u00edas, Menaje y Afines<\/li>\n<li>Asociaci\u00f3n de Empresarios del Mezqu\u00edn-Bajo Arag\u00f3n<\/li>\n<li>Asociaci\u00f3n de Empresarios del Pol\u00edgono Centrov\u00eda (EMPREVIA)<\/li>\n<li>Asociaci\u00f3n de Empresarios del Pol\u00edgono La Paz de Teruel (ASEMPAZ)<\/li>\n<li>Asociaci\u00f3n de Empresarios del Sector \u201cEl Tubo\u201d<\/li>\n<li>Asociaci\u00f3n de Empresarios Fabricantes de Terrazos y Piedra Artificial de Zaragoza y Provincia<\/li>\n<li>Asociaci\u00f3n de Empresarios Pintores de Arag\u00f3n (ASEPAR)<\/li>\n<li>Asociaci\u00f3n de Empresarios Pintores de la Provincia de Zaragoza<\/li>\n<li>Asociaci\u00f3n de Empresarios Pirineos Alto G\u00e1llego \u2013 AEPAG (CEOS-CEPYME ALTO G\u00c1LLEGO)<\/li>\n<li>Asociaci\u00f3n de Empresarios Tur\u00edsticos de la Sierra de Albarrac\u00edn (AETSA)<\/li>\n<li>Asociaci\u00f3n de Empresarios Tur\u00edsticos del Maestrazgo<\/li>\n<li>Asociaci\u00f3n de Empresarios y Propietarios de Pol\u00edgonos Industriales de La Puebla de Alfind\u00e9n (AEPPI-Alfind\u00e9n)<\/li>\n<li>Asociaci\u00f3n de Empresas Aragonesas de Conservaci\u00f3n y Restauraci\u00f3n del Patrimonio Cultural (AREPAC)<\/li>\n<li>Asociaci\u00f3n de Empresas Aragonesas de Producci\u00f3n Audiovisual (ASEAPA)<\/li>\n<li>Asociaci\u00f3n de Empresas de Alquiler de Equipos de V\u00eddeo, Iluminaci\u00f3n y Sonido de Arag\u00f3n (SILVIS)<\/li>\n<li>Asociaci\u00f3n de Empresas de Alquiler de Maquinaria sin Operador de la Comunidad de Arag\u00f3n (ASEACAR)<\/li>\n<li>Asociaci\u00f3n de Empresas de Inform\u00e1tica<\/li>\n<li>Asociaci\u00f3n de Empresas de Jardiner\u00eda y Viveros de Plantas de la Provincia de Huesca<\/li>\n<li>Asociaci\u00f3n de Empresas de Recubrimientos Met\u00e1licos y Afines de Zaragoza (AERMAZ)<\/li>\n<li>Asociaci\u00f3n de Empresas de Servicios de la Provincia de Huesca<\/li>\n<li>Asociaci\u00f3n de Empresas del Bajo G\u00e1llego (AEBAG)<\/li>\n<li>Asociaci\u00f3n de Empresas del Pol\u00edgono Empresarium (AEPE-EMPRESARIUM)<\/li>\n<li>Asociaci\u00f3n de Empresas Instaladoras de Telecomunicaciones Turolense<\/li>\n<li>Asociaci\u00f3n de Empresas Sanitarias de Arag\u00f3n<\/li>\n<li>Asociaci\u00f3n de Escuelas de Moda Aragonesas (ASEMODA)<\/li>\n<li>Asociaci\u00f3n de Establecimientos Comerciales de los Barrios Ensanche y la Fuenfresca de Teruel<\/li>\n<li>Asociaci\u00f3n de Estaciones de Servicio de Arag\u00f3n (AESAR)<\/li>\n<li>Asociaci\u00f3n de Excavadores de Arag\u00f3n (AEXAR)<\/li>\n<li>Asociaci\u00f3n de Fabricantes de Aceite de Oliva de Teruel<\/li>\n<li>Asociaci\u00f3n de Fabricantes de Calzado y Afines (AFCYA)<\/li>\n<li>Asociaci\u00f3n de Fabricantes de Camas, Somieres y Colchones de la Provincia de Zaragoza<\/li>\n<li>Asociaci\u00f3n de Fabricantes de Galletas de Zaragoza (AFGZ)<\/li>\n<li>Asociaci\u00f3n de Fabricantes de Muebles de Zaragoza (AFAMZA)<\/li>\n<li>Asociaci\u00f3n de Fabricantes Metalmec\u00e1nicos (AFMM)<\/li>\n<li>Asociaci\u00f3n de Fundidores de Arag\u00f3n<\/li>\n<li>Asociaci\u00f3n de Imagen Personal de Huesca (AIPH)<\/li>\n<li>Asociaci\u00f3n de Industriales (AIC)<\/li>\n<li>Asociaci\u00f3n de Industriales de la Ribera Baja del Ebro (AIRBE)<\/li>\n<li>Asociaci\u00f3n de Industrias de la Alimentaci\u00f3n de Arag\u00f3n (AIAA)<\/li>\n<li>Asociaci\u00f3n de Ingenier\u00edas y Consultor\u00edas de Arag\u00f3n (ASINCAR)<\/li>\n<li>Asociaci\u00f3n de Instaladores de Aislamientos y Yesos Laminados de Arag\u00f3n (ADIP Arag\u00f3n)<\/li>\n<li>Asociaci\u00f3n de J\u00f3venes Empresarios de Zaragoza (AJE)<\/li>\n<li>Asociaci\u00f3n de Joyeros y Relojeros de Arag\u00f3n<\/li>\n<li>Asociaci\u00f3n de la Peque\u00f1a y Mediana Empresa de Zaragoza<\/li>\n<li>Asociaci\u00f3n de Marketing y Agencias de Publicidad de Arag\u00f3n (AMAPA)<\/li>\n<li>Asociaci\u00f3n de Mayoristas de Joyer\u00eda, Relojer\u00eda, Bisuter\u00eda y Art\u00edculos de Regalo de Zaragoza y Provincia<\/li>\n<li>Asociaci\u00f3n de Mujeres Empresarias de Huesca (AMEPHU)<\/li>\n<li>Asociaci\u00f3n de Mujeres Empresarias y Profesionales de Arag\u00f3n (ARAME)<\/li>\n<li>Asociaci\u00f3n de Ortop\u00e9dicos de Arag\u00f3n (AOA)<\/li>\n<li>Asociaci\u00f3n de Peluquer\u00edas de Caballeros de Teruel<\/li>\n<li>Asociaci\u00f3n de Peque\u00f1os y Medianos Empresarios de Transporte en Arag\u00f3n (AEPTA)<\/li>\n<li>Asociaci\u00f3n de Propietarios Empresarios del Pol\u00edgono Industrial Las Horcas de Alca\u00f1iz<\/li>\n<li>Asociaci\u00f3n de Rematantes y Aserradores y Embalajes de Zaragoza (ARAEZ)<\/li>\n<li>Asociaci\u00f3n de Talleres de Reparaci\u00f3n de Autom\u00f3viles y Afines<\/li>\n<li>Asociaci\u00f3n de Talleres de Reparaci\u00f3n de Veh\u00edculos de Zaragoza (ATARVEZ)<\/li>\n<li>Asociaci\u00f3n de Trabajadores por Cuenta Propia y Empresarios de Arag\u00f3n (ATA Arag\u00f3n)<\/li>\n<li>Asociaci\u00f3n de Transformadores del Pl\u00e1stico de Zaragoza<\/li>\n<li>Asociaci\u00f3n de Turismo Rural Jalgur<\/li>\n<li>Asociaci\u00f3n de Vendedores de Prensa, Revistas y Publicaciones de la Comunidad Aut\u00f3noma de Arag\u00f3n (AVEPRECA)<\/li>\n<li>Asociaci\u00f3n del Comercio de Bin\u00e9far y La Litera<\/li>\n<li>Asociaci\u00f3n del Comercio de Valdespartera<\/li>\n<li>Asociaci\u00f3n Empresarial Agropecuaria (ASAJA HUESCA)<\/li>\n<li>Asociaci\u00f3n Empresarial Aragonesa de Juegos Autorizados (AEJU)<\/li>\n<li>Asociaci\u00f3n Empresarial Aragonesa de Maquinaria para Hosteler\u00eda y Alimentaci\u00f3n<\/li>\n<li>Asociaci\u00f3n Empresarial Comercio Alimentaci\u00f3n y Art\u00edculos Hogar de la Provincia de Huesca<\/li>\n<li>Asociaci\u00f3n Empresarial de Almacenistas de Aluminio de Zaragoza (AEAAZ)<\/li>\n<li>Asociaci\u00f3n Empresarial de Andorra-Sierra de Arcos y del Bajo Mart\u00edn (AEA)<\/li>\n<li>Asociaci\u00f3n Empresarial de Artes Gr\u00e1ficas, Papel y Manipulados de Arag\u00f3n (AEGRAF)<\/li>\n<li>Asociaci\u00f3n Empresarial de Comercio de la Piel de la Provincia de Huesca<\/li>\n<li>Asociaci\u00f3n Empresarial de Comercio Textil de la Provincia de Huesca<\/li>\n<li>Asociaci\u00f3n Empresarial de Comercio y Servicios de la Jacetania (ACOMSEJA)<\/li>\n<li>Asociaci\u00f3n Empresarial de Estaciones de Servicio de la Provincia de Huesca<\/li>\n<li>Asociaci\u00f3n Empresarial de Fabricantes de Joyer\u00eda y Plater\u00eda de Zaragoza (AEFAJOZA)<\/li>\n<li>Asociaci\u00f3n Empresarial de Instalaciones El\u00e9ctricas de Teruel<\/li>\n<li>Asociaci\u00f3n Empresarial de Instalaciones El\u00e9ctricas de Zaragoza (AEIEZ)<\/li>\n<li>Asociaci\u00f3n Empresarial de Instaladores de Antenas y Telefon\u00eda de Zaragoza (AEDIATEL)<\/li>\n<li>Asociaci\u00f3n Empresarial de la Comarca Hoya de Huesca (CEOS-CEPYME HOYA DE HUESCA)<\/li>\n<li>Asociaci\u00f3n Empresarial de la Industria y Comercio de Aceitunas y Encurtidos de Zaragoza y Provincia (AENZA)<\/li>\n<li>Asociaci\u00f3n Empresarial de las Cinco Villas (AECV)<\/li>\n<li>Asociaci\u00f3n Empresarial de Librer\u00edas, Artes Graficas y Afines de Huesca<\/li>\n<li>Asociaci\u00f3n Empresarial de Mas de las Matas<\/li>\n<li>Asociaci\u00f3n Empresarial de Talleres Auxiliares de la Confecci\u00f3n de Arag\u00f3n<\/li>\n<li>Asociaci\u00f3n Empresarial de Talleres de Reparaci\u00f3n y Concesionarios de Veh\u00edculos de la Provincia de Teruel<\/li>\n<li>Asociaci\u00f3n Empresarial de Transporte de Viajeros de la Provincia de Huesca<\/li>\n<li>Asociaci\u00f3n Empresarial de Transportes de Mercanc\u00edas de la Provincia de Huesca<\/li>\n<li>Asociaci\u00f3n Empresarial de Transportes Discrecionales de Mercanc\u00edas por Carretera (TRADIME)<\/li>\n<li>Asociaci\u00f3n Empresarial G\u00fadar Javalambre<\/li>\n<li>Asociaci\u00f3n Empresarial Industriales Decoradores en Escayola y Afines de la Provincia de Zaragoza<\/li>\n<li>Asociaci\u00f3n Empresarial Intersectorial de la Comarca del Cinca Medio (CEOS-CEPYME CINCA MEDIO)<\/li>\n<li>Asociaci\u00f3n Empresarial Intersectorial de los Monegros (CEOS-CEPYME MONEGROS)<\/li>\n<li>Asociaci\u00f3n Empresarial Intersectorial del Bajo Cinca \/ Baix Cinca (CEOS- CEPYME BAJO CINCA)<\/li>\n<li>Asociaci\u00f3n Empresarial PLAZA (AEPLA)<\/li>\n<li>Asociaci\u00f3n Empresarial Provincial de Hosteler\u00eda y Turismo<\/li>\n<li>Asociaci\u00f3n Empresarial Provincial de la Construcci\u00f3n<\/li>\n<li>Asociaci\u00f3n Empresarial Provincial de la Madera<\/li>\n<li>Asociaci\u00f3n Empresarial Provincial del Metal de Teruel<\/li>\n<li>Asociaci\u00f3n Empresarial Tur\u00edstica de Sobrarbe (CEOS-CEPYME SOBRARBE)<\/li>\n<li>Asociaci\u00f3n Gremial Provincial Autotaxi, Autoturismo y Servicios Especiales Abono<\/li>\n<li>Asociaci\u00f3n Interempresarial Provincial del Comercio<\/li>\n<li>Asociaci\u00f3n Intersectorial de Aut\u00f3nomos de Huesca (CEAT Huesca)<\/li>\n<li>Asociaci\u00f3n Intersectorial de Aut\u00f3nomos de la Provincia de Zaragoza (CEAT Zaragoza)<\/li>\n<li>Asociaci\u00f3n Oscense de Academias Privadas<\/li>\n<li>Asociaci\u00f3n Profesional de Almacenistas de Material de la Construcci\u00f3n de Zaragoza (ALMACO)<\/li>\n<li>Asociaci\u00f3n Profesional de Artesanos de Arag\u00f3n (APAA)<\/li>\n<li>Asociaci\u00f3n Profesional de Empresarios de Caf\u00e9s, Bares y Actividades de hosteler\u00eda similares de Zaragoza y Provincia<\/li>\n<li>Asociaci\u00f3n Profesional de Empresarios de Qu\u00edmicas<\/li>\n<li>Asociaci\u00f3n Profesional de Empresarios Fabricantes de Art\u00edculos de Deporte, Protecci\u00f3n Industrial, Marroquiner\u00eda y Similares de Zaragoza<\/li>\n<li>Asociaci\u00f3n Profesional de Empresarios Instaladores de Fontaner\u00eda, Calefacci\u00f3n y Afines de la Provincia de Huesca (APEIFCA)<\/li>\n<li>Asociaci\u00f3n Profesional de Empresarios y Comerciantes de Caspe y Comarca (APEC)<\/li>\n<li>Asociaci\u00f3n Profesional de Expendedores de Tabacos y Timbre del Estado en la Provincia de Zaragoza (ASEZAR)<\/li>\n<li>Asociaci\u00f3n Profesional e Industrial de T\u00e9cnicos en Electr\u00f3nica y Electrodom\u00e9sticos de Arag\u00f3n (ATEA)<\/li>\n<li>Asociaci\u00f3n Profesional Provincial de Despachos Auxiliares del Patronato de Apuestas Mutuas de Zaragoza<\/li>\n<li>Asociaci\u00f3n Provincial de Administradores de Loter\u00edas de Zaragoza<\/li>\n<li>Asociaci\u00f3n Provincial de Almacenistas de Material El\u00e9ctrico<\/li>\n<li>Asociaci\u00f3n Provincial de Autoescuelas de Huesca<\/li>\n<li>Asociaci\u00f3n Provincial de Autoescuelas de Zaragoza (APAZ)<\/li>\n<li>Asociaci\u00f3n Provincial de Auto-Taxi y Gran Turismo (APATZ)<\/li>\n<li>Asociaci\u00f3n Provincial de Carniceros, Salchicheros, Detallistas de Productos Pecuarios de Huesca<\/li>\n<li>Asociaci\u00f3n Provincial de Centros de Ense\u00f1anza de Zaragoza (APCEZ)<\/li>\n<li>Asociaci\u00f3n Provincial de Contratistas de Obra P\u00fablica de Huesca<\/li>\n<li>Asociaci\u00f3n Provincial de Derivados del Cemento de Huesca<\/li>\n<li>Asociaci\u00f3n Provincial de Empresarios de Confiter\u00eda, Pasteler\u00eda, Boller\u00eda y Reposter\u00eda<\/li>\n<li>Asociaci\u00f3n Provincial de Empresarios de Confiter\u00eda, Pasteler\u00eda, Boller\u00eda y Reposter\u00eda Huesca<\/li>\n<li>Asociaci\u00f3n Provincial de Empresarios de Fotograf\u00eda de Huesca<\/li>\n<li>Asociaci\u00f3n Provincial de Empresarios de Hosteler\u00eda y Turismo de Huesca<\/li>\n<li>Asociaci\u00f3n Provincial de Empresarios de Salas de Baile y Discotecas de Huesca<\/li>\n<li>Asociaci\u00f3n Provincial de Empresarios de Salas de Fiesta, Baile y Discotecas de Zaragoza<\/li>\n<li>Asociaci\u00f3n Provincial de Empresas de la Construcci\u00f3n<\/li>\n<li>Asociaci\u00f3n Provincial de Empresas de Pintura y Decoraci\u00f3n de Huesca<\/li>\n<li>Asociaci\u00f3n Provincial de Fabricantes y Expendedores de Pan de Huesca<\/li>\n<li>Asociaci\u00f3n Provincial de Fabricantes y Expendedores de Pan de Teruel<\/li>\n<li>Asociaci\u00f3n Provincial de Libreros<\/li>\n<li>Asociaci\u00f3n Provincial de Promotores y Constructores de Edificios de Teruel<\/li>\n<li>Asociaci\u00f3n Provincial de Promotores-Constructores de Edificios de Huesca<\/li>\n<li>Asociaci\u00f3n Provincial de Talleres de Reparaci\u00f3n de Veh\u00edculos Autom\u00f3viles de Huesca (ATRVA)<\/li>\n<li>Asociaci\u00f3n Provincial de Transportes de Mercanc\u00edas por Carretera de Teruel<\/li>\n<li>Asociaci\u00f3n Provincial Empresarial de Electrotecnia y Mantenimiento (APEE)<\/li>\n<li>Asociaci\u00f3n Provincial Empresarial de Fabricantes de Aridos, Movimientos de Tierras y Excavaciones<\/li>\n<li>Asociaci\u00f3n Provincial Empresarial de Fontaner\u00eda, Calefacci\u00f3n y Afines<\/li>\n<li>Asociaci\u00f3n Provincial Empresarial de Fontaner\u00eda, Calefacci\u00f3n, Gas, Climatizaci\u00f3n, Protecci\u00f3n Contra Incendios, Mantenimiento y Afines de Zaragoza (APEFONCA)<\/li>\n<li>Asociaci\u00f3n Provincial Jamoneros de Teruel<\/li>\n<li>Asociaci\u00f3n Regional Aragonesa de Empresarios de Limpieza de Edificios y Locales (ASOAL)<\/li>\n<li>Asociaci\u00f3n Regional de Empresarios de Ascensores<\/li>\n<li>Asociaci\u00f3n Social Media Marketing de Arag\u00f3n (ASOMMAR)<\/li>\n<li>Asociaci\u00f3n Tur\u00edstica de G\u00fadar-Javalambre (ATUSIG)<\/li>\n<li>Asociaci\u00f3n Turolense de Academias Privadas<\/li>\n<li>Asociaci\u00f3n Turolense de Industrias Agroalimentarias<\/li>\n<li>Centro Provincial de J\u00f3venes Agricultores de Zaragoza (ASAJA)<\/li>\n<li>Ciudad del Transporte de Zaragoza (CTZ)<\/li>\n<li>Confecci\u00f3n Industrial<\/li>\n<li>Confederaci\u00f3n de Asociaciones de Comerciantes \u201cCENTRO CIUDAD\u201d<\/li>\n<li>Confederaci\u00f3n de la Peque\u00f1a y Mediana Empresa Aragonesa (CEPYME ARAG\u00d3N)<\/li>\n<li>Confederaci\u00f3n de la Peque\u00f1a y Mediana Empresa de Teruel (CEPYME TERUEL)<\/li>\n<li>Confederaci\u00f3n de la Peque\u00f1a y Mediana Empresa de Zaragoza (CEPYME ZARAGOZA)<\/li>\n<li>Confederaci\u00f3n Empresarial de la Provincia de Huesca (CEOS-CEPYME HUESCA)<\/li>\n<li>Confederaci\u00f3n Intersectorial de Empresarios Aut\u00f3nomos de Arag\u00f3n (CEAT Arag\u00f3n)<\/li>\n<li>Cooperativa de la Peque\u00f1a y Mediana Empresa Aragonesa (COPYME)<\/li>\n<li>Cooperativas Agro-alimentarias de Arag\u00f3n<\/li>\n<li>Federaci\u00f3n Aragonesa de Entidades Sin \u00c1nimo de Lucro (FILOS)<\/li>\n<li>Federaci\u00f3n Aragonesa de Instaladores El\u00e9ctricos (FARIE)<\/li>\n<li>Federaci\u00f3n Aragonesa de Talleres de Reparaci\u00f3n de Autom\u00f3viles e Industrias Afines (FATRAA)<\/li>\n<li>Federaci\u00f3n de Asociaciones de la Construcci\u00f3n de la Provincia de Huesca (FAC)<\/li>\n<li>Federaci\u00f3n de Educaci\u00f3n y Gesti\u00f3n de Arag\u00f3n (FEGA)<\/li>\n<li>Federaci\u00f3n de Empresarios de Comercio y Servicios de la Provincia de Huesca (FECOS)<\/li>\n<li>Federaci\u00f3n de Empresarios de Hosteler\u00eda de Zaragoza\u00a0 (HORECA)<\/li>\n<li>Federaci\u00f3n de Empresarios de los Pol\u00edgonos Industriales de Huesca (FEPI)<\/li>\n<li>Federaci\u00f3n de Empresarios del Metal de Zaragoza (FEMZ)<\/li>\n<li>Federaci\u00f3n de Empresas Qu\u00edmicas y Pl\u00e1sticos de Arag\u00f3n (FEQPA)<\/li>\n<li>Federaci\u00f3n de Industriales de la Madera de Zaragoza (FIMZA)<\/li>\n<li>Federaci\u00f3n de Industrias Textiles y de la Confecci\u00f3n de Arag\u00f3n (FITCA)<\/li>\n<li>Federaci\u00f3n de Industrias y Empresas de la Construcci\u00f3n (FIECO)<\/li>\n<li>Federaci\u00f3n de Pol\u00edgonos Empresariales de Arag\u00f3n (FEPEA)<\/li>\n<li>Federaci\u00f3n Empresarial de Transportes por Carretera de la Provincia de Huesca (FET Huesca)<\/li>\n<li>Federaci\u00f3n Provincial de Empresarios del Metal de Huesca (FEMHU)<\/li>\n<li>Federaci\u00f3n Tur\u00edstica Arag\u00f3n Sur<\/li>\n<li>Foro de Opini\u00f3n Empresarial del Bajo Arag\u00f3n<\/li>\n<li>Fundaci\u00f3n Agustina Zaragoza (FUNDAZ)<\/li>\n<li>Fundaci\u00f3n Cuadros Arag\u00f3n (FCA)<\/li>\n<li>Gremio Artesano Textil Santa Luc\u00eda<\/li>\n<li>Gremio de Relojeros, Joyeros y Plateros de Teruel<\/li>\n<li>Gremio de Sastres Artesanos de Arag\u00f3n<\/li>\n<li>Gremio Provincial de Joyeros y Relojeros de Huesca<\/li>\n<li>Grupo de Industrias de Fibras Artificales y Diversas<\/li>\n<li>Grupo de Industrias del Algod\u00f3n<\/li>\n<li>Grupo de T\u00e9cnicos de Confecci\u00f3n<\/li>\n<li>Grupo de Tejidos Grupo de Comercio Textil<\/li>\n<li>HORECA-Asociaci\u00f3n de Empresarios de Restaurantes de Zaragoza y Provincia<\/li>\n<li>HORECA-Asociaci\u00f3n Empresarios Hoteles de Zaragoza y Provincia \u201cHoteles de Zaragoza\u201d<\/li>\n<li>Patronal Aragonesa de la Discapacidad (PADIS)<\/li>\n<li>Real Aero Club de Zaragoza (RACZ)<\/li>\n<li>Uni\u00f3n de Panader\u00edas de la Provincia de Zaragoza (UPPZ)<\/li>\n<\/ul>\n<p>[\/service_table][\/vc_column][\/vc_row][vc_row css_animation=\u00bb\u00bb row_type=\u00bbrow\u00bb use_row_as_full_screen_section=\u00bbno\u00bb type=\u00bbfull_width\u00bb angled_section=\u00bbno\u00bb text_align=\u00bbcenter\u00bb background_image=\u00bb1498&#8243; background_image_as_pattern=\u00bbwithout_pattern\u00bb z_index=\u00bb\u00bb][vc_column][vc_empty_space height=\u00bb100&#8243;][icons icon=\u00bbfa-home\u00bb size=\u00bbfa-2x\u00bb type=\u00bbsquare\u00bb border=\u00bbyes\u00bb link=\u00bbhttp:\/\/memoria.cepymearagon.es\/index.php\/2019-2\/\u00bb target=\u00bb_self\u00bb border_color=\u00bb#004631&#8243; background_color=\u00bb#004631&#8243; hover_background_color=\u00bb#42a589&#8243;][vc_empty_space height=\u00bb100&#8243;][\/vc_column][\/vc_row]<\/p>\n","protected":false},"excerpt":{"rendered":"<p>[vc_row css_animation=\u00bb\u00bb row_type=\u00bbrow\u00bb use_row_as_full_screen_section=\u00bbno\u00bb type=\u00bbfull_width\u00bb angled_section=\u00bbno\u00bb text_align=\u00bbleft\u00bb background_image_as_pattern=\u00bbwithout_pattern\u00bb][vc_column][qode_elements_holder number_of_columns=\u00bbone_column\u00bb][qode_elements_holder_item background_image=\u00bb1470&#8243; item_padding=\u00bb280px\u00bb vertical_alignment=\u00bbmiddle\u00bb horizontal_alignment=\u00bbcenter\u00bb advanced_animations=\u00bbno\u00bb][vc_column_text] ASOCIACIONES [\/vc_column_text][\/qode_elements_holder_item][\/qode_elements_holder][vc_empty_space][\/vc_column][\/vc_row][vc_row css_animation=\u00bb\u00bb row_type=\u00bbrow\u00bb use_row_as_full_screen_section=\u00bbno\u00bb type=\u00bbgrid\u00bb angled_section=\u00bbno\u00bb text_align=\u00bbleft\u00bb background_image_as_pattern=\u00bbwithout_pattern\u00bb z_index=\u00bb\u00bb][vc_column][service_table title_background_type=\u00bbbackground_color_type\u00bb icon_size=\u00bbfa-lg\u00bb] Agrupaci\u00f3n de Comerciantes de la Calle Delicias y Adyacentes Agrupaci\u00f3n Profesional de Trabajo a Domicilio de la Industria de la Confecci\u00f3n Agrupaci\u00f3n Regional Aragonesa de Ganaderos y Agricultores (ARAGA) [&hellip;]<\/p>\n","protected":false},"author":2,"featured_media":0,"parent":0,"menu_order":0,"comment_status":"closed","ping_status":"closed","template":"landing_page.php","meta":{"footnotes":""},"class_list":["post-1809","page","type-page","status-publish","hentry"],"_links":{"self":[{"href":"https:\/\/memoria.cepymearagon.es\/index.php\/wp-json\/wp\/v2\/pages\/1809","targetHints":{"allow":["GET"]}}],"collection":[{"href":"https:\/\/memoria.cepymearagon.es\/index.php\/wp-json\/wp\/v2\/pages"}],"about":[{"href":"https:\/\/memoria.cepymearagon.es\/index.php\/wp-json\/wp\/v2\/types\/page"}],"author":[{"embeddable":true,"href":"https:\/\/memoria.cepymearagon.es\/index.php\/wp-json\/wp\/v2\/users\/2"}],"replies":[{"embeddable":true,"href":"https:\/\/memoria.cepymearagon.es\/index.php\/wp-json\/wp\/v2\/comments?post=1809"}],"version-history":[{"count":3,"href":"https:\/\/memoria.cepymearagon.es\/index.php\/wp-json\/wp\/v2\/pages\/1809\/revisions"}],"predecessor-version":[{"id":1812,"href":"https:\/\/memoria.cepymearagon.es\/index.php\/wp-json\/wp\/v2\/pages\/1809\/revisions\/1812"}],"wp:attachment":[{"href":"https:\/\/memoria.cepymearagon.es\/index.php\/wp-json\/wp\/v2\/media?parent=1809"}],"curies":[{"name":"wp","href":"https:\/\/api.w.org\/{rel}","templated":true}]}}