{"id":1783,"date":"2020-02-05T10:08:50","date_gmt":"2020-02-05T10:08:50","guid":{"rendered":"http:\/\/memoria.cepymearagon.es\/?page_id=1783"},"modified":"2020-02-05T11:30:02","modified_gmt":"2020-02-05T11:30:02","slug":"2019-rsa","status":"publish","type":"page","link":"https:\/\/memoria.cepymearagon.es\/index.php\/2019-rsa\/","title":{"rendered":"2019 RSA"},"content":{"rendered":"<p>[vc_row css_animation=\u00bb\u00bb row_type=\u00bbrow\u00bb use_row_as_full_screen_section=\u00bbno\u00bb type=\u00bbfull_width\u00bb angled_section=\u00bbno\u00bb text_align=\u00bbleft\u00bb background_image_as_pattern=\u00bbwithout_pattern\u00bb][vc_column][qode_elements_holder number_of_columns=\u00bbone_column\u00bb][qode_elements_holder_item background_image=\u00bb1470&#8243; item_padding=\u00bb280px\u00bb vertical_alignment=\u00bbmiddle\u00bb horizontal_alignment=\u00bbcenter\u00bb advanced_animations=\u00bbno\u00bb][vc_column_text]<\/p>\n<h1 style=\"text-align: center;\">RESPONSABILIDAD SOCIA EMPRESARIAL<\/h1>\n<p>[\/vc_column_text][\/qode_elements_holder_item][\/qode_elements_holder][vc_empty_space height=\u00bb80&#8243;][\/vc_column][\/vc_row][vc_row css_animation=\u00bb\u00bb row_type=\u00bbrow\u00bb use_row_as_full_screen_section=\u00bbno\u00bb type=\u00bbgrid\u00bb angled_section=\u00bbno\u00bb text_align=\u00bbleft\u00bb background_image_as_pattern=\u00bbwithout_pattern\u00bb z_index=\u00bb\u00bb][vc_column width=\u00bb1\/2&#8243;][vc_column_text]En 2018 la Mesa de la Responsabilidad Social de Arag\u00f3n aprob\u00f3 la creaci\u00f3n del Sello RSA+, que busca impulsar que las organizaciones poseedoras del Sello RSA profundicen en aspectos clave de la Responsabilidad Social Corporativa.<\/p>\n<p>&nbsp;<\/p>\n<p>El\u00a0Sello RSA+, es un paso adelante en el marco de la Responsabilidad Social,\u00a0que impulsa cuatro aspectos:<\/p>\n<p>&nbsp;<\/p>\n<ul>\n<li>La\u00a0<strong>conciliaci\u00f3n\u00a0<\/strong>de la vida personal, familiar y laboral, aline\u00e1ndose con las directrices impulsadas por la direcci\u00f3n General de Igualdad y Familia<\/li>\n<li>El impulso de la\u00a0<strong>igualdad\u00a0<\/strong>en todo tipo de organizaciones, primando las mismas oportunidades y el principio de no discriminaci\u00f3n<\/li>\n<li>El\u00a0<strong>voluntariado<\/strong>, promocion\u00e1ndose la colaboraci\u00f3n entre ONG y ENL, con el objetivo de que sea una relaci\u00f3n estable entre ambas y fomentando la utilizaci\u00f3n de\u00a0la Ventana de la Cooperaci\u00f3n y<\/li>\n<li>La implicaci\u00f3n de las organizaciones en la promoci\u00f3n de la<strong>\u00a0cultura<\/strong>\u00a0en Arag\u00f3n, impulsando su relaci\u00f3n con el entorno.<\/li>\n<\/ul>\n<p>&nbsp;<\/p>\n<p>CEPYME Arag\u00f3n se enorgullece de haber renovado en 2019 este distintivo que la reconoce como Entidad Socialmente Responsable y, en virtud del mismo, se compromete a aplicar de forma voluntaria en su gesti\u00f3n, en su estrategia, y en sus pol\u00edticas y procedimientos, los valores y c\u00f3digos \u00e9ticos de las preocupaciones sociales, laborales, medioambientales y de respeto a los derechos humanos que surgen de la relaci\u00f3n y el di\u00e1logo transparente con sus grupos de inter\u00e9s, responsabiliz\u00e1ndose as\u00ed de las consecuencias y los impactos que derivan de sus acciones.[\/vc_column_text][\/vc_column][vc_column width=\u00bb1\/2&#8243;][vc_empty_space height=\u00bb50&#8243;][vc_single_image image=\u00bb1786&#8243; img_size=\u00bb600&#215;600&#8243; qode_css_animation=\u00bb\u00bb][\/vc_column][\/vc_row][vc_row css_animation=\u00bb\u00bb row_type=\u00bbrow\u00bb use_row_as_full_screen_section=\u00bbno\u00bb type=\u00bbgrid\u00bb angled_section=\u00bbno\u00bb text_align=\u00bbleft\u00bb background_image_as_pattern=\u00bbwithout_pattern\u00bb z_index=\u00bb\u00bb][vc_column][vc_empty_space height=\u00bb80&#8243;][qode_content_slider auto_rotate=\u00bb5&#8243; pause_on_hover=\u00bbyes\u00bb][qode_content_slider_item][image_with_text_over icon_size=\u00bbfa-lg\u00bb image=\u00bb1669&#8243; title=\u00bbCEPYME Arag\u00f3n se suma al C\u00f3digo Aragon\u00e9s de Buenas Pr\u00e1cticas frente al Desperdicio Alimentario\u00bb image_shader_hover_color=\u00bbrgba(255,255,255,0.01)\u00bb image_shader_color=\u00bbrgba(0,0,0,0.29)\u00bb][\/image_with_text_over][\/qode_content_slider_item][qode_content_slider_item][image_with_text_over icon_size=\u00bbfa-lg\u00bb image=\u00bb1675&#8243; title=\u00bbJornada 2030 Arag\u00f3n. Red Espa\u00f1ola del Pacto Mundial\u00bb image_shader_hover_color=\u00bbrgba(255,255,255,0.01)\u00bb image_shader_color=\u00bbrgba(0,0,0,0.29)\u00bb][\/image_with_text_over][\/qode_content_slider_item][qode_content_slider_item][image_with_text_over icon_size=\u00bbfa-lg\u00bb image=\u00bb1767&#8243; title=\u00bbCEPYME Zaragoza forma parte de la Estrategia Zaragoza +20 de Ebr\u00f3polis\u00bb image_shader_hover_color=\u00bbrgba(255,255,255,0.01)\u00bb image_shader_color=\u00bbrgba(0,0,0,0.29)\u00bb][\/image_with_text_over][\/qode_content_slider_item][qode_content_slider_item][image_with_text_over icon_size=\u00bbfa-lg\u00bb image=\u00bb1702&#8243; title=\u00bbConcurso de fotograf\u00eda Solidar\u00bb image_shader_hover_color=\u00bbrgba(255,255,255,0.01)\u00bb image_shader_color=\u00bbrgba(0,0,0,0.29)\u00bb][\/image_with_text_over][\/qode_content_slider_item][qode_content_slider_item][image_with_text_over icon_size=\u00bbfa-lg\u00bb image=\u00bb1716&#8243; title=\u00bbJornada &#8216;Las Empresas de Arag\u00f3n y los ODS: Global Goals, Local Business'\u00bb image_shader_hover_color=\u00bbrgba(255,255,255,0.01)\u00bb image_shader_color=\u00bbrgba(0,0,0,0.29)\u00bb][\/image_with_text_over][\/qode_content_slider_item][qode_content_slider_item][image_with_text_over icon_size=\u00bbfa-lg\u00bb image=\u00bb1723&#8243; title=\u00bbReuni\u00f3n de la Mesa de la RSA\u00bb image_shader_hover_color=\u00bbrgba(255,255,255,0.01)\u00bb image_shader_color=\u00bbrgba(0,0,0,0.29)\u00bb][\/image_with_text_over][\/qode_content_slider_item][qode_content_slider_item][image_with_text_over icon_size=\u00bbfa-lg\u00bb image=\u00bb1728&#8243; title=\u00bbGala de entrega Certificados Solidar\u00bb image_shader_hover_color=\u00bbrgba(255,255,255,0.01)\u00bb image_shader_color=\u00bbrgba(0,0,0,0.29)\u00bb][\/image_with_text_over][\/qode_content_slider_item][qode_content_slider_item][image_with_text_over icon_size=\u00bbfa-lg\u00bb image=\u00bb1731&#8243; title=\u00bbJornada Rompiendo Barreras Laborales de Plena Inclusi\u00f3n\u00bb image_shader_hover_color=\u00bbrgba(255,255,255,0.01)\u00bb image_shader_color=\u00bbrgba(0,0,0,0.29)\u00bb][\/image_with_text_over][\/qode_content_slider_item][qode_content_slider_item][image_with_text_over icon_size=\u00bbfa-lg\u00bb image=\u00bb1732&#8243; title=\u00bbJornada RSA\u00bb image_shader_hover_color=\u00bbrgba(255,255,255,0.01)\u00bb image_shader_color=\u00bbrgba(0,0,0,0.29)\u00bb][\/image_with_text_over][\/qode_content_slider_item][\/qode_content_slider][\/vc_column][\/vc_row][vc_row css_animation=\u00bb\u00bb row_type=\u00bbrow\u00bb use_row_as_full_screen_section=\u00bbno\u00bb type=\u00bbfull_width\u00bb angled_section=\u00bbno\u00bb text_align=\u00bbcenter\u00bb background_image=\u00bb1498&#8243; background_image_as_pattern=\u00bbwithout_pattern\u00bb z_index=\u00bb\u00bb][vc_column][vc_empty_space height=\u00bb100&#8243;][icons icon=\u00bbfa-home\u00bb size=\u00bbfa-2x\u00bb type=\u00bbsquare\u00bb border=\u00bbyes\u00bb link=\u00bbhttp:\/\/memoria.cepymearagon.es\/index.php\/2019-2\/\u00bb target=\u00bb_self\u00bb border_color=\u00bb#004631&#8243; background_color=\u00bb#004631&#8243; hover_background_color=\u00bb#42a589&#8243;][vc_empty_space height=\u00bb100&#8243;][\/vc_column][\/vc_row]<\/p>\n","protected":false},"excerpt":{"rendered":"<p>[vc_row css_animation=\u00bb\u00bb row_type=\u00bbrow\u00bb use_row_as_full_screen_section=\u00bbno\u00bb type=\u00bbfull_width\u00bb angled_section=\u00bbno\u00bb text_align=\u00bbleft\u00bb background_image_as_pattern=\u00bbwithout_pattern\u00bb][vc_column][qode_elements_holder number_of_columns=\u00bbone_column\u00bb][qode_elements_holder_item background_image=\u00bb1470&#8243; item_padding=\u00bb280px\u00bb vertical_alignment=\u00bbmiddle\u00bb horizontal_alignment=\u00bbcenter\u00bb advanced_animations=\u00bbno\u00bb][vc_column_text] RESPONSABILIDAD SOCIA EMPRESARIAL [\/vc_column_text][\/qode_elements_holder_item][\/qode_elements_holder][vc_empty_space height=\u00bb80&#8243;][\/vc_column][\/vc_row][vc_row css_animation=\u00bb\u00bb row_type=\u00bbrow\u00bb use_row_as_full_screen_section=\u00bbno\u00bb type=\u00bbgrid\u00bb angled_section=\u00bbno\u00bb text_align=\u00bbleft\u00bb background_image_as_pattern=\u00bbwithout_pattern\u00bb z_index=\u00bb\u00bb][vc_column width=\u00bb1\/2&#8243;][vc_column_text]En 2018 la Mesa de la Responsabilidad Social de Arag\u00f3n aprob\u00f3 la creaci\u00f3n del Sello RSA+, que busca impulsar que las organizaciones poseedoras del Sello RSA profundicen en [&hellip;]<\/p>\n","protected":false},"author":2,"featured_media":0,"parent":0,"menu_order":0,"comment_status":"closed","ping_status":"closed","template":"landing_page.php","meta":{"footnotes":""},"class_list":["post-1783","page","type-page","status-publish","hentry"],"_links":{"self":[{"href":"https:\/\/memoria.cepymearagon.es\/index.php\/wp-json\/wp\/v2\/pages\/1783","targetHints":{"allow":["GET"]}}],"collection":[{"href":"https:\/\/memoria.cepymearagon.es\/index.php\/wp-json\/wp\/v2\/pages"}],"about":[{"href":"https:\/\/memoria.cepymearagon.es\/index.php\/wp-json\/wp\/v2\/types\/page"}],"author":[{"embeddable":true,"href":"https:\/\/memoria.cepymearagon.es\/index.php\/wp-json\/wp\/v2\/users\/2"}],"replies":[{"embeddable":true,"href":"https:\/\/memoria.cepymearagon.es\/index.php\/wp-json\/wp\/v2\/comments?post=1783"}],"version-history":[{"count":3,"href":"https:\/\/memoria.cepymearagon.es\/index.php\/wp-json\/wp\/v2\/pages\/1783\/revisions"}],"predecessor-version":[{"id":1787,"href":"https:\/\/memoria.cepymearagon.es\/index.php\/wp-json\/wp\/v2\/pages\/1783\/revisions\/1787"}],"wp:attachment":[{"href":"https:\/\/memoria.cepymearagon.es\/index.php\/wp-json\/wp\/v2\/media?parent=1783"}],"curies":[{"name":"wp","href":"https:\/\/api.w.org\/{rel}","templated":true}]}}