{"id":1638,"date":"2020-01-28T15:42:00","date_gmt":"2020-01-28T15:42:00","guid":{"rendered":"http:\/\/memoria.cepymearagon.es\/?page_id=1638"},"modified":"2020-02-03T15:58:56","modified_gmt":"2020-02-03T15:58:56","slug":"2019-actos-institucionales-jornadas-y-eventos","status":"publish","type":"page","link":"https:\/\/memoria.cepymearagon.es\/index.php\/2019-actos-institucionales-jornadas-y-eventos\/","title":{"rendered":"2019 Actos institucionales, jornadas y eventos"},"content":{"rendered":"<p>[vc_row css_animation=\u00bb\u00bb row_type=\u00bbrow\u00bb use_row_as_full_screen_section=\u00bbno\u00bb type=\u00bbfull_width\u00bb angled_section=\u00bbno\u00bb text_align=\u00bbleft\u00bb background_image_as_pattern=\u00bbwithout_pattern\u00bb][vc_column][qode_elements_holder number_of_columns=\u00bbone_column\u00bb][qode_elements_holder_item background_image=\u00bb1470&#8243; item_padding=\u00bb280px\u00bb vertical_alignment=\u00bbmiddle\u00bb horizontal_alignment=\u00bbcenter\u00bb advanced_animations=\u00bbno\u00bb][vc_column_text]<\/p>\n<h1 style=\"text-align: center;\">ACTOS INSTITUCIONALES, JORNADAS Y EVENTOS<\/h1>\n<p>[\/vc_column_text][\/qode_elements_holder_item][\/qode_elements_holder][vc_empty_space][\/vc_column][\/vc_row][vc_row css_animation=\u00bb\u00bb row_type=\u00bbrow\u00bb use_row_as_full_screen_section=\u00bbno\u00bb type=\u00bbgrid\u00bb angled_section=\u00bbno\u00bb text_align=\u00bbleft\u00bb background_image_as_pattern=\u00bbwithout_pattern\u00bb z_index=\u00bb\u00bb][vc_column][qode_in_device_slider device=\u00bbdesktop\u00bb titles_on_hover=\u00bbyes\u00bb navigation=\u00bbyes\u00bb auto_start=\u00bbyes\u00bb timeout=\u00bb3000&#8243;][qode_in_device_slider_item target=\u00bb_self\u00bb title=\u00bb10\/01\/2019 Entrega diploma C\u00f3digo aragon\u00e9s de buenas pr\u00e1cticas frente la desperdicio alimentario\u00bb image=\u00bb1669&#8243;][qode_in_device_slider_item target=\u00bb_self\u00bb title=\u00bb14\/01\/2019 Reuni\u00f3n con la ministra de Industria y Turismo, Reyes Maroto\u00bb image=\u00bb1673&#8243;][qode_in_device_slider_item target=\u00bb_self\u00bb title=\u00bb10\/01\/2019 Presentaci\u00f3n Programa Preparadas para el Empleo\u00bb image=\u00bb1671&#8243;][qode_in_device_slider_item target=\u00bb_self\u00bb title=\u00bb15\/01\/2019 Jornada 2030 Arag\u00f3n. Red Espa\u00f1ola del Pacto Mundial\u00bb image=\u00bb1675&#8243;][qode_in_device_slider_item target=\u00bb_self\u00bb title=\u00bb21\/01\/2019 Reuni\u00f3n de la Mesa del Di\u00e1logo Social\u00bb image=\u00bb1677&#8243;][qode_in_device_slider_item target=\u00bb_self\u00bb title=\u00bb22\/01\/2019 Reuni\u00f3n con Ciudadanos Arag\u00f3n\u00bb image=\u00bb1679&#8243;][qode_in_device_slider_item target=\u00bb_self\u00bb title=\u00bb23\/01\/2019 Presentaci\u00f3n del estudio \u2018La digitalizaci\u00f3n como punto de partida para la transformaci\u00f3n digital en las pymes y los aut\u00f3nomos de Zaragoza\u2019\u00bb image=\u00bb1682&#8243;][qode_in_device_slider_item target=\u00bb_self\u00bb title=\u00bb30\/01\/2019 Entrega del Premio &#8216;Arag\u00f3n, comprometido con la prevenci\u00f3n'\u00bb image=\u00bb1683&#8243;][qode_in_device_slider_item target=\u00bb_self\u00bb title=\u00bb31\/01\/2019 Firma del convenio de colaboraci\u00f3n con SECOT\u00bb image=\u00bb1684&#8243;][qode_in_device_slider_item target=\u00bb_self\u00bb title=\u00bb04\/02\/2019 Presentaci\u00f3n resultados del Plan Aragon\u00e9s para Parados de Larga Duraci\u00f3n\u00bb image=\u00bb1685&#8243;][qode_in_device_slider_item target=\u00bb_self\u00bb title=\u00bb18\/02\/2019 Jornada &#8216;Determinantes de la brecha salarial de g\u00e9nero'\u00bb image=\u00bb1686&#8243;][qode_in_device_slider_item target=\u00bb_self\u00bb title=\u00bb25\/02\/2019 Junta Directiva\u00bb image=\u00bb1687&#8243;][qode_in_device_slider_item target=\u00bb_self\u00bb title=\u00bb25\/02\/2019 Presentaci\u00f3n del Foro de Prospecci\u00f3n del Mercado de Trabajo de Arag\u00f3n\u00bb image=\u00bb1688&#8243;][qode_in_device_slider_item target=\u00bb_self\u00bb title=\u00bb07\/03\/2019 Consejo General Estatal de FP\u00bb image=\u00bb1690&#8243;][qode_in_device_slider_item target=\u00bb_self\u00bb title=\u00bb11\/03\/2019 Reuni\u00f3n de presidentes de asociaciones empresariales\u00bb image=\u00bb1691&#8243;][qode_in_device_slider_item target=\u00bb_self\u00bb title=\u00bb20\/03\/2019 Visita de Gerardo Cuerva, presidente de CEPYME\u00bb image=\u00bb1692&#8243;][qode_in_device_slider_item target=\u00bb_self\u00bb title=\u00bb25\/03\/2019 Reuni\u00f3n con la ministra de Trabajo, Migraciones y Seguridad Social, Magdalena Valerio\u00bb image=\u00bb1693&#8243;][qode_in_device_slider_item target=\u00bb_self\u00bb title=\u00bb01\/04\/2019 Junta Directiva\u00bb image=\u00bb1694&#8243;][qode_in_device_slider_item target=\u00bb_self\u00bb title=\u00bb01\/04\/2019 Asamblea General\u00bb image=\u00bb1695&#8243;][qode_in_device_slider_item target=\u00bb_self\u00bb title=\u00bb05\/04\/2019 Jornada de buenas pr\u00e1cticas y aprendizaje mutuo en el Sistema Nacional de Empleo\u00bb image=\u00bb1697&#8243;][qode_in_device_slider_item target=\u00bb_self\u00bb title=\u00bb11\/04\/2019 Firma convenio de colaboraci\u00f3n con el Colegio Profesional de Ingenieros T\u00e9cnicos en Inform\u00e1tica de Arag\u00f3n\u00bb image=\u00bb1698&#8243;][qode_in_device_slider_item target=\u00bb_self\u00bb title=\u00bb12\/04\/2019 Firma convenio de colaboraci\u00f3n con ECIJA Zaragoza\u00bb image=\u00bb1700&#8243;][qode_in_device_slider_item target=\u00bb_self\u00bb title=\u00bb10\/05\/2019 Reuni\u00f3n con Podemos Arag\u00f3n\u00bb image=\u00bb1701&#8243;][qode_in_device_slider_item target=\u00bb_self\u00bb title=\u00bb13\/05\/2019 Concurso de fotograf\u00eda Solidar\u00bb image=\u00bb1702&#8243;][qode_in_device_slider_item target=\u00bb_self\u00bb title=\u00bb13\/05\/2019 Presentaci\u00f3n documento &#8216;La esencia de la pyme'\u00bb image=\u00bb1704&#8243;][qode_in_device_slider_item target=\u00bb_self\u00bb title=\u00bb16\/05\/2019 Reuni\u00f3n con VOX Arag\u00f3n\u00bb image=\u00bb1706&#8243;][qode_in_device_slider_item target=\u00bb_self\u00bb title=\u00bb22\/05\/2019 Reuni\u00f3n de la Mesa de la Miner\u00eda\u00bb image=\u00bb1708&#8243;][qode_in_device_slider_item target=\u00bb_self\u00bb title=\u00bb31\/05\/2019 Firma convenio de colaboraci\u00f3n con AS Consulting\u00bb image=\u00bb1710&#8243;][qode_in_device_slider_item target=\u00bb_self\u00bb title=\u00bb06\/06\/2019 Premio Arag\u00f3n Medio Ambiente 2019&#8243; image=\u00bb1711&#8243;][qode_in_device_slider_item target=\u00bb_self\u00bb title=\u00bb17\/06\/2019 Junta Directiva con Rom\u00e1n Garc\u00eda Oliver, director territorial de la Inspecci\u00f3n de Trabajo y Seguridad Social de Arag\u00f3n\u00bb image=\u00bb1712&#8243;][qode_in_device_slider_item target=\u00bb_self\u00bb title=\u00bb11\/07\/2019 Reuni\u00f3n con Nacho Escart\u00edn, coordinador de Podemos Arag\u00f3n\u00bb image=\u00bb1713&#8243;][qode_in_device_slider_item target=\u00bb_self\u00bb title=\u00bb10\/09\/2019 Jornada de Mediaci\u00f3n empleador-trabajador\u00bb image=\u00bb1714&#8243;][qode_in_device_slider_item target=\u00bb_self\u00bb title=\u00bb12\/09\/2019 Jornada de Mediaci\u00f3n interempresas\u00bb image=\u00bb1715&#8243;][qode_in_device_slider_item target=\u00bb_self\u00bb title=\u00bb12\/09\/2019 Jornada &#8216;Las Empresas de Arag\u00f3n y los ODS: Global Goals, Local Business'\u00bb image=\u00bb1716&#8243;][qode_in_device_slider_item target=\u00bb_self\u00bb title=\u00bb16\/09\/2019 Jornada Mediaci\u00f3n empresa-consumidor\u00bb image=\u00bb1717&#8243;][qode_in_device_slider_item target=\u00bb_self\u00bb title=\u00bb23\/09\/2019 Junta Directiva\u00bb image=\u00bb1718&#8243;][qode_in_device_slider_item target=\u00bb_self\u00bb title=\u00bb25\/09\/2019 Reuni\u00f3n con la consejera de Econom\u00eda, Marta Gast\u00f3n\u00bb image=\u00bb1719&#8243;][qode_in_device_slider_item target=\u00bb_self\u00bb title=\u00bb17\/10\/2019 Jornada sobre prevenci\u00f3n de riesgos laborales asociados al estr\u00e9s t\u00e9rmico mediante el uso de tecnolog\u00edas innovadoras\u00bb image=\u00bb1720&#8243;][qode_in_device_slider_item target=\u00bb_self\u00bb title=\u00bb21\/10\/2019 Reuni\u00f3n con la ministra para la Transici\u00f3n Ecol\u00f3gica en funciones, Teresa Ribera\u00bb image=\u00bb1721&#8243;][qode_in_device_slider_item target=\u00bb_self\u00bb title=\u00bb22\/10\/2019 Renovaci\u00f3n del Acuerdo de Di\u00e1logo Social\u00bb image=\u00bb1722&#8243;][qode_in_device_slider_item target=\u00bb_self\u00bb title=\u00bb31\/10\/2019 Reuni\u00f3n de la Mesa de la RSA\u00bb image=\u00bb1723&#8243;][qode_in_device_slider_item target=\u00bb_self\u00bb title=\u00bb04\/11\/2019 Reuni\u00f3n con PSOE Arag\u00f3n\u00bb image=\u00bb1725&#8243;][qode_in_device_slider_item target=\u00bb_self\u00bb title=\u00bb11\/11\/2019 Junta Directiva\u00bb image=\u00bb1726&#8243;][qode_in_device_slider_item target=\u00bb_self\u00bb title=\u00bb15\/11\/2019 Rueda de prensa conjunta para reclamar que se prioricen inversiones en las infraestructuras carreteras y ferroviarias por el Pirineo Central\u00bb image=\u00bb1727&#8243;][qode_in_device_slider_item target=\u00bb_self\u00bb title=\u00bb25\/11\/2019 Gala de entrega Certificados Solidar\u00bb image=\u00bb1728&#8243;][qode_in_device_slider_item target=\u00bb_self\u00bb title=\u00bb27\/11\/2019 Reuni\u00f3n Agenda aragonesa por el Empleo\u00bb image=\u00bb1729&#8243;][qode_in_device_slider_item target=\u00bb_self\u00bb title=\u00bb03\/12\/2019 Jornada sobre Seguridad vial en pol\u00edgonos industriales\u00bb image=\u00bb1730&#8243;][qode_in_device_slider_item target=\u00bb_self\u00bb title=\u00bb11\/12\/2019 Jornada Rompiendo Barreras Laborales de Plena Inclusi\u00f3n\u00bb image=\u00bb1731&#8243;][qode_in_device_slider_item target=\u00bb_self\u00bb title=\u00bb11\/12\/2019 Jornada RSA\u00bb image=\u00bb1732&#8243;][qode_in_device_slider_item target=\u00bb_self\u00bb title=\u00bb11\/12\/2019 Reuni\u00f3n con el alcalde de Cari\u00f1ena\u00bb image=\u00bb1733&#8243;][qode_in_device_slider_item target=\u00bb_self\u00bb title=\u00bb16\/12\/2019 Junta Directiva\u00bb image=\u00bb1734&#8243;][\/qode_in_device_slider][\/vc_column][\/vc_row][vc_row css_animation=\u00bb\u00bb row_type=\u00bbrow\u00bb use_row_as_full_screen_section=\u00bbno\u00bb type=\u00bbfull_width\u00bb angled_section=\u00bbno\u00bb text_align=\u00bbleft\u00bb background_image_as_pattern=\u00bbwithout_pattern\u00bb][vc_column][vc_empty_space height=\u00bb100&#8243;][\/vc_column][\/vc_row][vc_row css_animation=\u00bb\u00bb row_type=\u00bbrow\u00bb use_row_as_full_screen_section=\u00bbno\u00bb type=\u00bbgrid\u00bb angled_section=\u00bbno\u00bb text_align=\u00bbcenter\u00bb background_image_as_pattern=\u00bbwithout_pattern\u00bb z_index=\u00bb\u00bb][vc_column width=\u00bb1\/4&#8243;][icon_text box_type=\u00bbnormal\u00bb icon=\u00bbfa-calendar-o\u00bb icon_type=\u00bbnormal\u00bb icon_position=\u00bbtop\u00bb icon_size=\u00bbfa-lg\u00bb use_custom_icon_size=\u00bbno\u00bb title=\u00bbEnero\u00bb separator=\u00bbno\u00bb][vc_column_text]15\/01\u00a0Real Liga\u00a0Naval\u00a0Espa\u00f1ola<\/p>\n<p>24\/01 Comit\u00e9 Ejecutivo FEMZ<\/p>\n<p>25\/01\u00a0Jornada Informativa \u00abRed Cervera: financiaci\u00f3n de proyectos I +D y oportunidades en Arag\u00f3n\u00bb[\/vc_column_text][\/vc_column][vc_column width=\u00bb1\/4&#8243;][icon_text box_type=\u00bbnormal\u00bb icon=\u00bbfa-calendar-o\u00bb icon_type=\u00bbnormal\u00bb icon_position=\u00bbtop\u00bb icon_size=\u00bbfa-lg\u00bb use_custom_icon_size=\u00bbno\u00bb title=\u00bbFebrero\u00bb separator=\u00bbno\u00bb][vc_column_text]04\/02 Asamblea FEPEA<\/p>\n<p>12\/02\u00a0Real Liga\u00a0Naval\u00a0Espa\u00f1ola<\/p>\n<p>19\/02 Junta Directiva AESAR<\/p>\n<p>21\/02 Comit\u00e9 Ejecutivo FEMZ<\/p>\n<p>22\/02 Onda Aragonesa<\/p>\n<p>22\/02\u00a0Reuni\u00f3n CEPAIM &#8211; Fundaci\u00f3n Convivencia y Conexi\u00f3n Social Inmigraci\u00f3n<\/p>\n<p>27\/02 Taller ARAME<\/p>\n<p>28\/02 Reuni\u00f3n ARADE[\/vc_column_text][\/vc_column][vc_column width=\u00bb1\/4&#8243;][icon_text box_type=\u00bbnormal\u00bb icon=\u00bbfa-calendar-o\u00bb icon_type=\u00bbnormal\u00bb icon_position=\u00bbtop\u00bb icon_size=\u00bbfa-lg\u00bb use_custom_icon_size=\u00bbno\u00bb title=\u00bbMarzo\u00bb separator=\u00bbno\u00bb][vc_column_text]07\/03 Junta Acassa<\/p>\n<p>12\/03\u00a0Real Liga\u00a0Naval\u00a0Espa\u00f1ola<\/p>\n<p>23\/03 Asamblea General ATEA<\/p>\n<p>27\/03 Reuni\u00f3n AESA<\/p>\n<p>28\/03 Reuni\u00f3n AESA<\/p>\n<p>28\/03 Reuni\u00f3n SODIAR<\/p>\n<p>28\/03 Asamblea General FEMZ[\/vc_column_text][\/vc_column][vc_column width=\u00bb1\/4&#8243;][icon_text box_type=\u00bbnormal\u00bb icon=\u00bbfa-calendar-o\u00bb icon_type=\u00bbnormal\u00bb icon_position=\u00bbtop\u00bb icon_size=\u00bbfa-lg\u00bb use_custom_icon_size=\u00bbno\u00bb title=\u00bbAbril\u00bb separator=\u00bbno\u00bb][vc_column_text]03\/04 Reuni\u00f3n EUC Muel<\/p>\n<p>04\/04 Asamblea AESAR<\/p>\n<p>09\/04\u00a0Real Liga\u00a0Naval\u00a0Espa\u00f1ola<\/p>\n<p>16\/04 Jornada II Convenio Estatal del Metal[\/vc_column_text][\/vc_column][\/vc_row][vc_row css_animation=\u00bb\u00bb row_type=\u00bbrow\u00bb use_row_as_full_screen_section=\u00bbno\u00bb type=\u00bbfull_width\u00bb angled_section=\u00bbno\u00bb text_align=\u00bbleft\u00bb background_image_as_pattern=\u00bbwithout_pattern\u00bb][vc_column][vc_empty_space height=\u00bb50&#8243;][\/vc_column][\/vc_row][vc_row css_animation=\u00bb\u00bb row_type=\u00bbrow\u00bb use_row_as_full_screen_section=\u00bbno\u00bb type=\u00bbgrid\u00bb angled_section=\u00bbno\u00bb text_align=\u00bbcenter\u00bb background_image_as_pattern=\u00bbwithout_pattern\u00bb z_index=\u00bb\u00bb][vc_column width=\u00bb1\/4&#8243;][icon_text box_type=\u00bbnormal\u00bb icon=\u00bbfa-calendar-o\u00bb icon_type=\u00bbnormal\u00bb icon_position=\u00bbtop\u00bb icon_size=\u00bbfa-lg\u00bb use_custom_icon_size=\u00bbno\u00bb title=\u00bbMayo\u00bb separator=\u00bbno\u00bb][vc_column_text]06\/05 Reuni\u00f3n ARAME<\/p>\n<p>07\/05 Reuni\u00f3n Interdomicilio<\/p>\n<p>08\/05 Reuni\u00f3n AESAR<\/p>\n<p>10\/05 Onda Aragonesa<\/p>\n<p>14\/05 Reuni\u00f3n Interdomicilio<\/p>\n<p>17\/05 Onda Aragonesa<\/p>\n<p>21\/05 Reuni\u00f3n Interdomicilio<\/p>\n<p>31\/05 Reuni\u00f3n FEPEA[\/vc_column_text][\/vc_column][vc_column width=\u00bb1\/4&#8243;][icon_text box_type=\u00bbnormal\u00bb icon=\u00bbfa-calendar-o\u00bb icon_type=\u00bbnormal\u00bb icon_position=\u00bbtop\u00bb icon_size=\u00bbfa-lg\u00bb use_custom_icon_size=\u00bbno\u00bb title=\u00bbJunio\u00bb separator=\u00bbno\u00bb][vc_column_text]05\/06 Reuni\u00f3n Interdomicilio<\/p>\n<p>11\/06\u00a0Real Liga\u00a0Naval\u00a0Espa\u00f1ola<\/p>\n<p>20\/06 Comit\u00e9 Ejecutivo FEMZ<\/p>\n<p>20\/06 Reuni\u00f3n ARADE<\/p>\n<p>20\/06 Reuni\u00f3n CETRAA<\/p>\n<p>27\/06 Reuni\u00f3n COEPLAN<\/p>\n<p>28\/06 Reuni\u00f3n COEPLAN<\/p>\n<p>28\/06 Junta Directiva y Asamblea FEPEA[\/vc_column_text][\/vc_column][vc_column width=\u00bb1\/4&#8243;][icon_text box_type=\u00bbnormal\u00bb icon=\u00bbfa-calendar-o\u00bb icon_type=\u00bbnormal\u00bb icon_position=\u00bbtop\u00bb icon_size=\u00bbfa-lg\u00bb use_custom_icon_size=\u00bbno\u00bb title=\u00bbJulio\u00bb separator=\u00bbno\u00bb][vc_column_text]18\/07\u00a0Reuni\u00f3n EUC Muel<\/p>\n<p>30\/07 Reuni\u00f3n AESA[\/vc_column_text][\/vc_column][vc_column width=\u00bb1\/4&#8243;][icon_text box_type=\u00bbnormal\u00bb icon=\u00bbfa-calendar-o\u00bb icon_type=\u00bbnormal\u00bb icon_position=\u00bbtop\u00bb icon_size=\u00bbfa-lg\u00bb use_custom_icon_size=\u00bbno\u00bb title=\u00bbAgosto\u00bb separator=\u00bbno\u00bb][vc_column_text]Periodo estival[\/vc_column_text][\/vc_column][\/vc_row][vc_row css_animation=\u00bb\u00bb row_type=\u00bbrow\u00bb use_row_as_full_screen_section=\u00bbno\u00bb type=\u00bbfull_width\u00bb angled_section=\u00bbno\u00bb text_align=\u00bbleft\u00bb background_image_as_pattern=\u00bbwithout_pattern\u00bb][vc_column][vc_empty_space height=\u00bb50&#8243;][\/vc_column][\/vc_row][vc_row css_animation=\u00bb\u00bb row_type=\u00bbrow\u00bb use_row_as_full_screen_section=\u00bbno\u00bb type=\u00bbgrid\u00bb angled_section=\u00bbno\u00bb text_align=\u00bbcenter\u00bb background_image_as_pattern=\u00bbwithout_pattern\u00bb z_index=\u00bb\u00bb][vc_column width=\u00bb1\/4&#8243;][icon_text box_type=\u00bbnormal\u00bb icon=\u00bbfa-calendar-o\u00bb icon_type=\u00bbnormal\u00bb icon_position=\u00bbtop\u00bb icon_size=\u00bbfa-lg\u00bb use_custom_icon_size=\u00bbno\u00bb title=\u00bbSeptiembre\u00bb separator=\u00bbno\u00bb][vc_column_text]11\/09 Asamblea\u00a0Asociaci\u00f3n Provincial de Administradores de Loter\u00edas de Zaragoza<\/p>\n<p>16\/09 Reuni\u00f3n AEDIATEL<\/p>\n<p>18\/09 Junta Directiva AESAR<\/p>\n<p>26\/09 Comit\u00e9 Ejecutivo FEMZ[\/vc_column_text][\/vc_column][vc_column width=\u00bb1\/4&#8243;][icon_text box_type=\u00bbnormal\u00bb icon=\u00bbfa-calendar-o\u00bb icon_type=\u00bbnormal\u00bb icon_position=\u00bbtop\u00bb icon_size=\u00bbfa-lg\u00bb use_custom_icon_size=\u00bbno\u00bb title=\u00bbOctubre\u00bb separator=\u00bbno\u00bb][vc_column_text]04\/10 Reuni\u00f3n ARAME<\/p>\n<p>16\/10 Grabaci\u00f3n ARAME<\/p>\n<p>17\/10\u00a0Jornada PRL asociado al estr\u00e9s t\u00e9rmico mediante el uso de tecnolog\u00edas innovadoras<\/p>\n<p>21\/10 Presentaci\u00f3n estudio AFAEMME<\/p>\n<p>24\/10 Reuni\u00f3n FEPEA<\/p>\n<p>24\/10 Comit\u00e9 Ejecutivo FEMZ[\/vc_column_text][\/vc_column][vc_column width=\u00bb1\/4&#8243;][icon_text box_type=\u00bbnormal\u00bb icon=\u00bbfa-calendar-o\u00bb icon_type=\u00bbnormal\u00bb icon_position=\u00bbtop\u00bb icon_size=\u00bbfa-lg\u00bb use_custom_icon_size=\u00bbno\u00bb title=\u00bbNoviembre\u00bb separator=\u00bbno\u00bb][vc_column_text]12\/11\u00a0Real Liga\u00a0Naval\u00a0Espa\u00f1ola<\/p>\n<p>15\/11 Junta directiva ARAME<\/p>\n<p>21\/11 Comit\u00e9 Ejecutivo FEMZ<\/p>\n<p>28\/11\u00a0\u00a0Reuni\u00f3n\u00a0Asociaci\u00f3n Empresarial de\u00a0Ascensores[\/vc_column_text][\/vc_column][vc_column width=\u00bb1\/4&#8243;][icon_text box_type=\u00bbnormal\u00bb icon=\u00bbfa-calendar-o\u00bb icon_type=\u00bbnormal\u00bb icon_position=\u00bbtop\u00bb icon_size=\u00bbfa-lg\u00bb use_custom_icon_size=\u00bbno\u00bb title=\u00bbDiciembre\u00bb separator=\u00bbno\u00bb][vc_column_text]03\/12 Junta Directiva FEPEA<\/p>\n<p>10\/12 Real Liga\u00a0Naval\u00a0Espa\u00f1ola<\/p>\n<p>11\/12 Jornada Plena Inclusi\u00f3n<\/p>\n<p>19\/12 Comit\u00e9 Ejecutivo FEMZ[\/vc_column_text][\/vc_column][\/vc_row][vc_row css_animation=\u00bb\u00bb row_type=\u00bbrow\u00bb use_row_as_full_screen_section=\u00bbno\u00bb type=\u00bbfull_width\u00bb angled_section=\u00bbno\u00bb text_align=\u00bbcenter\u00bb background_image=\u00bb1498&#8243; background_image_as_pattern=\u00bbwithout_pattern\u00bb z_index=\u00bb\u00bb][vc_column][vc_empty_space height=\u00bb100&#8243;][icons icon=\u00bbfa-home\u00bb size=\u00bbfa-2x\u00bb type=\u00bbsquare\u00bb border=\u00bbyes\u00bb link=\u00bbhttp:\/\/memoria.cepymearagon.es\/index.php\/2019-2\/\u00bb target=\u00bb_self\u00bb border_color=\u00bb#004631&#8243; background_color=\u00bb#004631&#8243; hover_background_color=\u00bb#42a589&#8243;][vc_empty_space height=\u00bb100&#8243;][\/vc_column][\/vc_row]<\/p>\n","protected":false},"excerpt":{"rendered":"<p>[vc_row css_animation=\u00bb\u00bb row_type=\u00bbrow\u00bb use_row_as_full_screen_section=\u00bbno\u00bb type=\u00bbfull_width\u00bb angled_section=\u00bbno\u00bb text_align=\u00bbleft\u00bb background_image_as_pattern=\u00bbwithout_pattern\u00bb][vc_column][qode_elements_holder number_of_columns=\u00bbone_column\u00bb][qode_elements_holder_item background_image=\u00bb1470&#8243; item_padding=\u00bb280px\u00bb vertical_alignment=\u00bbmiddle\u00bb horizontal_alignment=\u00bbcenter\u00bb advanced_animations=\u00bbno\u00bb][vc_column_text] ACTOS INSTITUCIONALES, JORNADAS Y EVENTOS [\/vc_column_text][\/qode_elements_holder_item][\/qode_elements_holder][vc_empty_space][\/vc_column][\/vc_row][vc_row css_animation=\u00bb\u00bb row_type=\u00bbrow\u00bb use_row_as_full_screen_section=\u00bbno\u00bb type=\u00bbgrid\u00bb angled_section=\u00bbno\u00bb text_align=\u00bbleft\u00bb background_image_as_pattern=\u00bbwithout_pattern\u00bb z_index=\u00bb\u00bb][vc_column][qode_in_device_slider device=\u00bbdesktop\u00bb titles_on_hover=\u00bbyes\u00bb navigation=\u00bbyes\u00bb auto_start=\u00bbyes\u00bb timeout=\u00bb3000&#8243;][qode_in_device_slider_item target=\u00bb_self\u00bb title=\u00bb10\/01\/2019 Entrega diploma C\u00f3digo aragon\u00e9s de buenas pr\u00e1cticas frente la desperdicio alimentario\u00bb image=\u00bb1669&#8243;][qode_in_device_slider_item target=\u00bb_self\u00bb title=\u00bb14\/01\/2019 Reuni\u00f3n con la ministra de Industria [&hellip;]<\/p>\n","protected":false},"author":2,"featured_media":0,"parent":0,"menu_order":0,"comment_status":"closed","ping_status":"closed","template":"landing_page.php","meta":{"footnotes":""},"class_list":["post-1638","page","type-page","status-publish","hentry"],"_links":{"self":[{"href":"https:\/\/memoria.cepymearagon.es\/index.php\/wp-json\/wp\/v2\/pages\/1638","targetHints":{"allow":["GET"]}}],"collection":[{"href":"https:\/\/memoria.cepymearagon.es\/index.php\/wp-json\/wp\/v2\/pages"}],"about":[{"href":"https:\/\/memoria.cepymearagon.es\/index.php\/wp-json\/wp\/v2\/types\/page"}],"author":[{"embeddable":true,"href":"https:\/\/memoria.cepymearagon.es\/index.php\/wp-json\/wp\/v2\/users\/2"}],"replies":[{"embeddable":true,"href":"https:\/\/memoria.cepymearagon.es\/index.php\/wp-json\/wp\/v2\/comments?post=1638"}],"version-history":[{"count":46,"href":"https:\/\/memoria.cepymearagon.es\/index.php\/wp-json\/wp\/v2\/pages\/1638\/revisions"}],"predecessor-version":[{"id":1737,"href":"https:\/\/memoria.cepymearagon.es\/index.php\/wp-json\/wp\/v2\/pages\/1638\/revisions\/1737"}],"wp:attachment":[{"href":"https:\/\/memoria.cepymearagon.es\/index.php\/wp-json\/wp\/v2\/media?parent=1638"}],"curies":[{"name":"wp","href":"https:\/\/api.w.org\/{rel}","templated":true}]}}