{"id":1603,"date":"2020-01-28T12:57:40","date_gmt":"2020-01-28T12:57:40","guid":{"rendered":"http:\/\/memoria.cepymearagon.es\/?page_id=1603"},"modified":"2020-01-28T14:36:47","modified_gmt":"2020-01-28T14:36:47","slug":"2019-asesorias","status":"publish","type":"page","link":"https:\/\/memoria.cepymearagon.es\/index.php\/2019-asesorias\/","title":{"rendered":"2019 Asesor\u00edas"},"content":{"rendered":"<p>[vc_row css_animation=\u00bb\u00bb row_type=\u00bbrow\u00bb use_row_as_full_screen_section=\u00bbno\u00bb type=\u00bbfull_width\u00bb angled_section=\u00bbno\u00bb text_align=\u00bbleft\u00bb background_image_as_pattern=\u00bbwithout_pattern\u00bb][vc_column][qode_elements_holder number_of_columns=\u00bbone_column\u00bb][qode_elements_holder_item background_image=\u00bb1470&#8243; item_padding=\u00bb280px\u00bb vertical_alignment=\u00bbmiddle\u00bb horizontal_alignment=\u00bbcenter\u00bb advanced_animations=\u00bbno\u00bb][vc_column_text]<\/p>\n<h1 style=\"text-align: center;\">ASESOR\u00cdAS<\/h1>\n<p>[\/vc_column_text][\/qode_elements_holder_item][\/qode_elements_holder][vc_empty_space][\/vc_column][\/vc_row][vc_row css_animation=\u00bb\u00bb row_type=\u00bbrow\u00bb use_row_as_full_screen_section=\u00bbno\u00bb type=\u00bbgrid\u00bb angled_section=\u00bbno\u00bb text_align=\u00bbleft\u00bb background_image_as_pattern=\u00bbwithout_pattern\u00bb z_index=\u00bb\u00bb][vc_column width=\u00bb1\/4&#8243;][service_table title=\u00bbGesti\u00f3n Fiscal y contable\u00bb title_background_type=\u00bbbackground_color_type\u00bb icon=\u00bbfa-bar-chart\u00bb icon_size=\u00bbfa-2x\u00bb border=\u00bbno\u00bb icon_color=\u00bb#42a589&#8243;]<\/p>\n<ul>\n<li>Asesoramiento y asistencia en materia administrativa (tr\u00e1mites con la administraci\u00f3n, recursos y sanciones, etc)<\/li>\n<li>Asistencia letrada ante los Juzgados<\/li>\n<li>Planes de viabilidad<\/li>\n<li>Llevanza de contabilidades<\/li>\n<\/ul>\n<p>[\/service_table][\/vc_column][vc_column width=\u00bb1\/4&#8243;][service_table title=\u00bbGesti\u00f3n Civil y Mercantil\u00bb title_background_type=\u00bbbackground_color_type\u00bb icon=\u00bbfa-gavel\u00bb icon_size=\u00bbfa-2x\u00bb border=\u00bbno\u00bb icon_color=\u00bb#42a589&#8243;]<\/p>\n<ul>\n<li>Asesoramiento y asistencia en materia civil (contratos, arrendamientos, familia, sucesiones, etc.)<\/li>\n<li>Asesoramiento y asistencia mercantil (contratos, reclamaciones de cantidad, aut\u00f3nomos y sociedades mercantiles, tramites societarios, etc.).<\/li>\n<\/ul>\n<p>[\/service_table][\/vc_column][vc_column width=\u00bb1\/4&#8243;][service_table title=\u00bbCalidad e innovaci\u00f3n\u00bb title_background_type=\u00bbbackground_color_type\u00bb icon=\u00bbfa-lightbulb-o\u00bb icon_size=\u00bbfa-2x\u00bb border=\u00bbno\u00bb icon_color=\u00bb#42a589&#8243;]<\/p>\n<ul>\n<li>Asesoramiento y diagn\u00f3sticos de innovaci\u00f3n<\/li>\n<li>Evaluaci\u00f3n de capacidades de Innovaci\u00f3n<\/li>\n<li>Desarrollo y ejecuci\u00f3n de proyectos<\/li>\n<li>Elaboraci\u00f3n de mapas de financiaci\u00f3n p\u00fablica<\/li>\n<\/ul>\n<p>[\/service_table][\/vc_column][vc_column width=\u00bb1\/4&#8243;][service_table title=\u00bbGesti\u00f3n corporativa\u00bb title_background_type=\u00bbbackground_color_type\u00bb icon=\u00bbfa-user-o\u00bb icon_size=\u00bbfa-2x\u00bb border=\u00bbno\u00bb icon_color=\u00bb#42a589&#8243;]<\/p>\n<ul>\n<li>Apoyo institucional<\/li>\n<li>Captaci\u00f3n de nuevos socios<\/li>\n<li>Sede social<\/li>\n<li>Comunicaci\u00f3n<\/li>\n<li>Adecuaci\u00f3n a normativa<\/li>\n<li>Salas de reuniones<\/li>\n<\/ul>\n<p>[\/service_table][\/vc_column][\/vc_row][vc_row css_animation=\u00bb\u00bb row_type=\u00bbrow\u00bb use_row_as_full_screen_section=\u00bbno\u00bb type=\u00bbfull_width\u00bb angled_section=\u00bbno\u00bb text_align=\u00bbleft\u00bb background_image_as_pattern=\u00bbwithout_pattern\u00bb][vc_column][vc_empty_space][\/vc_column][\/vc_row][vc_row css_animation=\u00bb\u00bb row_type=\u00bbrow\u00bb use_row_as_full_screen_section=\u00bbno\u00bb type=\u00bbgrid\u00bb angled_section=\u00bbno\u00bb text_align=\u00bbleft\u00bb background_image_as_pattern=\u00bbwithout_pattern\u00bb z_index=\u00bb\u00bb][vc_column width=\u00bb1\/4&#8243;][service_table title=\u00bbLaboral\u00bb title_background_type=\u00bbbackground_color_type\u00bb icon=\u00bbfa-suitcase\u00bb icon_size=\u00bbfa-2x\u00bb border=\u00bbno\u00bb icon_color=\u00bb#42a589&#8243;]<\/p>\n<ul>\n<li>Asesoramiento y asistencia letrada ante los Juzgados<\/li>\n<li>Atenci\u00f3n a requerimientos y recursos, aplazamientos, etc.<\/li>\n<li>Negociaci\u00f3n colectiva<\/li>\n<li>Mediaci\u00f3n laboral<\/li>\n<\/ul>\n<p>[\/service_table][\/vc_column][vc_column width=\u00bb1\/4&#8243;][service_table title=\u00bbGesti\u00f3n laboral\u00bb title_background_type=\u00bbbackground_color_type\u00bb icon=\u00bbfa-id-card\u00bb icon_size=\u00bbfa-2x\u00bb border=\u00bbno\u00bb icon_color=\u00bb#42a589&#8243;]<\/p>\n<ul>\n<li>Gesti\u00f3n de n\u00f3minas, finiquitos y atrasos<\/li>\n<li>Contrataci\u00f3n laboral<\/li>\n<li>Bonificaci\u00f3n y subvenciones<\/li>\n<li>Seguridad Social: alta\/baja empleados<\/li>\n<li>C\u00e1lculo y gesti\u00f3n telem\u00e1tica de los seguros sociales<\/li>\n<\/ul>\n<p>[\/service_table][\/vc_column][vc_column width=\u00bb1\/4&#8243;][service_table title=\u00bbTICs\u00bb title_background_type=\u00bbbackground_color_type\u00bb icon=\u00bbfa-desktop\u00bb icon_size=\u00bbfa-2x\u00bb border=\u00bbno\u00bb icon_color=\u00bb#42a589&#8243;]<\/p>\n<ul>\n<li>Gesti\u00f3n para la obtenci\u00f3n de la firma\/certificados digitales<\/li>\n<li>Asesoramiento en la cumplimentaci\u00f3n de los tramites de alta, modificaci\u00f3n o actualizaci\u00f3n de los registros de datos obligados por LOPD<\/li>\n<li>Asesoramiento de facturaci\u00f3n electr\u00f3nica<\/li>\n<\/ul>\n<p>[\/service_table][\/vc_column][vc_column width=\u00bb1\/4&#8243;][service_table title=\u00bbGesti\u00f3n comercial\u00bb title_background_type=\u00bbbackground_color_type\u00bb icon=\u00bbfa-cart-plus\u00bb icon_size=\u00bbfa-2x\u00bb border=\u00bbno\u00bb icon_color=\u00bb#42a589&#8243;]<\/p>\n<ul>\n<li>Outsourcing de equipos de ventas<\/li>\n<li>Elaboraci\u00f3n del Plan Comercial<\/li>\n<li>Dise\u00f1o del Plan de Incentivos<\/li>\n<li>Introducci\u00f3n al Comercio Exterior<\/li>\n<li>Plan de Internacionalizaci\u00f3n.<\/li>\n<\/ul>\n<p>[\/service_table][\/vc_column][\/vc_row][vc_row css_animation=\u00bb\u00bb row_type=\u00bbrow\u00bb use_row_as_full_screen_section=\u00bbno\u00bb type=\u00bbfull_width\u00bb angled_section=\u00bbno\u00bb text_align=\u00bbleft\u00bb background_image_as_pattern=\u00bbwithout_pattern\u00bb][vc_column][vc_empty_space][\/vc_column][\/vc_row][vc_row css_animation=\u00bb\u00bb row_type=\u00bbrow\u00bb use_row_as_full_screen_section=\u00bbno\u00bb type=\u00bbgrid\u00bb angled_section=\u00bbno\u00bb text_align=\u00bbleft\u00bb background_image_as_pattern=\u00bbwithout_pattern\u00bb z_index=\u00bb\u00bb][vc_column width=\u00bb1\/4&#8243;][service_table title=\u00bbMedioambiente\u00bb title_background_type=\u00bbbackground_color_type\u00bb icon=\u00bbfa-recycle\u00bb icon_size=\u00bbfa-2x\u00bb border=\u00bbno\u00bb icon_color=\u00bb#42a589&#8243;]<\/p>\n<ul>\n<li>Asesoramiento en materia medioambiental<\/li>\n<li>Cumplimiento de normativa<\/li>\n<li>Responsabilidad Social Empresarial<\/li>\n<\/ul>\n<p>[\/service_table][\/vc_column][vc_column width=\u00bb1\/4&#8243;][service_table title=\u00bbPRL\u00bb title_background_type=\u00bbbackground_color_type\u00bb icon=\u00bbfa-fire-extinguisher\u00bb icon_size=\u00bbfa-2x\u00bb border=\u00bbno\u00bb icon_color=\u00bb#42a589&#8243;]<\/p>\n<ul>\n<li>Asesoramiento en PRL<\/li>\n<li>Elaboraci\u00f3n del Plan de Autoprotecci\u00f3n o de Emergencias<\/li>\n<li>Seguridad vial<\/li>\n<li>Formaci\u00f3n en la materia<\/li>\n<\/ul>\n<p>[\/service_table][\/vc_column][vc_column width=\u00bb1\/4&#8243;][service_table title=\u00bbIgualdad\u00bb title_background_type=\u00bbbackground_color_type\u00bb icon=\u00bbfa-transgender\u00bb icon_size=\u00bbfa-2x\u00bb border=\u00bbno\u00bb icon_color=\u00bb#42a589&#8243;]<\/p>\n<ul>\n<li>Asesoramiento en la elaboraci\u00f3n de planes de igualdad<\/li>\n<li>Medidas y buenas pr\u00e1cticas en materia de igualdad entre hombres y mujeres en el \u00e1mbito laboral<\/li>\n<\/ul>\n<p>[\/service_table][\/vc_column][vc_column width=\u00bb1\/4&#8243;][service_table title=\u00bbFormaci\u00f3n\u00bb title_background_type=\u00bbbackground_color_type\u00bb icon=\u00bbfa-book\u00bb icon_size=\u00bbfa-2x\u00bb border=\u00bbno\u00bb icon_color=\u00bb#42a589&#8243;]<\/p>\n<ul>\n<li>Planes de formaci\u00f3n<\/li>\n<li>Acciones formativas<\/li>\n<li>Formaci\u00f3n a demanda<\/li>\n<li>Gesti\u00f3n y aplicaci\u00f3n de las bonificaciones<\/li>\n<\/ul>\n<p>[\/service_table][\/vc_column][\/vc_row][vc_row css_animation=\u00bb\u00bb row_type=\u00bbrow\u00bb use_row_as_full_screen_section=\u00bbno\u00bb type=\u00bbfull_width\u00bb angled_section=\u00bbno\u00bb text_align=\u00bbleft\u00bb background_image_as_pattern=\u00bbwithout_pattern\u00bb][vc_column][vc_empty_space][\/vc_column][\/vc_row][vc_row css_animation=\u00bb\u00bb row_type=\u00bbrow\u00bb use_row_as_full_screen_section=\u00bbno\u00bb type=\u00bbgrid\u00bb angled_section=\u00bbno\u00bb text_align=\u00bbleft\u00bb background_image_as_pattern=\u00bbwithout_pattern\u00bb z_index=\u00bb\u00bb][vc_column width=\u00bb1\/4&#8243;][service_table title=\u00bbRecursos Humanos\u00bb title_background_type=\u00bbbackground_color_type\u00bb icon=\u00bbfa-user-plus\u00bb icon_size=\u00bbfa-2x\u00bb border=\u00bbno\u00bb icon_color=\u00bb#42a589&#8243;]<\/p>\n<ul>\n<li>Agencia de empleo<\/li>\n<li>Procesos de selecci\u00f3n<\/li>\n<li>Gesti\u00f3n de pr\u00e1cticas en empresa<\/li>\n<\/ul>\n<p>[\/service_table][\/vc_column][vc_column width=\u00bb1\/4&#8243;][service_table title=\u00bbEmpleo\u00bb title_background_type=\u00bbbackground_color_type\u00bb icon=\u00bbfa-handshake-o\u00bb icon_size=\u00bbfa-2x\u00bb border=\u00bbno\u00bb icon_color=\u00bb#42a589&#8243;]<\/p>\n<ul>\n<li>Programas de empleo para dotar a las personas destinatarias las herramientas necesarias que faciliten su incorporaci\u00f3n al mundo laboral<\/li>\n<\/ul>\n<p>[\/service_table][\/vc_column][vc_column width=\u00bb1\/4&#8243;][service_table title=\u00bbOrientaci\u00f3n\u00bb title_background_type=\u00bbbackground_color_type\u00bb icon=\u00bbfa-graduation-cap\u00bb icon_size=\u00bbfa-2x\u00bb border=\u00bbno\u00bb icon_color=\u00bb#42a589&#8243;]<\/p>\n<ul>\n<li>Servicios de orientaci\u00f3n acad\u00e9mica y profesional<\/li>\n<\/ul>\n<p>[\/service_table][\/vc_column][vc_column width=\u00bb1\/4&#8243;][service_table title=\u00bbGesti\u00f3n de riesgos\u00bb title_background_type=\u00bbbackground_color_type\u00bb icon=\u00bbfa-search\u00bb icon_size=\u00bbfa-2x\u00bb border=\u00bbno\u00bb icon_color=\u00bb#42a589&#8243;]<\/p>\n<ul>\n<li>Asesoramiento<\/li>\n<li>Diagn\u00f3stico de nivel de riesgo<\/li>\n<li>Seguros<\/li>\n<\/ul>\n<p>[\/service_table][\/vc_column][\/vc_row][vc_row css_animation=\u00bb\u00bb row_type=\u00bbrow\u00bb use_row_as_full_screen_section=\u00bbno\u00bb type=\u00bbfull_width\u00bb angled_section=\u00bbno\u00bb text_align=\u00bbcenter\u00bb background_image=\u00bb1498&#8243; background_image_as_pattern=\u00bbwithout_pattern\u00bb z_index=\u00bb\u00bb][vc_column][vc_empty_space height=\u00bb100&#8243;][icons icon=\u00bbfa-home\u00bb size=\u00bbfa-2x\u00bb type=\u00bbsquare\u00bb border=\u00bbyes\u00bb link=\u00bbhttp:\/\/memoria.cepymearagon.es\/index.php\/2019-2\/\u00bb target=\u00bb_self\u00bb border_color=\u00bb#004631&#8243; background_color=\u00bb#004631&#8243; hover_background_color=\u00bb#42a589&#8243;][vc_empty_space height=\u00bb100&#8243;][\/vc_column][\/vc_row]<\/p>\n","protected":false},"excerpt":{"rendered":"<p>[vc_row css_animation=\u00bb\u00bb row_type=\u00bbrow\u00bb use_row_as_full_screen_section=\u00bbno\u00bb type=\u00bbfull_width\u00bb angled_section=\u00bbno\u00bb text_align=\u00bbleft\u00bb background_image_as_pattern=\u00bbwithout_pattern\u00bb][vc_column][qode_elements_holder number_of_columns=\u00bbone_column\u00bb][qode_elements_holder_item background_image=\u00bb1470&#8243; item_padding=\u00bb280px\u00bb vertical_alignment=\u00bbmiddle\u00bb horizontal_alignment=\u00bbcenter\u00bb advanced_animations=\u00bbno\u00bb][vc_column_text] ASESOR\u00cdAS [\/vc_column_text][\/qode_elements_holder_item][\/qode_elements_holder][vc_empty_space][\/vc_column][\/vc_row][vc_row css_animation=\u00bb\u00bb row_type=\u00bbrow\u00bb use_row_as_full_screen_section=\u00bbno\u00bb type=\u00bbgrid\u00bb angled_section=\u00bbno\u00bb text_align=\u00bbleft\u00bb background_image_as_pattern=\u00bbwithout_pattern\u00bb z_index=\u00bb\u00bb][vc_column width=\u00bb1\/4&#8243;][service_table title=\u00bbGesti\u00f3n Fiscal y contable\u00bb title_background_type=\u00bbbackground_color_type\u00bb icon=\u00bbfa-bar-chart\u00bb icon_size=\u00bbfa-2x\u00bb border=\u00bbno\u00bb icon_color=\u00bb#42a589&#8243;] Asesoramiento y asistencia en materia administrativa (tr\u00e1mites con la administraci\u00f3n, recursos y sanciones, etc) Asistencia letrada ante los Juzgados Planes de [&hellip;]<\/p>\n","protected":false},"author":2,"featured_media":0,"parent":0,"menu_order":0,"comment_status":"closed","ping_status":"closed","template":"landing_page.php","meta":{"footnotes":""},"class_list":["post-1603","page","type-page","status-publish","hentry"],"_links":{"self":[{"href":"https:\/\/memoria.cepymearagon.es\/index.php\/wp-json\/wp\/v2\/pages\/1603","targetHints":{"allow":["GET"]}}],"collection":[{"href":"https:\/\/memoria.cepymearagon.es\/index.php\/wp-json\/wp\/v2\/pages"}],"about":[{"href":"https:\/\/memoria.cepymearagon.es\/index.php\/wp-json\/wp\/v2\/types\/page"}],"author":[{"embeddable":true,"href":"https:\/\/memoria.cepymearagon.es\/index.php\/wp-json\/wp\/v2\/users\/2"}],"replies":[{"embeddable":true,"href":"https:\/\/memoria.cepymearagon.es\/index.php\/wp-json\/wp\/v2\/comments?post=1603"}],"version-history":[{"count":32,"href":"https:\/\/memoria.cepymearagon.es\/index.php\/wp-json\/wp\/v2\/pages\/1603\/revisions"}],"predecessor-version":[{"id":1633,"href":"https:\/\/memoria.cepymearagon.es\/index.php\/wp-json\/wp\/v2\/pages\/1603\/revisions\/1633"}],"wp:attachment":[{"href":"https:\/\/memoria.cepymearagon.es\/index.php\/wp-json\/wp\/v2\/media?parent=1603"}],"curies":[{"name":"wp","href":"https:\/\/api.w.org\/{rel}","templated":true}]}}