{"id":1556,"date":"2020-01-22T14:32:06","date_gmt":"2020-01-22T14:32:06","guid":{"rendered":"http:\/\/memoria.cepymearagon.es\/?page_id=1556"},"modified":"2020-06-30T06:21:44","modified_gmt":"2020-06-30T06:21:44","slug":"2019-asamblea-general","status":"publish","type":"page","link":"https:\/\/memoria.cepymearagon.es\/index.php\/2019-asamblea-general\/","title":{"rendered":"2019 Asamblea General"},"content":{"rendered":"<p>[vc_row css_animation=\u00bb\u00bb row_type=\u00bbrow\u00bb use_row_as_full_screen_section=\u00bbno\u00bb type=\u00bbfull_width\u00bb angled_section=\u00bbno\u00bb text_align=\u00bbleft\u00bb background_image_as_pattern=\u00bbwithout_pattern\u00bb z_index=\u00bb\u00bb][vc_column][qode_elements_holder number_of_columns=\u00bbone_column\u00bb][qode_elements_holder_item background_image=\u00bb1470&#8243; item_padding=\u00bb280px\u00bb vertical_alignment=\u00bbmiddle\u00bb horizontal_alignment=\u00bbcenter\u00bb advanced_animations=\u00bbno\u00bb][vc_column_text]<\/p>\n<h1 style=\"text-align: center;\">ASAMBLEA GENERAL<\/h1>\n<p>[\/vc_column_text][\/qode_elements_holder_item][\/qode_elements_holder][vc_empty_space][\/vc_column][\/vc_row][vc_row css_animation=\u00bbelement_from_top\u00bb row_type=\u00bbrow\u00bb use_row_as_full_screen_section=\u00bbno\u00bb type=\u00bbgrid\u00bb angled_section=\u00bbno\u00bb text_align=\u00bbleft\u00bb background_image_as_pattern=\u00bbwithout_pattern\u00bb z_index=\u00bb\u00bb][vc_column][vc_empty_space height=\u00bb45&#8243;]<div class=\"custom_font_holder\" style=\" font-size: 15px; line-height: 26px; font-style: normal; font-weight: 300; color: #004631; text-decoration: none; text-shadow: 1px 1px 2px rgba(0, 0, 0, 0.4); background-color: #42a598; text-align: center;\">\n<h2>Por CEPYME Zaragoza<\/h2>\n<\/div>[vc_empty_space height=\u00bb45&#8243;][\/vc_column][\/vc_row][vc_row css_animation=\u00bb\u00bb row_type=\u00bbrow\u00bb use_row_as_full_screen_section=\u00bbno\u00bb type=\u00bbgrid\u00bb angled_section=\u00bbno\u00bb text_align=\u00bbcenter\u00bb background_image_as_pattern=\u00bbwithout_pattern\u00bb z_index=\u00bb\u00bb][vc_column width=\u00bb1\/6&#8243;]<div class=\"q_icon_list\"><i class=\"qode_icon_font_awesome fa fa-male qode-ili-icon-holder circle\" style=\"color: #004631;background-color: #42a589;border-color:#004631;border-style:solid;border-width:1px;\" ><\/i><p style=\"font-size: 20px;font-weight: 700;margin-bottom: -15px;\">Almud\u00e9var, Ignacio<\/p><\/div>[vc_empty_space height=\u00bb45&#8243;]<div class=\"q_icon_list\"><i class=\"qode_icon_font_awesome fa fa-male qode-ili-icon-holder circle\" style=\"color: #004631;background-color: #42a589;border-color:#004631;border-style:solid;border-width:1px;\" ><\/i><p style=\"font-size: 20px;font-weight: 700;margin-bottom: -15px;\">Garc\u00eda, Antonio<\/p><\/div>[vc_empty_space height=\u00bb45&#8243;]<div class=\"q_icon_list\"><i class=\"qode_icon_font_awesome fa fa-female qode-ili-icon-holder circle\" style=\"color: #004631;background-color: #42a589;border-color:#004631;border-style:solid;border-width:1px;\" ><\/i><p style=\"font-size: 20px;font-weight: 700;margin-bottom: -15px;\">Luque, Cristina<\/p><\/div>[vc_empty_space height=\u00bb45&#8243;]<div class=\"q_icon_list\"><i class=\"qode_icon_font_awesome fa fa-male qode-ili-icon-holder circle\" style=\"color: #004631;background-color: #42a589;border-color:#004631;border-style:solid;border-width:1px;\" ><\/i><p style=\"font-size: 20px;font-weight: 700;margin-bottom: -15px;\">R\u00edos, Zoilo<\/p><\/div>[\/vc_column][vc_column width=\u00bb1\/6&#8243;]<div class=\"q_icon_list\"><i class=\"qode_icon_font_awesome fa fa-female qode-ili-icon-holder circle\" style=\"color: #004631;background-color: #42a589;border-color:#004631;border-style:solid;border-width:1px;\" ><\/i><p style=\"font-size: 20px;font-weight: 700;margin-bottom: -15px;\">Alonso, Mar\u00eda Jos\u00e9<\/p><\/div>[vc_empty_space height=\u00bb45&#8243;]<div class=\"q_icon_list\"><i class=\"qode_icon_font_awesome fa fa-male qode-ili-icon-holder circle\" style=\"color: #004631;background-color: #42a589;border-color:#004631;border-style:solid;border-width:1px;\" ><\/i><p style=\"font-size: 20px;font-weight: 700;margin-bottom: -15px;\">G\u00f3mez, Jos\u00e9 Mar\u00eda<\/p><\/div>[vc_empty_space height=\u00bb45&#8243;]<div class=\"q_icon_list\"><i class=\"qode_icon_font_awesome fa fa-male qode-ili-icon-holder circle\" style=\"color: #004631;background-color: #42a589;border-color:#004631;border-style:solid;border-width:1px;\" ><\/i><p style=\"font-size: 20px;font-weight: 700;margin-bottom: -15px;\">Marc\u00e9n, Jos\u00e9 Mar\u00eda<\/p><\/div>[vc_empty_space height=\u00bb45&#8243;]<div class=\"q_icon_list\"><i class=\"qode_icon_font_awesome fa fa-male qode-ili-icon-holder circle\" style=\"color: #004631;background-color: #42a589;border-color:#004631;border-style:solid;border-width:1px;\" ><\/i><p style=\"font-size: 20px;font-weight: 700;margin-bottom: -15px;\">Sanz, \u00d3scar<\/p><\/div>[\/vc_column][vc_column width=\u00bb1\/6&#8243;]<div class=\"q_icon_list\"><i class=\"qode_icon_font_awesome fa fa-male qode-ili-icon-holder circle\" style=\"color: #004631;background-color: #42a589;border-color:#004631;border-style:solid;border-width:1px;\" ><\/i><p style=\"font-size: 20px;font-weight: 700;margin-bottom: -15px;\">Amaro, Julio<\/p><\/div>[vc_empty_space height=\u00bb72&#8243;]<div class=\"q_icon_list\"><i class=\"qode_icon_font_awesome fa fa-female qode-ili-icon-holder circle\" style=\"color: #004631;background-color: #42a589;border-color:#004631;border-style:solid;border-width:1px;\" ><\/i><p style=\"font-size: 20px;font-weight: 700;margin-bottom: -15px;\">L\u00e1zaro, Ruth<\/p><\/div>[vc_empty_space height=\u00bb72&#8243;]<div class=\"q_icon_list\"><i class=\"qode_icon_font_awesome fa fa-male qode-ili-icon-holder circle\" style=\"color: #004631;background-color: #42a589;border-color:#004631;border-style:solid;border-width:1px;\" ><\/i><p style=\"font-size: 20px;font-weight: 700;margin-bottom: -15px;\">M\u00e1rquez, Juan Pedro<\/p><\/div>[vc_empty_space height=\u00bb45&#8243;]<div class=\"q_icon_list\"><i class=\"qode_icon_font_awesome fa fa-female qode-ili-icon-holder circle\" style=\"color: #004631;background-color: #42a589;border-color:#004631;border-style:solid;border-width:1px;\" ><\/i><p style=\"font-size: 20px;font-weight: 700;margin-bottom: -15px;\">Soto, Pilar<\/p><\/div>[\/vc_column][vc_column width=\u00bb1\/6&#8243;]<div class=\"q_icon_list\"><i class=\"qode_icon_font_awesome fa fa-male qode-ili-icon-holder circle\" style=\"color: #004631;background-color: #42a589;border-color:#004631;border-style:solid;border-width:1px;\" ><\/i><p style=\"font-size: 20px;font-weight: 700;margin-bottom: -15px;\">Aparicio, Luis<\/p><\/div>[vc_empty_space height=\u00bb45&#8243;]<div class=\"q_icon_list\"><i class=\"qode_icon_font_awesome fa fa-male qode-ili-icon-holder circle\" style=\"color: #004631;background-color: #42a589;border-color:#004631;border-style:solid;border-width:1px;\" ><\/i><p style=\"font-size: 20px;font-weight: 700;margin-bottom: -15px;\">L\u00f3pez de Hita, Aurelio<\/p><\/div>[vc_empty_space height=\u00bb45&#8243;]<div class=\"q_icon_list\"><i class=\"qode_icon_font_awesome fa fa-female qode-ili-icon-holder circle\" style=\"color: #004631;background-color: #42a589;border-color:#004631;border-style:solid;border-width:1px;\" ><\/i><p style=\"font-size: 20px;font-weight: 700;margin-bottom: -15px;\">Mart\u00edn, Susana<\/p><\/div>[vc_empty_space height=\u00bb45&#8243;]<div class=\"q_icon_list\"><i class=\"qode_icon_font_awesome fa fa-male qode-ili-icon-holder circle\" style=\"color: #004631;background-color: #42a589;border-color:#004631;border-style:solid;border-width:1px;\" ><\/i><p style=\"font-size: 20px;font-weight: 700;margin-bottom: -15px;\">Us\u00e1n, Ad\u00e1n<\/p><\/div>[\/vc_column][vc_column width=\u00bb1\/6&#8243;]<div class=\"q_icon_list\"><i class=\"qode_icon_font_awesome fa fa-male qode-ili-icon-holder circle\" style=\"color: #004631;background-color: #42a589;border-color:#004631;border-style:solid;border-width:1px;\" ><\/i><p style=\"font-size: 20px;font-weight: 700;margin-bottom: -15px;\">Compadre, Miguel \u00c1.<\/p><\/div>[vc_empty_space height=\u00bb45&#8243;]<div class=\"q_icon_list\"><i class=\"qode_icon_font_awesome fa fa-male qode-ili-icon-holder circle\" style=\"color: #004631;background-color: #42a589;border-color:#004631;border-style:solid;border-width:1px;\" ><\/i><p style=\"font-size: 20px;font-weight: 700;margin-bottom: -15px;\">L\u00f3pez-Montenegro, Santiago<\/p><\/div>[vc_empty_space height=\u00bb20&#8243;]<div class=\"q_icon_list\"><i class=\"qode_icon_font_awesome fa fa-male qode-ili-icon-holder circle\" style=\"color: #004631;background-color: #42a589;border-color:#004631;border-style:solid;border-width:1px;\" ><\/i><p style=\"font-size: 20px;font-weight: 700;margin-bottom: -15px;\">Michell, Federico<\/p><\/div>[vc_empty_space height=\u00bb45&#8243;]<div class=\"q_icon_list\"><i class=\"qode_icon_font_awesome fa fa-male qode-ili-icon-holder circle\" style=\"color: #004631;background-color: #42a589;border-color:#004631;border-style:solid;border-width:1px;\" ><\/i><p style=\"font-size: 20px;font-weight: 700;margin-bottom: -15px;\">Vaquer, Luis<\/p><\/div>[\/vc_column][vc_column width=\u00bb1\/6&#8243;]<div class=\"q_icon_list\"><i class=\"qode_icon_font_awesome fa fa-male qode-ili-icon-holder circle\" style=\"color: #004631;background-color: #42a589;border-color:#004631;border-style:solid;border-width:1px;\" ><\/i><p style=\"font-size: 20px;font-weight: 700;margin-bottom: -15px;\">Ferrer, Javier<\/p><\/div>[vc_empty_space height=\u00bb45&#8243;]<div class=\"q_icon_list\"><i class=\"qode_icon_font_awesome fa fa-female qode-ili-icon-holder circle\" style=\"color: #004631;background-color: #42a589;border-color:#004631;border-style:solid;border-width:1px;\" ><\/i><p style=\"font-size: 20px;font-weight: 700;margin-bottom: -15px;\">Lorente, Mar\u00eda Jes\u00fas<\/p><\/div>[vc_empty_space height=\u00bb45&#8243;]<div class=\"q_icon_list\"><i class=\"qode_icon_font_awesome fa fa-male qode-ili-icon-holder circle\" style=\"color: #004631;background-color: #42a589;border-color:#004631;border-style:solid;border-width:1px;\" ><\/i><p style=\"font-size: 20px;font-weight: 700;margin-bottom: -15px;\">Presencio, Antonio<\/p><\/div>[vc_empty_space height=\u00bb45&#8243;][\/vc_column][\/vc_row][vc_row css_animation=\u00bbelement_from_top\u00bb row_type=\u00bbrow\u00bb use_row_as_full_screen_section=\u00bbno\u00bb type=\u00bbgrid\u00bb angled_section=\u00bbno\u00bb text_align=\u00bbleft\u00bb background_image_as_pattern=\u00bbwithout_pattern\u00bb z_index=\u00bb\u00bb][vc_column][vc_empty_space height=\u00bb45&#8243;]<div class=\"custom_font_holder\" style=\" font-size: 15px; line-height: 26px; font-style: normal; font-weight: 300; color: #004631; text-decoration: none; text-shadow: 1px 1px 2px rgba(0, 0, 0, 0.4); background-color: #42a598; text-align: center;\">\n<h2>Por CEOS &#8211; CEPYME Huesca<\/h2>\n<\/div>[vc_empty_space height=\u00bb45&#8243;][\/vc_column][\/vc_row][vc_row css_animation=\u00bb\u00bb row_type=\u00bbrow\u00bb use_row_as_full_screen_section=\u00bbno\u00bb type=\u00bbgrid\u00bb angled_section=\u00bbno\u00bb text_align=\u00bbcenter\u00bb background_image_as_pattern=\u00bbwithout_pattern\u00bb z_index=\u00bb\u00bb][vc_column width=\u00bb1\/6&#8243;]<div class=\"q_icon_list\"><i class=\"qode_icon_font_awesome fa fa-male qode-ili-icon-holder circle\" style=\"color: #004631;background-color: #42a589;border-color:#004631;border-style:solid;border-width:1px;\" ><\/i><p style=\"font-size: 20px;font-weight: 700;margin-bottom: -15px;\">Alag\u00f3n, Salvador<\/p><\/div>[\/vc_column][vc_column width=\u00bb1\/6&#8243;]<div class=\"q_icon_list\"><i class=\"qode_icon_font_awesome fa fa-male qode-ili-icon-holder circle\" style=\"color: #004631;background-color: #42a589;border-color:#004631;border-style:solid;border-width:1px;\" ><\/i><p style=\"font-size: 20px;font-weight: 700;margin-bottom: -15px;\">Bistuer, Carlos<\/p><\/div>[\/vc_column][vc_column width=\u00bb1\/6&#8243;]<div class=\"q_icon_list\"><i class=\"qode_icon_font_awesome fa fa-male qode-ili-icon-holder circle\" style=\"color: #004631;background-color: #42a589;border-color:#004631;border-style:solid;border-width:1px;\" ><\/i><p style=\"font-size: 20px;font-weight: 700;margin-bottom: -15px;\">Buil, Jos\u00e9<\/p><\/div>[vc_empty_space height=\u00bb72&#8243;]<div class=\"q_icon_list\"><i class=\"qode_icon_font_awesome fa fa-male qode-ili-icon-holder circle\" style=\"color: #004631;background-color: #42a589;border-color:#004631;border-style:solid;border-width:1px;\" ><\/i><p style=\"font-size: 20px;font-weight: 700;margin-bottom: -15px;\">Luna, Jos\u00e9 Fernando<\/p><\/div>[\/vc_column][vc_column width=\u00bb1\/6&#8243;]<div class=\"q_icon_list\"><i class=\"qode_icon_font_awesome fa fa-male qode-ili-icon-holder circle\" style=\"color: #004631;background-color: #42a589;border-color:#004631;border-style:solid;border-width:1px;\" ><\/i><p style=\"font-size: 20px;font-weight: 700;margin-bottom: -15px;\">Conte, Jos\u00e9<\/p><\/div>[vc_empty_space height=\u00bb72&#8243;]<div class=\"q_icon_list\"><i class=\"qode_icon_font_awesome fa fa-male qode-ili-icon-holder circle\" style=\"color: #004631;background-color: #42a589;border-color:#004631;border-style:solid;border-width:1px;\" ><\/i><p style=\"font-size: 20px;font-weight: 700;margin-bottom: -15px;\">Prado, Jos\u00e9 Juan<\/p><\/div>[\/vc_column][vc_column width=\u00bb1\/6&#8243;]<div class=\"q_icon_list\"><i class=\"qode_icon_font_awesome fa fa-male qode-ili-icon-holder circle\" style=\"color: #004631;background-color: #42a589;border-color:#004631;border-style:solid;border-width:1px;\" ><\/i><p style=\"font-size: 20px;font-weight: 700;margin-bottom: -15px;\">Fen\u00e9s, Santiago<\/p><\/div>[\/vc_column][vc_column width=\u00bb1\/6&#8243;]<div class=\"q_icon_list\"><i class=\"qode_icon_font_awesome fa fa-male qode-ili-icon-holder circle\" style=\"color: #004631;background-color: #42a589;border-color:#004631;border-style:solid;border-width:1px;\" ><\/i><p style=\"font-size: 20px;font-weight: 700;margin-bottom: -15px;\">Lucas, Miguel<\/p><\/div>[\/vc_column][\/vc_row][vc_row css_animation=\u00bbelement_from_top\u00bb row_type=\u00bbrow\u00bb use_row_as_full_screen_section=\u00bbno\u00bb type=\u00bbgrid\u00bb angled_section=\u00bbno\u00bb text_align=\u00bbleft\u00bb background_image_as_pattern=\u00bbwithout_pattern\u00bb z_index=\u00bb\u00bb][vc_column][vc_empty_space height=\u00bb45&#8243;]<div class=\"custom_font_holder\" style=\" font-size: 15px; line-height: 26px; font-style: normal; font-weight: 300; color: #004631; text-decoration: none; text-shadow: 1px 1px 2px rgba(0, 0, 0, 0.4); background-color: #42a598; text-align: center;\">\n<h2>Por CEPYME Teruel<\/h2>\n<\/div>[vc_empty_space height=\u00bb45&#8243;][\/vc_column][\/vc_row][vc_row css_animation=\u00bb\u00bb row_type=\u00bbrow\u00bb use_row_as_full_screen_section=\u00bbno\u00bb type=\u00bbgrid\u00bb angled_section=\u00bbno\u00bb text_align=\u00bbcenter\u00bb background_image_as_pattern=\u00bbwithout_pattern\u00bb z_index=\u00bb\u00bb][vc_column width=\u00bb1\/6&#8243;]<div class=\"q_icon_list\"><i class=\"qode_icon_font_awesome fa fa-male qode-ili-icon-holder circle\" style=\"color: #004631;background-color: #42a589;border-color:#004631;border-style:solid;border-width:1px;\" ><\/i><p style=\"font-size: 20px;font-weight: 700;margin-bottom: -15px;\">Ci\u00e9rcoles, Juan<\/p><\/div>[\/vc_column][vc_column width=\u00bb1\/6&#8243;]<div class=\"q_icon_list\"><i class=\"qode_icon_font_awesome fa fa-male qode-ili-icon-holder circle\" style=\"color: #004631;background-color: #42a589;border-color:#004631;border-style:solid;border-width:1px;\" ><\/i><p style=\"font-size: 20px;font-weight: 700;margin-bottom: -15px;\">Escuder, Juan Carlos<\/p><\/div>[\/vc_column][vc_column width=\u00bb1\/6&#8243;]<div class=\"q_icon_list\"><i class=\"qode_icon_font_awesome fa fa-male qode-ili-icon-holder circle\" style=\"color: #004631;background-color: #42a589;border-color:#004631;border-style:solid;border-width:1px;\" ><\/i><p style=\"font-size: 20px;font-weight: 700;margin-bottom: -15px;\">Hern\u00e1ndez, Francisco<\/p><\/div>[vc_empty_space height=\u00bb45&#8243;]<div class=\"q_icon_list\"><i class=\"qode_icon_font_awesome fa fa-male qode-ili-icon-holder circle\" style=\"color: #004631;background-color: #42a589;border-color:#004631;border-style:solid;border-width:1px;\" ><\/i><p style=\"font-size: 20px;font-weight: 700;margin-bottom: -15px;\">Mar\u00edn, Manuel<\/p><\/div>[\/vc_column][vc_column width=\u00bb1\/6&#8243;]<div class=\"q_icon_list\"><i class=\"qode_icon_font_awesome fa fa-male qode-ili-icon-holder circle\" style=\"color: #004631;background-color: #42a589;border-color:#004631;border-style:solid;border-width:1px;\" ><\/i><p style=\"font-size: 20px;font-weight: 700;margin-bottom: -15px;\">Higueras, Jos\u00e9 A.<\/p><\/div>[vc_empty_space height=\u00bb45&#8243;]<div class=\"q_icon_list\"><i class=\"qode_icon_font_awesome fa fa-male qode-ili-icon-holder circle\" style=\"color: #004631;background-color: #42a589;border-color:#004631;border-style:solid;border-width:1px;\" ><\/i><p style=\"font-size: 20px;font-weight: 700;margin-bottom: -15px;\">Muela, \u00c1ngel<\/p><\/div>[\/vc_column][vc_column width=\u00bb1\/6&#8243;]<div class=\"q_icon_list\"><i class=\"qode_icon_font_awesome fa fa-male qode-ili-icon-holder circle\" style=\"color: #004631;background-color: #42a589;border-color:#004631;border-style:solid;border-width:1px;\" ><\/i><p style=\"font-size: 20px;font-weight: 700;margin-bottom: -15px;\">Loza, Diego<\/p><\/div>[\/vc_column][vc_column width=\u00bb1\/6&#8243;]<div class=\"q_icon_list\"><i class=\"qode_icon_font_awesome fa fa-male qode-ili-icon-holder circle\" style=\"color: #004631;background-color: #42a589;border-color:#004631;border-style:solid;border-width:1px;\" ><\/i><p style=\"font-size: 20px;font-weight: 700;margin-bottom: -15px;\">P\u00e9rez, Jos\u00e9 Antonio<\/p><\/div>[\/vc_column][\/vc_row][vc_row css_animation=\u00bb\u00bb row_type=\u00bbrow\u00bb use_row_as_full_screen_section=\u00bbno\u00bb type=\u00bbfull_width\u00bb angled_section=\u00bbno\u00bb text_align=\u00bbleft\u00bb background_image_as_pattern=\u00bbwithout_pattern\u00bb][vc_column][vc_empty_space height=\u00bb80&#8243;][\/vc_column][\/vc_row][vc_row css_animation=\u00bb\u00bb row_type=\u00bbrow\u00bb use_row_as_full_screen_section=\u00bbno\u00bb type=\u00bbgrid\u00bb angled_section=\u00bbno\u00bb text_align=\u00bbcenter\u00bb background_image_as_pattern=\u00bbwithout_pattern\u00bb z_index=\u00bb\u00bb][vc_column][vc_text_separator title=\u00bbCALENDARIO DE REUNIONES\u00bb i_icon_material=\u00bbvc-material vc-material-insert_invitation\u00bb border=\u00bbno\u00bb background_color=\u00bb#42a589&#8243; title_color=\u00bb#004631&#8243;][vc_empty_space height=\u00bb80&#8243;][\/vc_column][\/vc_row][vc_row css_animation=\u00bb\u00bb row_type=\u00bbrow\u00bb use_row_as_full_screen_section=\u00bbno\u00bb type=\u00bbgrid\u00bb angled_section=\u00bbno\u00bb text_align=\u00bbleft\u00bb background_image_as_pattern=\u00bbwithout_pattern\u00bb z_index=\u00bb\u00bb][vc_column width=\u00bb2\/3&#8243;][vc_single_image image=\u00bb1572&#8243; img_size=\u00bbfull\u00bb style=\u00bbvc_box_shadow_3d\u00bb qode_css_animation=\u00bb\u00bb][\/vc_column][vc_column width=\u00bb1\/3&#8243; css=\u00bb.vc_custom_1579619740383{margin-top: 10px !important;margin-left: -80px !important;}\u00bb][vc_empty_space height=\u00bb150&#8243;]<div class=\"clearfix qode-item-showcase\"><div class=\"qode-item-image\" style=\"margin-top:-70px;\"><\/div><div class=\"qode-item qode-item-right\">\n\t\t\t<div class=\"qode-item-icon\">\n\t\t\t\t\t\t<i class=\"fa-calendar-check-o fa\" style=\"color:#ffffff; background-color:#004631;\"><\/i>\t\t\t\t\t<\/div>\n\t\t<div class=\"qode-item-content\">\n\t\t\t\t<div class=\"qode-showcase-text-holder\">\n\t\t\t<p class=\"qode-showcase-text\">1 abril<\/p>\n\t\t<\/div>\n\t\t\t<\/div>\n\t<\/div><\/div>[\/vc_column][\/vc_row][vc_row css_animation=\u00bb\u00bb row_type=\u00bbrow\u00bb use_row_as_full_screen_section=\u00bbno\u00bb type=\u00bbfull_width\u00bb angled_section=\u00bbno\u00bb text_align=\u00bbcenter\u00bb background_image=\u00bb1498&#8243; background_image_as_pattern=\u00bbwithout_pattern\u00bb z_index=\u00bb\u00bb][vc_column][vc_empty_space height=\u00bb100&#8243;]<span data-type=\"square\" data-hover-bg-color=\"#42a589\"  class=\"qode_icon_shortcode fa-stack q_font_awsome_icon_square fa-2x  \" style=\"background-color: #004631;border: 1px solid #004631; \"><a   itemprop=\"url\" href=\"http:\/\/memoria.cepymearagon.es\/index.php\/2019-2\/\" target=\"_self\"><i class=\"qode_icon_font_awesome fa fa-home qode_icon_element\" style=\"\" ><\/i><\/a><\/span>[vc_empty_space height=\u00bb100&#8243;][\/vc_column][\/vc_row]<\/p>\n","protected":false},"excerpt":{"rendered":"<p>[vc_row css_animation=\u00bb\u00bb row_type=\u00bbrow\u00bb use_row_as_full_screen_section=\u00bbno\u00bb type=\u00bbfull_width\u00bb angled_section=\u00bbno\u00bb text_align=\u00bbleft\u00bb background_image_as_pattern=\u00bbwithout_pattern\u00bb z_index=\u00bb\u00bb][vc_column][qode_elements_holder number_of_columns=\u00bbone_column\u00bb][qode_elements_holder_item background_image=\u00bb1470&#8243; item_padding=\u00bb280px\u00bb vertical_alignment=\u00bbmiddle\u00bb horizontal_alignment=\u00bbcenter\u00bb advanced_animations=\u00bbno\u00bb][vc_column_text] ASAMBLEA GENERAL [\/vc_column_text][\/qode_elements_holder_item][\/qode_elements_holder][vc_empty_space][\/vc_column][\/vc_row][vc_row css_animation=\u00bbelement_from_top\u00bb row_type=\u00bbrow\u00bb use_row_as_full_screen_section=\u00bbno\u00bb type=\u00bbgrid\u00bb angled_section=\u00bbno\u00bb text_align=\u00bbleft\u00bb background_image_as_pattern=\u00bbwithout_pattern\u00bb z_index=\u00bb\u00bb][vc_column][vc_empty_space height=\u00bb45&#8243;][vc_empty_space height=\u00bb45&#8243;][\/vc_column][\/vc_row][vc_row css_animation=\u00bb\u00bb row_type=\u00bbrow\u00bb use_row_as_full_screen_section=\u00bbno\u00bb type=\u00bbgrid\u00bb angled_section=\u00bbno\u00bb text_align=\u00bbcenter\u00bb background_image_as_pattern=\u00bbwithout_pattern\u00bb z_index=\u00bb\u00bb][vc_column width=\u00bb1\/6&#8243;][vc_empty_space height=\u00bb45&#8243;][vc_empty_space height=\u00bb45&#8243;][vc_empty_space height=\u00bb45&#8243;][\/vc_column][vc_column width=\u00bb1\/6&#8243;][vc_empty_space height=\u00bb45&#8243;][vc_empty_space height=\u00bb45&#8243;][vc_empty_space height=\u00bb45&#8243;][\/vc_column][vc_column width=\u00bb1\/6&#8243;][vc_empty_space&#8230;<\/p>\n","protected":false},"author":2,"featured_media":0,"parent":0,"menu_order":0,"comment_status":"closed","ping_status":"closed","template":"landing_page.php","meta":{"footnotes":""},"class_list":["post-1556","page","type-page","status-publish","hentry"],"_links":{"self":[{"href":"https:\/\/memoria.cepymearagon.es\/index.php\/wp-json\/wp\/v2\/pages\/1556","targetHints":{"allow":["GET"]}}],"collection":[{"href":"https:\/\/memoria.cepymearagon.es\/index.php\/wp-json\/wp\/v2\/pages"}],"about":[{"href":"https:\/\/memoria.cepymearagon.es\/index.php\/wp-json\/wp\/v2\/types\/page"}],"author":[{"embeddable":true,"href":"https:\/\/memoria.cepymearagon.es\/index.php\/wp-json\/wp\/v2\/users\/2"}],"replies":[{"embeddable":true,"href":"https:\/\/memoria.cepymearagon.es\/index.php\/wp-json\/wp\/v2\/comments?post=1556"}],"version-history":[{"count":11,"href":"https:\/\/memoria.cepymearagon.es\/index.php\/wp-json\/wp\/v2\/pages\/1556\/revisions"}],"predecessor-version":[{"id":1559,"href":"https:\/\/memoria.cepymearagon.es\/index.php\/wp-json\/wp\/v2\/pages\/1556\/revisions\/1559"}],"wp:attachment":[{"href":"https:\/\/memoria.cepymearagon.es\/index.php\/wp-json\/wp\/v2\/media?parent=1556"}],"curies":[{"name":"wp","href":"https:\/\/api.w.org\/{rel}","templated":true}]}}