{"id":1451,"date":"2020-01-14T12:33:25","date_gmt":"2020-01-14T12:33:25","guid":{"rendered":"http:\/\/memoria.cepymearagon.es\/?page_id=1451"},"modified":"2020-01-27T15:43:23","modified_gmt":"2020-01-27T15:43:23","slug":"1451-2","status":"publish","type":"page","link":"https:\/\/memoria.cepymearagon.es\/index.php\/1451-2\/","title":{"rendered":"2019 Quienes somos"},"content":{"rendered":"<p>[vc_row css_animation=\u00bb\u00bb row_type=\u00bbrow\u00bb use_row_as_full_screen_section=\u00bbno\u00bb type=\u00bbfull_width\u00bb angled_section=\u00bbno\u00bb text_align=\u00bbleft\u00bb background_image_as_pattern=\u00bbwithout_pattern\u00bb][vc_column][qode_elements_holder number_of_columns=\u00bbone_column\u00bb][qode_elements_holder_item background_image=\u00bb1470&#8243; item_padding=\u00bb280px\u00bb vertical_alignment=\u00bbmiddle\u00bb horizontal_alignment=\u00bbcenter\u00bb advanced_animations=\u00bbno\u00bb][vc_column_text]<\/p>\n<h1 style=\"text-align: center;\">QUI\u00c9NES SOMOS<\/h1>\n<p>[\/vc_column_text][\/qode_elements_holder_item][\/qode_elements_holder][vc_empty_space][\/vc_column][\/vc_row][vc_row css_animation=\u00bb\u00bb row_type=\u00bbrow\u00bb use_row_as_full_screen_section=\u00bbno\u00bb type=\u00bbgrid\u00bb angled_section=\u00bbno\u00bb text_align=\u00bbleft\u00bb background_image_as_pattern=\u00bbwithout_pattern\u00bb z_index=\u00bb\u00bb][vc_column width=\u00bb1\/5&#8243;][counter type=\u00bbzero\u00bb box=\u00bbno\u00bb position=\u00bbcenter\u00bb font_weight=\u00bb400&#8243; text_font_weight=\u00bb600&#8243; text_transform=\u00bbuppercase\u00bb separator=\u00bbno\u00bb digit=\u00bb267&#8243; font_color=\u00bb#004631&#8243; text=\u00bbasociaciones\u00bb text_color=\u00bb#42a589&#8243;][\/vc_column][vc_column width=\u00bb1\/5&#8243;][counter type=\u00bbzero\u00bb box=\u00bbno\u00bb position=\u00bbcenter\u00bb font_weight=\u00bb400&#8243; text_font_weight=\u00bb600&#8243; separator=\u00bbno\u00bb digit=\u00bb30500&#8243; font_color=\u00bb#004631&#8243; text=\u00bbpymes y aut\u00f3nomos\u00bb text_color=\u00bb#42a589&#8243;][\/vc_column][vc_column width=\u00bb1\/5&#8243;][counter type=\u00bbzero\u00bb box=\u00bbno\u00bb position=\u00bbcenter\u00bb font_weight=\u00bb400&#8243; text_font_weight=\u00bb600&#8243; separator=\u00bbno\u00bb digit=\u00bb160&#8243; font_color=\u00bb#004631&#8243; text=\u00bbcooperativas agroalimentarias\u00bb text_color=\u00bb#42a589&#8243;][\/vc_column][vc_column width=\u00bb1\/5&#8243;][counter type=\u00bbzero\u00bb box=\u00bbno\u00bb position=\u00bbcenter\u00bb font_weight=\u00bb400&#8243; text_font_weight=\u00bb600&#8243; separator=\u00bbno\u00bb digit=\u00bb50000&#8243; font_color=\u00bb#004631&#8243; text=\u00bbcooperativistas\u00bb text_color=\u00bb#42a589&#8243;][\/vc_column][vc_column width=\u00bb1\/5&#8243;][counter type=\u00bbzero\u00bb box=\u00bbno\u00bb position=\u00bbcenter\u00bb font_weight=\u00bb400&#8243; text_font_weight=\u00bb600&#8243; separator=\u00bbno\u00bb digit=\u00bb3&#8243; font_color=\u00bb#004631&#8243; text=\u00bbcolegios profesionales\u00bb text_color=\u00bb#42a589&#8243;][\/vc_column][\/vc_row][vc_row css_animation=\u00bb\u00bb row_type=\u00bbrow\u00bb use_row_as_full_screen_section=\u00bbno\u00bb type=\u00bbfull_width\u00bb angled_section=\u00bbno\u00bb text_align=\u00bbleft\u00bb background_image_as_pattern=\u00bbwithout_pattern\u00bb][vc_column][vc_empty_space height=\u00bb64px\u00bb][\/vc_column][\/vc_row][vc_row css_animation=\u00bb\u00bb row_type=\u00bbrow\u00bb use_row_as_full_screen_section=\u00bbno\u00bb type=\u00bbgrid\u00bb angled_section=\u00bbno\u00bb text_align=\u00bbleft\u00bb background_image_as_pattern=\u00bbwithout_pattern\u00bb z_index=\u00bb\u00bb css=\u00bb.vc_custom_1579099824627{background-image: url(http:\/\/memoria.cepymearagon.es\/wp-content\/uploads\/2020\/01\/mapa.jpg?id=1476) !important;}\u00bb][vc_column width=\u00bb1\/3&#8243;][\/vc_column][vc_column width=\u00bb1\/3&#8243;][vc_empty_space height=\u00bb70&#8243;][vc_hoverbox image=\u00bb1481&#8243; primary_title=\u00bb\u00bb primary_align=\u00bbright\u00bb hover_title=\u00bb\u00bb hover_title_font_container=\u00bbline_height:100&#8243; shape=\u00bbround\u00bb el_width=\u00bb90&#8243; align=\u00bbright\u00bb primary_title_link=\u00bb|||\u00bb css=\u00bb.vc_custom_1579185341211{margin-right: -150px !important;margin-left: 150px !important;}\u00bb]<strong>73 ASOCIACIONES<\/strong><\/p>\n<p>&nbsp;<\/p>\n<p><strong>7.000 PYMES Y AUT\u00d3NOMOS<\/strong><\/p>\n<p>&nbsp;<\/p>\n<p><a href=\"https:\/\/www.facebook.com\/ceoscepymehuesca\/\"><img loading=\"lazy\" decoding=\"async\" class=\"alignnone wp-image-1485 size-full\" src=\"http:\/\/memoria.cepymearagon.es\/wp-content\/uploads\/2020\/01\/FB.png\" alt=\"\" width=\"30\" height=\"30\" \/><\/a>\u00a0<a href=\"https:\/\/twitter.com\/CEOS_CEPYME\"><img loading=\"lazy\" decoding=\"async\" class=\"alignnone wp-image-1487 size-full\" src=\"http:\/\/memoria.cepymearagon.es\/wp-content\/uploads\/2020\/01\/TW.png\" alt=\"\" width=\"30\" height=\"30\" \/><\/a>\u00a0<a href=\"http:\/\/www.ceos.es\/\"><img loading=\"lazy\" decoding=\"async\" class=\"alignnone wp-image-1490 size-full\" src=\"http:\/\/memoria.cepymearagon.es\/wp-content\/uploads\/2020\/01\/WB.png\" alt=\"\" width=\"30\" height=\"30\" \/><\/a>[\/vc_hoverbox][vc_hoverbox image=\u00bb1494&#8243; primary_title=\u00bb\u00bb hover_title=\u00bb\u00bb shape=\u00bbround\u00bb el_width=\u00bb90&#8243; primary_title_link=\u00bb|||\u00bb css=\u00bb.vc_custom_1580139792778{margin-top: -50px !important;margin-right: 90px !important;margin-bottom: 20px !important;margin-left: -90px !important;}\u00bb]<strong>147 ASOCIACIONES<\/strong><\/p>\n<p>&nbsp;<\/p>\n<p><strong>19.000 PYMES Y AUT\u00d3NOMOS<\/strong><\/p>\n<p>&nbsp;<\/p>\n<p><a href=\"https:\/\/www.facebook.com\/CepymeAragon\/\"><img loading=\"lazy\" decoding=\"async\" class=\"alignnone wp-image-1485 size-full\" src=\"http:\/\/memoria.cepymearagon.es\/wp-content\/uploads\/2020\/01\/FB.png\" alt=\"\" width=\"30\" height=\"30\" \/><\/a>\u00a0<a href=\"https:\/\/twitter.com\/cepymearagon\"><img loading=\"lazy\" decoding=\"async\" class=\"alignnone wp-image-1487 size-full\" src=\"http:\/\/memoria.cepymearagon.es\/wp-content\/uploads\/2020\/01\/TW.png\" alt=\"\" width=\"30\" height=\"30\" \/><\/a>\u00a0<a href=\"https:\/\/www.youtube.com\/channel\/UCHTBICUmfrc2TgxMh1_pW9w\"><img loading=\"lazy\" decoding=\"async\" class=\"alignnone wp-image-1488 size-full\" src=\"http:\/\/memoria.cepymearagon.es\/wp-content\/uploads\/2020\/01\/YT.png\" alt=\"\" width=\"30\" height=\"30\" \/><\/a>\u00a0<a href=\"https:\/\/www.linkedin.com\/company\/confederacion-peque-a-y-mediana-empresa-aragonesa\"><img loading=\"lazy\" decoding=\"async\" class=\"alignnone wp-image-1486 size-full\" src=\"http:\/\/memoria.cepymearagon.es\/wp-content\/uploads\/2020\/01\/LN.png\" alt=\"\" width=\"30\" height=\"30\" \/><\/a>\u00a0<a href=\"https:\/\/www.cepymearagon.es\/\"><img loading=\"lazy\" decoding=\"async\" class=\"alignnone wp-image-1490 size-full\" src=\"http:\/\/memoria.cepymearagon.es\/wp-content\/uploads\/2020\/01\/WB.png\" alt=\"\" width=\"30\" height=\"30\" \/><\/a>[\/vc_hoverbox][vc_hoverbox image=\u00bb1493&#8243; primary_title=\u00bb\u00bb hover_title=\u00bb\u00bb shape=\u00bbround\u00bb el_width=\u00bb90&#8243; primary_title_link=\u00bb|||\u00bb]<strong>49 ASOCIACIONES<\/strong><\/p>\n<p>&nbsp;<\/p>\n<p><strong>4.500 PYMES Y AUT\u00d3NOMOS<\/strong><\/p>\n<p>&nbsp;<\/p>\n<p><a href=\"https:\/\/www.facebook.com\/CEOETERUEL\/\"><img loading=\"lazy\" decoding=\"async\" class=\"alignnone wp-image-1485 size-full\" src=\"http:\/\/memoria.cepymearagon.es\/wp-content\/uploads\/2020\/01\/FB.png\" alt=\"\" width=\"30\" height=\"30\" \/><\/a>\u00a0<a href=\"https:\/\/twitter.com\/CEOE_Teruel\"><img loading=\"lazy\" decoding=\"async\" class=\"alignnone wp-image-1487 size-full\" src=\"http:\/\/memoria.cepymearagon.es\/wp-content\/uploads\/2020\/01\/TW.png\" alt=\"\" width=\"30\" height=\"30\" \/><\/a>\u00a0<a href=\"http:\/\/www.ceoeteruel.es\/\"><img loading=\"lazy\" decoding=\"async\" class=\"alignnone wp-image-1490 size-full\" src=\"http:\/\/memoria.cepymearagon.es\/wp-content\/uploads\/2020\/01\/WB.png\" alt=\"\" width=\"30\" height=\"30\" \/><\/a>[\/vc_hoverbox][vc_empty_space height=\u00bb70&#8243;][\/vc_column][vc_column width=\u00bb1\/3&#8243;][\/vc_column][\/vc_row][vc_row css_animation=\u00bb\u00bb row_type=\u00bbrow\u00bb use_row_as_full_screen_section=\u00bbno\u00bb type=\u00bbfull_width\u00bb angled_section=\u00bbno\u00bb text_align=\u00bbleft\u00bb background_image_as_pattern=\u00bbwithout_pattern\u00bb][vc_column][vc_empty_space height=\u00bb64px\u00bb][\/vc_column][\/vc_row][vc_row css_animation=\u00bb\u00bb row_type=\u00bbrow\u00bb use_row_as_full_screen_section=\u00bbno\u00bb type=\u00bbgrid\u00bb angled_section=\u00bbno\u00bb text_align=\u00bbleft\u00bb background_image_as_pattern=\u00bbwithout_pattern\u00bb z_index=\u00bb\u00bb][vc_column width=\u00bb1\/3&#8243;][image_with_text_over icon=\u00bbfa-users\u00bb icon_size=\u00bbfa-2x\u00bb title_tag=\u00bbh2&#8243; title=\u00bbMisi\u00f3n\u00bb image=\u00bb153&#8243; image_shader_color=\u00bb#42a589&#8243;]Organizaci\u00f3n empresarial que tiene como principal finalidad la defensa y representaci\u00f3n de los intereses de la Peque\u00f1a y Mediana Empresa Aragonesa y de los trabajadores aut\u00f3nomos.[\/image_with_text_over][\/vc_column][vc_column width=\u00bb1\/3&#8243;][image_with_text_over icon=\u00bbfa-check-square\u00bb icon_size=\u00bbfa-2x\u00bb title_tag=\u00bbh2&#8243; title=\u00bbVisi\u00f3n\u00bb image=\u00bb166&#8243; image_shader_color=\u00bb#42a589&#8243;]Ser reconocidos como la Organizaci\u00f3n Empresarial de referencia por su pluralidad, honestidad, profesionalidad y su actitud constructiva e impulsora de cambios e iniciativas, para con ello responder a las inquietudes, necesidades y aspiraciones de las Peque\u00f1as y Medianas Empresas aragonesas y de los trabajadores aut\u00f3nomos.[\/image_with_text_over][\/vc_column][vc_column width=\u00bb1\/3&#8243;][image_with_text_over icon=\u00bbfa-certificate\u00bb icon_size=\u00bbfa-2x\u00bb title_tag=\u00bbh2&#8243; title=\u00bbValores\u00bb image_shader_color=\u00bb#42a589&#8243; image=\u00bb153&#8243;]<\/p>\n<ul>\n<li>Compromiso<\/li>\n<li>Transparencia<\/li>\n<li>Participaci\u00f3n<\/li>\n<li>Calidad<\/li>\n<li>Innovaci\u00f3n<\/li>\n<li>Responsabilidad Social<\/li>\n<\/ul>\n<p>[\/image_with_text_over][\/vc_column][\/vc_row][vc_row css_animation=\u00bb\u00bb row_type=\u00bbrow\u00bb use_row_as_full_screen_section=\u00bbno\u00bb type=\u00bbfull_width\u00bb angled_section=\u00bbno\u00bb text_align=\u00bbcenter\u00bb background_image=\u00bb1498&#8243; background_image_as_pattern=\u00bbwithout_pattern\u00bb z_index=\u00bb\u00bb][vc_column][vc_empty_space height=\u00bb100&#8243;][icons icon=\u00bbfa-home\u00bb size=\u00bbfa-2x\u00bb type=\u00bbsquare\u00bb border=\u00bbyes\u00bb link=\u00bbhttp:\/\/memoria.cepymearagon.es\/index.php\/2019-2\/\u00bb target=\u00bb_self\u00bb icon_color=\u00bb#ffffff\u00bb icon_hover_color=\u00bb#ffffff\u00bb background_color=\u00bb#004631&#8243; hover_background_color=\u00bb#42a589&#8243; border_color=\u00bb#004631&#8243;][vc_empty_space height=\u00bb100&#8243;][\/vc_column][\/vc_row]<\/p>\n","protected":false},"excerpt":{"rendered":"<p>[vc_row css_animation=\u00bb\u00bb row_type=\u00bbrow\u00bb use_row_as_full_screen_section=\u00bbno\u00bb type=\u00bbfull_width\u00bb angled_section=\u00bbno\u00bb text_align=\u00bbleft\u00bb background_image_as_pattern=\u00bbwithout_pattern\u00bb][vc_column][qode_elements_holder number_of_columns=\u00bbone_column\u00bb][qode_elements_holder_item background_image=\u00bb1470&#8243; item_padding=\u00bb280px\u00bb vertical_alignment=\u00bbmiddle\u00bb horizontal_alignment=\u00bbcenter\u00bb advanced_animations=\u00bbno\u00bb][vc_column_text] QUI\u00c9NES SOMOS [\/vc_column_text][\/qode_elements_holder_item][\/qode_elements_holder][vc_empty_space][\/vc_column][\/vc_row][vc_row css_animation=\u00bb\u00bb row_type=\u00bbrow\u00bb use_row_as_full_screen_section=\u00bbno\u00bb type=\u00bbgrid\u00bb angled_section=\u00bbno\u00bb text_align=\u00bbleft\u00bb background_image_as_pattern=\u00bbwithout_pattern\u00bb z_index=\u00bb\u00bb][vc_column width=\u00bb1\/5&#8243;][counter type=\u00bbzero\u00bb box=\u00bbno\u00bb position=\u00bbcenter\u00bb font_weight=\u00bb400&#8243; text_font_weight=\u00bb600&#8243; text_transform=\u00bbuppercase\u00bb separator=\u00bbno\u00bb digit=\u00bb267&#8243; font_color=\u00bb#004631&#8243; text=\u00bbasociaciones\u00bb text_color=\u00bb#42a589&#8243;][\/vc_column][vc_column width=\u00bb1\/5&#8243;][counter type=\u00bbzero\u00bb box=\u00bbno\u00bb position=\u00bbcenter\u00bb font_weight=\u00bb400&#8243; text_font_weight=\u00bb600&#8243; separator=\u00bbno\u00bb digit=\u00bb30500&#8243; font_color=\u00bb#004631&#8243; text=\u00bbpymes y aut\u00f3nomos\u00bb text_color=\u00bb#42a589&#8243;][\/vc_column][vc_column width=\u00bb1\/5&#8243;][counter type=\u00bbzero\u00bb box=\u00bbno\u00bb position=\u00bbcenter\u00bb font_weight=\u00bb400&#8243; [&hellip;]<\/p>\n","protected":false},"author":2,"featured_media":0,"parent":0,"menu_order":0,"comment_status":"closed","ping_status":"closed","template":"landing_page.php","meta":{"footnotes":""},"class_list":["post-1451","page","type-page","status-publish","hentry"],"_links":{"self":[{"href":"https:\/\/memoria.cepymearagon.es\/index.php\/wp-json\/wp\/v2\/pages\/1451","targetHints":{"allow":["GET"]}}],"collection":[{"href":"https:\/\/memoria.cepymearagon.es\/index.php\/wp-json\/wp\/v2\/pages"}],"about":[{"href":"https:\/\/memoria.cepymearagon.es\/index.php\/wp-json\/wp\/v2\/types\/page"}],"author":[{"embeddable":true,"href":"https:\/\/memoria.cepymearagon.es\/index.php\/wp-json\/wp\/v2\/users\/2"}],"replies":[{"embeddable":true,"href":"https:\/\/memoria.cepymearagon.es\/index.php\/wp-json\/wp\/v2\/comments?post=1451"}],"version-history":[{"count":28,"href":"https:\/\/memoria.cepymearagon.es\/index.php\/wp-json\/wp\/v2\/pages\/1451\/revisions"}],"predecessor-version":[{"id":1596,"href":"https:\/\/memoria.cepymearagon.es\/index.php\/wp-json\/wp\/v2\/pages\/1451\/revisions\/1596"}],"wp:attachment":[{"href":"https:\/\/memoria.cepymearagon.es\/index.php\/wp-json\/wp\/v2\/media?parent=1451"}],"curies":[{"name":"wp","href":"https:\/\/api.w.org\/{rel}","templated":true}]}}