{"id":1191,"date":"2019-03-27T15:52:43","date_gmt":"2019-03-27T15:52:43","guid":{"rendered":"http:\/\/memoria.cepymearagon.es\/?page_id=1191"},"modified":"2019-03-27T16:08:56","modified_gmt":"2019-03-27T16:08:56","slug":"comunicacion","status":"publish","type":"page","link":"https:\/\/memoria.cepymearagon.es\/index.php\/comunicacion\/","title":{"rendered":"Comunicaci\u00f3n"},"content":{"rendered":"<p>[vc_row css_animation=\u00bbelement_from_bottom\u00bb row_type=\u00bbrow\u00bb use_row_as_full_screen_section=\u00bbno\u00bb type=\u00bbgrid\u00bb angled_section=\u00bbno\u00bb text_align=\u00bbleft\u00bb background_image_as_pattern=\u00bbwithout_pattern\u00bb z_index=\u00bb\u00bb][vc_column][vc_empty_space][icon_text box_type=\u00bbicon_in_a_box\u00bb icon_type=\u00bbnormal\u00bb icon_size=\u00bbfa-lg\u00bb use_custom_icon_size=\u00bbno\u00bb title=\u00bbCOMUNICACI\u00d3N\u00bb title_tag=\u00bbh2&#8243; separator=\u00bbno\u00bb][vc_empty_space height=\u00bb48&#8243;][\/vc_column][\/vc_row][vc_row css_animation=\u00bbelement_from_bottom\u00bb row_type=\u00bbrow\u00bb use_row_as_full_screen_section=\u00bbno\u00bb type=\u00bbgrid\u00bb angled_section=\u00bbno\u00bb text_align=\u00bbleft\u00bb background_image_as_pattern=\u00bbwithout_pattern\u00bb z_index=\u00bb\u00bb][vc_column width=\u00bb1\/2&#8243;][qode_in_device_slider device=\u00bbdesktop\u00bb titles_on_hover=\u00bbno\u00bb navigation=\u00bbno\u00bb auto_start=\u00bbyes\u00bb][qode_in_device_slider_item target=\u00bb_self\u00bb image=\u00bb1197&#8243;][qode_in_device_slider_item target=\u00bb_self\u00bb image=\u00bb1199&#8243;][qode_in_device_slider_item target=\u00bb_self\u00bb image=\u00bb1200&#8243;][\/qode_in_device_slider][\/vc_column][vc_column width=\u00bb1\/2&#8243;][vc_tabs style=\u00bbboxed\u00bb][vc_tab title=\u00bbAtenci\u00f3n al asociado\u00bb tab_id=\u00bb1552574792928-2-2e888-ddeb\u00bb][vc_empty_space height=\u00bb30&#8243;][vc_row_inner row_type=\u00bbrow\u00bb type=\u00bbfull_width\u00bb text_align=\u00bbleft\u00bb css_animation=\u00bb\u00bb][vc_column_inner width=\u00bb1\/3&#8243;][counter type=\u00bbzero\u00bb box=\u00bbno\u00bb position=\u00bbcenter\u00bb font_weight=\u00bb400&#8243; separator=\u00bbyes\u00bb digit=\u00bb639&#8243; text=\u00bbconsultas atendidas\u00bb font_size=\u00bb50&#8243; text_size=\u00bb12&#8243;][\/vc_column_inner][vc_column_inner width=\u00bb1\/3&#8243;][counter type=\u00bbzero\u00bb box=\u00bbno\u00bb position=\u00bbcenter\u00bb font_weight=\u00bb400&#8243; separator=\u00bbyes\u00bb digit=\u00bb38342&#8243; text=\u00bbLlamadas recibidas\u00bb font_size=\u00bb50&#8243; text_size=\u00bb12&#8243;][\/vc_column_inner][vc_column_inner width=\u00bb1\/3&#8243;][counter type=\u00bbzero\u00bb box=\u00bbno\u00bb position=\u00bbcenter\u00bb font_weight=\u00bb400&#8243; separator=\u00bbyes\u00bb digit=\u00bb118&#8243; text=\u00bbReuniones con asociaciones\u00bb font_size=\u00bb50&#8243; text_size=\u00bb12&#8243;][\/vc_column_inner][\/vc_row_inner][vc_column_text]CEPYME Arag\u00f3n ofrece un amplio abanico de servicios y asesor\u00edas para pymes y aut\u00f3nomos que abarcan los distintos \u00e1mbitos de la empresa.<\/p>\n<p>&nbsp;<\/p>\n<p>A lo largo de 2018 se han atendido 639 consultas, siendo Laboral la asesor\u00eda que m\u00e1s ha recibido con un total de 302, seguida de Prevenci\u00f3n de Riesgos Laborales y Civil-Mercantil. As\u00ed<strong> se ha duplicado<\/strong> el n\u00famero de consultas atendidas por las distintas asesor\u00edas.<\/p>\n<p>&nbsp;<\/p>\n<p>Por otro lado, CEPYME Arag\u00f3n ha recibido un total de 38342 llamadas y se han realizado 51308 llamadas.<\/p>\n<p>&nbsp;<\/p>\n<p>Asimismo, las asociaciones son el ADN de CEPYME Arag\u00f3n, por ello, con el objetivo de conocer sus demandas y preocupaciones, se mantienen reuniones peri\u00f3dicas. En 2018, se ha mantenido un total de 118.[\/vc_column_text][\/vc_tab][vc_tab title=\u00bbCirculares\u00bb tab_id=\u00bb2450ae19-cb59-4e888-ddeb\u00bb][vc_empty_space height=\u00bb30&#8243;][vc_row_inner row_type=\u00bbrow\u00bb type=\u00bbfull_width\u00bb text_align=\u00bbleft\u00bb css_animation=\u00bb\u00bb][vc_column_inner width=\u00bb1\/2&#8243;][counter type=\u00bbzero\u00bb box=\u00bbno\u00bb position=\u00bbcenter\u00bb font_weight=\u00bb400&#8243; separator=\u00bbyes\u00bb digit=\u00bb47&#8243; text=\u00bbcirculares\u00bb font_size=\u00bb50&#8243; text_size=\u00bb12&#8243;][\/vc_column_inner][vc_column_inner width=\u00bb1\/2&#8243;][counter type=\u00bbzero\u00bb box=\u00bbno\u00bb position=\u00bbcenter\u00bb font_weight=\u00bb400&#8243; separator=\u00bbyes\u00bb digit=\u00bb23253&#8243; text=\u00bbmailings\u00bb font_size=\u00bb50&#8243; text_size=\u00bb12&#8243;][\/vc_column_inner][\/vc_row_inner][vc_empty_space height=\u00bb10&#8243;][vc_column_text]En 2018 se ha renovado la imagen de las circulares para que resulten m\u00e1s visuales y ligeras y se ha establecido una periodicidad semanal para el env\u00edo de \u00e9stas. As\u00ed, cada martes se env\u00eda una circular con informaci\u00f3n de inter\u00e9s a los asociados.<\/p>\n<p>&nbsp;<\/p>\n<p>Por otro lado, existen temas y cuestiones que, por su importancia o urgencia, merecen ser transmitidas a los asociados fuera de una circular. Por ello, con el objetivo de dar un mejor servicio de comunicaci\u00f3n se ha establecido los jueves como d\u00eda para estos mailings exclusivos.[\/vc_column_text][\/vc_tab][vc_tab title=\u00bbWeb\u00bb tab_id=\u00bb1552575067425-2-3e888-ddeb\u00bb][vc_empty_space height=\u00bb30&#8243;][vc_row_inner row_type=\u00bbrow\u00bb type=\u00bbfull_width\u00bb text_align=\u00bbleft\u00bb css_animation=\u00bb\u00bb][vc_column_inner width=\u00bb1\/2&#8243;][counter type=\u00bbzero\u00bb box=\u00bbno\u00bb position=\u00bbcenter\u00bb font_weight=\u00bb400&#8243; separator=\u00bbyes\u00bb digit=\u00bb64789&#8243; text=\u00bbvisitas\u00bb font_size=\u00bb50&#8243; text_size=\u00bb12&#8243;][\/vc_column_inner][vc_column_inner width=\u00bb1\/2&#8243;][counter type=\u00bbzero\u00bb box=\u00bbno\u00bb position=\u00bbcenter\u00bb font_weight=\u00bb400&#8243; separator=\u00bbyes\u00bb digit=\u00bb388&#8243; text=\u00bbpublicaciones\u00bb font_size=\u00bb50&#8243; text_size=\u00bb12&#8243;][\/vc_column_inner][\/vc_row_inner][vc_empty_space height=\u00bb10&#8243;][vc_row_inner row_type=\u00bbrow\u00bb type=\u00bbfull_width\u00bb text_align=\u00bbcenter\u00bb css_animation=\u00bb\u00bb][vc_column_inner width=\u00bb1\/3&#8243;][\/vc_column_inner][vc_column_inner width=\u00bb1\/3&#8243;][social_icons type=\u00bbcircle_social\u00bb icon=\u00bbfa-windows\u00bb use_custom_size=\u00bbno\u00bb size=\u00bbfa-lg\u00bb link=\u00bbhttp:\/\/www.cepymearagon.es\/\u00bb target=\u00bb_self\u00bb icon_color=\u00bb#004631&#8243; icon_hover_color=\u00bb#cad327&#8243; background_color=\u00bb#cad327&#8243; background_hover_color=\u00bb#004631&#8243;][\/vc_column_inner][vc_column_inner width=\u00bb1\/3&#8243;][\/vc_column_inner][\/vc_row_inner][vc_empty_space height=\u00bb15&#8243;][vc_column_text]En 2018 se ha renovado la imagen de la p\u00e1gina web de CEPYME Arag\u00f3n para transmitir una nueva imagen actualizada y moderna.<\/p>\n<p>&nbsp;<\/p>\n<p>Se han publicado contenidos din\u00e1micos y de inter\u00e9s sobre temas muy dispares: ayudas y subvenciones, informaci\u00f3n fiscal, informaci\u00f3n civil y mercantil, eventos, as\u00ed como cuestiones corporativas y de las propias asociaciones que forman parte de CEPYME Arag\u00f3n.<\/p>\n<p>&nbsp;<\/p>\n<p>Todo ello ha permitido alcanza las 64.789 visitas, muy por encima de lo registrado en 2017.[\/vc_column_text][\/vc_tab][vc_tab title=\u00bbRRSS\u00bb tab_id=\u00bb1553700639196-3-5&#8243;][vc_empty_space height=\u00bb30&#8243;][vc_row_inner row_type=\u00bbrow\u00bb type=\u00bbfull_width\u00bb text_align=\u00bbleft\u00bb css_animation=\u00bb\u00bb][vc_column_inner width=\u00bb1\/2&#8243;][counter type=\u00bbzero\u00bb box=\u00bbno\u00bb position=\u00bbcenter\u00bb font_weight=\u00bb400&#8243; separator=\u00bbyes\u00bb digit=\u00bb332938&#8243; text=\u00bbimpresiones por tweet\u00bb font_size=\u00bb50&#8243; text_size=\u00bb12&#8243;][\/vc_column_inner][vc_column_inner width=\u00bb1\/2&#8243;][counter type=\u00bbzero\u00bb box=\u00bbno\u00bb position=\u00bbcenter\u00bb font_weight=\u00bb400&#8243; separator=\u00bbyes\u00bb digit=\u00bb76869&#8243; text=\u00bbalcance en Facebook\u00bb font_size=\u00bb50&#8243; text_size=\u00bb12&#8243;][\/vc_column_inner][\/vc_row_inner][vc_empty_space height=\u00bb15&#8243;][vc_row_inner row_type=\u00bbrow\u00bb type=\u00bbfull_width\u00bb text_align=\u00bbcenter\u00bb css_animation=\u00bb\u00bb][vc_column_inner width=\u00bb1\/3&#8243;][\/vc_column_inner][vc_column_inner width=\u00bb1\/3&#8243;][social_icons type=\u00bbcircle_social\u00bb icon=\u00bbfa-facebook\u00bb use_custom_size=\u00bbno\u00bb size=\u00bbfa-lg\u00bb link=\u00bbhttps:\/\/www.facebook.com\/CepymeAragon\/\u00bb target=\u00bb_self\u00bb icon_color=\u00bb#004631&#8243; icon_hover_color=\u00bb#cad327&#8243; background_color=\u00bb#cad327&#8243; background_hover_color=\u00bb#004631&#8243;][social_icons type=\u00bbcircle_social\u00bb icon=\u00bbfa-twitter\u00bb use_custom_size=\u00bbno\u00bb size=\u00bbfa-lg\u00bb link=\u00bbhttps:\/\/twitter.com\/cepymearagon\u00bb target=\u00bb_self\u00bb icon_color=\u00bb#004631&#8243; icon_hover_color=\u00bb#cad327&#8243; background_color=\u00bb#cad327&#8243; background_hover_color=\u00bb#004631&#8243;][\/vc_column_inner][vc_column_inner width=\u00bb1\/3&#8243;][\/vc_column_inner][\/vc_row_inner][vc_empty_space height=\u00bb20&#8243;][vc_column_text]CEPYME Arag\u00f3n apuesta muy fuerte por las redes sociales como medio para acercar a la sociedad cuestiones que afectan a pymesy aut\u00f3nomos. Por ello, se ha continuado con la labor de comunicar contenidos de inter\u00e9s a trav\u00e9s de los perfiles de Facebook y Twitter.<\/p>\n<p>&nbsp;<\/p>\n<p>En 2018 <strong>se han ganado m\u00e1s de 100 seguidores<\/strong> en la p\u00e1gina de Facebook y casi <strong>500<\/strong> en el perfil de Twitter. As\u00ed, se han alcanzado los 749 en la primera y los 2924 en el segundo.[\/vc_column_text][\/vc_tab][vc_tab title=\u00bbprensa\u00bb tab_id=\u00bb1553701179269-4-2&#8243;][vc_empty_space height=\u00bb30&#8243;][vc_row_inner row_type=\u00bbrow\u00bb type=\u00bbfull_width\u00bb text_align=\u00bbleft\u00bb css_animation=\u00bb\u00bb][vc_column_inner width=\u00bb1\/2&#8243;][counter type=\u00bbzero\u00bb box=\u00bbno\u00bb position=\u00bbcenter\u00bb font_weight=\u00bb400&#8243; separator=\u00bbyes\u00bb digit=\u00bb57&#8243; text=\u00bbnotas de prensa\u00bb font_size=\u00bb50&#8243; text_size=\u00bb12&#8243;][\/vc_column_inner][vc_column_inner width=\u00bb1\/2&#8243;][counter type=\u00bbzero\u00bb box=\u00bbno\u00bb position=\u00bbcenter\u00bb font_weight=\u00bb400&#8243; separator=\u00bbyes\u00bb digit=\u00bb640&#8243; text=\u00bbimpactos\u00bb font_size=\u00bb50&#8243; text_size=\u00bb12&#8243;][\/vc_column_inner][\/vc_row_inner][vc_column_text]CEPYME Arag\u00f3n contin\u00faa con el objetivo de aumenta la presencia en los medios de comunicaci\u00f3n a trav\u00e9s del env\u00edo de notas de prensa as\u00ed como de art\u00edculos de opini\u00f3n. Una labor que ha hecho aumentar la cantidad de impactos en \u00e9stos.[\/vc_column_text][\/vc_tab][\/vc_tabs][\/vc_column][\/vc_row][vc_row css_animation=\u00bb\u00bb row_type=\u00bbrow\u00bb use_row_as_full_screen_section=\u00bbno\u00bb type=\u00bbfull_width\u00bb angled_section=\u00bbno\u00bb text_align=\u00bbleft\u00bb background_image_as_pattern=\u00bbwithout_pattern\u00bb][vc_column][vc_empty_space height=\u00bb100&#8243;][\/vc_column][\/vc_row]<\/p>\n","protected":false},"excerpt":{"rendered":"<p>[vc_row css_animation=\u00bbelement_from_bottom\u00bb row_type=\u00bbrow\u00bb use_row_as_full_screen_section=\u00bbno\u00bb type=\u00bbgrid\u00bb angled_section=\u00bbno\u00bb text_align=\u00bbleft\u00bb background_image_as_pattern=\u00bbwithout_pattern\u00bb z_index=\u00bb\u00bb][vc_column][vc_empty_space][icon_text box_type=\u00bbicon_in_a_box\u00bb icon_type=\u00bbnormal\u00bb icon_size=\u00bbfa-lg\u00bb use_custom_icon_size=\u00bbno\u00bb title=\u00bbCOMUNICACI\u00d3N\u00bb title_tag=\u00bbh2&#8243; separator=\u00bbno\u00bb][vc_empty_space height=\u00bb48&#8243;][\/vc_column][\/vc_row][vc_row css_animation=\u00bbelement_from_bottom\u00bb row_type=\u00bbrow\u00bb use_row_as_full_screen_section=\u00bbno\u00bb type=\u00bbgrid\u00bb angled_section=\u00bbno\u00bb text_align=\u00bbleft\u00bb background_image_as_pattern=\u00bbwithout_pattern\u00bb z_index=\u00bb\u00bb][vc_column width=\u00bb1\/2&#8243;][qode_in_device_slider device=\u00bbdesktop\u00bb titles_on_hover=\u00bbno\u00bb navigation=\u00bbno\u00bb auto_start=\u00bbyes\u00bb][qode_in_device_slider_item target=\u00bb_self\u00bb image=\u00bb1197&#8243;][qode_in_device_slider_item target=\u00bb_self\u00bb image=\u00bb1199&#8243;][qode_in_device_slider_item target=\u00bb_self\u00bb image=\u00bb1200&#8243;][\/qode_in_device_slider][\/vc_column][vc_column width=\u00bb1\/2&#8243;][vc_tabs style=\u00bbboxed\u00bb][vc_tab title=\u00bbAtenci\u00f3n al asociado\u00bb tab_id=\u00bb1552574792928-2-2e888-ddeb\u00bb][vc_empty_space height=\u00bb30&#8243;][vc_row_inner row_type=\u00bbrow\u00bb type=\u00bbfull_width\u00bb text_align=\u00bbleft\u00bb css_animation=\u00bb\u00bb][vc_column_inner width=\u00bb1\/3&#8243;][counter type=\u00bbzero\u00bb box=\u00bbno\u00bb position=\u00bbcenter\u00bb font_weight=\u00bb400&#8243; separator=\u00bbyes\u00bb digit=\u00bb639&#8243; text=\u00bbconsultas [&hellip;]<\/p>\n","protected":false},"author":2,"featured_media":0,"parent":0,"menu_order":0,"comment_status":"closed","ping_status":"closed","template":"landing_page.php","meta":{"footnotes":""},"class_list":["post-1191","page","type-page","status-publish","hentry"],"_links":{"self":[{"href":"https:\/\/memoria.cepymearagon.es\/index.php\/wp-json\/wp\/v2\/pages\/1191","targetHints":{"allow":["GET"]}}],"collection":[{"href":"https:\/\/memoria.cepymearagon.es\/index.php\/wp-json\/wp\/v2\/pages"}],"about":[{"href":"https:\/\/memoria.cepymearagon.es\/index.php\/wp-json\/wp\/v2\/types\/page"}],"author":[{"embeddable":true,"href":"https:\/\/memoria.cepymearagon.es\/index.php\/wp-json\/wp\/v2\/users\/2"}],"replies":[{"embeddable":true,"href":"https:\/\/memoria.cepymearagon.es\/index.php\/wp-json\/wp\/v2\/comments?post=1191"}],"version-history":[{"count":11,"href":"https:\/\/memoria.cepymearagon.es\/index.php\/wp-json\/wp\/v2\/pages\/1191\/revisions"}],"predecessor-version":[{"id":1208,"href":"https:\/\/memoria.cepymearagon.es\/index.php\/wp-json\/wp\/v2\/pages\/1191\/revisions\/1208"}],"wp:attachment":[{"href":"https:\/\/memoria.cepymearagon.es\/index.php\/wp-json\/wp\/v2\/media?parent=1191"}],"curies":[{"name":"wp","href":"https:\/\/api.w.org\/{rel}","templated":true}]}}