{"id":1183,"date":"2019-03-27T14:55:43","date_gmt":"2019-03-27T14:55:43","guid":{"rendered":"http:\/\/memoria.cepymearagon.es\/?page_id=1183"},"modified":"2019-03-27T14:55:43","modified_gmt":"2019-03-27T14:55:43","slug":"mesa-rehabilitacion","status":"publish","type":"page","link":"https:\/\/memoria.cepymearagon.es\/index.php\/mesa-rehabilitacion\/","title":{"rendered":"Mesa Rehabilitaci\u00f3n"},"content":{"rendered":"<p>[vc_row css_animation=\u00bbelement_from_bottom\u00bb row_type=\u00bbrow\u00bb use_row_as_full_screen_section=\u00bbno\u00bb type=\u00bbgrid\u00bb angled_section=\u00bbno\u00bb text_align=\u00bbleft\u00bb background_image_as_pattern=\u00bbwithout_pattern\u00bb z_index=\u00bb\u00bb][vc_column][vc_empty_space][icon_text box_type=\u00bbicon_in_a_box\u00bb icon_type=\u00bbnormal\u00bb icon_size=\u00bbfa-lg\u00bb use_custom_icon_size=\u00bbno\u00bb title=\u00bbMESA POR LA REHABILITACI\u00d3N DE LA EDIFICACI\u00d3N DE ARAG\u00d3N\u00bb title_tag=\u00bbh2&#8243; separator=\u00bbno\u00bb][vc_empty_space height=\u00bb48&#8243;][\/vc_column][\/vc_row][vc_row css_animation=\u00bbelement_from_bottom\u00bb row_type=\u00bbrow\u00bb use_row_as_full_screen_section=\u00bbno\u00bb type=\u00bbgrid\u00bb angled_section=\u00bbno\u00bb text_align=\u00bbleft\u00bb background_image_as_pattern=\u00bbwithout_pattern\u00bb z_index=\u00bb\u00bb][vc_column width=\u00bb1\/2&#8243;][qode_in_device_slider device=\u00bbdesktop\u00bb titles_on_hover=\u00bbno\u00bb navigation=\u00bbno\u00bb auto_start=\u00bbyes\u00bb][qode_in_device_slider_item target=\u00bb_self\u00bb image=\u00bb1188&#8243;][qode_in_device_slider_item target=\u00bb_self\u00bb image=\u00bb1189&#8243;][\/qode_in_device_slider][\/vc_column][vc_column width=\u00bb1\/2&#8243;][vc_tabs style=\u00bbboxed\u00bb][vc_tab title=\u00bbDescripci\u00f3n\u00bb tab_id=\u00bb1552574792928-2-2156e-b16b\u00bb][vc_empty_space height=\u00bb30&#8243;][vc_row_inner row_type=\u00bbrow\u00bb type=\u00bbfull_width\u00bb text_align=\u00bbleft\u00bb css_animation=\u00bb\u00bb][vc_column_inner width=\u00bb1\/2&#8243;][counter type=\u00bbzero\u00bb box=\u00bbno\u00bb position=\u00bbcenter\u00bb font_weight=\u00bb400&#8243; separator=\u00bbyes\u00bb digit=\u00bb16&#8243; text=\u00bbsocios de pleno derecho \u00bb font_size=\u00bb50&#8243; text_size=\u00bb12&#8243;][\/vc_column_inner][vc_column_inner width=\u00bb1\/2&#8243;][counter type=\u00bbzero\u00bb box=\u00bbno\u00bb position=\u00bbcenter\u00bb font_weight=\u00bb400&#8243; separator=\u00bbyes\u00bb digit=\u00bb2&#8243; text=\u00bbsocios colaboradores\u00bb font_size=\u00bb50&#8243; text_size=\u00bb12&#8243;][\/vc_column_inner][\/vc_row_inner][vc_column_text]La Mesa por la Rehabilitaci\u00f3n de la Edificaci\u00f3n y Regeneraci\u00f3n Urbana en Arag\u00f3n se constituy\u00f3 el 22 de octubre de 2.015, disponiendo en 2.018 de diecis\u00e9is socios de pleno derecho y dos socios colaboradores, los mismos, pero con la baja de la Asociaci\u00f3n de Instaladores de Aislamientos y Yesos laminados de Arag\u00f3n y el alta de la Escuela Polit\u00e9cnica de la Almunia \u2013 EUPLA.[\/vc_column_text][\/vc_tab][vc_tab title=\u00bbReuniones\u00bb tab_id=\u00bb2450ae19-cb59-4156e-b16b\u00bb][vc_empty_space height=\u00bb30&#8243;][vc_column_text]Durante 2018 se han realizado las siguientes reuniones correspondientes a los \u00f3rganos estatutarios:[\/vc_column_text][vc_empty_space height=\u00bb10&#8243;][vc_row_inner row_type=\u00bbrow\u00bb type=\u00bbfull_width\u00bb text_align=\u00bbleft\u00bb css_animation=\u00bb\u00bb][vc_column_inner][icon_list_item icon=\u00bbfa-check\u00bb icon_type=\u00bbtransparent\u00bb title=\u00bbAsamblea General (1) 4\/7&#8243; icon_color=\u00bb#cad327&#8243; title_color=\u00bb#898989&#8243;][icon_list_item icon=\u00bbfa-check\u00bb icon_type=\u00bbtransparent\u00bb title=\u00bbJunta Directiva (2) 4\/2 y 29\/11&#8243; icon_color=\u00bb#cad327&#8243; title_color=\u00bb#898989&#8243;][icon_list_item icon=\u00bbfa-check\u00bb icon_type=\u00bbtransparent\u00bb title=\u00bbComisi\u00f3n Permanente (2) 15\/2 y 21\/3&#8243; icon_color=\u00bb#cad327&#8243; title_color=\u00bb#898989&#8243;][\/vc_column_inner][\/vc_row_inner][\/vc_tab][vc_tab title=\u00bbConvenio\u00bb tab_id=\u00bb1552575067425-2-3156e-b16b\u00bb][vc_empty_space height=\u00bb30&#8243;][vc_column_text]El 4 de julio de 2018 se aprob\u00f3 un convenio de colaboraci\u00f3n con CEPYME Arag\u00f3n, quien lo ratific\u00f3 el 3 de octubre en su Junta Directiva, por el que como consecuencia de la colaboraci\u00f3n que ya viene prestando CEPYME Arag\u00f3n mediante su personal desde el punto de vista de la gesti\u00f3n administrativa, as\u00ed como el domicilio social de la Mesa que tiene radicado en sus instalaciones, se acuerda formalizar \u00e9stos y otros extremos estando exento de cuotas de asociaci\u00f3n, adem\u00e1s de colaborar estrechamente en asuntos de inter\u00e9s empresarial y general de Arag\u00f3n para la toma de posici\u00f3n de ambas organizaciones y organizaci\u00f3n de actividades conjuntas, jornadas de participaci\u00f3n o difusi\u00f3n.<\/p>\n<p>&nbsp;<\/p>\n<p>CEPYME Arag\u00f3n, en su condici\u00f3n de organizaci\u00f3n representativa, favorecer\u00e1 la presencia de representantes de la Mesa por la Rehabilitaci\u00f3n de la Edificaci\u00f3n y Regeneraci\u00f3n Urbana en Arag\u00f3n en aquellas comisiones, mesas, consejos, foros, etc institucionales que puedan estar relacionados con la actividad propia.[\/vc_column_text][\/vc_tab][vc_tab title=\u00bbWeb\u00bb tab_id=\u00bb1553697951545-3-3&#8243;][vc_empty_space height=\u00bb30&#8243;][vc_row_inner row_type=\u00bbrow\u00bb type=\u00bbfull_width\u00bb text_align=\u00bbcenter\u00bb css_animation=\u00bb\u00bb][vc_column_inner width=\u00bb1\/3&#8243;][\/vc_column_inner][vc_column_inner width=\u00bb1\/3&#8243;][social_icons type=\u00bbcircle_social\u00bb icon=\u00bbfa-windows\u00bb use_custom_size=\u00bbno\u00bb size=\u00bbfa-lg\u00bb link=\u00bbhttp:\/\/mesarehabilitacionaragon.es\u00bb target=\u00bb_self\u00bb icon_color=\u00bb#004631&#8243; icon_hover_color=\u00bb#cad327&#8243; background_color=\u00bb#cad327&#8243; background_hover_color=\u00bb#004631&#8243;][\/vc_column_inner][vc_column_inner width=\u00bb1\/3&#8243;][\/vc_column_inner][\/vc_row_inner][vc_empty_space height=\u00bb15&#8243;][vc_column_text]A lo largo de 2018 se ha traspasado la titularidad del dominio de la Web corporativa del Colegio de Aparejadores a la Mesa, dado que el COAATZ lo solicit\u00f3 en su d\u00eda cuando la Mesa no dispon\u00eda de NIF.[\/vc_column_text][\/vc_tab][vc_tab title=\u00bbBeca Universa\u00bb tab_id=\u00bb1553698075036-4-2&#8243;][vc_empty_space height=\u00bb30&#8243;][vc_column_text]Conforme a los acuerdos adoptados, se incorpor\u00f3 como becaria a una estudiante de Aparejadora y Arquitecta T\u00e9cnica mediante un convenio de cooperaci\u00f3n educativa con UNIVERSA para realizar pr\u00e1cticas universitarias extracurriculares, por 4 horas diarias por la ma\u00f1ana y con una duraci\u00f3n aproximada de 6 meses con una contraprestaci\u00f3n econ\u00f3mica de bolsa de ayuda al estudio de 400 euros mensuales, a los que a\u00f1adir 39,58 \u20ac al mes en concepto de SS, sin que haya una vinculaci\u00f3n laboral con la Mesa.<\/p>\n<p>&nbsp;<\/p>\n<p>Sus tareas, fundamentalmente, han estado dirigidas a colaborar en la actualizaci\u00f3n y desarrollo de la Web y en la coordinaci\u00f3n de las consultas realizadas en materia de rehabilitaci\u00f3n a t\u00e9cnicos y particulares durante el tiempo de la solicitud de ayudas relacionada con la convocatoria de las mismas.[\/vc_column_text][\/vc_tab][vc_tab title=\u00bbJornada\u00bb tab_id=\u00bb1553698166267-5-5&#8243;][vc_empty_space height=\u00bb30&#8243;][vc_column_text]Se desarroll\u00f3 el 18 de diciembre una jornada sobre el Gas Rad\u00f3n que se celebr\u00f3 en el Colegio Oficial de Graduados en Ingenier\u00eda de la rama industrial, Ingenieros T\u00e9cnicos Industriales y Peritos Industriales de Arag\u00f3n (COGITIAR) con el fin de conocer mejor a este enemigo invisible y c\u00f3mo actuar para prevenir sus efectos en construcci\u00f3n y rehabilitaci\u00f3n, aunque en Arag\u00f3n tiene poca afecci\u00f3n salvo en algunas zonas, es una problem\u00e1tica sobre la que hay que actuar en beneficio de la salud.<\/p>\n<p>&nbsp;<\/p>\n<p>El acto lo abri\u00f3 la directora general de Vivienda y Rehabilitaci\u00f3n del Gobierno de Arag\u00f3n, Mayte Andreu y el presidente de la Mesa por la Rehabilitaci\u00f3n de la Edificaci\u00f3n en Arag\u00f3n, V\u00edctor Martos, acompa\u00f1ados por el decano del COGITIAR, Juan Ignacio Larraz. Cont\u00f3 como ponentes con Borja Frutos, del Instituto de Ciencias de la Construcci\u00f3n Eduardo Torroja (CSIC), quien abord\u00f3 las causas y posibles soluciones del rad\u00f3n y sus repercusiones en los edificios, o el vicepresidente nacional de la Asociaci\u00f3n de Especialistas en Prevenci\u00f3n y Salud Laboral (AEPSAL), Javier Calvo, quien se centr\u00f3 en la prevenci\u00f3n. La clausura la realiz\u00f3 el director del Instituto Aragon\u00e9s de Seguridad y Salud Laboral (ISSLA), Antonio Barrachina.[\/vc_column_text][\/vc_tab][vc_tab title=\u00bbOtras cuestiones\u00bb tab_id=\u00bb1553698215548-6-10&#8243;][vc_empty_space height=\u00bb30&#8243;][vc_column_text]Se ha debatido sobre la ventana de posibilidades que abre <strong>agenda urbana espa\u00f1ola del Ministerio de Fomento<\/strong> cuyos objetivos son levantar la vista, realizando un buen an\u00e1lisis y anticipando la evoluci\u00f3n del sector, instrumento, en l\u00ednea con la agenda europea, que fue presentado por la subdirectora del Ministerio en Zaragoza.<\/p>\n<p>El documento ha iniciado el proceso de participaci\u00f3n p\u00fablica y se estructura en los siguientes apartados: un diagn\u00f3stico de la realidad urbana y rural en Espa\u00f1a, que tiene en cuenta 10 \u00e1reas tem\u00e1ticas que han sido elegidas por su incidencia sobre los temas urbanos: Territorio, paisaje y biodiversidad; Modelo de ciudad; Cambio clim\u00e1tico; Gesti\u00f3n sostenible de los recursos y econom\u00eda circular; Movilidad y transporte; Cohesi\u00f3n social e igualdad de oportunidades; Econom\u00eda urbana; Vivienda; Era digital; Instrumentos.<\/p>\n<p>El proceso realmente participativo comenz\u00f3 el 27 de febrero de 2018, con la presentaci\u00f3n de la versi\u00f3n 1.0 del documento al grupo de trabajo interministerial constituido al efecto.<\/p>\n<p>Se ha remitido diversas comunicaciones a los <strong>socios con la cuota inicial pendiente de pago <\/strong>para su puesta al d\u00eda. A 31 de diciembre quedaban pendientes de ingreso 5 socios.<\/p>\n<p>Durante 2.018 y una vez que la mesa ha dispuesto de tesorer\u00eda, se procedi\u00f3 a la <strong>liquidaci\u00f3n del saldo con el COAATZ<\/strong> de los gastos que, en sustituci\u00f3n de la Mesa, hab\u00eda ido incurriendo.<\/p>\n<p>Como consecuencia de las elecciones celebradas para los \u00f3rganos de gobierno de la Mesa, se modificaron los <strong>titulares autorizados en las cuentas bancarias<\/strong> abiertas en Ibercaja y Bantierra.<\/p>\n<p>Se han remitido decenas de circulares con <strong>noticias<\/strong> relacionadas, as\u00ed como, por su inter\u00e9s, el <strong>informe del CESA en materia de vivienda<\/strong> y la <strong>e<\/strong><strong>voluci\u00f3n del desempleo<\/strong> en el sector desde 2.014.<\/p>\n<p>&nbsp;<\/p>\n<p>La Mesa ha participado en la publicaci\u00f3n de la <strong>Gu\u00eda de la Rehabilitaci\u00f3n<\/strong> en el especial del peri\u00f3dico de Arag\u00f3n el 31 de julio, as\u00ed como tambi\u00e9n colabor\u00f3 en la <strong>feria inmobiliaria, de rehabilitaci\u00f3n y decoraci\u00f3n<\/strong> de Zaragoza.<\/p>\n<p>&nbsp;<\/p>\n<p>Lucio de la Cruz, en representaci\u00f3n de la Mesa, particip\u00f3 el 27 de octubre, en el <strong>Foro de Cambio Clim\u00e1tico y Transici\u00f3n Energ\u00e9tica en Arag\u00f3n<\/strong> organizado por Podemos, al que la Mesa fue invitada.[\/vc_column_text][\/vc_tab][\/vc_tabs][\/vc_column][\/vc_row][vc_row css_animation=\u00bb\u00bb row_type=\u00bbrow\u00bb use_row_as_full_screen_section=\u00bbno\u00bb type=\u00bbfull_width\u00bb angled_section=\u00bbno\u00bb text_align=\u00bbleft\u00bb background_image_as_pattern=\u00bbwithout_pattern\u00bb][vc_column][vc_empty_space height=\u00bb100&#8243;][\/vc_column][\/vc_row]<\/p>\n","protected":false},"excerpt":{"rendered":"<p>[vc_row css_animation=\u00bbelement_from_bottom\u00bb row_type=\u00bbrow\u00bb use_row_as_full_screen_section=\u00bbno\u00bb type=\u00bbgrid\u00bb angled_section=\u00bbno\u00bb text_align=\u00bbleft\u00bb background_image_as_pattern=\u00bbwithout_pattern\u00bb z_index=\u00bb\u00bb][vc_column][vc_empty_space][icon_text box_type=\u00bbicon_in_a_box\u00bb icon_type=\u00bbnormal\u00bb icon_size=\u00bbfa-lg\u00bb use_custom_icon_size=\u00bbno\u00bb title=\u00bbMESA POR LA REHABILITACI\u00d3N DE LA EDIFICACI\u00d3N DE ARAG\u00d3N\u00bb title_tag=\u00bbh2&#8243; separator=\u00bbno\u00bb][vc_empty_space height=\u00bb48&#8243;][\/vc_column][\/vc_row][vc_row css_animation=\u00bbelement_from_bottom\u00bb row_type=\u00bbrow\u00bb use_row_as_full_screen_section=\u00bbno\u00bb type=\u00bbgrid\u00bb angled_section=\u00bbno\u00bb text_align=\u00bbleft\u00bb background_image_as_pattern=\u00bbwithout_pattern\u00bb z_index=\u00bb\u00bb][vc_column width=\u00bb1\/2&#8243;][qode_in_device_slider device=\u00bbdesktop\u00bb titles_on_hover=\u00bbno\u00bb navigation=\u00bbno\u00bb auto_start=\u00bbyes\u00bb][qode_in_device_slider_item target=\u00bb_self\u00bb image=\u00bb1188&#8243;][qode_in_device_slider_item target=\u00bb_self\u00bb image=\u00bb1189&#8243;][\/qode_in_device_slider][\/vc_column][vc_column width=\u00bb1\/2&#8243;][vc_tabs style=\u00bbboxed\u00bb][vc_tab title=\u00bbDescripci\u00f3n\u00bb tab_id=\u00bb1552574792928-2-2156e-b16b\u00bb][vc_empty_space height=\u00bb30&#8243;][vc_row_inner row_type=\u00bbrow\u00bb type=\u00bbfull_width\u00bb text_align=\u00bbleft\u00bb css_animation=\u00bb\u00bb][vc_column_inner width=\u00bb1\/2&#8243;][counter type=\u00bbzero\u00bb box=\u00bbno\u00bb position=\u00bbcenter\u00bb [&hellip;]<\/p>\n","protected":false},"author":2,"featured_media":0,"parent":0,"menu_order":0,"comment_status":"closed","ping_status":"closed","template":"landing_page.php","meta":{"footnotes":""},"class_list":["post-1183","page","type-page","status-publish","hentry"],"_links":{"self":[{"href":"https:\/\/memoria.cepymearagon.es\/index.php\/wp-json\/wp\/v2\/pages\/1183","targetHints":{"allow":["GET"]}}],"collection":[{"href":"https:\/\/memoria.cepymearagon.es\/index.php\/wp-json\/wp\/v2\/pages"}],"about":[{"href":"https:\/\/memoria.cepymearagon.es\/index.php\/wp-json\/wp\/v2\/types\/page"}],"author":[{"embeddable":true,"href":"https:\/\/memoria.cepymearagon.es\/index.php\/wp-json\/wp\/v2\/users\/2"}],"replies":[{"embeddable":true,"href":"https:\/\/memoria.cepymearagon.es\/index.php\/wp-json\/wp\/v2\/comments?post=1183"}],"version-history":[{"count":5,"href":"https:\/\/memoria.cepymearagon.es\/index.php\/wp-json\/wp\/v2\/pages\/1183\/revisions"}],"predecessor-version":[{"id":1190,"href":"https:\/\/memoria.cepymearagon.es\/index.php\/wp-json\/wp\/v2\/pages\/1183\/revisions\/1190"}],"wp:attachment":[{"href":"https:\/\/memoria.cepymearagon.es\/index.php\/wp-json\/wp\/v2\/media?parent=1183"}],"curies":[{"name":"wp","href":"https:\/\/api.w.org\/{rel}","templated":true}]}}