{"id":1166,"date":"2019-03-27T12:36:31","date_gmt":"2019-03-27T12:36:31","guid":{"rendered":"http:\/\/memoria.cepymearagon.es\/?page_id=1166"},"modified":"2019-03-27T12:46:51","modified_gmt":"2019-03-27T12:46:51","slug":"fiscal","status":"publish","type":"page","link":"https:\/\/memoria.cepymearagon.es\/index.php\/fiscal\/","title":{"rendered":"Fiscal"},"content":{"rendered":"<p>[vc_row css_animation=\u00bbelement_from_bottom\u00bb row_type=\u00bbrow\u00bb use_row_as_full_screen_section=\u00bbno\u00bb type=\u00bbgrid\u00bb angled_section=\u00bbno\u00bb text_align=\u00bbleft\u00bb background_image_as_pattern=\u00bbwithout_pattern\u00bb z_index=\u00bb\u00bb][vc_column][vc_empty_space][icon_text box_type=\u00bbicon_in_a_box\u00bb icon_type=\u00bbnormal\u00bb icon_size=\u00bbfa-lg\u00bb use_custom_icon_size=\u00bbno\u00bb title=\u00bbASESOR\u00cdA FISCAL\u00bb title_tag=\u00bbh2&#8243; separator=\u00bbno\u00bb][vc_empty_space height=\u00bb48&#8243;][\/vc_column][\/vc_row][vc_row css_animation=\u00bbelement_from_bottom\u00bb row_type=\u00bbrow\u00bb use_row_as_full_screen_section=\u00bbno\u00bb type=\u00bbgrid\u00bb angled_section=\u00bbno\u00bb text_align=\u00bbleft\u00bb background_image_as_pattern=\u00bbwithout_pattern\u00bb z_index=\u00bb\u00bb][vc_column width=\u00bb1\/2&#8243;][qode_in_device_slider device=\u00bbdesktop\u00bb titles_on_hover=\u00bbno\u00bb navigation=\u00bbno\u00bb auto_start=\u00bbyes\u00bb][qode_in_device_slider_item target=\u00bb_self\u00bb image=\u00bb1171&#8243;][\/qode_in_device_slider][\/vc_column][vc_column width=\u00bb1\/2&#8243;][vc_tabs style=\u00bbboxed\u00bb][vc_tab title=\u00bbDescripci\u00f3n\u00bb tab_id=\u00bb1552574792928-2-2d7a5-79a6&#8243;][vc_empty_space height=\u00bb30&#8243;][vc_column_text]Al igual que en anteriores ejercicios, y en cumplimiento del contenido y compromisos de la Carta de Servicios, la Asesor\u00eda Fiscal ha venido desarrollando en el a\u00f1o 2018 y para la Federaci\u00f3n las funciones habituales de informaci\u00f3n, asistencia y asesoramiento en las \u00e1reas que le son propias, a solicitud de las empresas asociadas y sus componentes, bien de forma individual o colectiva.<\/p>\n<p>&nbsp;<\/p>\n<p>En concreto, se han seguido realizado las siguientes prestaciones de servicios:[\/vc_column_text][vc_empty_space height=\u00bb10&#8243;][vc_row_inner row_type=\u00bbrow\u00bb type=\u00bbfull_width\u00bb text_align=\u00bbleft\u00bb css_animation=\u00bb\u00bb][vc_column_inner][icon_list_item icon=\u00bbfa-check\u00bb icon_type=\u00bbtransparent\u00bb title=\u00bbInformaci\u00f3n legislativa, con notificaci\u00f3n de las novedades normativas con trascendencia en \u00e1reas fiscal y administrativa, tanto en el \u00e1mbito interno de FEMZ como a sus asociados\u00bb icon_color=\u00bb#cad327&#8243; title_color=\u00bb#898989&#8243;][icon_list_item icon=\u00bbfa-check\u00bb icon_type=\u00bbtransparent\u00bb title=\u00bbEmisi\u00f3n de dict\u00e1menes e informes, sobre novedades legislativas o materias de inter\u00e9s para los asociados en materia fiscal (especialmente por medio de las Circulares informativas)\u00bb icon_color=\u00bb#cad327&#8243; title_color=\u00bb#898989&#8243;][icon_list_item icon=\u00bbfa-check\u00bb icon_type=\u00bbtransparent\u00bb title=\u00bbConsultas verbales, telef\u00f3nicas, por correo electr\u00f3nico y presenciales sobre las materias de la Asesor\u00eda\u00bb icon_color=\u00bb#cad327&#8243; title_color=\u00bb#898989&#8243;][\/vc_column_inner][\/vc_row_inner][\/vc_tab][vc_tab title=\u00bbResumen\u00bb tab_id=\u00bb2450ae19-cb59-4d7a5-79a6&#8243;][vc_empty_space height=\u00bb30&#8243;][vc_column_text]Las consultas en tal materia han descendido respecto a ejercicios anteriores ya que la actividad normativa de car\u00e1cter fiscal a lo largo de este a\u00f1o ha sido menor a la de ejercicios anteriores, si bien se mantienen las ordinarias:[\/vc_column_text][vc_empty_space height=\u00bb10&#8243;][vc_row_inner row_type=\u00bbrow\u00bb type=\u00bbfull_width\u00bb text_align=\u00bbleft\u00bb css_animation=\u00bb\u00bb][vc_column_inner][icon_list_item icon=\u00bbfa-check\u00bb icon_type=\u00bbtransparent\u00bb title=\u00bbObligaciones de car\u00e1cter formal (en especial, facturaci\u00f3n y requisitos en tal materia)\u00bb icon_color=\u00bb#cad327&#8243; title_color=\u00bb#898989&#8243;][icon_list_item icon=\u00bbfa-check\u00bb icon_type=\u00bbtransparent\u00bb title=\u00bbOpci\u00f3n por r\u00e9gimen de determinaci\u00f3n de rendimientos de la actividad (en supuestos de alta o inicio de actividad)\u00bb icon_color=\u00bb#cad327&#8243; title_color=\u00bb#898989&#8243;][\/vc_column_inner][\/vc_row_inner][\/vc_tab][vc_tab title=\u00bbMaterias destacadas\u00bb tab_id=\u00bb1552575067425-2-3d7a5-79a6&#8243;][vc_empty_space height=\u00bb30&#8243;][vc_column_text]Han sido las dudas por las novedades en el cumplimiento de obligaciones formales y de autoliquidaci\u00f3n con Hacienda las m\u00e1s numerosas:[\/vc_column_text][vc_empty_space height=\u00bb10&#8243;][vc_row_inner row_type=\u00bbrow\u00bb type=\u00bbfull_width\u00bb text_align=\u00bbleft\u00bb css_animation=\u00bb\u00bb][vc_column_inner][icon_list_item icon=\u00bbfa-check\u00bb icon_type=\u00bbtransparent\u00bb title=\u00bbTr\u00e1mites derivados de la exigencia (para sociedades y entidades, especialmente) de comunicaci\u00f3n por medios electr\u00f3nicos con Hacienda\u00bb icon_color=\u00bb#cad327&#8243; title_color=\u00bb#898989&#8243;][icon_list_item icon=\u00bbfa-check\u00bb icon_type=\u00bbtransparent\u00bb title=\u00bbExigencias en materia de prevenci\u00f3n de blanqueo de capitales (v\u00eda entidades financieras), con aportaci\u00f3n de documentaci\u00f3n y justificaci\u00f3n de titularidades\u00bb icon_color=\u00bb#cad327&#8243; title_color=\u00bb#898989&#8243;][\/vc_column_inner][\/vc_row_inner][vc_column_text]Tras las novedades \u2013 en \u00e1mbito auton\u00f3mico aragon\u00e9s \u2013 del Impuesto de Sucesiones y donaciones, tambi\u00e9n ha sido frecuente la consulta sobre opciones de transmisi\u00f3n \u2013 intervivos o mortis causa, onerosa o lucrativa \u2013 de la empresa y sus consecuencias fiscales.<\/p>\n<p>&nbsp;<\/p>\n<p>Se ha constatado una mayor incidencia de inspecci\u00f3n fiscal en las siguientes materias:[\/vc_column_text][vc_empty_space height=\u00bb10&#8243;][vc_row_inner row_type=\u00bbrow\u00bb type=\u00bbfull_width\u00bb text_align=\u00bbleft\u00bb css_animation=\u00bb\u00bb][vc_column_inner][icon_list_item icon=\u00bbfa-check\u00bb icon_type=\u00bbtransparent\u00bb title=\u00bbComprobaci\u00f3n de resultados negativos de ejercicios declarados (requerimiento de justificaci\u00f3n de gastos \/ facturas)\u00bb icon_color=\u00bb#cad327&#8243; title_color=\u00bb#898989&#8243;][icon_list_item icon=\u00bbfa-check\u00bb icon_type=\u00bbtransparent\u00bb title=\u00bbComprobaci\u00f3n de valores de acciones y participaciones de entidades en la declaraci\u00f3n de las p\u00e9rdidas o ganancias derivadas de su transmisi\u00f3n\u00bb icon_color=\u00bb#cad327&#8243; title_color=\u00bb#898989&#8243;][icon_list_item icon=\u00bbfa-check\u00bb icon_type=\u00bbtransparent\u00bb title=\u00bbHa aumentado igualmente las declaraciones de baja de las entidades o sociedades inactivas, con comunicaci\u00f3n al Registro Mercantil a tales efectos\u00bb icon_color=\u00bb#cad327&#8243; title_color=\u00bb#898989&#8243;][icon_list_item icon=\u00bbfa-check\u00bb icon_type=\u00bbtransparent\u00bb title=\u00bbComprobaci\u00f3n del uso real del inmueble declarado como vivienda habitual del declarante\u00bb icon_color=\u00bb#cad327&#8243; title_color=\u00bb#898989&#8243;][\/vc_column_inner][\/vc_row_inner][\/vc_tab][\/vc_tabs][\/vc_column][\/vc_row][vc_row css_animation=\u00bb\u00bb row_type=\u00bbrow\u00bb use_row_as_full_screen_section=\u00bbno\u00bb type=\u00bbfull_width\u00bb angled_section=\u00bbno\u00bb text_align=\u00bbleft\u00bb background_image_as_pattern=\u00bbwithout_pattern\u00bb][vc_column][vc_empty_space height=\u00bb100&#8243;][\/vc_column][\/vc_row]<\/p>\n","protected":false},"excerpt":{"rendered":"<p>[vc_row css_animation=\u00bbelement_from_bottom\u00bb row_type=\u00bbrow\u00bb use_row_as_full_screen_section=\u00bbno\u00bb type=\u00bbgrid\u00bb angled_section=\u00bbno\u00bb text_align=\u00bbleft\u00bb background_image_as_pattern=\u00bbwithout_pattern\u00bb z_index=\u00bb\u00bb][vc_column][vc_empty_space][icon_text box_type=\u00bbicon_in_a_box\u00bb icon_type=\u00bbnormal\u00bb icon_size=\u00bbfa-lg\u00bb use_custom_icon_size=\u00bbno\u00bb title=\u00bbASESOR\u00cdA FISCAL\u00bb title_tag=\u00bbh2&#8243; separator=\u00bbno\u00bb][vc_empty_space height=\u00bb48&#8243;][\/vc_column][\/vc_row][vc_row css_animation=\u00bbelement_from_bottom\u00bb row_type=\u00bbrow\u00bb use_row_as_full_screen_section=\u00bbno\u00bb type=\u00bbgrid\u00bb angled_section=\u00bbno\u00bb text_align=\u00bbleft\u00bb background_image_as_pattern=\u00bbwithout_pattern\u00bb z_index=\u00bb\u00bb][vc_column width=\u00bb1\/2&#8243;][qode_in_device_slider device=\u00bbdesktop\u00bb titles_on_hover=\u00bbno\u00bb navigation=\u00bbno\u00bb auto_start=\u00bbyes\u00bb][qode_in_device_slider_item target=\u00bb_self\u00bb image=\u00bb1171&#8243;][\/qode_in_device_slider][\/vc_column][vc_column width=\u00bb1\/2&#8243;][vc_tabs style=\u00bbboxed\u00bb][vc_tab title=\u00bbDescripci\u00f3n\u00bb tab_id=\u00bb1552574792928-2-2d7a5-79a6&#8243;][vc_empty_space height=\u00bb30&#8243;][vc_column_text]Al igual que en anteriores ejercicios, y en cumplimiento del contenido y compromisos de la Carta de Servicios, [&hellip;]<\/p>\n","protected":false},"author":2,"featured_media":0,"parent":0,"menu_order":0,"comment_status":"closed","ping_status":"closed","template":"landing_page.php","meta":{"footnotes":""},"class_list":["post-1166","page","type-page","status-publish","hentry"],"_links":{"self":[{"href":"https:\/\/memoria.cepymearagon.es\/index.php\/wp-json\/wp\/v2\/pages\/1166","targetHints":{"allow":["GET"]}}],"collection":[{"href":"https:\/\/memoria.cepymearagon.es\/index.php\/wp-json\/wp\/v2\/pages"}],"about":[{"href":"https:\/\/memoria.cepymearagon.es\/index.php\/wp-json\/wp\/v2\/types\/page"}],"author":[{"embeddable":true,"href":"https:\/\/memoria.cepymearagon.es\/index.php\/wp-json\/wp\/v2\/users\/2"}],"replies":[{"embeddable":true,"href":"https:\/\/memoria.cepymearagon.es\/index.php\/wp-json\/wp\/v2\/comments?post=1166"}],"version-history":[{"count":5,"href":"https:\/\/memoria.cepymearagon.es\/index.php\/wp-json\/wp\/v2\/pages\/1166\/revisions"}],"predecessor-version":[{"id":1172,"href":"https:\/\/memoria.cepymearagon.es\/index.php\/wp-json\/wp\/v2\/pages\/1166\/revisions\/1172"}],"wp:attachment":[{"href":"https:\/\/memoria.cepymearagon.es\/index.php\/wp-json\/wp\/v2\/media?parent=1166"}],"curies":[{"name":"wp","href":"https:\/\/api.w.org\/{rel}","templated":true}]}}