{"id":1009,"date":"2019-03-20T15:57:25","date_gmt":"2019-03-20T15:57:25","guid":{"rendered":"http:\/\/memoria.cepymearagon.es\/?page_id=1009"},"modified":"2019-03-21T16:16:21","modified_gmt":"2019-03-21T16:16:21","slug":"calidad","status":"publish","type":"page","link":"https:\/\/memoria.cepymearagon.es\/index.php\/calidad\/","title":{"rendered":"Calidad"},"content":{"rendered":"<p>[vc_row css_animation=\u00bbelement_from_bottom\u00bb row_type=\u00bbrow\u00bb use_row_as_full_screen_section=\u00bbno\u00bb type=\u00bbgrid\u00bb angled_section=\u00bbno\u00bb text_align=\u00bbleft\u00bb background_image_as_pattern=\u00bbwithout_pattern\u00bb z_index=\u00bb\u00bb][vc_column][vc_empty_space][icon_text box_type=\u00bbicon_in_a_box\u00bb icon_type=\u00bbnormal\u00bb icon_size=\u00bbfa-lg\u00bb use_custom_icon_size=\u00bbno\u00bb title=\u00bbSistemas de calidad\u00bb title_tag=\u00bbh2&#8243; separator=\u00bbno\u00bb][vc_empty_space height=\u00bb48&#8243;][\/vc_column][\/vc_row][vc_row css_animation=\u00bbelement_from_bottom\u00bb row_type=\u00bbrow\u00bb use_row_as_full_screen_section=\u00bbno\u00bb type=\u00bbgrid\u00bb angled_section=\u00bbno\u00bb text_align=\u00bbleft\u00bb background_image_as_pattern=\u00bbwithout_pattern\u00bb z_index=\u00bb\u00bb][vc_column width=\u00bb1\/2&#8243;][qode_in_device_slider device=\u00bbtablet-portrait\u00bb titles_on_hover=\u00bbno\u00bb navigation=\u00bbno\u00bb auto_start=\u00bbyes\u00bb][qode_in_device_slider_item target=\u00bb_self\u00bb image=\u00bb1014&#8243;][qode_in_device_slider_item target=\u00bb_self\u00bb image=\u00bb1016&#8243;][qode_in_device_slider_item target=\u00bb_self\u00bb image=\u00bb1012&#8243;][\/qode_in_device_slider][\/vc_column][vc_column width=\u00bb1\/2&#8243;][vc_tabs style=\u00bbboxed\u00bb][vc_tab title=\u00bbDescripci\u00f3n\u00bb tab_id=\u00bb1552574792928-2-2b5f3-ac14&#8243;][vc_empty_space height=\u00bb30&#8243;][vc_column_text]El a\u00f1o 2018 supuso un reto importante respecto a los sistemas de calidad de la organizaci\u00f3n puesto que se llev\u00f3 a cabo la transici\u00f3n a la nueva versi\u00f3n ISO9001:2015 e ISO14001:2015.<\/p>\n<p>&nbsp;<\/p>\n<p>Esta nueva versi\u00f3n dota de mayor importancia al liderazgo u a la direcci\u00f3n estrat\u00e9gica de la organizaci\u00f3n, adem\u00e1s aportan un nuevo enfoque basado en el riesgo que permite que las entidades puedan tratar de una manera eficiente los riesgos y oportunidades a los que se enfrenta.<\/p>\n<p>&nbsp;<\/p>\n<p>Otra novedad ha consistido en la inclusi\u00f3n de la perspectiva del ciclo de vida respecto a los productos y servicios prestados.<\/p>\n<p>&nbsp;<\/p>\n<p>As\u00ed en junio de 2018 se obtuvo la renovaci\u00f3n y adaptaci\u00f3n a las Normas ISO9001:2015 e ISO 14001:2015.[\/vc_column_text][\/vc_tab][\/vc_tabs][\/vc_column][\/vc_row][vc_row css_animation=\u00bb\u00bb row_type=\u00bbrow\u00bb use_row_as_full_screen_section=\u00bbno\u00bb type=\u00bbfull_width\u00bb angled_section=\u00bbno\u00bb text_align=\u00bbleft\u00bb background_image_as_pattern=\u00bbwithout_pattern\u00bb][vc_column][vc_empty_space height=\u00bb64&#8243;][\/vc_column][\/vc_row]<\/p>\n","protected":false},"excerpt":{"rendered":"<p>[vc_row css_animation=\u00bbelement_from_bottom\u00bb row_type=\u00bbrow\u00bb use_row_as_full_screen_section=\u00bbno\u00bb type=\u00bbgrid\u00bb angled_section=\u00bbno\u00bb text_align=\u00bbleft\u00bb background_image_as_pattern=\u00bbwithout_pattern\u00bb z_index=\u00bb\u00bb][vc_column][vc_empty_space][icon_text box_type=\u00bbicon_in_a_box\u00bb icon_type=\u00bbnormal\u00bb icon_size=\u00bbfa-lg\u00bb use_custom_icon_size=\u00bbno\u00bb title=\u00bbSistemas de calidad\u00bb title_tag=\u00bbh2&#8243; separator=\u00bbno\u00bb][vc_empty_space height=\u00bb48&#8243;][\/vc_column][\/vc_row][vc_row css_animation=\u00bbelement_from_bottom\u00bb row_type=\u00bbrow\u00bb use_row_as_full_screen_section=\u00bbno\u00bb type=\u00bbgrid\u00bb angled_section=\u00bbno\u00bb text_align=\u00bbleft\u00bb background_image_as_pattern=\u00bbwithout_pattern\u00bb z_index=\u00bb\u00bb][vc_column width=\u00bb1\/2&#8243;][qode_in_device_slider device=\u00bbtablet-portrait\u00bb titles_on_hover=\u00bbno\u00bb navigation=\u00bbno\u00bb auto_start=\u00bbyes\u00bb][qode_in_device_slider_item target=\u00bb_self\u00bb image=\u00bb1014&#8243;][qode_in_device_slider_item target=\u00bb_self\u00bb image=\u00bb1016&#8243;][qode_in_device_slider_item target=\u00bb_self\u00bb image=\u00bb1012&#8243;][\/qode_in_device_slider][\/vc_column][vc_column width=\u00bb1\/2&#8243;][vc_tabs style=\u00bbboxed\u00bb][vc_tab title=\u00bbDescripci\u00f3n\u00bb tab_id=\u00bb1552574792928-2-2b5f3-ac14&#8243;][vc_empty_space height=\u00bb30&#8243;][vc_column_text]El a\u00f1o 2018 supuso un reto importante respecto a los sistemas de calidad [&hellip;]<\/p>\n","protected":false},"author":2,"featured_media":0,"parent":0,"menu_order":0,"comment_status":"closed","ping_status":"closed","template":"landing_page.php","meta":{"footnotes":""},"class_list":["post-1009","page","type-page","status-publish","hentry"],"_links":{"self":[{"href":"https:\/\/memoria.cepymearagon.es\/index.php\/wp-json\/wp\/v2\/pages\/1009","targetHints":{"allow":["GET"]}}],"collection":[{"href":"https:\/\/memoria.cepymearagon.es\/index.php\/wp-json\/wp\/v2\/pages"}],"about":[{"href":"https:\/\/memoria.cepymearagon.es\/index.php\/wp-json\/wp\/v2\/types\/page"}],"author":[{"embeddable":true,"href":"https:\/\/memoria.cepymearagon.es\/index.php\/wp-json\/wp\/v2\/users\/2"}],"replies":[{"embeddable":true,"href":"https:\/\/memoria.cepymearagon.es\/index.php\/wp-json\/wp\/v2\/comments?post=1009"}],"version-history":[{"count":5,"href":"https:\/\/memoria.cepymearagon.es\/index.php\/wp-json\/wp\/v2\/pages\/1009\/revisions"}],"predecessor-version":[{"id":1049,"href":"https:\/\/memoria.cepymearagon.es\/index.php\/wp-json\/wp\/v2\/pages\/1009\/revisions\/1049"}],"wp:attachment":[{"href":"https:\/\/memoria.cepymearagon.es\/index.php\/wp-json\/wp\/v2\/media?parent=1009"}],"curies":[{"name":"wp","href":"https:\/\/api.w.org\/{rel}","templated":true}]}}